{"id":12724,"date":"2020-03-24T11:53:53","date_gmt":"2020-03-24T11:53:53","guid":{"rendered":"https:\/\/test.wavetec.com\/smarter-queuing-experience\/"},"modified":"2022-08-29T10:39:06","modified_gmt":"2022-08-29T10:39:06","slug":"esperienza-di-accodamento-piu-intelligente","status":"publish","type":"page","link":"https:\/\/www.wavetec.com\/it\/esperienza-di-accodamento-piu-intelligente\/","title":{"rendered":"esperienza di accodamento pi\u00f9 intelligente"},"content":{"rendered":"<p>[vc_row full_height=&#8221;yes&#8221; bg_type=&#8221;image&#8221; parallax_style=&#8221;vcpb-vz-jquery&#8221; bg_image_new=&#8221;id^11746|url^https:\/\/www.wavetec.com\/wp-content\/uploads\/2020\/03\/covid-banner.jpg|caption^null|alt^null|title^covid-banner|description^null&#8221; bg_image_repeat=&#8221;no-repeat&#8221; bg_override=&#8221;full&#8221;][vc_column][vc_column_text]<\/p>\n<p style=\"text-align: center; font-family: Raleway; font-size: 50px; line-height: 50px; font-weight: 200;\"><span style=\"color: #ffffff;\"><strong>Customer Journey<\/strong> per <\/span><br \/>\n<span style=\"color: #ffffff;\">combattere il <strong>COVID19<\/strong><\/span><\/p>\n<p>[\/vc_column_text]<div class=\" ubtn-ctn-center scrollbtn\"><button type=\"button\" id=\"ubtn-8884\"  class=\"ubtn ult-adjust-bottom-margin ult-responsive ubtn-normal ubtn-no-hover-bg  none  ubtn-center scrollbtn  tooltip-69f4ef7971a68\"  data-hover=\"\" data-border-color=\"#ffffff\" data-bg=\"rgba(255,255,255,0.01)\" data-hover-bg=\"\" data-border-hover=\"\" data-shadow-hover=\"\" data-shadow-click=\"none\" data-shadow=\"\" data-shd-shadow=\"\"  data-ultimate-target='#ubtn-8884'  data-responsive-json-new='{\"font-size\":\"desktop:16px;\",\"line-height\":\"\"}'  style=\"font-family:&#039;Raleway&#039;;font-weight:500;border-radius:50px;border-width:1px;border-color:#ffffff;border-style:solid;background: rgba(255,255,255,0.01);color: #ffffff;\"><span class=\"ubtn-hover\" style=\"background-color:\"><\/span><span class=\"ubtn-data ubtn-text \" >Combattiamo insieme Covid-19!<\/span><\/button><\/div>[\/vc_column][\/vc_row][vc_row equal_height=&#8221;yes&#8221; content_placement=&#8221;middle&#8221; bg_type=&#8221;image&#8221; css=&#8221;.vc_custom_1585123445066{margin-top: 20px !important;}&#8221; el_id=&#8221;scrollto&#8221;][vc_column width=&#8221;1\/2&#8243;][vc_column_text]<\/p>\n<p style=\"text-align: left; font-size: 33px; line-height: 40px; font-family: Raleway;\"><span style=\"color: #1c6bb8;\">Wavetec dar\u00e1 una <strong>LICENZA GRATUITA*<\/strong> di 6 mesi per tutti i clienti nuovi o estistenti, per realizzare Appuntamenti <strong>Online e soluzioni con Ticket Virtuali<\/strong><\/span><\/p>\n<p>Il nostro obiettivo principale \u00e8 quello di supportare il tuo business in sicurezza e di garantire un servizio continuo ai tuoi clienti.<br \/>\nLa situazione attuale del COVID-19, ha costretto tutti a prendere misure precauzionali.<\/p>\n<p>Il nostro obiettivo \u00e8 di limitare la propagazione del virus e di garantire delle soluzioni che aiutino a organizzare, coinvolgere e misurare l\u2019esperienza del cliente.<\/p>\n<p>Le nostre soluzioni sono altamente personalizzabili e possono essere disegnate su misura per adattarsi ai tuoi clienti.<\/p>\n<p style=\"text-align: left; font-size: 13px;\"><em>*Vedi Termini e Condizioni. Contattaci per dettagli aggiuntivi<\/em><\/p>\n<ul>\n<li style=\"text-align: left; font-size: 13px;\">La licenza gratuita \u00e8 solo per il sistema di web ticketing (appuntamenti web, tickets digitali). La licenza copre solo la versione standard<\/li>\n<li style=\"text-align: left; font-size: 13px;\">Il costo dell\u2019implementazione dipender\u00e1 dalle customizzazioni e dalle integrazioni richieste<\/li>\n<li style=\"text-align: left; font-size: 13px;\">Il costo degli SMS sar\u00e1 effettivo per il primo periodo di prova gratuita<\/li>\n<\/ul>\n<p>[\/vc_column_text][\/vc_column][vc_column width=&#8221;1\/2&#8243;][vc_raw_html]JTNDaWZyYW1lJTIwd2lkdGglM0QlMjI1NjAlMjIlMjBoZWlnaHQlM0QlMjIzMTUlMjIlMjBzcmMlM0QlMjJodHRwcyUzQSUyRiUyRnd3dy55b3V0dWJlLW5vY29va2llLmNvbSUyRmVtYmVkJTJGa25aelhmMHpiRUUlMjIlMjBmcmFtZWJvcmRlciUzRCUyMjAlMjIlMjBhbGxvdyUzRCUyMmFjY2VsZXJvbWV0ZXIlM0IlMjBhdXRvcGxheSUzQiUyMGVuY3J5cHRlZC1tZWRpYSUzQiUyMGd5cm9zY29wZSUzQiUyMHBpY3R1cmUtaW4tcGljdHVyZSUyMiUyMGFsbG93ZnVsbHNjcmVlbiUzRSUzQyUyRmlmcmFtZSUzRQ==[\/vc_raw_html][\/vc_column][\/vc_row][vc_row gap=&#8221;15&#8243; equal_height=&#8221;yes&#8221; content_placement=&#8221;middle&#8221; bg_type=&#8221;image&#8221; parallax_style=&#8221;vcpb-default&#8221; bg_image_new=&#8221;id^11771|url^https:\/\/www.wavetec.com\/wp-content\/uploads\/2020\/03\/bg-bg.jpg|caption^null|alt^null|title^bg-bg|description^null&#8221; bg_image_repeat=&#8221;no-repeat&#8221; bg_img_attach=&#8221;fixed&#8221; bg_override=&#8221;full&#8221; css=&#8221;.vc_custom_1585057994964{margin-top: 20px !important;padding-top: 30px !important;padding-bottom: 30px !important;}&#8221;][vc_column width=&#8221;1\/2&#8243;][vc_raw_html]JTNDaWZyYW1lJTIwd2lkdGglM0QlMjI1NjAlMjIlMjBoZWlnaHQlM0QlMjIzMTUlMjIlMjBzcmMlM0QlMjJodHRwcyUzQSUyRiUyRnd3dy55b3V0dWJlLW5vY29va2llLmNvbSUyRmVtYmVkJTJGWmFnTzRNb3JERzQlMjIlMjBmcmFtZWJvcmRlciUzRCUyMjAlMjIlMjBhbGxvdyUzRCUyMmFjY2VsZXJvbWV0ZXIlM0IlMjBhdXRvcGxheSUzQiUyMGVuY3J5cHRlZC1tZWRpYSUzQiUyMGd5cm9zY29wZSUzQiUyMHBpY3R1cmUtaW4tcGljdHVyZSUyMiUyMGFsbG93ZnVsbHNjcmVlbiUzRSUzQyUyRmlmcmFtZSUzRQ==[\/vc_raw_html]<div id=\"modal-trg-txt-wrap-7520\" class=\"ult-modal-input-wrapper ult-adjust-bottom-margin    \" data-keypress-control=\"keypress-control-enable\" data-overlay-control=\"overlay-control-enable\"><span data-class-id=\"content-69f4ef7971b695-95303833\"><\/span>\n\t\t\t\t<script type=\"text\/javascript\">\n\t\t\t\t(function($){\n\t\t\t\t\t$(document).ready(function(){\n\t\t\t\t\t\tvar selector = \".popupvideo\";\n\t\t\t\t\t\t$(selector).addClass(\"custom-ult-modal overlay-show\");\n\t\t\t\t\t\t$(selector).attr(\"data-class-id\", \"content-69f4ef7971b695-95303833\");\n\t\t\t\t\t\t$(selector).attr(\"data-overlay-class\", \"overlay-fade\");\n\t\t\t\t\t\t$(selector).attr(\"data-keypress-control\", \"keypress-control-enable\");\n\t\t\t\t\t\t$(selector).attr(\"data-overlay-control\", \"overlay-control-enable\");\n\t\t\t\t\t});\n\t\t\t\t})(jQuery);\n\t\t\t\t<\/script><\/div>\n<div class=\"ult-overlay content-69f4ef7971b695-95303833 \" data-class=\"content-69f4ef7971b695-95303833\" id=\"button-click-overlay\" style=\"background:rgba(51,51,51,0.8); display:none;\">\n\t<div class=\"ult_modal ult-fade ult-medium\">\n\t\t<div id=\"ult-modal-wrap-3859\" class=\"ult_modal-content ult-hide\" style=\"border-style:solid;border-width:2px;border-radius:0px;border-color:#333333;\">\n\t\t\t<div  data-ultimate-target='#ult-modal-wrap-3859 .ult_modal-body'  data-responsive-json-new='{\"font-size\":\"\",\"line-height\":\"\"}'  class=\"ult_modal-body ult-responsive ult-youtube\" style=\"\">\n\t\t\t<iframe loading=\"lazy\" src=\"https:\/\/www.youtube.com\/embed\/ZagO4MorDG4\" width=\"800\" height=\"500\" frameborder=\"0\" allowfullscreen=\"allowfullscreen\"><span data-mce-type=\"bookmark\" style=\"display: inline-block; width: 0px; overflow: hidden; line-height: 0;\" class=\"mce_SELRES_start\">\ufeff<\/span><\/iframe>\n\t\t\t<\/div>\n\t<\/div>\n\t<\/div>\n\t<div class=\"ult-overlay-close top-right\" style=\"width:80px;height:80px; \"><div class=\"ult-overlay-close-inside\">Close<\/div><\/div>\n<\/div>[\/vc_column][vc_column width=&#8221;1\/2&#8243;][vc_column_text]<\/p>\n<p style=\"text-align: left; font-size: 33px; line-height: 40px; font-family: Raleway;\"><span style=\"color: #ffffff;\">Pandemia COVID-19!<\/span><\/p>\n<p style=\"text-align: left;\"><span style=\"color: #ffffff;\">In risposta alla pandemia, Wavetec ha introdotto la soluzione Air Touch, che utilizza un sistema di tracciamento del movimento umano e un riconoscimento dei gesti, per garantire agli utenti delle soluzioni senza contatto, focalizzate sulla salute, sicurezza e continuazione delle attivit\u00e1 produttive.<\/span><\/p>\n<ul>\n<li><span style=\"color: #ffffff;\">La tecnologia \u201cTouchless\u201d aiuta la prevenzione dell\u2019infezione<\/span><\/li>\n<li><span style=\"color: #ffffff;\">La tecnologia \u201cAir Magnifier\u201d riconosce accuratamente i movimenti con precisione millimetrica ad alte velocit\u00e1<\/span><\/li>\n<\/ul>\n<p>[\/vc_column_text][\/vc_column][\/vc_row][vc_row equal_height=&#8221;yes&#8221; content_placement=&#8221;middle&#8221; css=&#8221;.vc_custom_1585057924110{margin-top: 20px !important;margin-bottom: 20px !important;}&#8221;][vc_column width=&#8221;7\/12&#8243;][vc_column_text]<\/p>\n<p style=\"font-size: 40px; font-family: Raleway; line-height: 48px; text-align: left;\"><span style=\"color: #1c6bb8;\"><strong>Gestione della coda virtuale<\/strong><\/span> per garantire il Distanziamento <span style=\"color: #1c6bb8;\"><strong>Sociale<\/strong><\/span><\/p>\n<p style=\"text-align: left;\">Wavetec ha sviluppato specificamente un sistema di Coda Virtuale e Gestione degli appuntamenti, per affrontare la sfida di molti piccoli e grandi negozi e banche, durante la diffusione del COVID-19<\/p>\n<p>[\/vc_column_text][\/vc_column][vc_column width=&#8221;5\/12&#8243;][vc_single_image image=&#8221;49089&#8243; img_size=&#8221;full&#8221;][\/vc_column][\/vc_row][vc_row css=&#8221;.vc_custom_1585654269472{margin-top: 40px !important;}&#8221;][vc_column][vc_single_image image=&#8221;12853&#8243; img_size=&#8221;full&#8221; alignment=&#8221;center&#8221;][\/vc_column][\/vc_row][vc_row content_placement=&#8221;middle&#8221; bg_type=&#8221;image&#8221; parallax_style=&#8221;vcpb-default&#8221; bg_image_new=&#8221;id^11994|url^https:\/\/www.wavetec.com\/wp-content\/uploads\/2020\/04\/bgimg.jpg|caption^null|alt^null|title^bgimg|description^null&#8221; bg_image_repeat=&#8221;no-repeat&#8221; bg_image_posiiton=&#8221;0 0&#8243; bg_override=&#8221;full&#8221;][vc_column width=&#8221;1\/2&#8243;][vc_column_text]<\/p>\n<p style=\"text-align: left; font-size: 45px; font-family: Raleway; color: #ffffff; line-height: 55px;\">Generazione di messaggi<br \/>\ncustomizzati sul ticket per<br \/>\naumentare la consapevolezza sul COVID-19<\/p>\n<p><span style=\"color: #ffffff;\">Integra i tuoi sistemi con il Gestore di Campagne Wavetec, e condividi consigli sul tuo ticket virtuale per evitare la diffusione del COVID-19, includendo messaggi specificamente idirizzati ai tuoi clienti quando visitano il negozio.<\/span>[\/vc_column_text][\/vc_column][vc_column width=&#8221;1\/2&#8243;][vc_single_image image=&#8221;13162&#8243; img_size=&#8221;full&#8221; alignment=&#8221;center&#8221; css=&#8221;.vc_custom_1588248961857{margin-bottom: 0px !important;}&#8221;][\/vc_column][\/vc_row][vc_row content_placement=&#8221;middle&#8221;][vc_column width=&#8221;1\/2&#8243;][vc_single_image image=&#8221;11998&#8243; img_size=&#8221;full&#8221; css=&#8221;.vc_custom_1586345118914{margin-bottom: 0px !important;}&#8221;][\/vc_column][vc_column width=&#8221;1\/2&#8243;][vc_column_text]<\/p>\n<p style=\"text-align: left; font-size: 35px; font-family: Raleway; line-height: 41px; color: #1c6bb8;\">Frequenti Annunci di linee guida per evitare la diffusione del virus e mantenere il Distanziamento Sociale<\/p>\n<p style=\"text-align: left;\">Anche durante questi tempi incerti, Wavetec \u00e8 focalizzata nel fare tutto il possibile per aiutare il tuo business a operare, come il supporto ai nostri clienti che \u00e8 una delle nostre massime priorit\u00e1. Puoi integrare il tuo sistema per avere annunci multipli in riferimento alle linee guida sul COVID-19.<br \/>\nQuesti annunci frequenti nel tuo neozio, ufficio, ospedale o supermercato, aiuter\u00e1 a diffondere consapevolezza e a limitare la diffusione del virus per mezzo del distanziamento sociale.<\/p>\n<p>[\/vc_column_text][vc_column_text]<\/p>\n<p style=\"text-align: left; font-size: 30px; font-family: Raleway; line-height: 41px; color: #1c6bb8;\">Annuncio audio di esempio<\/p>\n<audio class=\"wp-audio-shortcode\" id=\"audio-12724-1\" preload=\"none\" style=\"width: 100%;\" controls=\"controls\"><source type=\"audio\/mpeg\" src=\"https:\/\/www.wavetec.com\/wp-content\/uploads\/2020\/04\/covid19announcement.mp3?_=1\" \/><a href=\"https:\/\/www.wavetec.com\/wp-content\/uploads\/2020\/04\/covid19announcement.mp3\">https:\/\/www.wavetec.com\/wp-content\/uploads\/2020\/04\/covid19announcement.mp3<\/a><\/audio>\n<p>[\/vc_column_text][\/vc_column][\/vc_row][vc_row equal_height=&#8221;yes&#8221; content_placement=&#8221;middle&#8221; css=&#8221;.vc_custom_1585078049688{margin-top: 20px !important;margin-bottom: -70px !important;}&#8221;][vc_column width=&#8221;1\/2&#8243;][vc_column_text]<\/p>\n<p style=\"text-align: left; font-size: 35px; line-height: 40px; font-family: Raleway;\">Pratica il <span style=\"color: #1c6bb8;\"><strong>Distanziamento Sociale<\/strong><\/span> e passa al servizio basato <span style=\"color: #1c6bb8;\"><strong>sugli Appuntamenti<\/strong><\/span><\/p>\n<p>La piattaforma di Wavetec per schedulare appuntamenti, fornisce ai tuoi clienti un portale per riservare un appuntamento online e ti consente di monitorare e gestire gli appuntamenti.\u00a0 Questa soluzione riduce considerevolmente i tempi di attesa e gli assembramenti inaspettati di persone.[\/vc_column_text][\/vc_column][vc_column width=&#8221;1\/2&#8243;][vc_single_image image=&#8221;11813&#8243; img_size=&#8221;full&#8221;][\/vc_column][\/vc_row][vc_row bg_type=&#8221;image&#8221; parallax_style=&#8221;vcpb-default&#8221; bg_image_new=&#8221;id^9329|url^https:\/\/www.wavetec.com\/wp-content\/uploads\/2018\/06\/correction-form-01.jpg|caption^null|alt^null|title^correction-form-01|description^null&#8221; bg_image_repeat=&#8221;no-repeat&#8221; bg_override=&#8221;full&#8221;][vc_column width=&#8221;5\/12&#8243;][vc_column_text]<\/p>\n<p style=\"font-family: Raleway; font-size: 43.01px; color: #ffffff; line-height: 53.76px; text-align: left;\">Contattaci<\/p>\n<p style=\"font-size: 14.33px; color: #ffffff;\">Hai una domanda? Abbiamo un team dedicato per farti avere la miglior informazione possibile. Dalle domande di base fino a quelle pi\u00fa complesse, siamo qui per aiutare!<\/p>\n<p><strong><a style=\"color: #ffffff; font-size: 17px;\" href=\"mailto:sales@test.wavetec.com\">sales@test.wavetec.com<\/a><\/strong><\/p>\n<p style=\"font-family: Raleway; font-size: 30px; color: #ffffff; line-height: 34px; text-align: left;\">Sei gi\u00e1 cliente? Contatta il nostro sevizio clienti<\/p>\n<p style=\"font-size: 14.33px; color: #ffffff;\">Il nostro supporto clienti \u00e8 il migliore, con un indice di gradimento del 90%, non vedono l&#8217;ora di aiutarti.<\/p>\n<p>[\/vc_column_text]<div class=\" ubtn-ctn-left \"><a class=\"ubtn-link ult-adjust-bottom-margin ubtn-left ubtn-custom \" href=\"https:\/\/support.mywavetec.com\/portal\/signin#newticket\" target=\"_blank\" rel=\"noopener\"><button type=\"button\" id=\"ubtn-9616\"  class=\"ubtn ult-adjust-bottom-margin ult-responsive ubtn-custom ubtn-no-hover-bg  none  ubtn-sep-icon ubtn-sep-icon-at-left  ubtn-left   tooltip-69f4ef7971f3f\"  data-hover=\"\" data-border-color=\"#ffffff\" data-bg=\"\" data-hover-bg=\"\" data-border-hover=\"\" data-shadow-hover=\"\" data-shadow-click=\"none\" data-shadow=\"\" data-shd-shadow=\"\"  data-ultimate-target='#ubtn-9616'  data-responsive-json-new='{\"font-size\":\"desktop:14px;\",\"line-height\":\"\"}'  style=\"font-family:&#039;Raleway&#039;;font-weight:600;width:250px;min-height:43px;padding:px px;border-radius:50px;border-width:2px;border-color:#ffffff;border-style:solid;color: #ffffff;\"><span class=\"ubtn-data ubtn-icon\"><i class=\"Defaults-ticket\" style=\"font-size:26px;color:#ffffff;\"><\/i><\/span><span class=\"ubtn-hover\" style=\"background-color:\"><\/span><span class=\"ubtn-data ubtn-text \" >Apri un ticket<\/span><\/button><\/a><\/div><div class=\" ubtn-ctn-left whatsapp\"><a class=\"ubtn-link ult-adjust-bottom-margin ubtn-left ubtn-custom whatsapp\" href=\"https:\/\/wa.me\/97143263193\" target=\"_blank\" rel=\"noopener\"><button type=\"button\" id=\"ubtn-4566\"  class=\"ubtn ult-adjust-bottom-margin ult-responsive ubtn-custom ubtn-fade-bg  none  ubtn-sep-icon ubtn-sep-icon-at-left  ubtn-left   tooltip-69f4ef797200b ubtn-tooltip right\" data-toggle=\"tooltip\" data-placement=\"right\" title=\"Get Support on WhatsApp\" data-hover=\"\" data-border-color=\"#ffffff\" data-bg=\"#40c351\" data-hover-bg=\"\" data-border-hover=\"\" data-shadow-hover=\"\" data-shadow-click=\"none\" data-shadow=\"\" data-shd-shadow=\"\"  data-ultimate-target='#ubtn-4566'  data-responsive-json-new='{\"font-size\":\"desktop:14px;\",\"line-height\":\"\"}'  style=\"font-family:&#039;Raleway&#039;;font-weight:600;width:250px;min-height:43px;padding:px px;border-radius:50px;border-width:2px;border-color:#ffffff;border-style:solid;background: #40c351;color: #ffffff;\"><span class=\"ubtn-data ubtn-icon\"><i class=\"WhatsApp-whatsapp\" style=\"font-size:26px;color:#ffffff;\"><\/i><\/span><span class=\"ubtn-hover\" style=\"background-color:\"><\/span><span class=\"ubtn-data ubtn-text \" >Ottieni supporto immediato<\/span><\/button><\/a><\/div><script>\n\t\t\t\t\tjQuery(function () {\n\t\t\t\t\t\tjQuery(\".tooltip-69f4ef797200b\").bsf_tooltip();\n\t\t\t\t\t})\n\t\t\t\t<\/script>[\/vc_column][vc_column width=&#8221;5\/12&#8243;][vc_raw_html]JTNDJTIxLS0lNUJpZiUyMGx0ZSUyMElFJTIwOCU1RCUzRSUwQSUzQ3NjcmlwdCUyMGNoYXJzZXQlM0QlMjJ1dGYtOCUyMiUyMHR5cGUlM0QlMjJ0ZXh0JTJGamF2YXNjcmlwdCUyMiUyMHNyYyUzRCUyMiUyRiUyRmpzLmhzZm9ybXMubmV0JTJGZm9ybXMlMkZ2Mi1sZWdhY3kuanMlMjIlM0UlM0MlMkZzY3JpcHQlM0UlMEElM0MlMjElNUJlbmRpZiU1RC0tJTNFJTBBJTNDc2NyaXB0JTIwY2hhcnNldCUzRCUyMnV0Zi04JTIyJTIwdHlwZSUzRCUyMnRleHQlMkZqYXZhc2NyaXB0JTIyJTIwc3JjJTNEJTIyJTJGJTJGanMuaHNmb3Jtcy5uZXQlMkZmb3JtcyUyRnYyLmpzJTIyJTNFJTNDJTJGc2NyaXB0JTNFJTBBJTNDc2NyaXB0JTNFJTBBJTIwJTIwaGJzcHQuZm9ybXMuY3JlYXRlJTI4JTdCJTIwJTBBJTIwJTIwJTIwJTIwY3NzJTNBJTIwJTI3JTI3JTJDJTBBJTIwJTIwJTIwJTIwcG9ydGFsSWQlM0ElMjAlMjcxNzk3NjI1JTI3JTJDJTBBJTIwJTIwJTIwJTIwZm9ybUlkJTNBJTIwJTI3YjdmZTdkYjktYzRjOC00NGJiLWFkNWEtY2FhMDFiZTg3M2NhJTI3JTBBJTIwJTIwJTdEJTI5JTNCJTBBJTNDJTJGc2NyaXB0JTNFJTBB[\/vc_raw_html][\/vc_column][\/vc_row][vc_row][vc_column css=&#8221;.vc_custom_1554376908061{margin-bottom: -35px !important;padding-top: 0px !important;padding-bottom: 0px !important;}&#8221;]<div class=\"templatera_shortcode\"><div class=\"vc_row wpb_row vc_row-fluid footerhome vc_custom_1554376101973\"><div class=\"wpb_column vc_column_container vc_col-sm-2\"><div class=\"vc_column-inner\"><div class=\"wpb_wrapper\">\n\t<div class=\"wpb_text_column wpb_content_element \" >\n\t\t<div class=\"wpb_wrapper\">\n\t\t\t<p><span style=\"color: #ffffff;\">ABOUT US<\/span><\/p>\n<p><a href=\"https:\/\/www.wavetec.com\/about-us\/\">Company<\/a><br \/>\n<a href=\"https:\/\/www.wavetec.com\/about-us\/careers\/\">Careers<\/a><br \/>\n<a href=\"https:\/\/www.wavetec.com\/about-us\/why-wavetec\/\">Why Wavetec<\/a><br \/>\n<a href=\"https:\/\/www.wavetec.com\/about-us\/why-wavetec\/\">Global Presence<\/a><br \/>\n<a href=\"https:\/\/www.wavetec.com\/about-us\/\">Our Clients<\/a><br \/>\n<a href=\"https:\/\/www.wavetec.com\/about-us\/\">Innovation<\/a><br \/>\n<a href=\"https:\/\/www.wavetec.com\/about-us\/\">Certification &amp; Partners<\/a><\/p>\n\n\t\t<\/div>\n\t<\/div>\n<\/div><\/div><\/div><div class=\"wpb_column vc_column_container vc_col-sm-2\"><div class=\"vc_column-inner\"><div class=\"wpb_wrapper\">\n\t<div class=\"wpb_text_column wpb_content_element \" >\n\t\t<div class=\"wpb_wrapper\">\n\t\t\t<p><span style=\"color: #ffffff;\">PRODUCTS<\/span><\/p>\n<p><a href=\"https:\/\/www.wavetec.com\/solutions\/queue-management\/\">Queue Management<\/a><br \/>\n\u2013 <a href=\"https:\/\/www.wavetec.com\/solutions\/queue-management\/covid-19-safe-q-virtual-queuing-solutions\/\">Virtual Queuing<\/a><br \/>\n- <a href=\"\/solutions\/queue-management\/covid-19-safe-q-virtual-queuing-solutions\/\">COVID-19 Virtual Queue Management<\/a><br \/>\n\u2013 <a href=\"https:\/\/www.wavetec.com\/solutions\/queue-management\/linear-queuing\/\">Linear Queuing<\/a><br \/>\n\u2013 <a href=\"https:\/\/www.wavetec.com\/solutions\/queue-management\/mobile-queuing\/\">Mobile Queuing<\/a><br \/>\n- <a href=\"https:\/\/www.wavetec.com\/solutions\/queue-management\/whatsapp-virtual-queuing-solution\/\">WhatsApp Queuing<\/a><br \/>\n<a href=\"https:\/\/www.wavetec.com\/solutions\/smart-online-appointment-booking-and-scheduling-software\/\">Online Appointment<\/a><br \/>\n<a href=\"https:\/\/www.wavetec.com\/solutions\/people-counting\/\">People Counting<\/a><br \/>\n<a href=\"https:\/\/www.wavetec.com\/solutions\/digital-signage\/\">Digital Signage<\/a><br \/>\n<a href=\"https:\/\/www.wavetec.com\/solutions\/customer-feedback\/\">Customer Feedback<\/a><br \/>\n<a href=\"https:\/\/www.wavetec.com\/solutions\/information-display-system\/\">Information Displays<\/a><br \/>\n<a href=\"https:\/\/www.wavetec.com\/solutions\/self-service-kiosks\/\">Self Service Kiosks<\/a><\/p>\n\n\t\t<\/div>\n\t<\/div>\n<\/div><\/div><\/div><div class=\"wpb_column vc_column_container vc_col-sm-2\"><div class=\"vc_column-inner\"><div class=\"wpb_wrapper\">\n\t<div class=\"wpb_text_column wpb_content_element \" >\n\t\t<div class=\"wpb_wrapper\">\n\t\t\t<p><span style=\"color: #ffffff;\">SOLUTIONS<\/span><\/p>\n<p><a href=\"https:\/\/www.wavetec.com\/smarter-queuing-experience\/\">COVID-19 Solutions<\/a><br \/>\n<a href=\"https:\/\/www.wavetec.com\/solutions\/customer-experience-solutions\/\">Customer Experience Solutions<\/a><br \/>\n<a href=\"https:\/\/www.wavetec.com\/solutions\/financial-market-displays\/\">Financial Market Displays<\/a><br \/>\n<a href=\"https:\/\/www.wavetec.com\/solutions\/service-area-design\/\">Service Area Design<\/a><br \/>\n<a href=\"https:\/\/www.wavetec.com\/solutions\/know-your-customer\/\">Know your customer<\/a><\/p>\n\n\t\t<\/div>\n\t<\/div>\n<\/div><\/div><\/div><div class=\"wpb_column vc_column_container vc_col-sm-2\"><div class=\"vc_column-inner\"><div class=\"wpb_wrapper\">\n\t<div class=\"wpb_text_column wpb_content_element \" >\n\t\t<div class=\"wpb_wrapper\">\n\t\t\t<p><span style=\"color: #ffffff;\">INDUSTRIES<\/span><\/p>\n<p><a href=\"https:\/\/www.wavetec.com\/industries\/airports-and-airlines\/\">Airports and Airlines<\/a><br \/>\n<a href=\"https:\/\/www.wavetec.com\/industries\/banking\/\">Banking<\/a><br \/>\n<a href=\"https:\/\/www.wavetec.com\/industries\/dmv\/\">DMV<\/a><br \/>\n<a href=\"https:\/\/www.wavetec.com\/industries\/education\/\">Education<\/a><br \/>\n<a href=\"https:\/\/www.wavetec.com\/industries\/healthcare\/\">Healthcare<\/a><br \/>\n<a href=\"https:\/\/www.wavetec.com\/industries\/government\/\">Government<\/a><br \/>\n<a href=\"https:\/\/www.wavetec.com\/industries\/retail\/\">Retail<\/a><br \/>\n<a href=\"https:\/\/www.wavetec.com\/industries\/stock-exchange\/\">Stock Exchange<\/a><br \/>\n<a href=\"https:\/\/www.wavetec.com\/industries\/telecom\/\">Telecom<\/a><\/p>\n\n\t\t<\/div>\n\t<\/div>\n<\/div><\/div><\/div><div class=\"wpb_column vc_column_container vc_col-sm-2\"><div class=\"vc_column-inner\"><div class=\"wpb_wrapper\">\n\t<div class=\"wpb_text_column wpb_content_element \" >\n\t\t<div class=\"wpb_wrapper\">\n\t\t\t<p><span style=\"color: #ffffff;\">MEDIA CENTER<\/span><\/p>\n<p><a href=\"https:\/\/www.wavetec.com\/newsroom\/\">Newsroom<\/a><br \/>\n<a href=\"https:\/\/www.wavetec.com\/case-studies\/\">Case Studies<\/a><br \/>\n<a href=\"https:\/\/www.wavetec.com\/blog\/\">Blog<\/a><br \/>\n<a href=\"https:\/\/www.wavetec.com\/media-center\/whitepapers\/\">Whitepapers<\/a><br \/>\n<a href=\"https:\/\/www.wavetec.com\/media-center\/\">Gallery<\/a><\/p>\n\n\t\t<\/div>\n\t<\/div>\n<\/div><\/div><\/div><div class=\"wpb_column vc_column_container vc_col-sm-2\"><div class=\"vc_column-inner\"><div class=\"wpb_wrapper\">\n\t<div class=\"wpb_text_column wpb_content_element \" >\n\t\t<div class=\"wpb_wrapper\">\n\t\t\t<p><span style=\"color: #ffffff;\">HEAD OFFICE<\/span><\/p>\n<p>Industrial License No. 175<br \/>\nLight Industrial Unit # 9<br \/>\nDubai Silicon Oasis<br \/>\nP.O. Box 341133<br \/>\nDubai, United Arab Emirates<\/p>\n<p>Tel. +971 (4) 326 31 93<br \/>\nFax. +971 (4) 326 31 92<br \/>\nEmail. sales@wavetec.com<\/p>\n\n\t\t<\/div>\n\t<\/div>\n<\/div><\/div><\/div><\/div><!-- Row Backgrounds --><div class=\"upb_color\" data-bg-override=\"full\" data-bg-color=\"#3c3d41\" data-fadeout=\"\" data-fadeout-percentage=\"30\" data-parallax-content=\"\" data-parallax-content-sense=\"30\" data-row-effect-mobile-disable=\"true\" data-img-parallax-mobile-disable=\"true\" data-rtl=\"false\"  data-custom-vc-row=\"\"  data-vc=\"6.6.0\"  data-is_old_vc=\"\"  data-theme-support=\"\"   data-overlay=\"false\" data-overlay-color=\"\" data-overlay-pattern=\"\" data-overlay-pattern-opacity=\"\" data-overlay-pattern-size=\"\"    ><\/div><\/div>[\/vc_column][\/vc_row]<\/p>\n","protected":false},"excerpt":{"rendered":"ABOUT US Company Careers Why Wavetec Global Presence Our Clients Innovation Certification &amp; Partners PRODUCTS Queue Management \u2013 Virtual Queuing<span class=\"excerpt-hellip\"> [\u2026]<\/span>","protected":false},"author":1,"featured_media":12725,"parent":0,"menu_order":0,"comment_status":"open","ping_status":"open","template":"","meta":{"content-type":"","footnotes":""},"class_list":["post-12724","page","type-page","status-publish","has-post-thumbnail","hentry"],"acf":[],"_links":{"self":[{"href":"https:\/\/www.wavetec.com\/it\/wp-json\/wp\/v2\/pages\/12724","targetHints":{"allow":["GET"]}}],"collection":[{"href":"https:\/\/www.wavetec.com\/it\/wp-json\/wp\/v2\/pages"}],"about":[{"href":"https:\/\/www.wavetec.com\/it\/wp-json\/wp\/v2\/types\/page"}],"author":[{"embeddable":true,"href":"https:\/\/www.wavetec.com\/it\/wp-json\/wp\/v2\/users\/1"}],"replies":[{"embeddable":true,"href":"https:\/\/www.wavetec.com\/it\/wp-json\/wp\/v2\/comments?post=12724"}],"version-history":[{"count":0,"href":"https:\/\/www.wavetec.com\/it\/wp-json\/wp\/v2\/pages\/12724\/revisions"}],"wp:featuredmedia":[{"embeddable":true,"href":"https:\/\/www.wavetec.com\/it\/wp-json\/wp\/v2\/media\/12725"}],"wp:attachment":[{"href":"https:\/\/www.wavetec.com\/it\/wp-json\/wp\/v2\/media?parent=12724"}],"curies":[{"name":"wp","href":"https:\/\/api.w.org\/{rel}","templated":true}]}}