{"id":65386,"date":"2023-08-02T05:40:27","date_gmt":"2023-08-02T05:40:27","guid":{"rendered":"https:\/\/test.wavetec.com\/?page_id=65386"},"modified":"2023-08-02T06:29:22","modified_gmt":"2023-08-02T06:29:22","slug":"comment-ca-fonctionne","status":"publish","type":"page","link":"https:\/\/www.wavetec.com\/fr\/solutions\/safeq-comptage-de-personnes\/comment-ca-fonctionne\/","title":{"rendered":"Comptage de personnes &#8211; Comment ca fonctionne"},"content":{"rendered":"<p>[vc_row content_placement=&#8221;middle&#8221;][vc_column width=&#8221;1\/2&#8243;][vc_column_text css=&#8221;.vc_custom_1627392954092{margin-bottom: 20px !important;}&#8221;][flexy_breadcrumb][\/vc_column_text][vc_column_text]<\/p>\n<h1><span style=\"color: #0a2540;\">Solutions de comptage de personnes &#8211; Comment ca fonctionne<\/span><\/h1>\n<p><strong>Les gens comptent avec une pr\u00e9cision de 98\u00a0%\u00a0!<\/strong>[\/vc_column_text][vc_column_text]Il s&#8217;agit d&#8217;une suite d&#8217;initiatives technologiques qui peuvent mesurer, optimiser et g\u00e9rer les limites d&#8217;occupation pendant la COVID 19.[\/vc_column_text][\/vc_column][vc_column width=&#8221;1\/2&#8243;][vc_single_image image=&#8221;30608&#8243; img_size=&#8221;full&#8221; alignment=&#8221;center&#8221;][\/vc_column][\/vc_row][vc_row el_id=&#8221;comment-ca-fonctionne&#8221;][vc_column][\/vc_column][\/vc_row][vc_section full_width=&#8221;stretch_row_content&#8221; css=&#8221;.vc_custom_1605676933804{margin-bottom: 30px !important;background-color: #ffffff !important;}&#8221;][vc_row equal_height=&#8221;yes&#8221; content_placement=&#8221;middle&#8221; bg_type=&#8221;bg_color&#8221; el_id=&#8221;internalmenu&#8221; bg_color_value=&#8221;#ffffff&#8221;][vc_column width=&#8221;1\/6&#8243; css=&#8221;.vc_custom_1612275346476{margin-top: 0px !important;margin-right: 0px !important;margin-bottom: 0px !important;margin-left: 0px !important;padding-top: 0px !important;padding-right: 0px !important;padding-bottom: 0px !important;padding-left: 0px !important;}&#8221; offset=&#8221;vc_col-lg-offset-1&#8243;][vc_single_image image=&#8221;17939&#8243; img_size=&#8221;full&#8221; alignment=&#8221;center&#8221; css=&#8221;.vc_custom_1614542314913{margin-top: 10px !important;margin-bottom: -20px !important;}&#8221;][\/vc_column][vc_column width=&#8221;1\/2&#8243; css=&#8221;.vc_custom_1612275335978{margin-top: 0px !important;margin-right: 0px !important;margin-bottom: 0px !important;margin-left: 0px !important;padding-top: 0px !important;padding-right: 0px !important;padding-bottom: 0px !important;padding-left: 0px !important;}&#8221;][vc_column_text css=&#8221;.vc_custom_1690957733414{margin-bottom: 0px !important;}&#8221; el_class=&#8221;sticky-nav-text&#8221;]<a href=\"https:\/\/www.wavetec.com\/fr\/solutions\/safeq-comptage-de-personnes\/\"><span style=\"text-decoration: underline;\"><strong><span style=\"color: #1ab071; text-decoration: underline;\">Aper\u00e7u<\/span><\/strong><\/span><\/a>\u00a0 \u00a0 \u00a0 <a href=\"https:\/\/www.wavetec.com\/fr\/solutions\/safeq-comptage-de-personnes\/comment-ca-fonctionne\/#comment-ca-fonctionne\"><u>Comment \u00e7a fonctionne<\/u><\/a>[\/vc_column_text][\/vc_column][vc_column width=&#8221;1\/4&#8243; css=&#8221;.vc_custom_1610027292901{margin-top: 0px !important;margin-right: 0px !important;margin-bottom: 0px !important;margin-left: 0px !important;padding-top: 0px !important;padding-right: 0px !important;padding-bottom: 0px !important;padding-left: 0px !important;}&#8221; offset=&#8221;vc_hidden-md vc_hidden-sm vc_hidden-xs&#8221;]<div class=\" vc_custom_1690951707652 ubtn-ctn-center \"><a class=\"ubtn-link ult-adjust-bottom-margin ubtn-center ubtn-normal \" href=\"https:\/\/info.wavetec.com\/en\/people-counting-safeq\" target=\"_blank\" rel=\"noopener\"><button type=\"button\" id=\"ubtn-7508\"  class=\"ubtn ult-adjust-bottom-margin ult-responsive ubtn-normal ubtn-no-hover-bg  none  ubtn-center   tooltip-69f2d4c70e4e3\"  data-hover=\"#ffffff\" data-border-color=\"\" data-bg=\"#1ab071\" data-hover-bg=\"#fe8630\" data-border-hover=\"\" data-shadow-hover=\"\" data-shadow-click=\"none\" data-shadow=\"\" data-shd-shadow=\"\"  data-ultimate-target='#ubtn-7508'  data-responsive-json-new='{\"font-size\":\"desktop:18px;\",\"line-height\":\"\"}'  style=\"font-family:&#039;Poppins&#039;;font-weight:600;border-radius:5px;border-width:0px;border-color:;border-style:solid;background: #1ab071;color: #ffffff;\"><span class=\"ubtn-hover\" style=\"background-color:#fe8630\"><\/span><span class=\"ubtn-data ubtn-text \" >T\u00e9l\u00e9charger la brochure<\/span><\/button><\/a><\/div>[\/vc_column][\/vc_row][\/vc_section][vc_row content_placement=&#8221;middle&#8221;][vc_column][vc_column_text]<\/p>\n<h2 style=\"text-align: center;\"><b>Donner la priorit\u00e9 \u00e0 la s\u00e9curit\u00e9 des clients et assurer la continuit\u00e9 des activit\u00e9s<\/b><\/h2>\n<p>[\/vc_column_text][vc_single_image image=&#8221;30655&#8243; img_size=&#8221;full&#8221; alignment=&#8221;center&#8221; el_class=&#8221;watch&#8221;][vc_column_text]<\/p>\n<p style=\"text-align: center;\"><span style=\"font-weight: 400;\">SafeQ est un moyen rapide et sans effort de d\u00e9tecter et de surveiller l&#8217;occupation, vous permettant d&#8217;utiliser l&#8217;espace plus efficacement tout en am\u00e9liorant l&#8217;exp\u00e9rience client.<\/span><\/p>\n<p>[\/vc_column_text][\/vc_column][\/vc_row][vc_row content_placement=&#8221;middle&#8221;][vc_column width=&#8221;1\/2&#8243;][vc_column_text]<\/p>\n<h2><b>Comment fonctionne le comptage de personnes\u00a0?<\/b><\/h2>\n<p>[\/vc_column_text][vc_column_text]<span style=\"font-weight: 400;\">Le comptage de personnes, \u00e9galement appel\u00e9 comptage de pas, comptage de visiteurs, comptage de clients ou comptage de portes, est r\u00e9alis\u00e9 \u00e0 l&#8217;aide de la technologie d&#8217;imagerie 3D. Il s&#8217;agit d&#8217;une qualit\u00e9 d&#8217;image \u00e0 la pointe de la technologie, efficace m\u00eame en cas de faible sensibilit\u00e9 \u00e0 la lumi\u00e8re et de latence extr\u00eamement faible.<\/span>[\/vc_column_text][\/vc_column][vc_column width=&#8221;1\/2&#8243;][vc_single_image image=&#8221;30663&#8243; img_size=&#8221;full&#8221; alignment=&#8221;center&#8221;][\/vc_column][\/vc_row][vc_row content_placement=&#8221;middle&#8221;][vc_column][vc_column_text]<\/p>\n<h2>Optimiser les op\u00e9rations commerciales en 4 \u00e9tapes simples<\/h2>\n<p>[\/vc_column_text][vc_column_text]<span style=\"font-weight: 400;\">Aidez votre entreprise \u00e0 se d\u00e9velopper avec un fournisseur mondial de solutions leader sur le march\u00e9<\/span>[\/vc_column_text][\/vc_column][\/vc_row][vc_row content_placement=&#8221;middle&#8221; bg_type=&#8221;image&#8221; parallax_style=&#8221;vcpb-default&#8221; bg_image_new=&#8221;id^18030|url^https:\/\/www.wavetec.com\/wp-content\/uploads\/2021\/02\/lines.png|caption^null|alt^null|title^lines|description^null&#8221; bg_image_repeat=&#8221;no-repeat&#8221; bg_image_size=&#8221;initial&#8221; bg_image_posiiton=&#8221;195px 55px&#8221;][vc_column width=&#8221;1\/2&#8243;][vc_single_image image=&#8221;18010&#8243; img_size=&#8221;full&#8221; css=&#8221;.vc_custom_1614544652540{margin-bottom: 0px !important;}&#8221;][vc_column_text]Installer un appareil de comptage de personnes[\/vc_column_text][\/vc_column][vc_column width=&#8221;1\/2&#8243;][vc_single_image image=&#8221;18004&#8243; img_size=&#8221;full&#8221; css=&#8221;.vc_custom_1614544673103{margin-bottom: 0px !important;}&#8221;][vc_column_text]Configurer l&#8217;appareil aux points d&#8217;entr\u00e9e et de sortie[\/vc_column_text][\/vc_column][vc_column width=&#8221;1\/2&#8243;][vc_single_image image=&#8221;17998&#8243; img_size=&#8221;full&#8221; css=&#8221;.vc_custom_1614544690496{margin-bottom: 0px !important;}&#8221;][vc_column_text]Recueillir des donn\u00e9es de comptage[\/vc_column_text][\/vc_column][vc_column width=&#8221;1\/2&#8243;][vc_single_image image=&#8221;18016&#8243; img_size=&#8221;full&#8221; css=&#8221;.vc_custom_1614544707809{margin-bottom: 0px !important;}&#8221;][vc_column_text]Les donn\u00e9es collect\u00e9es sont analys\u00e9es et pr\u00e9sent\u00e9es via des tableaux de bord et des rapports[\/vc_column_text][\/vc_column][\/vc_row][vc_row content_placement=&#8221;middle&#8221;][vc_column width=&#8221;1\/2&#8243;][vc_single_image image=&#8221;30670&#8243; img_size=&#8221;full&#8221; alignment=&#8221;center&#8221;][\/vc_column][vc_column width=&#8221;1\/2&#8243;][vc_column_text]<\/p>\n<h2>Pourquoi choisir Wavetec ?<\/h2>\n<p>[\/vc_column_text][vc_column_text]<span style=\"font-weight: 400;\">Nous poss\u00e9dons une vaste expertise dans l&#8217;am\u00e9nagement des aires de service des banques, des h\u00f4pitaux, des pharmacies, des organismes gouvernementaux, des supermarch\u00e9s et des magasins de d\u00e9tail. SafeQ vous aide \u00e0 offrir des exp\u00e9riences client fluides.<\/span>[\/vc_column_text][\/vc_column][\/vc_row][vc_row css=&#8221;.vc_custom_1605019244694{padding-top: 50px !important;padding-bottom: 50px !important;}&#8221;][vc_column][vc_column_text]<\/p>\n<h2>Plus de deux millions <span style=\"color: #ff7800;\">Clients satisfaits<\/span><\/h2>\n<p>Globalement plus de<span style=\"color: #ff7800;\"><strong>2 millions de personnes<\/strong><\/span> passer par notre client<br \/>\ndes solutions d&#8217;exp\u00e9rience, au quotidien[\/vc_column_text][\/vc_column][\/vc_row][vc_row gap=&#8221;10&#8243;][vc_column width=&#8221;1\/3&#8243; css=&#8221;.vc_custom_1605074050116{padding-top: 20px !important;padding-right: 20px !important;padding-bottom: 20px !important;padding-left: 20px !important;}&#8221; el_class=&#8221;hoverbox&#8221;]<div class=\"aio-icon-component    style_1\"><div id=\"Info-box-wrap-4472\" class=\"aio-icon-box top-icon\" style=\"\"  ><div class=\"aio-icon-top\"><div class=\"ult-just-icon-wrapper  \"><div class=\"align-icon\" style=\"text-align:center;\">\n<div class=\"aio-icon-img \" style=\"font-size:98px;display:inline-block;\" >\n\t<img decoding=\"async\" class=\"img-icon\" alt=\"null\" src=\"https:\/\/www.wavetec.com\/wp-content\/uploads\/2021\/04\/6-10.png\" title=\"\">\n<\/div><\/div><\/div><\/div><div class=\"aio-icon-description ult-responsive\"  data-ultimate-target='#Info-box-wrap-4472 .aio-icon-description'  data-responsive-json-new='{\"font-size\":\"\",\"line-height\":\"\"}'  style=\"\"><strong>Bancaire<\/strong><\/p>\n<p><span style=\"font-weight: 400;\">Offrez une exp\u00e9rience omnicanal en succursale, adapt\u00e9e aux clients et aux non-clients en file d&#8217;attente num\u00e9rique et lin\u00e9aire<\/span><a class=\"aio-icon-read xx\" href=\"\/industries\/banking\/\" >Learn More&nbsp;&raquo;<\/a><\/div> <!-- description --><\/div> <!-- aio-icon-box --><\/div> <!-- aio-icon-component -->[\/vc_column][vc_column width=&#8221;1\/3&#8243; css=&#8221;.vc_custom_1605022678756{padding-top: 20px !important;padding-right: 20px !important;padding-bottom: 20px !important;padding-left: 20px !important;}&#8221;]<div class=\"aio-icon-component    style_1\"><div id=\"Info-box-wrap-5246\" class=\"aio-icon-box top-icon\" style=\"\"  ><div class=\"aio-icon-top\"><div class=\"ult-just-icon-wrapper  \"><div class=\"align-icon\" style=\"text-align:center;\">\n<div class=\"aio-icon-img \" style=\"font-size:98px;display:inline-block;\" >\n\t<img decoding=\"async\" class=\"img-icon\" alt=\"null\" src=\"https:\/\/www.wavetec.com\/wp-content\/uploads\/2021\/04\/5-10.png\" title=\"\">\n<\/div><\/div><\/div><\/div><div class=\"aio-icon-description ult-responsive\"  data-ultimate-target='#Info-box-wrap-5246 .aio-icon-description'  data-responsive-json-new='{\"font-size\":\"\",\"line-height\":\"\"}'  style=\"\"><strong>D\u00e9tail<\/strong><\/p>\n<p><span style=\"font-weight: 400;\">Augmenter les ventes, r\u00e9duire les co\u00fbts et optimiser la gestion des magasins<\/span><a class=\"aio-icon-read xx\" href=\"\/industries\/retail\/\" >Learn More&nbsp;&raquo;<\/a><\/div> <!-- description --><\/div> <!-- aio-icon-box --><\/div> <!-- aio-icon-component -->[\/vc_column][vc_column width=&#8221;1\/3&#8243; css=&#8221;.vc_custom_1605022688271{padding-top: 20px !important;padding-right: 20px !important;padding-bottom: 20px !important;padding-left: 20px !important;}&#8221;]<div class=\"aio-icon-component    style_1\"><div id=\"Info-box-wrap-3198\" class=\"aio-icon-box top-icon\" style=\"\"  ><div class=\"aio-icon-top\"><div class=\"ult-just-icon-wrapper  \"><div class=\"align-icon\" style=\"text-align:center;\">\n<div class=\"aio-icon-img \" style=\"font-size:98px;display:inline-block;\" >\n\t<img decoding=\"async\" class=\"img-icon\" alt=\"null\" src=\"https:\/\/www.wavetec.com\/wp-content\/uploads\/2021\/04\/4-12.png\" title=\"\">\n<\/div><\/div><\/div><\/div><div class=\"aio-icon-description ult-responsive\"  data-ultimate-target='#Info-box-wrap-3198 .aio-icon-description'  data-responsive-json-new='{\"font-size\":\"\",\"line-height\":\"\"}'  style=\"\"><strong>T\u00e9l\u00e9com<\/strong><\/p>\n<p><span style=\"font-weight: 400;\">Am\u00e9liorez l&#8217;int\u00e9gration des clients, la dispensation de services et les flux de visiteurs<\/span><a class=\"aio-icon-read xx\" href=\"\/industries\/telecom\/\" >Learn More&nbsp;&raquo;<\/a><\/div> <!-- description --><\/div> <!-- aio-icon-box --><\/div> <!-- aio-icon-component -->[\/vc_column][\/vc_row][vc_row gap=&#8221;10&#8243;][vc_column width=&#8221;1\/3&#8243; css=&#8221;.vc_custom_1605022696446{padding-top: 20px !important;padding-right: 20px !important;padding-bottom: 20px !important;padding-left: 20px !important;}&#8221;]<div class=\"aio-icon-component    style_1\"><div id=\"Info-box-wrap-2770\" class=\"aio-icon-box top-icon\" style=\"\"  ><div class=\"aio-icon-top\"><div class=\"ult-just-icon-wrapper  \"><div class=\"align-icon\" style=\"text-align:center;\">\n<div class=\"aio-icon-img \" style=\"font-size:98px;display:inline-block;\" >\n\t<img decoding=\"async\" class=\"img-icon\" alt=\"null\" src=\"https:\/\/www.wavetec.com\/wp-content\/uploads\/2021\/04\/2-12.png\" title=\"\">\n<\/div><\/div><\/div><\/div><div class=\"aio-icon-description ult-responsive\"  data-ultimate-target='#Info-box-wrap-2770 .aio-icon-description'  data-responsive-json-new='{\"font-size\":\"\",\"line-height\":\"\"}'  style=\"\"><strong>Gouvernement<\/strong><\/p>\n<p><span style=\"font-weight: 400;\">Des solutions technologiques \u00e9prouv\u00e9es pour une gouvernance publique et une prestation de services r\u00e9ussies<\/span><a class=\"aio-icon-read xx\" href=\"\/industries\/government\/\" >Learn More&nbsp;&raquo;<\/a><\/div> <!-- description --><\/div> <!-- aio-icon-box --><\/div> <!-- aio-icon-component -->[\/vc_column][vc_column width=&#8221;1\/3&#8243; css=&#8221;.vc_custom_1605022704551{padding-top: 20px !important;padding-right: 20px !important;padding-bottom: 20px !important;padding-left: 20px !important;}&#8221;]<div class=\"aio-icon-component    style_1\"><div id=\"Info-box-wrap-7408\" class=\"aio-icon-box top-icon\" style=\"\"  ><div class=\"aio-icon-top\"><div class=\"ult-just-icon-wrapper  \"><div class=\"align-icon\" style=\"text-align:center;\">\n<div class=\"aio-icon-img \" style=\"font-size:98px;display:inline-block;\" >\n\t<img decoding=\"async\" class=\"img-icon\" alt=\"null\" src=\"https:\/\/www.wavetec.com\/wp-content\/uploads\/2021\/04\/1-12.png\" title=\"\">\n<\/div><\/div><\/div><\/div><div class=\"aio-icon-description ult-responsive\"  data-ultimate-target='#Info-box-wrap-7408 .aio-icon-description'  data-responsive-json-new='{\"font-size\":\"\",\"line-height\":\"\"}'  style=\"\"><strong>Soins de sant\u00e9<\/strong><\/p>\n<p><span style=\"font-weight: 400;\">Flux et gestion efficaces des patients externes pour les zones \u00e0 haut risque et \u00e0 forte circulation pi\u00e9tonni\u00e8re<\/span><a class=\"aio-icon-read xx\" href=\"\/industries\/healthcare\/\" >Learn More&nbsp;&raquo;<\/a><\/div> <!-- description --><\/div> <!-- aio-icon-box --><\/div> <!-- aio-icon-component -->[\/vc_column][vc_column width=&#8221;1\/3&#8243; css=&#8221;.vc_custom_1605022712363{padding-top: 20px !important;padding-right: 20px !important;padding-bottom: 20px !important;padding-left: 20px !important;}&#8221;]<div class=\"aio-icon-component    style_1\"><div id=\"Info-box-wrap-5948\" class=\"aio-icon-box top-icon\" style=\"\"  ><div class=\"aio-icon-top\"><div class=\"ult-just-icon-wrapper  \"><div class=\"align-icon\" style=\"text-align:center;\">\n<div class=\"aio-icon-img \" style=\"font-size:98px;display:inline-block;\" >\n\t<img decoding=\"async\" class=\"img-icon\" alt=\"null\" src=\"https:\/\/www.wavetec.com\/wp-content\/uploads\/2021\/04\/3-13.png\" title=\"\">\n<\/div><\/div><\/div><\/div><div class=\"aio-icon-description ult-responsive\"  data-ultimate-target='#Info-box-wrap-5948 .aio-icon-description'  data-responsive-json-new='{\"font-size\":\"\",\"line-height\":\"\"}'  style=\"\"><strong>\u00c9ducation<\/strong><\/p>\n<p><span style=\"font-weight: 400;\">Assurez la s\u00e9curit\u00e9 des \u00e9tudiants et du personnel pendant les admissions et la saison des examens gr\u00e2ce \u00e0 des solutions personnalisables<\/span><a class=\"aio-icon-read xx\" href=\"\/industries\/education\/\" >Learn More&nbsp;&raquo;<\/a><\/div> <!-- description --><\/div> <!-- aio-icon-box --><\/div> <!-- aio-icon-component -->[\/vc_column][\/vc_row][vc_row][vc_column]<div class=\"templatera_shortcode\"><\/div>[\/vc_column][\/vc_row][vc_row content_placement=&#8221;middle&#8221; bg_type=&#8221;image&#8221; parallax_style=&#8221;vcpb-default&#8221; bg_image_new=&#8221;id^16314|url^https:\/\/www.wavetec.com\/wp-content\/uploads\/2020\/11\/vector-circle-1.png|caption^null|alt^null|title^vector-circle|description^null&#8221; bg_image_repeat=&#8221;no-repeat&#8221; bg_image_size=&#8221;initial&#8221; bg_image_posiiton=&#8221;right bottom&#8221; bg_override=&#8221;full&#8221;][vc_column width=&#8221;5\/12&#8243;][vc_column_text]<\/p>\n<h2>Blogue Wavetec<\/h2>\n<p>Attendez-vous \u00e0 de la fra\u00eecheur, <span style=\"color: #1ab071;\"><strong>bien document\u00e9<\/strong><\/span> et centr\u00e9 sur l&#8217;industrie <span style=\"color: #fe8630;\"><strong>blogs<\/strong><\/span>, interviews et articles d&#8217;opinion.<br \/>\nEt abonnez-vous pour rester inform\u00e9.[\/vc_column_text]<div class=\" ubtn-ctn-left \"><a class=\"ubtn-link ult-adjust-bottom-margin ubtn-left ubtn-normal \" href=\"https:\/\/test.wavetec.com\/blog\/\" target=\"_blank\" rel=\"noopener\"><button type=\"button\" id=\"ubtn-6674\"  class=\"ubtn ult-adjust-bottom-margin ult-responsive ubtn-normal ubtn-no-hover-bg  none  ubtn-left   tooltip-69f2d4c7117b2\"  data-hover=\"#ffffff\" data-border-color=\"\" data-bg=\"#ff8630\" data-hover-bg=\"#1ab071\" data-border-hover=\"\" data-shadow-hover=\"\" data-shadow-click=\"none\" data-shadow=\"\" data-shd-shadow=\"\"  data-ultimate-target='#ubtn-6674'  data-responsive-json-new='{\"font-size\":\"desktop:18px;\",\"line-height\":\"\"}'  style=\"font-family:&#039;Poppins&#039;;font-weight:600;border-radius:5px;border-width:0px;border-color:;border-style:solid;background: #ff8630;color: #ffffff;\"><span class=\"ubtn-hover\" style=\"background-color:#1ab071\"><\/span><span class=\"ubtn-data ubtn-text \" >Explore plus<\/span><\/button><\/a><\/div>[\/vc_column][vc_column width=&#8221;5\/12&#8243; offset=&#8221;vc_col-lg-offset-2&#8243;][vc_column_text]<span style=\"font-weight: 500; color: #1ab071;\"><a style=\"color: #1ab071;\" href=\"https:\/\/blog.wavetec.com\/en\/wealth-in-public-health-the-case-for-visitor-management-solutions-in-healthcare\" data-schema-attribute=\"\" target=\"_blank\" rel=\"noopener\">Richesse en sant\u00e9 publique &#8211; un cas pour des solutions de gestion des soins de sant\u00e9<\/a><\/span><\/p>\n<p><span style=\"font-weight: 500; color: #1ab071;\"><a style=\"color: #1ab071;\" href=\"https:\/\/blog.wavetec.com\/en\/the-arts-of-the-new-normal-the-dawn-of-self-service-digitisation-and-crowd-management-solutions\" data-schema-attribute=\"\" target=\"_blank\" rel=\"noopener\">Entrez dans les arts de la \u00ab\u00a0nouvelle normalit\u00e9\u00a0\u00bb, fra\u00eechement num\u00e9ris\u00e9e avec des solutions de gestion des foules en libre-service<\/a><\/span><\/p>\n<p><span style=\"font-weight: 500; color: #1ab071;\"><a style=\"color: #1ab071;\" href=\"https:\/\/blog.wavetec.com\/en\/8-characteristics-to-look-for-in-a-solution-provider-when-planning-to-purchase-a-queue-management-system\" data-schema-attribute=\"\" target=\"_blank\" rel=\"noopener\">8 caract\u00e9ristiques \u00e0 rechercher chez un fournisseur de solutions lors de la planification de l&#8217;achat d&#8217;un syst\u00e8me de gestion de file d&#8217;attente<\/a><\/span><\/p>\n<p><span style=\"font-weight: 500; color: #1ab071;\"><a style=\"color: #1ab071;\" href=\"https:\/\/blog.wavetec.com\/en\/the-government-vs-covid-19-round-two-is-technology-the-secret-behind-shorter-wait-times\" data-schema-attribute=\"\" target=\"_blank\" rel=\"noopener\">Le gouvernement contre Covid-19 ROUND DEUX &#8211; La technologie est-elle le secret derri\u00e8re des temps d&#8217;attente plus courts ?<\/a><\/span>[\/vc_column_text][\/vc_column][\/vc_row][vc_row][vc_column]<div id=\"modal-trg-txt-wrap-3076\" class=\"ult-modal-input-wrapper ult-adjust-bottom-margin    \" data-keypress-control=\"keypress-control-enable\" data-overlay-control=\"overlay-control-enable\"><span data-class-id=\"content-69f2d4c7118ac2-84626773\"><\/span>\n\t\t\t\t<script type=\"text\/javascript\">\n\t\t\t\t(function($){\n\t\t\t\t\t$(document).ready(function(){\n\t\t\t\t\t\tvar selector = \".watch\";\n\t\t\t\t\t\t$(selector).addClass(\"custom-ult-modal overlay-show\");\n\t\t\t\t\t\t$(selector).attr(\"data-class-id\", \"content-69f2d4c7118ac2-84626773\");\n\t\t\t\t\t\t$(selector).attr(\"data-overlay-class\", \"overlay-fade\");\n\t\t\t\t\t\t$(selector).attr(\"data-keypress-control\", \"keypress-control-enable\");\n\t\t\t\t\t\t$(selector).attr(\"data-overlay-control\", \"overlay-control-enable\");\n\t\t\t\t\t});\n\t\t\t\t})(jQuery);\n\t\t\t\t<\/script><\/div>\n<div class=\"ult-overlay content-69f2d4c7118ac2-84626773 \" data-class=\"content-69f2d4c7118ac2-84626773\" id=\"button-click-overlay\" style=\"background:rgba(51,51,51,0.8); display:none;\">\n\t<div class=\"ult_modal ult-fade ult-medium\">\n\t\t<div id=\"ult-modal-wrap-2255\" class=\"ult_modal-content ult-hide\" style=\"border-style:solid;border-width:2px;border-radius:0px;border-color:#333333;\">\n\t\t\t<div  data-ultimate-target='#ult-modal-wrap-2255 .ult_modal-body'  data-responsive-json-new='{\"font-size\":\"\",\"line-height\":\"\"}'  class=\"ult_modal-body ult-responsive ult-youtube\" style=\"\">\n\t\t\t<iframe loading=\"lazy\" title=\"YouTube video player\" src=\"https:\/\/www.youtube.com\/embed\/37YyKr_dTJY\" width=\"100%\" height=\"450\" frameborder=\"0\" allowfullscreen=\"allowfullscreen\"><span data-mce-type=\"bookmark\" style=\"display: inline-block; width: 0px; overflow: hidden; line-height: 0;\" class=\"mce_SELRES_start\">\ufeff<\/span><\/iframe>\n\t\t\t<\/div>\n\t<\/div>\n\t<\/div>\n\t<div class=\"ult-overlay-close top-right\" style=\"width:80px;height:80px; \"><div class=\"ult-overlay-close-inside\">Close<\/div><\/div>\n<\/div>[\/vc_column][\/vc_row]<\/p>\n","protected":false},"excerpt":{"rendered":"","protected":false},"author":30,"featured_media":17988,"parent":65181,"menu_order":0,"comment_status":"closed","ping_status":"closed","template":"","meta":{"content-type":"","footnotes":""},"class_list":["post-65386","page","type-page","status-publish","has-post-thumbnail","hentry"],"acf":[],"_links":{"self":[{"href":"https:\/\/www.wavetec.com\/fr\/wp-json\/wp\/v2\/pages\/65386","targetHints":{"allow":["GET"]}}],"collection":[{"href":"https:\/\/www.wavetec.com\/fr\/wp-json\/wp\/v2\/pages"}],"about":[{"href":"https:\/\/www.wavetec.com\/fr\/wp-json\/wp\/v2\/types\/page"}],"author":[{"embeddable":true,"href":"https:\/\/www.wavetec.com\/fr\/wp-json\/wp\/v2\/users\/30"}],"replies":[{"embeddable":true,"href":"https:\/\/www.wavetec.com\/fr\/wp-json\/wp\/v2\/comments?post=65386"}],"version-history":[{"count":8,"href":"https:\/\/www.wavetec.com\/fr\/wp-json\/wp\/v2\/pages\/65386\/revisions"}],"predecessor-version":[{"id":65445,"href":"https:\/\/www.wavetec.com\/fr\/wp-json\/wp\/v2\/pages\/65386\/revisions\/65445"}],"up":[{"embeddable":true,"href":"https:\/\/www.wavetec.com\/fr\/wp-json\/wp\/v2\/pages\/65181"}],"wp:featuredmedia":[{"embeddable":true,"href":"https:\/\/www.wavetec.com\/fr\/wp-json\/wp\/v2\/media\/17988"}],"wp:attachment":[{"href":"https:\/\/www.wavetec.com\/fr\/wp-json\/wp\/v2\/media?parent=65386"}],"curies":[{"name":"wp","href":"https:\/\/api.w.org\/{rel}","templated":true}]}}