{"id":4853,"date":"2015-01-06T12:12:19","date_gmt":"2015-01-06T12:12:19","guid":{"rendered":"https:\/\/test.wavetec.com\/fr\/solutions\/customer-experience-solutions\/"},"modified":"2023-08-16T06:26:38","modified_gmt":"2023-08-16T06:26:38","slug":"de-solutions-en-experience-client","status":"publish","type":"page","link":"https:\/\/www.wavetec.com\/fr\/solutions\/de-solutions-en-experience-client\/","title":{"rendered":"De solutions en exp\u00e9rience client"},"content":{"rendered":"<p>[vc_row][vc_column][vc_empty_space height=&#8221;30px&#8221;]<div class=\"fancy_heading fancy_heading_line\"><h2 class=\"title\">Trouver des solutions adapt\u00e9es \u00e0 votre industrie<\/h2><\/div>\n[vc_empty_space height=&#8221;5px&#8221;][\/vc_column][\/vc_row][vc_row][vc_column width=&#8221;1\/4&#8243;]<div class=\"ult-new-ib ult-ib-effect-style5  ult-ib-resp  \" data-min-width=\"768\" data-max-width=\"900\" style=\"background:#2daf73;\" data-opacity=\"1\" data-hover-opacity=\"0\" ><img decoding=\"async\" class=\"ult-new-ib-img\" style=\"opacity:1;\" alt=\"box\" src=\"https:\/\/www.wavetec.com\/wp-content\/uploads\/2015\/03\/box.jpg\" title=\"\"><div id=\"interactive-banner-wrap-1600\" class=\"ult-new-ib-desc\" style=\"background:rgba(0,0,0,0.7);\"><h2 class=\"ult-new-ib-title ult-responsive\"  data-ultimate-target='#interactive-banner-wrap-1600 .ult-new-ib-title'  data-responsive-json-new='{\"font-size\":\"\",\"line-height\":\"\"}'  style=\"font-weight:normal;color:#ffffff;\">A\u00e9roports et compagnies a\u00e9riennes<\/h2><div class=\"ult-new-ib-content ult-responsive\"  data-ultimate-target='#interactive-banner-wrap-1600 .ult-new-ib-content'  data-responsive-json-new='{\"font-size\":\"\",\"line-height\":\"\"}'  style=\"font-weight:normal;\"><p>Nous concevons et cr\u00e9ons des services plus efficaces pour les voyageurs<\/p><\/div><\/div><a class=\"ult-new-ib-link\" href=\"\/fr\/industries\/aeroports-et-compagnies-aeriennes\/\"  ><\/a><\/div><script type=\"text\/javascript\">\n\t\t\t(function($){\n\t\t\t\t$(document).ready(function(){\n\t\t\t\t\t$(\".ult-new-ib\").css(\"opacity\",\"1\");\n\t\t\t\t});\n\t\t\t})(jQuery);\n\t\t\t<\/script><div class=\"ult-new-ib ult-ib-effect-style5  ult-ib-resp  \" data-min-width=\"768\" data-max-width=\"900\" style=\"background:#21adbe;\" data-opacity=\"1\" data-hover-opacity=\"0\" ><img decoding=\"async\" class=\"ult-new-ib-img\" style=\"opacity:1;\" alt=\"healthcare\" src=\"https:\/\/www.wavetec.com\/wp-content\/uploads\/2015\/03\/healthcare.jpg\" title=\"\"><div id=\"interactive-banner-wrap-9765\" class=\"ult-new-ib-desc\" style=\"background:rgba(0,0,0,0.7);\"><h2 class=\"ult-new-ib-title ult-responsive\"  data-ultimate-target='#interactive-banner-wrap-9765 .ult-new-ib-title'  data-responsive-json-new='{\"font-size\":\"\",\"line-height\":\"\"}'  style=\"font-weight:normal;color:#ffffff;\">Sant\u00e9<\/h2><div class=\"ult-new-ib-content ult-responsive\"  data-ultimate-target='#interactive-banner-wrap-9765 .ult-new-ib-content'  data-responsive-json-new='{\"font-size\":\"\",\"line-height\":\"\"}'  style=\"font-weight:normal;\"><p>Nous vous aidons \u00e0 fournir de meilleurs soins \u00e0 vos patients <\/p><\/div><\/div><a class=\"ult-new-ib-link\" href=\"\/fr\/industries\/sante\/\" title=\"Sant\u00e9\"  ><\/a><\/div><script type=\"text\/javascript\">\n\t\t\t(function($){\n\t\t\t\t$(document).ready(function(){\n\t\t\t\t\t$(\".ult-new-ib\").css(\"opacity\",\"1\");\n\t\t\t\t});\n\t\t\t})(jQuery);\n\t\t\t<\/script>[\/vc_column][vc_column width=&#8221;1\/4&#8243;]<div class=\"ult-new-ib ult-ib-effect-style5  ult-ib-resp  \" data-min-width=\"768\" data-max-width=\"900\" style=\"background:#1c6bb8;\" data-opacity=\"1\" data-hover-opacity=\"0\" ><img decoding=\"async\" class=\"ult-new-ib-img\" style=\"opacity:1;\" alt=\"banking\" src=\"https:\/\/www.wavetec.com\/wp-content\/uploads\/2015\/03\/banking.jpg\" title=\"\"><div id=\"interactive-banner-wrap-1443\" class=\"ult-new-ib-desc\" style=\"background:rgba(0,0,0,0.7);\"><h2 class=\"ult-new-ib-title ult-responsive\"  data-ultimate-target='#interactive-banner-wrap-1443 .ult-new-ib-title'  data-responsive-json-new='{\"font-size\":\"\",\"line-height\":\"\"}'  style=\"font-weight:normal;color:#ffffff;\">Banque<\/h2><div class=\"ult-new-ib-content ult-responsive\"  data-ultimate-target='#interactive-banner-wrap-1443 .ult-new-ib-content'  data-responsive-json-new='{\"font-size\":\"\",\"line-height\":\"\"}'  style=\"font-weight:normal;\"><p>Nos solutions transforment les op\u00e9rations bancaires<\/p><\/div><\/div><a class=\"ult-new-ib-link\" href=\"\/fr\/industries\/banque\/\" title=\"Banking\"  ><\/a><\/div><script type=\"text\/javascript\">\n\t\t\t(function($){\n\t\t\t\t$(document).ready(function(){\n\t\t\t\t\t$(\".ult-new-ib\").css(\"opacity\",\"1\");\n\t\t\t\t});\n\t\t\t})(jQuery);\n\t\t\t<\/script><div class=\"ult-new-ib ult-ib-effect-style5  ult-ib-resp  \" data-min-width=\"768\" data-max-width=\"900\" style=\"background:#e64147;\" data-opacity=\"1\" data-hover-opacity=\"0\" ><img decoding=\"async\" class=\"ult-new-ib-img\" style=\"opacity:1;\" alt=\"Telcom\" src=\"https:\/\/www.wavetec.com\/wp-content\/uploads\/2015\/03\/Telcom.jpg\" title=\"\"><div id=\"interactive-banner-wrap-6644\" class=\"ult-new-ib-desc\" style=\"background:rgba(0,0,0,0.7);\"><h2 class=\"ult-new-ib-title ult-responsive\"  data-ultimate-target='#interactive-banner-wrap-6644 .ult-new-ib-title'  data-responsive-json-new='{\"font-size\":\"\",\"line-height\":\"\"}'  style=\"font-weight:normal;color:#ffffff;\">T\u00e9l\u00e9communications<\/h2><div class=\"ult-new-ib-content ult-responsive\"  data-ultimate-target='#interactive-banner-wrap-6644 .ult-new-ib-content'  data-responsive-json-new='{\"font-size\":\"\",\"line-height\":\"\"}'  style=\"font-weight:normal;\"><p>Pour vous aider a optimiser vos espaces client\u00e8les<\/p><\/div><\/div><a class=\"ult-new-ib-link\" href=\"\/fr\/industries\/telecommunications\/\" title=\"Telecom\"  ><\/a><\/div><script type=\"text\/javascript\">\n\t\t\t(function($){\n\t\t\t\t$(document).ready(function(){\n\t\t\t\t\t$(\".ult-new-ib\").css(\"opacity\",\"1\");\n\t\t\t\t});\n\t\t\t})(jQuery);\n\t\t\t<\/script>[\/vc_column][vc_column width=&#8221;1\/4&#8243;]<div class=\"ult-new-ib ult-ib-effect-style5  ult-ib-resp  \" data-min-width=\"768\" data-max-width=\"900\" style=\"background:#a7a8aa;\" data-opacity=\"1\" data-hover-opacity=\"0\" ><img decoding=\"async\" class=\"ult-new-ib-img\" style=\"opacity:1;\" alt=\"education\" src=\"https:\/\/www.wavetec.com\/wp-content\/uploads\/2015\/03\/education.jpg\" title=\"\"><div id=\"interactive-banner-wrap-8060\" class=\"ult-new-ib-desc\" style=\"background:rgba(0,0,0,0.7);\"><h2 class=\"ult-new-ib-title ult-responsive\"  data-ultimate-target='#interactive-banner-wrap-8060 .ult-new-ib-title'  data-responsive-json-new='{\"font-size\":\"\",\"line-height\":\"\"}'  style=\"font-weight:normal;color:#ffffff;\">Education<\/h2><div class=\"ult-new-ib-content ult-responsive\"  data-ultimate-target='#interactive-banner-wrap-8060 .ult-new-ib-content'  data-responsive-json-new='{\"font-size\":\"\",\"line-height\":\"\"}'  style=\"font-weight:normal;\"><p>Des solutions technologiques intelligentes pour le secteur de l'\u00e9ducation<\/p><\/div><\/div><a class=\"ult-new-ib-link\" href=\"\/fr\/industries\/education\/\" title=\"\u00c9ducation\"  ><\/a><\/div><script type=\"text\/javascript\">\n\t\t\t(function($){\n\t\t\t\t$(document).ready(function(){\n\t\t\t\t\t$(\".ult-new-ib\").css(\"opacity\",\"1\");\n\t\t\t\t});\n\t\t\t})(jQuery);\n\t\t\t<\/script><div class=\"ult-new-ib ult-ib-effect-style5  ult-ib-resp  \" data-min-width=\"768\" data-max-width=\"900\" style=\"background:#afbe27;\" data-opacity=\"1\" data-hover-opacity=\"0\" ><img decoding=\"async\" class=\"ult-new-ib-img\" style=\"opacity:1;\" alt=\"Stock Exchange\" src=\"https:\/\/www.wavetec.com\/wp-content\/uploads\/2015\/03\/Stock-Exchange.jpg\" title=\"\"><div id=\"interactive-banner-wrap-1357\" class=\"ult-new-ib-desc\" style=\"background:rgba(0,0,0,0.7);\"><h2 class=\"ult-new-ib-title ult-responsive\"  data-ultimate-target='#interactive-banner-wrap-1357 .ult-new-ib-title'  data-responsive-json-new='{\"font-size\":\"\",\"line-height\":\"\"}'  style=\"font-weight:normal;color:#ffffff;\">March\u00e9s boursiers<\/h2><div class=\"ult-new-ib-content ult-responsive\"  data-ultimate-target='#interactive-banner-wrap-1357 .ult-new-ib-content'  data-responsive-json-new='{\"font-size\":\"\",\"line-height\":\"\"}'  style=\"font-weight:normal;\"><p>Des solutions de diffusion de l'information con\u00e7ues sur mesure<\/p><\/div><\/div><a class=\"ult-new-ib-link\" href=\"\/fr\/industries\/marches-boursiers\/\" title=\"Stock Exchange\"  ><\/a><\/div><script type=\"text\/javascript\">\n\t\t\t(function($){\n\t\t\t\t$(document).ready(function(){\n\t\t\t\t\t$(\".ult-new-ib\").css(\"opacity\",\"1\");\n\t\t\t\t});\n\t\t\t})(jQuery);\n\t\t\t<\/script>[\/vc_column][vc_column width=&#8221;1\/4&#8243;]<div class=\"ult-new-ib ult-ib-effect-style5  ult-ib-resp  \" data-min-width=\"768\" data-max-width=\"900\" style=\"background:#26a5dc;\" data-opacity=\"1\" data-hover-opacity=\"0\" ><img decoding=\"async\" class=\"ult-new-ib-img\" style=\"opacity:1;\" alt=\"government\" src=\"https:\/\/www.wavetec.com\/wp-content\/uploads\/2015\/03\/government.jpg\" title=\"\"><div id=\"interactive-banner-wrap-9417\" class=\"ult-new-ib-desc\" style=\"background:rgba(0,0,0,0.7);\"><h2 class=\"ult-new-ib-title ult-responsive\"  data-ultimate-target='#interactive-banner-wrap-9417 .ult-new-ib-title'  data-responsive-json-new='{\"font-size\":\"\",\"line-height\":\"\"}'  style=\"font-weight:normal;color:#ffffff;\">Services Publics<\/h2><div class=\"ult-new-ib-content ult-responsive\"  data-ultimate-target='#interactive-banner-wrap-9417 .ult-new-ib-content'  data-responsive-json-new='{\"font-size\":\"\",\"line-height\":\"\"}'  style=\"font-weight:normal;\"><p>Transformer les espaces d'accueil des services publics pour une meilleur gestion des administr\u00e9s<\/p><\/div><\/div><a class=\"ult-new-ib-link\" href=\"\/fr\/industries\/services-publics\/\" title=\"Services publics\"  ><\/a><\/div><script type=\"text\/javascript\">\n\t\t\t(function($){\n\t\t\t\t$(document).ready(function(){\n\t\t\t\t\t$(\".ult-new-ib\").css(\"opacity\",\"1\");\n\t\t\t\t});\n\t\t\t})(jQuery);\n\t\t\t<\/script><div class=\"ult-new-ib ult-ib-effect-style5  ult-ib-resp  \" data-min-width=\"768\" data-max-width=\"900\" style=\"background:#d47616;\" data-opacity=\"1\" data-hover-opacity=\"0\" ><img decoding=\"async\" class=\"ult-new-ib-img\" style=\"opacity:1;\" alt=\"Retail\" src=\"https:\/\/www.wavetec.com\/wp-content\/uploads\/2015\/03\/Retail.jpg\" title=\"\"><div id=\"interactive-banner-wrap-8159\" class=\"ult-new-ib-desc\" style=\"background:rgba(0,0,0,0.7);\"><h2 class=\"ult-new-ib-title ult-responsive\"  data-ultimate-target='#interactive-banner-wrap-8159 .ult-new-ib-title'  data-responsive-json-new='{\"font-size\":\"\",\"line-height\":\"\"}'  style=\"font-weight:normal;color:#ffffff;\">Commerce<\/h2><div class=\"ult-new-ib-content ult-responsive\"  data-ultimate-target='#interactive-banner-wrap-8159 .ult-new-ib-content'  data-responsive-json-new='{\"font-size\":\"\",\"line-height\":\"\"}'  style=\"font-weight:normal;\"><p>Nous vous aidons a rester en contac avec vos clients a chaque \u00e9tape<\/p><\/div><\/div><a class=\"ult-new-ib-link\" href=\"\/fr\/industries\/commerce\/\" title=\"Commerce\"  ><\/a><\/div><script type=\"text\/javascript\">\n\t\t\t(function($){\n\t\t\t\t$(document).ready(function(){\n\t\t\t\t\t$(\".ult-new-ib\").css(\"opacity\",\"1\");\n\t\t\t\t});\n\t\t\t})(jQuery);\n\t\t\t<\/script>[\/vc_column][\/vc_row][vc_row][vc_column]<div class=\"fancy_heading fancy_heading_line\"><h2 class=\"title\">Projets-vedettes<\/h2><\/div>\n[vc_empty_space height=&#8221;30px&#8221;][\/vc_column][vc_column width=&#8221;1\/3&#8243;][vc_column_text]<hr class=\"no_line\" style=\"margin:0 auto 10px\"\/>\n<\/p>\n<p>&#8220;Nos clients sont nos atouts, et nous les appr\u00e9cions vraiment . Nous travaillons dur pour aider les entreprises \u00e0 am\u00e9liorer le voyage de leurs clients , et de leur fournir la technologie pour les flux de services efficace.<br \/>\nNotre approche personnalis\u00e9e et un assortiment sophistiqu\u00e9e de services tels que les services de file d&#8217;attente de gestion , la signalisation num\u00e9rique , solutions de r\u00e9troaction des clients , et la conception de la zone de service de nous \u00e9quiper pour offrir des solutions efficaces et compl\u00e8tes pour un meilleur service \u00e0 nos clients .. &#8220;[\/vc_column_text][\/vc_column][vc_column width=&#8221;2\/3&#8221;]<div id=\"ult-carousel-131418484069f3bd7c58b74\" class=\"ult-carousel-wrapper   ult_horizontal\" data-gutter=\"15\" data-rtl=\"false\" ><div class=\"ult-carousel-398237896969f3bd7c58995 \" >[vc_single_image image=&#8221;2193&#8243; img_size=&#8221;762\u00d7314&#8243; alignment=&#8221;center&#8221;][vc_single_image image=&#8221;2194&#8243; img_size=&#8221;762\u00d7314&#8243; alignment=&#8221;center&#8221;][vc_single_image image=&#8221;2195&#8243; img_size=&#8221;762\u00d7314&#8243; alignment=&#8221;center&#8221;]<\/div><\/div>\t\t\t<script type=\"text\/javascript\">\n\t\t\t\tjQuery(document).ready(function ($) {\n\t\t\t\t\tif( typeof jQuery('.ult-carousel-398237896969f3bd7c58995').slick == \"function\"){\n\t\t\t\t\t\t$('.ult-carousel-398237896969f3bd7c58995').slick({dots: false,autoplay: true,autoplaySpeed: 5000,speed: 300,infinite: true,arrows: true,nextArrow: '<button type=\"button\" role=\"button\" aria-label=\"Next\" style=\"color:#333333; font-size:20px;\" class=\"slick-next default\"><i class=\"ultsl-arrow-right4\"><\/i><\/button>',prevArrow: '<button type=\"button\" role=\"button\" aria-label=\"Previous\" style=\"color:#333333; font-size:20px;\" class=\"slick-prev default\"><i class=\"ultsl-arrow-left4\"><\/i><\/button>',slidesToScroll:1,slidesToShow:1,swipe: true,draggable: true,touchMove: true,pauseOnHover: true,pauseOnFocus: false,responsive: [\n\t\t\t\t\t\t\t{\n\t\t\t\t\t\t\t  breakpoint: 1026,\n\t\t\t\t\t\t\t  settings: {\n\t\t\t\t\t\t\t\tslidesToShow: 1,\n\t\t\t\t\t\t\t\tslidesToScroll: 1,  \n\t\t\t\t\t\t\t  }\n\t\t\t\t\t\t\t},\n\t\t\t\t\t\t\t{\n\t\t\t\t\t\t\t  breakpoint: 1025,\n\t\t\t\t\t\t\t  settings: {\n\t\t\t\t\t\t\t\tslidesToShow: 1,\n\t\t\t\t\t\t\t\tslidesToScroll: 1\n\t\t\t\t\t\t\t  }\n\t\t\t\t\t\t\t},\n\t\t\t\t\t\t\t{\n\t\t\t\t\t\t\t  breakpoint: 760,\n\t\t\t\t\t\t\t  settings: {\n\t\t\t\t\t\t\t\tslidesToShow: 1,\n\t\t\t\t\t\t\t\tslidesToScroll: 1\n\t\t\t\t\t\t\t  }\n\t\t\t\t\t\t\t}\n\t\t\t\t\t\t],pauseOnDotsHover: true,customPaging: function(slider, i) {\n                   return '<i type=\"button\" style= \"color:#333333;\" class=\"ultsl-record\" data-role=\"none\"><\/i>';\n                },});\n\t\t\t\t\t}\n\t\t\t\t});\n\t\t\t<\/script>\n\t\t\t[\/vc_column][\/vc_row][vc_row][vc_column][vc_row_inner][vc_column_inner]<div class=\"fancy_heading fancy_heading_line\"><span class=\"slogan\">RELATED<\/span><h2 class=\"title\">Case Studies<\/h2><\/div>\n[\/vc_column_inner][\/vc_row_inner][pw_vc_carousel pw_post_layout=&#8221;horizontal_carousel&#8221; pw_skin_type=&#8221;pl-gridskin-two&#8221; pw_grid_skin_effect=&#8221;pl-gst-effect-3&#8243; pw_excerpt_length=&#8221;300&#8243; pw_carousel_pre_view=&#8221;3&#8243; pw_carousel_min_slides=&#8221;3&#8243; pw_carousel_slide_width=&#8221;1206&#8243; pw_title_font_family=&#8221;inherit&#8221; pw_title_font_size=&#8221;20&#8243; pw_excerpt_font_family=&#8221;inherit&#8221; pw_excerpt_font_size=&#8221;14&#8243; pw_speed=&#8221;4000&#8243; pw_slider_hide_pagination_control=&#8221;yes&#8221; pw_query=&#8221;size:All|order_by:date|order:DESC|post_type:portfolio|tax_query:101,102,103,104,105,109,106,110,107&#8243; pw_image_thumb_size=&#8221;350&#215;200&#8243;][\/vc_column][\/vc_row]<\/p>\n","protected":false},"excerpt":{"rendered":"<p>[vc_row][vc_column][vc_empty_space height=&#8221;30px&#8221;][vc_empty_space height=&#8221;5px&#8221;][\/vc_column][\/vc_row][vc_row][vc_column width=&#8221;1\/4&#8243;][\/vc_column][vc_column width=&#8221;1\/4&#8243;][\/vc_column][vc_column width=&#8221;1\/4&#8243;][\/vc_column][vc_column width=&#8221;1\/4&#8243;][\/vc_column][\/vc_row][vc_row][vc_column][vc_empty_space height=&#8221;30px&#8221;][\/vc_column][vc_column width=&#8221;1\/3&#8243;][vc_column_text] &#8220;Nos clients sont nos atouts, et nous les appr\u00e9cions vraiment .<span class=\"excerpt-hellip\"> [\u2026]<\/span><\/p>\n","protected":false},"author":1,"featured_media":3555,"parent":4370,"menu_order":0,"comment_status":"closed","ping_status":"open","template":"","meta":{"content-type":"","footnotes":""},"class_list":["post-4853","page","type-page","status-publish","has-post-thumbnail","hentry"],"acf":[],"_links":{"self":[{"href":"https:\/\/www.wavetec.com\/fr\/wp-json\/wp\/v2\/pages\/4853","targetHints":{"allow":["GET"]}}],"collection":[{"href":"https:\/\/www.wavetec.com\/fr\/wp-json\/wp\/v2\/pages"}],"about":[{"href":"https:\/\/www.wavetec.com\/fr\/wp-json\/wp\/v2\/types\/page"}],"author":[{"embeddable":true,"href":"https:\/\/www.wavetec.com\/fr\/wp-json\/wp\/v2\/users\/1"}],"replies":[{"embeddable":true,"href":"https:\/\/www.wavetec.com\/fr\/wp-json\/wp\/v2\/comments?post=4853"}],"version-history":[{"count":1,"href":"https:\/\/www.wavetec.com\/fr\/wp-json\/wp\/v2\/pages\/4853\/revisions"}],"predecessor-version":[{"id":60360,"href":"https:\/\/www.wavetec.com\/fr\/wp-json\/wp\/v2\/pages\/4853\/revisions\/60360"}],"up":[{"embeddable":true,"href":"https:\/\/www.wavetec.com\/fr\/wp-json\/wp\/v2\/pages\/4370"}],"wp:featuredmedia":[{"embeddable":true,"href":"https:\/\/www.wavetec.com\/fr\/wp-json\/wp\/v2\/media\/3555"}],"wp:attachment":[{"href":"https:\/\/www.wavetec.com\/fr\/wp-json\/wp\/v2\/media?parent=4853"}],"curies":[{"name":"wp","href":"https:\/\/api.w.org\/{rel}","templated":true}]}}