{"id":4404,"date":"2015-03-17T13:18:24","date_gmt":"2015-03-17T13:18:24","guid":{"rendered":"https:\/\/test.wavetec.com\/fr\/solutions\/led-displays\/"},"modified":"2016-09-04T17:40:07","modified_gmt":"2016-09-04T17:40:07","slug":"solutions-daffichage-led","status":"publish","type":"page","link":"https:\/\/www.wavetec.com\/fr\/solutions\/solutions-daffichage-led\/","title":{"rendered":"Solutions d&#8217;affichage LED"},"content":{"rendered":"<p>[vc_row][vc_column width=&#8221;2\/3&#8243;][vc_column_text]<\/p>\n<h2>Conception d&#8217;affichage multi-media avec un contraste \u00e9lev\u00e9 et spectaculaire pour un floril\u00e8ge d&#8217;exp\u00e9riences<\/h2>\n<p>Ajoutez une plus value esth\u00e9tique \u00e0 vos environnements int\u00e9rieurs avec nos solutions de visuels LED et imprimer votre marque. Wavetec apporte le b\u00e9n\u00e9fice des visuels LED personnalisables pour des applications uniques, y compris pour des salles de conf\u00e9rence, des salles de contr\u00f4le et des salles de march\u00e9s &#8230;etc. Nos modules souples, l\u00e9gers et \u00e9conome en \u00e9nergie peuvent s&#8217;additioner pour cr\u00e9er la solution LED que vous d\u00e9sirez; vous pouvez obtenir un mur vid\u00e9o courbe ou droit et des bandeaux d&#8217;affichage simples ou doubles selon vos dimensions et vous serez \u00e9tonn\u00e9 par ce que construirons pour vous.<\/p>\n<p>La haute r\u00e9solution et la taille r\u00e9duite des pixels permettent \u00e0 nos solutions LED d&#8217;int\u00e9rieur de produire des merveilles visuelles dans n&#8217;importe quel endroit. Nos murs LED et nos bandeaux ne sont pas seulement \u00e9volutifs, mais peuvent \u00e9galement \u00eatre int\u00e9gr\u00e9s \u00e0 diff\u00e9rentes sources de donn\u00e9es en temps r\u00e9el, des flux publics, ou du contenu num\u00e9rique, pour afficher du contenu en ligne et hors ligne \u00e0 l&#8217;aide de pr\u00e9sentations, diff\u00e9rentes \u00e0 l&#8217;\u00e9cran selon le contenu, qu&#8217;il s&#8217;agisse des gros titres d&#8217;informations, de messages promotionnels ou des donn\u00e9es financi\u00e8res. Notre portefeuille reconnu de solutions LED avec des produits de pointe et des fonctions de personnalisation evolu\u00e9es r\u00e9pond aux besoins d&#8217;affichage haut de gamme, et cr\u00e9e une ambiance int\u00e9rieure de multi-media dynamique.[\/vc_column_text][\/vc_column][vc_column width=&#8221;1\/3&#8243;][vc_single_image image=&#8221;2127&#8243; img_size=&#8221;full&#8221;][\/vc_column][\/vc_row][vc_row bg_type=&#8221;bg_color&#8221; bg_override=&#8221;full&#8221; css=&#8221;.vc_custom_1427288512980{padding-top: 30px !important;padding-bottom: 10px !important;}&#8221; row_container=&#8221;&#8221; bg_color_value=&#8221;#eeeeee&#8221;][vc_column width=&#8221;1\/3&#8243;][vc_column_text]<\/p>\n<h3 style=\"text-align: right;\"><strong>Une large gamme d&#8217;affichage<\/strong><\/h3>\n<p style=\"text-align: right;\">Nous fabriquons sur-mesure des murs videos et des bandeaux d&#8217;informations de diff\u00e9rentes dimensions aux designs uniques et \u00e9l\u00e9gamment con\u00e7us pour fournir les meilleures solutions d&#8217;affichage pour notre client\u00e8le mondiale. Nos affichages LED int\u00e9rieurs et ext\u00e9rieurs, \u00e0 la pointe du progr\u00e9s, sont parfaitement fiables, faciles \u00e0 installer, et rendent toujours \u00e0 la perfection \u00e0 l&#8217;int\u00e9rieur comme a l&#8217;ext\u00e9rieur et dans des configurations exigeantes, quel que soit le moment.<\/p>\n<p style=\"text-align: right;\">Les solutions d&#8217;affichage de Wavetec s&#8217;\u00e9tendent \u00e0 travers un vaste r\u00e9seau de diffusion ; nous servons des entreprises de classe mondiale dans 70 pays et nos modules exceptionnels pars\u00e8ment les salles de march\u00e9s de 23 principales places financi\u00e8res mondiales.<\/p>\n<p>[\/vc_column_text][\/vc_column][vc_column width=&#8221;1\/3&#8243;][vc_single_image image=&#8221;2174&#8243; img_size=&#8221;371\u00d7376&#8243; alignment=&#8221;center&#8221;][\/vc_column][vc_column width=&#8221;1\/3&#8243;][vc_column_text]<\/p>\n<h3 style=\"text-align: left;\">Applications industrielles<\/h3>\n<p style=\"text-align: left;\">Nos murs videos LED multi-couleurs et RVB, et nos bandeaux d&#8217;affichage peuvent fonctionner ind\u00e9pendamment sur un large \u00e9ventail d&#8217;ecrans personnalises permettant \u00e0 l&#8217;information d&#8217;\u00eatre mise \u00e0 jour \u00e0 distance et fournie par un flux en temps r\u00e9el.<\/p>\n<p style=\"text-align: left;\">Les affichages LEDS de Wavetec, personnalisables et conviaux sont le choix parfait pour diff\u00e9rentes industries: nous permettons aux entreprises de diffuser du multi-media n&#8217;importe o\u00f9, sous la forme d&#8217;affichage num\u00e9rique dans les points de vente au d\u00e9tail, de panneaux d&#8217;affichage dans les grands stades, d&#8217;informations financi\u00e8re en bourse, de panneaux publicitaires \u00e0 l&#8217;ext\u00e9rieur , ou encore de syst\u00e8mes d&#8217;affichage d&#8217;information de vol dans les a\u00e9roports.<\/p>\n<p>[\/vc_column_text][\/vc_column][\/vc_row][vc_row][vc_column width=&#8221;1\/2&#8243;][vc_column_text]<div class=\"image_frame image_item no_link scale-with-grid no_border\" ><div class=\"image_wrapper\"><img decoding=\"async\" class=\"scale-with-grid\" src=\"https:\/\/www.wavetec.com\/wp-content\/uploads\/2015\/03\/codoba.jpg\" alt=\"codoba\" title=\"\"><\/div><\/div>\n<p><span data-sheets-value=\"[null,2,&quot;Notre portefeuille de LED, \\u00e0 la pointe de la technologie, facilite une int\\u00e9gration transparente du syst\\u00e8me de gestion de contenu avec la base de donn\\u00e9es du client et nos experts, responsables de projets, s'assurent qu'ils con\\u00e7oivent des solutions visuelles high-tech, personnalis\\u00e9es et economiques pour r\\u00e9pondre parfaitement \\u00e0 vos besoins. Que vous souhaitiez un mur video droit ou courbe , nous poss\\u00e9dons l'expertise pour le r\\u00e9aliser. Notre gamme de bandeaux LED a des caract\\u00e9ristiques optimales pour une vision de pr\\u00e8s ou \\u00e0 longue distance, et dispose de diff\\u00e9rents formats d'affichage avec une grande vari\\u00e9t\\u00e9 d'options de couleur, et differents types de connectivit\\u00e9 possibles.&quot;]\" data-sheets-userformat=\"[null,null,8961,[null,0],null,null,null,null,null,null,null,4,0,null,null,null,11]\">Notre portefeuille de LED, \u00e0 la pointe de la technologie, facilite une int\u00e9gration transparente du syst\u00e8me de gestion de contenu avec la base de donn\u00e9es du client et nos experts, responsables de projets, s&#8217;assurent qu&#8217;ils con\u00e7oivent des solutions visuelles high-tech, personnalis\u00e9es et economiques pour r\u00e9pondre parfaitement \u00e0 vos besoins. Que vous souhaitiez un mur video droit ou courbe , nous poss\u00e9dons l&#8217;expertise pour le r\u00e9aliser. Notre gamme de bandeaux LED a des caract\u00e9ristiques optimales pour une vision de pr\u00e8s ou \u00e0 longue distance, et dispose de diff\u00e9rents formats d&#8217;affichage avec une grande vari\u00e9t\u00e9 d&#8217;options de couleur, et differents types de connectivit\u00e9 possibles.<\/span><br \/>\n<span data-sheets-value=\"[null,2,&quot;Avec la haute r\\u00e9solution, une excellente capacit\\u00e9 de reproduction d'images \\u00e0 contraste \\u00e9lev\\u00e9 et des solutions \\u00e9conomes en energie et adaptables, nous sommes \\u00e9quip\\u00e9s d'une technologie de pointe pour suivre le rythme d'un environnement commercial en mutation rapide.&quot;]\" data-sheets-userformat=\"[null,null,8961,[null,0],null,null,null,null,null,null,null,4,0,null,null,null,11]\">Avec la haute r\u00e9solution, une excellente capacit\u00e9 de reproduction d&#8217;images \u00e0 contraste \u00e9lev\u00e9 et des solutions \u00e9conomes en energie et adaptables, nous sommes \u00e9quip\u00e9s d&#8217;une technologie de pointe pour suivre le rythme d&#8217;un environnement commercial en mutation rapide.<\/span>[\/vc_column_text][\/vc_column][vc_column width=&#8221;1\/2&#8243;][vc_single_image image=&#8221;2177&#8243; img_size=&#8221;full&#8221;][\/vc_column][\/vc_row][vc_row][vc_column]<div class=\"fancy_heading fancy_heading_line\"><h2 class=\"title\">Applications de l'affichage LED<\/h2><\/div>\n[vc_empty_space height=&#8221;20px&#8221;][\/vc_column][vc_column width=&#8221;1\/2&#8243;]<div class=\"trailer_box \"><a href=\"https:\/\/www.wavetec.com\/fr\/solutions\/solutions-daffichage-led\/laffichage-led-dinterieur\/\" ><img decoding=\"async\" class=\"scale-with-grid\" src=\"https:\/\/www.wavetec.com\/wp-content\/uploads\/2015\/03\/Wavetec-indoor-LED-displays.jpg\" alt=\"Solutions d&#8217;affichage LED\" width=\"\" height=\"\" title=\"\"><div class=\"desc\"><h2>L'affichage LED d'int\u00e9rieur<\/h2><div class=\"line\"><\/div><\/div><\/a><\/div>\n[\/vc_column][vc_column width=&#8221;1\/2&#8243;]<div class=\"trailer_box \"><a href=\"https:\/\/www.wavetec.com\/fr\/solutions\/solutions-daffichage-led\/laffichage-led-dexterieur\/\" ><img decoding=\"async\" class=\"scale-with-grid\" src=\"https:\/\/www.wavetec.com\/wp-content\/uploads\/2015\/03\/Wavetec-Outdoor-LED-Displays.jpg\" alt=\"Solutions d&#8217;affichage LED\" width=\"\" height=\"\" title=\"\"><div class=\"desc\"><h2>L'affichage LED d'ext\u00e9rieur<\/h2><div class=\"line\"><\/div><\/div><\/a><\/div>\n[\/vc_column][\/vc_row]<\/p>\n","protected":false},"excerpt":{"rendered":"<p>[vc_row][vc_column width=&#8221;2\/3&#8243;][vc_column_text] Conception d&#8217;affichage multi-media avec un contraste \u00e9lev\u00e9 et spectaculaire pour un floril\u00e8ge d&#8217;exp\u00e9riences Ajoutez une plus value esth\u00e9tique<span class=\"excerpt-hellip\"> [\u2026]<\/span><\/p>\n","protected":false},"author":1,"featured_media":2143,"parent":4370,"menu_order":0,"comment_status":"closed","ping_status":"closed","template":"","meta":{"content-type":"","footnotes":""},"class_list":["post-4404","page","type-page","status-publish","has-post-thumbnail","hentry"],"acf":[],"_links":{"self":[{"href":"https:\/\/www.wavetec.com\/fr\/wp-json\/wp\/v2\/pages\/4404","targetHints":{"allow":["GET"]}}],"collection":[{"href":"https:\/\/www.wavetec.com\/fr\/wp-json\/wp\/v2\/pages"}],"about":[{"href":"https:\/\/www.wavetec.com\/fr\/wp-json\/wp\/v2\/types\/page"}],"author":[{"embeddable":true,"href":"https:\/\/www.wavetec.com\/fr\/wp-json\/wp\/v2\/users\/1"}],"replies":[{"embeddable":true,"href":"https:\/\/www.wavetec.com\/fr\/wp-json\/wp\/v2\/comments?post=4404"}],"version-history":[{"count":0,"href":"https:\/\/www.wavetec.com\/fr\/wp-json\/wp\/v2\/pages\/4404\/revisions"}],"up":[{"embeddable":true,"href":"https:\/\/www.wavetec.com\/fr\/wp-json\/wp\/v2\/pages\/4370"}],"wp:featuredmedia":[{"embeddable":true,"href":"https:\/\/www.wavetec.com\/fr\/wp-json\/wp\/v2\/media\/2143"}],"wp:attachment":[{"href":"https:\/\/www.wavetec.com\/fr\/wp-json\/wp\/v2\/media?parent=4404"}],"curies":[{"name":"wp","href":"https:\/\/api.w.org\/{rel}","templated":true}]}}