{"id":4384,"date":"2015-01-06T12:14:04","date_gmt":"2015-01-06T12:14:04","guid":{"rendered":"https:\/\/test.wavetec.com\/fr\/solutions\/financial-market-displays\/"},"modified":"2016-09-03T17:58:55","modified_gmt":"2016-09-03T17:58:55","slug":"affichage-pour-marches-financiers","status":"publish","type":"page","link":"https:\/\/www.wavetec.com\/fr\/solutions\/affichage-pour-marches-financiers\/","title":{"rendered":"Affichage pour march\u00e9s financiers"},"content":{"rendered":"<p>[vc_row bg_type=&#8221;bg_color&#8221; bg_override=&#8221;full&#8221; row_container=&#8221;&#8221; bg_color_value=&#8221;#727377&#8243; css=&#8221;.vc_custom_1426754895922{padding-top: 50px !important;padding-bottom: 50px !important;}&#8221;][vc_column width=&#8221;1\/2&#8243;][vc_column_text]<\/p>\n<p style=\"text-align: center;\"><span style=\"color: #ffffff;\">Wavetec offre une gamme compl\u00e8te de solutions d&#8217;affichage qui sont parfaites pour la publicit\u00e9, la vente au d\u00e9tail et l&#8217;image de marque. Les series HD, PRO et Prime sont nos gammes de produit premium pour des solutions d&#8217;affichage LED pour l&#8217;int\u00e9rieur et l&#8217;ext\u00e9rieur.<\/span><\/p>\n<p>[\/vc_column_text][\/vc_column][vc_column width=&#8221;1\/2&#8243;][vc_column_text]<\/p>\n<p style=\"text-align: center;\"><span style=\"color: #ffffff;\">For more details, click here<\/span><\/p>\n<p style=\"text-align: center;\"><a class=\"button  button_size_2\" href=\"\/fr\/solutions\/solutions-daffichage-led\/\" target=\"_blank\"   ><span class=\"button_label\">Solutions d\u2019affichage LED<\/span><\/a>\n<\/p>\n<p>[\/vc_column_text][\/vc_column][\/vc_row][vc_row][vc_column][vc_row_inner][vc_column_inner]<div class=\"fancy_heading fancy_heading_line\"><span class=\"slogan\">RELATED<\/span><h2 class=\"title\">Case Studies<\/h2><\/div>\n[\/vc_column_inner][\/vc_row_inner][pw_vc_carousel pw_post_layout=&#8221;horizontal_carousel&#8221; pw_skin_type=&#8221;pl-gridskin-two&#8221; pw_grid_skin_effect=&#8221;pl-gst-effect-3&#8243; pw_excerpt_length=&#8221;300&#8243; pw_carousel_pre_view=&#8221;3&#8243; pw_carousel_min_slides=&#8221;3&#8243; pw_carousel_slide_width=&#8221;1206&#8243; pw_title_font_family=&#8221;inherit&#8221; pw_title_font_size=&#8221;20&#8243; pw_excerpt_font_family=&#8221;inherit&#8221; pw_excerpt_font_size=&#8221;14&#8243; pw_speed=&#8221;4000&#8243; pw_slider_hide_pagination_control=&#8221;yes&#8221; pw_query=&#8221;size:All|order_by:date|order:DESC|post_type:portfolio|tax_query:100&#8243; pw_image_thumb_size=&#8221;350&#215;200&#8243;][\/vc_column][\/vc_row]<\/p>\n","protected":false},"excerpt":{"rendered":"<p>[vc_row bg_type=&#8221;bg_color&#8221; bg_override=&#8221;full&#8221; row_container=&#8221;&#8221; bg_color_value=&#8221;#727377&#8243; css=&#8221;.vc_custom_1426754895922{padding-top: 50px !important;padding-bottom: 50px !important;}&#8221;][vc_column width=&#8221;1\/2&#8243;][vc_column_text] Wavetec offre une gamme compl\u00e8te de solutions d&#8217;affichage qui<span class=\"excerpt-hellip\"> [\u2026]<\/span><\/p>\n","protected":false},"author":1,"featured_media":1005,"parent":4370,"menu_order":0,"comment_status":"closed","ping_status":"open","template":"","meta":{"content-type":"","footnotes":""},"class_list":["post-4384","page","type-page","status-publish","has-post-thumbnail","hentry"],"acf":[],"_links":{"self":[{"href":"https:\/\/www.wavetec.com\/fr\/wp-json\/wp\/v2\/pages\/4384","targetHints":{"allow":["GET"]}}],"collection":[{"href":"https:\/\/www.wavetec.com\/fr\/wp-json\/wp\/v2\/pages"}],"about":[{"href":"https:\/\/www.wavetec.com\/fr\/wp-json\/wp\/v2\/types\/page"}],"author":[{"embeddable":true,"href":"https:\/\/www.wavetec.com\/fr\/wp-json\/wp\/v2\/users\/1"}],"replies":[{"embeddable":true,"href":"https:\/\/www.wavetec.com\/fr\/wp-json\/wp\/v2\/comments?post=4384"}],"version-history":[{"count":0,"href":"https:\/\/www.wavetec.com\/fr\/wp-json\/wp\/v2\/pages\/4384\/revisions"}],"up":[{"embeddable":true,"href":"https:\/\/www.wavetec.com\/fr\/wp-json\/wp\/v2\/pages\/4370"}],"wp:featuredmedia":[{"embeddable":true,"href":"https:\/\/www.wavetec.com\/fr\/wp-json\/wp\/v2\/media\/1005"}],"wp:attachment":[{"href":"https:\/\/www.wavetec.com\/fr\/wp-json\/wp\/v2\/media?parent=4384"}],"curies":[{"name":"wp","href":"https:\/\/api.w.org\/{rel}","templated":true}]}}