{"id":8439,"date":"2023-06-15T06:59:08","date_gmt":"2023-06-15T06:59:08","guid":{"rendered":"https:\/\/test.wavetec.com\/es\/soluciones\/self-service-kiosks\/"},"modified":"2024-02-01T08:24:46","modified_gmt":"2024-02-01T08:24:46","slug":"kioscos-de-autoservicio","status":"publish","type":"page","link":"https:\/\/www.wavetec.com\/es\/soluciones\/kioscos-de-autoservicio\/","title":{"rendered":"Kioscos de autoservicio"},"content":{"rendered":"<p>[vc_row gap=&#8221;35&#8243; equal_height=&#8221;yes&#8221; content_placement=&#8221;middle&#8221;][vc_column width=&#8221;1\/2&#8243;][vc_column_text]<\/p>\n<h1>Kioscos de Autoservicio<\/h1>\n<p><strong>Ayude a su empresa a crecer y prosperar en la era digital<\/strong><\/p>\n<p>Descubra c\u00f3mo los Kioscos de autoservicio de Wavetec para abrir cuentas, depositar cheques y dispensar SIM pueden permitirle a usted y a sus clientes realizar transacciones flexibles y convenientes las 24 horas del d\u00eda, los 7 d\u00edas de la semana[\/vc_column_text]<div class=\" ubtn-ctn-left \"><a class=\"ubtn-link ult-adjust-bottom-margin ubtn-left ubtn-normal \" href=\"https:\/\/info.wavetec.com\/es\/agenda-una-demostraci%C3%B3n-gratuita-hoy-gratis\" target=\"_blank\" rel=\"noopener\"><button type=\"button\" id=\"ubtn-6849\"  class=\"ubtn ult-adjust-bottom-margin ult-responsive ubtn-normal ubtn-no-hover-bg  none  ubtn-left   tooltip-69fda088d81e2\"  data-hover=\"#fffffff\" data-border-color=\"#ff8630\" data-bg=\"#ff8630\" data-hover-bg=\"#23d1f8\" data-border-hover=\"#ff8630\" data-shadow-hover=\"\" data-shadow-click=\"none\" data-shadow=\"\" data-shd-shadow=\"\"  data-ultimate-target='#ubtn-6849'  data-responsive-json-new='{\"font-size\":\"desktop:18px;\",\"line-height\":\"\"}'  style=\"font-family:&#039;Poppins&#039;;font-weight:600;border-radius:5px;border-width:0px;border-color:#ff8630;border-style:solid;background: #ff8630;color: #ffffff;\"><span class=\"ubtn-data ubtn-icon\"><i class=\"none\" style=\"font-size:32px;color:#ffffff;\"><\/i><\/span><span class=\"ubtn-hover\" style=\"background-color:#23d1f8\"><\/span><span class=\"ubtn-data ubtn-text \" >\u00a1Reserve una demostraci\u00f3n hoy!<\/span><\/button><\/a><\/div>[vc_single_image image=&#8221;27727&#8243; img_size=&#8221;full&#8221;][\/vc_column][vc_column width=&#8221;1\/2&#8243;][vc_single_image image=&#8221;31404&#8243; img_size=&#8221;full&#8221; alignment=&#8221;center&#8221; css=&#8221;.vc_custom_1628329347797{margin-bottom: 0px !important;}&#8221;][\/vc_column][\/vc_row][vc_row content_placement=&#8221;middle&#8221;][vc_column width=&#8221;1\/2&#8243;][vc_column_text]<\/p>\n<h2>Sistema ECO de Kiosco de autoservicio de Wavetec<\/h2>\n<p><strong>Podemos ayudarlo a transformar su negocio, con la ayuda de tecnolog\u00eda y capacidades operativas sostenidas.<\/strong><\/p>\n<p>Nuestro ecosistema de kiosco autoservicio tiene todo lo que necesita para llevar a su organizaci\u00f3n de manera segura a la era digital, conect\u00e1ndose m\u00e1s profundamente con los consumidores y brindando experiencias omnicanal. Apoyamos a nuestros clientes aprovechando el poder de los datos y la inteligencia artificial y la modernizaci\u00f3n, mientras capitalizamos la tecnolog\u00eda central, las operaciones optimizadas y automatizadas y el crecimiento digital.[\/vc_column_text][\/vc_column][vc_column width=&#8221;1\/2&#8243;][vc_single_image image=&#8221;31411&#8243; img_size=&#8221;full&#8221; alignment=&#8221;center&#8221; css=&#8221;.vc_custom_1628329484252{margin-bottom: 0px !important;}&#8221;][\/vc_column][\/vc_row][vc_row content_placement=&#8221;middle&#8221; bg_type=&#8221;bg_color&#8221; bg_override=&#8221;full&#8221; bg_color_value=&#8221;#324ecf&#8221;][vc_column][vc_column_text]<\/p>\n<h2><span style=\"color: #ffffff;\">Explore nuestras kioscos de autoservicio<\/span><\/h2>\n<p>[\/vc_column_text][vc_row_inner][vc_column_inner width=&#8221;1\/3&#8243;][vc_single_image image=&#8221;30790&#8243; img_size=&#8221;full&#8221; alignment=&#8221;center&#8221; css=&#8221;.vc_custom_1625742463191{margin-bottom: 0px !important;}&#8221;][vc_column_text]<\/p>\n<p style=\"text-align: center;\"><span style=\"color: #ffffff;\"><strong>Kiosco de autoservicio para la gesti\u00f3n bancaria y de efectivo<br \/>\n<\/strong><\/span><\/p>\n<p style=\"text-align: center;\"><span style=\"color: #ffffff;\">Las instituciones financieras adoptan soluciones de software que se integran con los quioscos de autoservicio y brindan servicios como apertura de cuenta, emisi\u00f3n instant\u00e1nea de tarjetas, efectivo y dep\u00f3sito de cheques.<br \/>\n<\/span><\/p>\n<p style=\"text-align: center;\"><a href=\"\/es\/soluciones\/kioscos-de-autoservicio-soluciones-bancarias\/\"><span style=\"color: #ffffff;\">Aprende m\u00e1s<\/span><\/a><\/p>\n<p>[\/vc_column_text][\/vc_column_inner][vc_column_inner width=&#8221;1\/3&#8243;][vc_single_image image=&#8221;22555&#8243; img_size=&#8221;full&#8221; alignment=&#8221;center&#8221; css=&#8221;.vc_custom_1619072687671{margin-bottom: 0px !important;}&#8221;][vc_column_text]<\/p>\n<p style=\"text-align: center;\"><span style=\"color: #ffffff;\"><strong>Kiosco de autoservicio para<\/strong><\/span><br \/>\n<span style=\"color: #ffffff;\"><strong>Telecom<\/strong><\/span><\/p>\n<p style=\"text-align: center;\"><span style=\"color: #ffffff;\">El Kiosco de dispensaci\u00f3n de SIM de Wavetec ayuda a los clientes a registrarse para obtener una nueva tarjeta SIM, recargar el saldo m\u00f3vil o cambiar los planes de paquetes m\u00f3viles de manera eficiente y remota.<\/span><\/p>\n<p style=\"text-align: center;\"><span style=\"color: #ffffff;\"><a style=\"color: #ffffff;\" href=\"\/es\/soluciones\/kioscos-de-autoservicio\/kiosco-dispensador-de-sim\/\">Aprende m\u00e1s<\/a><\/span><\/p>\n<p>[\/vc_column_text][\/vc_column_inner][vc_column_inner width=&#8221;1\/3&#8243;][vc_single_image image=&#8221;22549&#8243; img_size=&#8221;full&#8221; alignment=&#8221;center&#8221; css=&#8221;.vc_custom_1619072681447{margin-bottom: 0px !important;}&#8221;][vc_column_text]<\/p>\n<p style=\"text-align: center;\"><span style=\"color: #ffffff;\"><strong>Integraci\u00f3n inteligente con<\/strong><\/span><br \/>\n<span style=\"color: #ffffff;\"><strong>ViaOS<\/strong><\/span><\/p>\n<p style=\"text-align: center;\"><span style=\"color: #ffffff;\">ViaOS ayuda a integrar los sistemas actuales con paneles de control en tiempo real, herramientas de BI y funciones de software avanzadas que pueden simplificar todo el proceso.<\/span><\/p>\n<p style=\"text-align: center;\"><span style=\"color: #ffffff;\"><a style=\"color: #ffffff;\" href=\"\/es\/soluciones\/software-kioscos-autoservicio\/\">Aprende m\u00e1s<\/a><\/span><\/p>\n<p>[\/vc_column_text][\/vc_column_inner][\/vc_row_inner][\/vc_column][vc_column]<div class=\" ubtn-ctn-center \"><a class=\"ubtn-link ult-adjust-bottom-margin ubtn-center ubtn-normal \" href=\"https:\/\/info.wavetec.com\/es\/agenda-una-demostraci%C3%B3n-gratuita-hoy-gratis\" target=\"_blank\" rel=\"noopener\"><button type=\"button\" id=\"ubtn-2523\"  class=\"ubtn ult-adjust-bottom-margin ult-responsive ubtn-normal ubtn-no-hover-bg  none  ubtn-center   tooltip-69fda088d82e5\"  data-hover=\"#fffffff\" data-border-color=\"#ff8630\" data-bg=\"#ff8630\" data-hover-bg=\"#23d1f8\" data-border-hover=\"#ff8630\" data-shadow-hover=\"\" data-shadow-click=\"none\" data-shadow=\"\" data-shd-shadow=\"\"  data-ultimate-target='#ubtn-2523'  data-responsive-json-new='{\"font-size\":\"desktop:18px;\",\"line-height\":\"\"}'  style=\"font-family:&#039;Poppins&#039;;font-weight:600;border-radius:5px;border-width:0px;border-color:#ff8630;border-style:solid;background: #ff8630;color: #ffffff;\"><span class=\"ubtn-data ubtn-icon\"><i class=\"none\" style=\"font-size:32px;color:#ffffff;\"><\/i><\/span><span class=\"ubtn-hover\" style=\"background-color:#23d1f8\"><\/span><span class=\"ubtn-data ubtn-text \" >\u00a1Reserve una demostraci\u00f3n hoy!<\/span><\/button><\/a><\/div>[\/vc_column][\/vc_row][vc_row][vc_column][vc_single_image image=&#8221;30747&#8243; img_size=&#8221;full&#8221; alignment=&#8221;center&#8221; css=&#8221;.vc_custom_1625735353847{margin-bottom: 0px !important;}&#8221;][\/vc_column][\/vc_row][vc_row content_placement=&#8221;middle&#8221; bg_type=&#8221;bg_color&#8221; bg_override=&#8221;full&#8221; bg_color_value=&#8221;#f5fbff&#8221;][vc_column width=&#8221;1\/2&#8243;][vc_column_text]<\/p>\n<h2>Estamos usando datos y tecnolog\u00eda<\/h2>\n<p>de formas inesperadas y brillantes para transformar la experiencia del cliente en todo el mundo[\/vc_column_text][vc_row_inner][vc_column_inner width=&#8221;1\/2&#8243;][vc_column_text]<img loading=\"lazy\" decoding=\"async\" class=\"alignnone wp-image-22524\" src=\"https:\/\/www.wavetec.com\/wp-content\/uploads\/2021\/04\/Shape-4.png\" alt=\"\" width=\"35\" height=\"35\" title=\"\" srcset=\"https:\/\/www.wavetec.com\/wp-content\/uploads\/2021\/04\/Shape-4.png 81w, https:\/\/www.wavetec.com\/wp-content\/uploads\/2021\/04\/Shape-4-50x50.png 50w, https:\/\/www.wavetec.com\/wp-content\/uploads\/2021\/04\/Shape-4-74x75.png 74w, https:\/\/www.wavetec.com\/wp-content\/uploads\/2021\/04\/Shape-4-80x80.png 80w\" sizes=\"auto, (max-width: 35px) 100vw, 35px\" \/><\/p>\n<p><strong>Dise\u00f1o intuitivo<\/strong><br \/>\nInterfaz avanzada e intuitiva para una experiencia m\u00e1s fluida con m\u00faltiples opciones de servicio[\/vc_column_text][\/vc_column_inner][vc_column_inner width=&#8221;1\/2&#8243;][vc_column_text]<img loading=\"lazy\" decoding=\"async\" class=\"alignnone wp-image-22524\" src=\"https:\/\/www.wavetec.com\/wp-content\/uploads\/2021\/04\/Shape-4.png\" alt=\"\" width=\"35\" height=\"35\" title=\"\" srcset=\"https:\/\/www.wavetec.com\/wp-content\/uploads\/2021\/04\/Shape-4.png 81w, https:\/\/www.wavetec.com\/wp-content\/uploads\/2021\/04\/Shape-4-50x50.png 50w, https:\/\/www.wavetec.com\/wp-content\/uploads\/2021\/04\/Shape-4-74x75.png 74w, https:\/\/www.wavetec.com\/wp-content\/uploads\/2021\/04\/Shape-4-80x80.png 80w\" sizes=\"auto, (max-width: 35px) 100vw, 35px\" \/><\/p>\n<p><strong>Capacidad integradora<\/strong><br \/>\nPuede integrarse sin problemas con aplicaciones de terceros y sistemas de back-end[\/vc_column_text][\/vc_column_inner][\/vc_row_inner][vc_row_inner][vc_column_inner width=&#8221;1\/2&#8243;][vc_column_text]<img loading=\"lazy\" decoding=\"async\" class=\"alignnone wp-image-22524\" src=\"https:\/\/www.wavetec.com\/wp-content\/uploads\/2021\/04\/Shape-4.png\" alt=\"\" width=\"35\" height=\"35\" title=\"\" srcset=\"https:\/\/www.wavetec.com\/wp-content\/uploads\/2021\/04\/Shape-4.png 81w, https:\/\/www.wavetec.com\/wp-content\/uploads\/2021\/04\/Shape-4-50x50.png 50w, https:\/\/www.wavetec.com\/wp-content\/uploads\/2021\/04\/Shape-4-74x75.png 74w, https:\/\/www.wavetec.com\/wp-content\/uploads\/2021\/04\/Shape-4-80x80.png 80w\" sizes=\"auto, (max-width: 35px) 100vw, 35px\" \/><\/p>\n<p><strong>Personalizaci\u00f3n<\/strong><br \/>\nEl hardware y la aplicaci\u00f3n se pueden personalizar seg\u00fan los requisitos.[\/vc_column_text][\/vc_column_inner][vc_column_inner width=&#8221;1\/2&#8243;][vc_column_text]<img loading=\"lazy\" decoding=\"async\" class=\"alignnone wp-image-22524\" src=\"https:\/\/www.wavetec.com\/wp-content\/uploads\/2021\/04\/Shape-4.png\" alt=\"\" width=\"35\" height=\"35\" title=\"\" srcset=\"https:\/\/www.wavetec.com\/wp-content\/uploads\/2021\/04\/Shape-4.png 81w, https:\/\/www.wavetec.com\/wp-content\/uploads\/2021\/04\/Shape-4-50x50.png 50w, https:\/\/www.wavetec.com\/wp-content\/uploads\/2021\/04\/Shape-4-74x75.png 74w, https:\/\/www.wavetec.com\/wp-content\/uploads\/2021\/04\/Shape-4-80x80.png 80w\" sizes=\"auto, (max-width: 35px) 100vw, 35px\" \/><\/p>\n<p><strong>Servicio 24\/7<\/strong><br \/>\nCapacidad operativa para atender a los clientes las 24 horas del d\u00eda, los 7 d\u00edas de la semana[\/vc_column_text][\/vc_column_inner][\/vc_row_inner][\/vc_column][vc_column width=&#8221;1\/2&#8243;][vc_single_image image=&#8221;22512&#8243; img_size=&#8221;full&#8221; alignment=&#8221;center&#8221; css=&#8221;.vc_custom_1619071589344{margin-bottom: 0px !important;}&#8221;][\/vc_column][\/vc_row][vc_row css=&#8221;.vc_custom_1621600856719{margin-bottom: 50px !important;}&#8221;][vc_column][vc_column_text]<\/p>\n<h2>\u00a1Respuestas a sus preguntas!<\/h2>\n<p>Preguntas frecuentes que recibimos sobre los quioscos de autoservicio[\/vc_column_text][\/vc_column][vc_column][vc_tta_accordion spacing=&#8221;10&#8243; active_section=&#8221;1&#8243;][vc_tta_section title=&#8221;Que es un autoservicio \u00bfC\u00f3mo funcionan las soluciones de autoservicio?&#8221; tab_id=&#8221;1621600606302-23463d5b-6802&#8243;][vc_column_text]Las soluciones de autoservicio son aquellas que brindan a los consumidores y empleados herramientas e informaci\u00f3n que pueden utilizar para encontrar respuestas a sus preguntas, atender sus necesidades espec\u00edficas y tener un encuentro totalmente mejorado con un producto o servicio. Basado en el servicio \/ producto prometido y su entrega, el autoservicio es un medio para ayudar al cliente a ayudarse a s\u00ed mismo.<\/p>\n<p>Estas soluciones est\u00e1n orientadas a brindarle a su empresa la ventaja competitiva que necesita para acelerar la incorporaci\u00f3n de clientes de manera rentable y con mayores ganancias.[\/vc_column_text][\/vc_tta_section][vc_tta_section title=&#8221;\u00bfCu\u00e1les son los beneficios de las soluciones de autoservicio para su empresa?&#8221; tab_id=&#8221;1621600760975-f999f779-82bf&#8221;][vc_column_text]Las soluciones de autoservicio aumentan la autosuficiencia entre los consumidores, lo que reduce los costos operativos y aumenta la rentabilidad. Es probable que la productividad aumente al igual que el tr\u00e1fico de personas a su sitio \/ sucursal. Con estos cambios, su personal aprender\u00e1 a adaptarse con un nuevo conjunto de habilidades de participaci\u00f3n social, atender\u00e1 a los clientes m\u00e1s r\u00e1pido y respaldar\u00e1 viajes excepcionales del consumidor y recibir\u00e1 comentarios positivos. El autoservicio tambi\u00e9n brinda oportunidades para ofrecer servicios personalizados a clientes valiosos.[\/vc_column_text][\/vc_tta_section][vc_tta_section title=&#8221;\u00bfC\u00f3mo beneficia el autoservicio a los clientes?&#8221; tab_id=&#8221;1621600760645-30dce47e-0c4c&#8221;][vc_column_text]El autoservicio es una forma evolucionada de servicio al cliente. En un mundo pospand\u00e9mico, el distanciamiento social y las soluciones sin contacto han ganado popularidad. Con seguridad incluida, a los clientes tampoco les gusta una espera larga y tediosa y prefieren un proceso fluido y sin fricciones.<\/p>\n<p>Saben lo que necesitan y preferir\u00edan aprovecharlo sin contactos e interacciones innecesarios. Los kioscos de autoservicio tienen en cuenta todas estas inquietudes a la hora de ofrecer sus innumerables soluciones. Adem\u00e1s, la empresa en cuesti\u00f3n utiliza los datos recopilados durante este proceso para mejorar a\u00fan m\u00e1s la gesti\u00f3n de visitantes. El cliente moderno necesita autoservicio.[\/vc_column_text][\/vc_tta_section][vc_tta_section title=&#8221;Quioscos interactivos vs no interactivos&#8221; tab_id=&#8221;1621603536406-0db4139c-d77d&#8221;][vc_column_text]Un quiosco interactivo es un dispositivo de hardware con software integrado especializado y una interfaz intuitiva que proporciona informaci\u00f3n y facilita a los usuarios la realizaci\u00f3n de transacciones. La caracter\u00edstica clave es que la informaci\u00f3n o un servicio se obtuvo de forma independiente de otros.<\/p>\n<p>Mientras que los quioscos no interactivos son aquellos atendidos por un empleado, y donde los servicios o la informaci\u00f3n se adquirieron con el apoyo de otra persona.<\/p>\n<p>Los quioscos interactivos son menos tediosos y menos propensos a errores humanos que los no interactivos. Reducen los tiempos de espera, son rentables y prometen mayores ganancias para la empresa y mejores comentarios de los clientes.[\/vc_column_text][\/vc_tta_section][vc_tta_section title=&#8221;Tipos de quioscos&#8221; tab_id=&#8221;1621603655144-c4d36188-874d&#8221;][vc_column_text]<strong>Quiosco de pago de facturas<\/strong> \/ dep\u00f3sito de cheques Pague sus facturas en efectivo o mediante cheque utilizando estas m\u00e1quinas confiables y seguras<\/p>\n<p><strong>Quiosco de compra de boletos Compre<\/strong>, cancele, agregue y reserve con anticipaci\u00f3n boletos de cine con nuestras soluciones integrales. Realice el check-in para guardar su asiento antes de la llegada<\/p>\n<p><strong>Quiosco de reservaciones y pedidos Reserve<\/strong>, reprograme y ordene en su restaurante favorito con su compa\u00f1ero de cola favorito, \u00a1y realice el autopago cuando lo desee!<\/p>\n<p><strong>Quiosco de dispensaci\u00f3n de SIM Registre<\/strong>, compre o cancele su SIM con una soluci\u00f3n[\/vc_column_text][\/vc_tta_section][vc_tta_section title=&#8221;\u00bfD\u00f3nde se pueden implementar nuestros quioscos de autoservicio?&#8221; tab_id=&#8221;1621603733976-5b4f8750-5465&#8243;][vc_column_text]<\/p>\n<ul>\n<li>Minorista: supermercados, tiendas de ropa, tiendas para el hogar<\/li>\n<li>Bancos<\/li>\n<li>Telecom<\/li>\n<li>Aerol\u00edneas y Aeropuertos<\/li>\n<li>Oficinas gubernamentales \/ p\u00fablicas<\/li>\n<li>Restaurantes<\/li>\n<li>Escuelas \/ Universidades<\/li>\n<li>Cuidado de la salud<\/li>\n<li>Corporativo<\/li>\n<li>Transporte<\/li>\n<\/ul>\n<p>[\/vc_column_text][\/vc_tta_section][vc_tta_section title=&#8221;Funciones de accesibilidad del quiosco&#8221; tab_id=&#8221;1621603800026-f59628e3-9fb1&#8243;][vc_column_text]Nuestros quioscos de autoservicio est\u00e1n dise\u00f1ados para cumplir con la ADA (Ley de Estadounidenses con Discapacidades), lo que significa que se aseguran contra cualquier tipo de discriminaci\u00f3n contra las personas con discapacidades en todas las \u00e1reas de la vida p\u00fablica, incluidos los trabajos, las escuelas, el transporte y todos los servicios p\u00fablicos y lugares privados que est\u00e1n abiertos al p\u00fablico en general.<\/p>\n<p>La ADA requiere que todas las nuevas construcciones de lugares de alojamiento p\u00fablico e instalaciones comerciales sean accesibles de manera integral. Estos incluyen edificios de oficinas, restaurantes, hoteles, teatros, consultorios m\u00e9dicos, farmacias, tiendas minoristas, museos, bibliotecas, parques, escuelas privadas y guarder\u00edas, etc.<\/p>\n<p>Wavetec se dedica a un futuro accesible, sostenible e igualitario para todos, y la fluidez de las experiencias de nuestros clientes es siempre nuestra principal prioridad.[\/vc_column_text][\/vc_tta_section][\/vc_tta_accordion][\/vc_column][\/vc_row][vc_row][vc_column]<div class=\"templatera_shortcode\"><\/div>[\/vc_column][\/vc_row][vc_row content_placement=&#8221;middle&#8221; bg_type=&#8221;image&#8221; parallax_style=&#8221;vcpb-default&#8221; bg_image_new=&#8221;id^16314|url^https:\/\/www.wavetec.com\/wp-content\/uploads\/2020\/11\/vector-circle-1.png|caption^null|alt^null|title^vector-circle|description^null&#8221; bg_image_repeat=&#8221;no-repeat&#8221; bg_image_size=&#8221;initial&#8221; bg_image_posiiton=&#8221;right bottom&#8221; bg_override=&#8221;full&#8221;][vc_column width=&#8221;5\/12&#8243;][vc_column_text]<\/p>\n<h2>Wavetec Blog<\/h2>\n<p>Espere blogs, entrevistas y art\u00edculos de opini\u00f3n nuevos, bien investigados y centrados en la industria.<br \/>\nY suscr\u00edbete para mantenerte actualizado.[\/vc_column_text]<div class=\" ubtn-ctn-left \"><a class=\"ubtn-link ult-adjust-bottom-margin ubtn-left ubtn-normal \" href=\"https:\/\/blog.wavetec.com\/es\" target=\"_blank\" rel=\"noopener\"><button type=\"button\" id=\"ubtn-9577\"  class=\"ubtn ult-adjust-bottom-margin ult-responsive ubtn-normal ubtn-no-hover-bg  none  ubtn-left   tooltip-69fda088d92f7\"  data-hover=\"#ffffff\" data-border-color=\"\" data-bg=\"#ff8630\" data-hover-bg=\"#324ecf\" data-border-hover=\"\" data-shadow-hover=\"\" data-shadow-click=\"none\" data-shadow=\"\" data-shd-shadow=\"\"  data-ultimate-target='#ubtn-9577'  data-responsive-json-new='{\"font-size\":\"desktop:18px;\",\"line-height\":\"\"}'  style=\"font-family:&#039;Poppins&#039;;font-weight:600;border-radius:5px;border-width:0px;border-color:;border-style:solid;background: #ff8630;color: #ffffff;\"><span class=\"ubtn-hover\" style=\"background-color:#324ecf\"><\/span><span class=\"ubtn-data ubtn-text \" >Explora m\u00e1s<\/span><\/button><\/a><\/div>[\/vc_column][vc_column width=&#8221;1\/2&#8243; offset=&#8221;vc_col-lg-offset-1&#8243;][vc_column_text]<span style=\"color: #1c6bba; font-weight: 500;\"><a style=\"color: #1c6bba;\" href=\"https:\/\/www.wavetec.com\/es\/blog\/kiosco-de-autoservicio-para-el-dmv\/\">Kiosco De Autoservicio Para El DMV: Las Visitas Al DMV Son F\u00e1ciles<br \/>\n<\/a><\/span><\/p>\n<p><span style=\"color: #1c6bba; font-weight: 500;\"><a style=\"color: #1c6bba;\" href=\"https:\/\/www.wavetec.com\/es\/blog\/5-tipos-comunes-de-kioscos-de-autoservicio\/\">5 tipos comunes de kioscos de autoservicio en 2023 <\/a><\/span><\/p>\n<p><span style=\"color: #1c6bba; font-weight: 500;\"><a style=\"color: #1c6bba;\" href=\"https:\/\/www.wavetec.com\/es\/blog\/que-es-un-kiosco\/\">\u00bfQue es un Kiosco? Una gu\u00eda para los Kioscos digitales en 2023<br \/>\n<\/a><\/span><\/p>\n<p><span style=\"color: #1c6bba; font-weight: 500;\"><a style=\"color: #1c6bba;\" href=\"https:\/\/www.wavetec.com\/es\/blog\/quiosco-de-autoservicio-de-mcdonalds\/\">C\u00f3mo los quioscos de autoservicio de McDonald\u2019s est\u00e1n mejorando la experiencia del cliente<\/a><\/span>[\/vc_column_text][\/vc_column][\/vc_row]<\/p>\n","protected":false},"excerpt":{"rendered":"","protected":false},"author":1,"featured_media":55096,"parent":2475,"menu_order":0,"comment_status":"open","ping_status":"closed","template":"","meta":{"content-type":"","footnotes":""},"class_list":["post-8439","page","type-page","status-publish","has-post-thumbnail","hentry"],"acf":[],"_links":{"self":[{"href":"https:\/\/www.wavetec.com\/es\/wp-json\/wp\/v2\/pages\/8439","targetHints":{"allow":["GET"]}}],"collection":[{"href":"https:\/\/www.wavetec.com\/es\/wp-json\/wp\/v2\/pages"}],"about":[{"href":"https:\/\/www.wavetec.com\/es\/wp-json\/wp\/v2\/types\/page"}],"author":[{"embeddable":true,"href":"https:\/\/www.wavetec.com\/es\/wp-json\/wp\/v2\/users\/1"}],"replies":[{"embeddable":true,"href":"https:\/\/www.wavetec.com\/es\/wp-json\/wp\/v2\/comments?post=8439"}],"version-history":[{"count":7,"href":"https:\/\/www.wavetec.com\/es\/wp-json\/wp\/v2\/pages\/8439\/revisions"}],"predecessor-version":[{"id":74037,"href":"https:\/\/www.wavetec.com\/es\/wp-json\/wp\/v2\/pages\/8439\/revisions\/74037"}],"up":[{"embeddable":true,"href":"https:\/\/www.wavetec.com\/es\/wp-json\/wp\/v2\/pages\/2475"}],"wp:featuredmedia":[{"embeddable":true,"href":"https:\/\/www.wavetec.com\/es\/wp-json\/wp\/v2\/media\/55096"}],"wp:attachment":[{"href":"https:\/\/www.wavetec.com\/es\/wp-json\/wp\/v2\/media?parent=8439"}],"curies":[{"name":"wp","href":"https:\/\/api.w.org\/{rel}","templated":true}]}}