{"id":67971,"date":"2023-09-14T12:06:21","date_gmt":"2023-09-14T12:06:21","guid":{"rendered":"https:\/\/www.wavetec.com\/?page_id=67971"},"modified":"2023-09-14T12:06:21","modified_gmt":"2023-09-14T12:06:21","slug":"roi","status":"publish","type":"page","link":"https:\/\/www.wavetec.com\/es\/roi\/","title":{"rendered":"ROI"},"content":{"rendered":"<p>[vc_row full_height=&#8221;yes&#8221; content_placement=&#8221;middle&#8221; bg_type=&#8221;image&#8221; parallax_style=&#8221;vcpb-default&#8221; bg_image_new=&#8221;id^38986|url^https:\/\/www.wavetec.com\/wp-content\/uploads\/2022\/01\/BANNERDATAACTIVE.png|caption^null|alt^null|title^BANNERDATAACTIVE|description^null&#8221; bg_image_repeat=&#8221;no-repeat&#8221; bg_image_posiiton=&#8221;0 0&#8243; bg_override=&#8221;full&#8221;][vc_column][vc_column_text]<\/p>\n<h1 style=\"text-align: center;\"><span style=\"color: #ffffff;\">\u00bfCu\u00e1l es el retorno financiero de la inversi\u00f3n?<br \/>\nen nuestras Soluciones de Experiencia del Cliente?<\/span><\/h1>\n<p>[\/vc_column_text][vc_column_text]<\/p>\n<h2 style=\"text-align: center;\"><span style=\"color: #ffffff;\">\u00a1Deje que nuestros cient\u00edficos de datos le ayuden a crear un caso de negocio!<\/span><\/h2>\n<p style=\"text-align: center;\"><span style=\"color: #ffffff;\">En 2020, comenzamos a formar un equipo de expertos en ciencia de datos especializados en an\u00e1lisis, simulaci\u00f3n, optimizaci\u00f3n de decisiones y aprendizaje autom\u00e1tico para ayudar a nuestros clientes a ir m\u00e1s all\u00e1 de los conocimientos y tomar decisiones.<\/span><\/p>\n<p style=\"text-align: center;\"><span style=\"color: #ffffff;\">Si est\u00e1s pensando en invertir en nuestras soluciones, o ya lo has hecho pero no est\u00e1s seguro de qu\u00e9 hacer a continuaci\u00f3n, ahora te ofrecemos una sesi\u00f3n de consultor\u00eda y un informe personalizado sin coste alguno.<\/span><\/p>\n<p>[\/vc_column_text][vc_column_text]<\/p>\n<p style=\"text-align: center;\"><span style=\"color: #ffffff;\">\u00bfCu\u00e1l es el retorno de la inversi\u00f3n de nuestras soluciones de quiosco de autoservicio y gesti\u00f3n de colas? Vamos a averiguar<\/span><\/p>\n<p>[\/vc_column_text]<div id=\"modal-trg-txt-wrap-5038\" class=\"ult-modal-input-wrapper ult-adjust-bottom-margin    \" data-keypress-control=\"keypress-control-enable\" data-overlay-control=\"overlay-control-enable\"><span data-class-id=\"content-69f3f0aade9b28-57362860\"><\/span>\n\t\t\t\t<script type=\"text\/javascript\">\n\t\t\t\t(function($){\n\t\t\t\t\t$(document).ready(function(){\n\t\t\t\t\t\tvar selector = \".existing\";\n\t\t\t\t\t\t$(selector).addClass(\"custom-ult-modal overlay-show\");\n\t\t\t\t\t\t$(selector).attr(\"data-class-id\", \"content-69f3f0aade9b28-57362860\");\n\t\t\t\t\t\t$(selector).attr(\"data-overlay-class\", \"overlay-fade\");\n\t\t\t\t\t\t$(selector).attr(\"data-keypress-control\", \"keypress-control-enable\");\n\t\t\t\t\t\t$(selector).attr(\"data-overlay-control\", \"overlay-control-enable\");\n\t\t\t\t\t});\n\t\t\t\t})(jQuery);\n\t\t\t\t<\/script><\/div>\n<div class=\"ult-overlay content-69f3f0aade9b28-57362860 \" data-class=\"content-69f3f0aade9b28-57362860\" id=\"button-click-overlay\" style=\"background:rgba(51,51,51,0.8); display:none;\">\n\t<div class=\"ult_modal ult-fade ult-medium\">\n\t\t<div id=\"ult-modal-wrap-5580\" class=\"ult_modal-content ult-hide\" style=\"border-style:solid;border-width:2px;border-radius:0px;border-color:#333333;\">\n\t\t\t<div  data-ultimate-target='#ult-modal-wrap-5580 .ult_modal-body'  data-responsive-json-new='{\"font-size\":\"\",\"line-height\":\"\"}'  class=\"ult_modal-body ult-responsive ult-youtube\" style=\"\">\n\t\t\t<\/p>\n<h3>Existing Clients<\/h3>\n<p>Please fill the form with your company details and our team will get back to you with all the reports for free<\/p>\n<p>For this report, we use some of the following techniques:<\/p>\n<ul style=\"font-size: 13px; line-height: 20px;\">\n<li>&#8211; Discounted Net Present Value<\/li>\n<li>&#8211; Queue Theory Statistics<\/li>\n<li>&#8211; Dynamic Cubes Reports<\/li>\n<li>&#8211; Discrete Events Simulations<\/li>\n<li>&#8211; Decision Optimization<\/li>\n<li>&#8211; Predictive Analytics with Machine Learning<\/li>\n<li>&#8211; Dynamic Workforce Optimization<\/li>\n<li>&#8211; Benchmarking with Data Envelopment Analysis<\/li>\n<\/ul>\n<p><!-- [if lte IE 8]>\n<script charset=\"utf-8\" type=\"text\/javascript\" src=\"\/\/js.hsforms.net\/forms\/v2-legacy.js\"><\/script>\n<![endif]--><br \/>\n<script charset=\"utf-8\" type=\"text\/javascript\" src=\"\/\/js.hsforms.net\/forms\/v2.js\"><\/script><br \/>\n<script>\n  hbspt.forms.create({\n\tregion: \"na1\",\n\tportalId: \"1797625\",\n\tformId: \"9c6f7ffa-2ab9-4b6a-8432-93bab314febb\"\n});\n<\/script><\/p>\n<p><strong>Conditions:<\/strong><br \/>\nYou will need to dedicate at least 1 Project Manager.<br \/>\nThe system must be under warranty or maintenance with Wavetec.\n\t\t\t<\/div>\n\t<\/div>\n\t<\/div>\n\t<div class=\"ult-overlay-close top-right\" style=\"width:80px;height:80px; \"><div class=\"ult-overlay-close-inside\">Close<\/div><\/div>\n<\/div><div id=\"modal-trg-txt-wrap-4132\" class=\"ult-modal-input-wrapper ult-adjust-bottom-margin    \" data-keypress-control=\"keypress-control-enable\" data-overlay-control=\"overlay-control-enable\"><span data-class-id=\"content-69f3f0aadea683-11510927\"><\/span>\n\t\t\t\t<script type=\"text\/javascript\">\n\t\t\t\t(function($){\n\t\t\t\t\t$(document).ready(function(){\n\t\t\t\t\t\tvar selector = \".new\";\n\t\t\t\t\t\t$(selector).addClass(\"custom-ult-modal overlay-show\");\n\t\t\t\t\t\t$(selector).attr(\"data-class-id\", \"content-69f3f0aadea683-11510927\");\n\t\t\t\t\t\t$(selector).attr(\"data-overlay-class\", \"overlay-fade\");\n\t\t\t\t\t\t$(selector).attr(\"data-keypress-control\", \"keypress-control-enable\");\n\t\t\t\t\t\t$(selector).attr(\"data-overlay-control\", \"overlay-control-enable\");\n\t\t\t\t\t});\n\t\t\t\t})(jQuery);\n\t\t\t\t<\/script><\/div>\n<div class=\"ult-overlay content-69f3f0aadea683-11510927 \" data-class=\"content-69f3f0aadea683-11510927\" id=\"button-click-overlay\" style=\"background:rgba(51,51,51,0.8); display:none;\">\n\t<div class=\"ult_modal ult-fade ult-medium\">\n\t\t<div id=\"ult-modal-wrap-33\" class=\"ult_modal-content ult-hide\" style=\"border-style:solid;border-width:2px;border-radius:0px;border-color:#333333;\">\n\t\t\t<div  data-ultimate-target='#ult-modal-wrap-33 .ult_modal-body'  data-responsive-json-new='{\"font-size\":\"\",\"line-height\":\"\"}'  class=\"ult_modal-body ult-responsive ult-youtube\" style=\"\">\n\t\t\t<\/p>\n<h3>New Clients<\/h3>\n<p>Please fill the form with your company details and our team will get back to you with all the reports<\/p>\n<p><!-- [if lte IE 8]>\n<script charset=\"utf-8\" type=\"text\/javascript\" src=\"\/\/js.hsforms.net\/forms\/v2-legacy.js\"><\/script>\n<![endif]-->For this report, we use some of the following techniques:<\/p>\n<ul style=\"font-size: 13px; line-height: 20px;\">\n<li>&#8211; Discounted Net Present Value<\/li>\n<li>&#8211; Queue Theory Statistics<\/li>\n<li>&#8211; Dynamic Cubes Reports<\/li>\n<li>&#8211; Discrete Events Simulations<\/li>\n<li>&#8211; Decision Optimization<\/li>\n<\/ul>\n<p><script charset=\"utf-8\" type=\"text\/javascript\" src=\"\/\/js.hsforms.net\/forms\/v2.js\"><\/script><br \/>\n<script>\n  hbspt.forms.create({\n\tregion: \"na1\",\n\tportalId: \"1797625\",\n\tformId: \"987dbc43-1b49-4de9-b34e-df4fa308ef80\"\n});\n<\/script>\n\t\t\t<\/div>\n\t<\/div>\n\t<\/div>\n\t<div class=\"ult-overlay-close top-right\" style=\"width:80px;height:80px; \"><div class=\"ult-overlay-close-inside\">Close<\/div><\/div>\n<\/div>[\/vc_column][vc_column width=&#8221;1\/4&#8243; offset=&#8221;vc_col-lg-offset-3&#8243;]<div class=\" ubtn-ctn-center existing\"><a class=\"ubtn-link ult-adjust-bottom-margin ubtn-center ubtn-normal existing\" href=\"#\" target=\"_blank\" rel=\"noopener\" ><button type=\"button\" id=\"ubtn-2645\"  class=\"ubtn ult-adjust-bottom-margin ult-responsive ubtn-normal ubtn-no-hover-bg  none  ubtn-center   tooltip-69f3f0aadeaed\"  data-hover=\"#ffffff\" data-border-color=\"\" data-bg=\"#ff8630\" data-hover-bg=\"#324ecf\" data-border-hover=\"\" data-shadow-hover=\"\" data-shadow-click=\"none\" data-shadow=\"\" data-shd-shadow=\"\"  data-ultimate-target='#ubtn-2645'  data-responsive-json-new='{\"font-size\":\"desktop:18px;\",\"line-height\":\"\"}'  style=\"font-family:&#039;Poppins&#039;;font-weight:600;border-radius:5px;border-width:0px;border-color:;border-style:solid;background: #ff8630;color: #ffffff;\"><span class=\"ubtn-hover\" style=\"background-color:#324ecf\"><\/span><span class=\"ubtn-data ubtn-text \" >Cliente existente<\/span><\/button><\/a><\/div>[\/vc_column][vc_column width=&#8221;1\/4&#8243;]<div class=\" ubtn-ctn-center new\"><a class=\"ubtn-link ult-adjust-bottom-margin ubtn-center ubtn-normal new\" href=\"#\" target=\"_blank\" rel=\"noopener\" ><button type=\"button\" id=\"ubtn-4055\"  class=\"ubtn ult-adjust-bottom-margin ult-responsive ubtn-normal ubtn-no-hover-bg  none  ubtn-center   tooltip-69f3f0aadebae\"  data-hover=\"#ffffff\" data-border-color=\"\" data-bg=\"#ff8630\" data-hover-bg=\"#324ecf\" data-border-hover=\"\" data-shadow-hover=\"\" data-shadow-click=\"none\" data-shadow=\"\" data-shd-shadow=\"\"  data-ultimate-target='#ubtn-4055'  data-responsive-json-new='{\"font-size\":\"desktop:18px;\",\"line-height\":\"\"}'  style=\"font-family:&#039;Poppins&#039;;font-weight:600;border-radius:5px;border-width:0px;border-color:;border-style:solid;background: #ff8630;color: #ffffff;\"><span class=\"ubtn-hover\" style=\"background-color:#324ecf\"><\/span><span class=\"ubtn-data ubtn-text \" >Cliente Nuevo<\/span><\/button><\/a><\/div>[\/vc_column][\/vc_row]<\/p>\n","protected":false},"excerpt":{"rendered":"<p>[vc_row full_height=&#8221;yes&#8221; content_placement=&#8221;middle&#8221; bg_type=&#8221;image&#8221; parallax_style=&#8221;vcpb-default&#8221; bg_image_new=&#8221;id^38986|url^https:\/\/www.wavetec.com\/wp-content\/uploads\/2022\/01\/BANNERDATAACTIVE.png|caption^null|alt^null|title^BANNERDATAACTIVE|description^null&#8221; bg_image_repeat=&#8221;no-repeat&#8221; bg_image_posiiton=&#8221;0 0&#8243; bg_override=&#8221;full&#8221;][vc_column][vc_column_text] \u00bfCu\u00e1l es el retorno financiero de la inversi\u00f3n? en nuestras<span class=\"excerpt-hellip\"> [\u2026]<\/span><\/p>\n","protected":false},"author":30,"featured_media":38943,"parent":0,"menu_order":0,"comment_status":"closed","ping_status":"closed","template":"","meta":{"content-type":"","footnotes":""},"class_list":["post-67971","page","type-page","status-publish","has-post-thumbnail","hentry"],"acf":[],"_links":{"self":[{"href":"https:\/\/www.wavetec.com\/es\/wp-json\/wp\/v2\/pages\/67971","targetHints":{"allow":["GET"]}}],"collection":[{"href":"https:\/\/www.wavetec.com\/es\/wp-json\/wp\/v2\/pages"}],"about":[{"href":"https:\/\/www.wavetec.com\/es\/wp-json\/wp\/v2\/types\/page"}],"author":[{"embeddable":true,"href":"https:\/\/www.wavetec.com\/es\/wp-json\/wp\/v2\/users\/30"}],"replies":[{"embeddable":true,"href":"https:\/\/www.wavetec.com\/es\/wp-json\/wp\/v2\/comments?post=67971"}],"version-history":[{"count":3,"href":"https:\/\/www.wavetec.com\/es\/wp-json\/wp\/v2\/pages\/67971\/revisions"}],"predecessor-version":[{"id":67975,"href":"https:\/\/www.wavetec.com\/es\/wp-json\/wp\/v2\/pages\/67971\/revisions\/67975"}],"wp:featuredmedia":[{"embeddable":true,"href":"https:\/\/www.wavetec.com\/es\/wp-json\/wp\/v2\/media\/38943"}],"wp:attachment":[{"href":"https:\/\/www.wavetec.com\/es\/wp-json\/wp\/v2\/media?parent=67971"}],"curies":[{"name":"wp","href":"https:\/\/api.w.org\/{rel}","templated":true}]}}