{"id":6711,"date":"2016-03-29T08:47:41","date_gmt":"2016-03-29T08:47:41","guid":{"rendered":"https:\/\/test.wavetec.com\/es\/soluciones\/gestion-de-filas\/linear-queuing\/"},"modified":"2024-02-01T08:29:06","modified_gmt":"2024-02-01T08:29:06","slug":"fila-unica","status":"publish","type":"page","link":"https:\/\/www.wavetec.com\/es\/soluciones\/gestion-de-filas\/fila-unica\/","title":{"rendered":"Cola Lineal"},"content":{"rendered":"<p>[vc_row content_placement=&#8221;middle&#8221;][vc_column width=&#8221;1\/2&#8243;][vc_column_text]<\/p>\n<h1>Sistema de gesti\u00f3n<br \/>\nde Fila \u00fanica<\/h1>\n<p>[\/vc_column_text][vc_column_text]UNO-Q es un sistema de fila \u00fanica que aumenta la eficiencia del servicio, reduce el tiempo de espera y mejora las experiencias de clientes[\/vc_column_text][vc_single_image image=&#8221;27620&#8243; img_size=&#8221;full&#8221;][\/vc_column][vc_column width=&#8221;1\/2&#8243;][vc_single_image image=&#8221;32005&#8243; img_size=&#8221;full&#8221; alignment=&#8221;center&#8221;][\/vc_column][\/vc_row][vc_row el_id=&#8221;linear-queuing&#8221;][vc_column][\/vc_column][\/vc_row][vc_section full_width=&#8221;stretch_row_content&#8221; css=&#8221;.vc_custom_1605676933804{margin-bottom: 30px !important;background-color: #ffffff !important;}&#8221;][vc_row equal_height=&#8221;yes&#8221; content_placement=&#8221;middle&#8221; bg_type=&#8221;bg_color&#8221; el_id=&#8221;internalmenu&#8221; bg_color_value=&#8221;#ffffff&#8221;][vc_column width=&#8221;1\/6&#8243; css=&#8221;.vc_custom_1619506359005{margin-top: 0px !important;margin-right: 0px !important;margin-bottom: 0px !important;margin-left: 0px !important;padding-top: 0px !important;padding-right: 0px !important;padding-bottom: 0px !important;padding-left: 0px !important;}&#8221; offset=&#8221;vc_col-lg-offset-1&#8243;][vc_single_image image=&#8221;16993&#8243; img_size=&#8221;full&#8221; alignment=&#8221;center&#8221; css=&#8221;.vc_custom_1610536784373{margin-top: 10px !important;margin-bottom: -20px !important;}&#8221;][\/vc_column][vc_column width=&#8221;1\/2&#8243; css=&#8221;.vc_custom_1619506351237{margin-top: 0px !important;margin-right: 0px !important;margin-bottom: 0px !important;margin-left: 0px !important;padding-top: 0px !important;padding-right: 0px !important;padding-bottom: 0px !important;padding-left: 0px !important;}&#8221;][vc_column_text css=&#8221;.vc_custom_1629194802342{margin-bottom: 0px !important;}&#8221; el_class=&#8221;sticky-nav-text&#8221;]<a href=\"\/es\/soluciones\/gestion-de-filas\/fila-unica\/#linear-queuing\"><span style=\"text-decoration: underline;\"><span style=\"color: #1ab071; text-decoration: underline;\"><strong>Visi\u00f3n de conjunto<\/strong><\/span><\/span><\/a>\u00a0 \u00a0 \u00a0 <a href=\"\/es\/soluciones\/gestion-de-filas\/fila-unica\/como-funciona\/#linear-how-it-works\"><u>C\u00f3mo funciona<\/u><\/a>[\/vc_column_text][\/vc_column][vc_column width=&#8221;1\/4&#8243; css=&#8221;.vc_custom_1610027292901{margin-top: 0px !important;margin-right: 0px !important;margin-bottom: 0px !important;margin-left: 0px !important;padding-top: 0px !important;padding-right: 0px !important;padding-bottom: 0px !important;padding-left: 0px !important;}&#8221; offset=&#8221;vc_hidden-md vc_hidden-sm vc_hidden-xs&#8221;]<div class=\" vc_custom_1629190209391 ubtn-ctn-center \"><a class=\"ubtn-link ult-adjust-bottom-margin ubtn-center ubtn-normal \" href=\"https:\/\/info.wavetec.com\/es\/fila-%C3%BAnica\" target=\"_blank\" rel=\"noopener\"><button type=\"button\" id=\"ubtn-7641\"  class=\"ubtn ult-adjust-bottom-margin ult-responsive ubtn-normal ubtn-no-hover-bg  none  ubtn-center   tooltip-69f1c25888823\"  data-hover=\"#ffffff\" data-border-color=\"\" data-bg=\"#1ab071\" data-hover-bg=\"#fe8630\" data-border-hover=\"\" data-shadow-hover=\"\" data-shadow-click=\"none\" data-shadow=\"\" data-shd-shadow=\"\"  data-ultimate-target='#ubtn-7641'  data-responsive-json-new='{\"font-size\":\"desktop:18px;\",\"line-height\":\"\"}'  style=\"font-family:&#039;Poppins&#039;;font-weight:600;border-radius:5px;border-width:0px;border-color:;border-style:solid;background: #1ab071;color: #ffffff;\"><span class=\"ubtn-hover\" style=\"background-color:#fe8630\"><\/span><span class=\"ubtn-data ubtn-text \" >Descargar folleto<\/span><\/button><\/a><\/div>[\/vc_column][\/vc_row][\/vc_section][vc_row content_placement=&#8221;middle&#8221;][vc_column width=&#8221;1\/2&#8243;][vc_column_text]<\/p>\n<h2>\u00a1Sirve un 30% m\u00e1s de clientes por hora!<\/h2>\n<p>[\/vc_column_text][vc_column_text]El sistema de fila \u00fanica UNO-Q Plug-n-Play es una soluci\u00f3n de cola r\u00e1pida, f\u00e1cil de instalar y sin tickets. Los clientes esperan f\u00edsicamente en una fila y son atendidos cuando llega su turno. UNO-Q es un paso adelante en la simplificaci\u00f3n de las experiencias de colas mientras se optimiza la eficiencia del servicio.[\/vc_column_text][\/vc_column][vc_column width=&#8221;1\/2&#8243;][vc_single_image image=&#8221;30599&#8243; img_size=&#8221;full&#8221; alignment=&#8221;center&#8221; css=&#8221;.vc_custom_1625562622995{margin-bottom: -30px !important;}&#8221;][\/vc_column][vc_column css=&#8221;.vc_custom_1610536001075{background-color: #f8f9fd !important;border-radius: 10px !important;}&#8221;][vc_column_text]Esta soluci\u00f3n le ayuda a optimizar las operaciones del \u00e1rea de servicio. Es un sistema perfecto para transacciones sencillas. Las principales farmacias, cl\u00ednicas, peque\u00f1os centros de servicio, laboratorios, mostradores de delicatessen, centros de garant\u00eda, centros de servicios de telecomunicaciones est\u00e1n cambiando a sistemas de fila \u00fanica para monitorear y administrar los flujos de clientes.[\/vc_column_text][\/vc_column][\/vc_row][vc_row css=&#8221;.vc_custom_1610536551607{margin-top: 40px !important;margin-bottom: 40px !important;}&#8221;][vc_column width=&#8221;1\/4&#8243;]<div class=\"aio-icon-component    style_1\"><div id=\"Info-box-wrap-3059\" class=\"aio-icon-box top-icon\" style=\"\"  ><div class=\"aio-icon-top\"><div class=\"ult-just-icon-wrapper  \"><div class=\"align-icon\" style=\"text-align:center;\">\n<div class=\"aio-icon-img \" style=\"font-size:99px;display:inline-block;\" >\n\t<img decoding=\"async\" class=\"img-icon\" alt=\"null\" src=\"https:\/\/www.wavetec.com\/wp-content\/uploads\/2021\/04\/4100-100-4.png\" title=\"\">\n<\/div><\/div><\/div><\/div><div class=\"aio-icon-header\" ><h3 class=\"aio-icon-title ult-responsive\"  data-ultimate-target='#Info-box-wrap-3059 .aio-icon-title'  data-responsive-json-new='{\"font-size\":\"desktop:25px;\",\"line-height\":\"\"}'  style=\"font-family:&#039;Poppins&#039;;font-weight:600;\">Organiza el flujo de clientes<\/h3><\/div> <!-- header --><\/div> <!-- aio-icon-box --><\/div> <!-- aio-icon-component --><div class=\"aio-icon-component    style_1\"><div id=\"Info-box-wrap-8433\" class=\"aio-icon-box top-icon\" style=\"\"  ><div class=\"aio-icon-top\"><div class=\"ult-just-icon-wrapper  \"><div class=\"align-icon\" style=\"text-align:center;\">\n<div class=\"aio-icon-img \" style=\"font-size:99px;display:inline-block;\" >\n\t<img decoding=\"async\" class=\"img-icon\" alt=\"null\" src=\"https:\/\/www.wavetec.com\/wp-content\/uploads\/2021\/04\/3100-100-4.png\" title=\"\">\n<\/div><\/div><\/div><\/div><div class=\"aio-icon-header\" ><h3 class=\"aio-icon-title ult-responsive\"  data-ultimate-target='#Info-box-wrap-8433 .aio-icon-title'  data-responsive-json-new='{\"font-size\":\"desktop:25px;\",\"line-height\":\"\"}'  style=\"font-family:&#039;Poppins&#039;;font-weight:600;\">Disminuir el tiempo de inactividad del punto de atenci\u00f3n<\/h3><\/div> <!-- header --><\/div> <!-- aio-icon-box --><\/div> <!-- aio-icon-component -->[\/vc_column][vc_column width=&#8221;1\/4&#8243; offset=&#8221;vc_col-lg-offset-1&#8243;]<div class=\"aio-icon-component    style_1\"><div id=\"Info-box-wrap-1472\" class=\"aio-icon-box top-icon\" style=\"\"  ><div class=\"aio-icon-top\"><div class=\"ult-just-icon-wrapper  \"><div class=\"align-icon\" style=\"text-align:center;\">\n<div class=\"aio-icon-img \" style=\"font-size:99px;display:inline-block;\" >\n\t<img decoding=\"async\" class=\"img-icon\" alt=\"null\" src=\"https:\/\/www.wavetec.com\/wp-content\/uploads\/2021\/04\/1100-100-4.png\" title=\"\">\n<\/div><\/div><\/div><\/div><div class=\"aio-icon-header\" ><h3 class=\"aio-icon-title ult-responsive\"  data-ultimate-target='#Info-box-wrap-1472 .aio-icon-title'  data-responsive-json-new='{\"font-size\":\"desktop:25px;\",\"line-height\":\"\"}'  style=\"font-family:&#039;Poppins&#039;;font-weight:600;\">Mejora el flujo de la cola en un 30%<\/h3><\/div> <!-- header --><\/div> <!-- aio-icon-box --><\/div> <!-- aio-icon-component --><div class=\"aio-icon-component    style_1\"><div id=\"Info-box-wrap-8613\" class=\"aio-icon-box top-icon\" style=\"\"  ><div class=\"aio-icon-top\"><div class=\"ult-just-icon-wrapper  \"><div class=\"align-icon\" style=\"text-align:center;\">\n<div class=\"aio-icon-img \" style=\"font-size:99px;display:inline-block;\" >\n\t<img decoding=\"async\" class=\"img-icon\" alt=\"null\" src=\"https:\/\/www.wavetec.com\/wp-content\/uploads\/2021\/04\/5100-100-3.png\" title=\"\">\n<\/div><\/div><\/div><\/div><div class=\"aio-icon-header\" ><h3 class=\"aio-icon-title ult-responsive\"  data-ultimate-target='#Info-box-wrap-8613 .aio-icon-title'  data-responsive-json-new='{\"font-size\":\"desktop:25px;\",\"line-height\":\"\"}'  style=\"font-family:&#039;Poppins&#039;;font-weight:600;\">Notificaciones en tiempo real<\/h3><\/div> <!-- header --><\/div> <!-- aio-icon-box --><\/div> <!-- aio-icon-component -->[\/vc_column][vc_column width=&#8221;1\/4&#8243; offset=&#8221;vc_col-lg-offset-1&#8243;]<div class=\"aio-icon-component    style_1\"><div id=\"Info-box-wrap-5146\" class=\"aio-icon-box top-icon\" style=\"\"  ><div class=\"aio-icon-top\"><div class=\"ult-just-icon-wrapper  \"><div class=\"align-icon\" style=\"text-align:center;\">\n<div class=\"aio-icon-img \" style=\"font-size:99px;display:inline-block;\" >\n\t<img decoding=\"async\" class=\"img-icon\" alt=\"null\" src=\"https:\/\/www.wavetec.com\/wp-content\/uploads\/2021\/04\/2-8.png\" title=\"\">\n<\/div><\/div><\/div><\/div><div class=\"aio-icon-header\" ><h3 class=\"aio-icon-title ult-responsive\"  data-ultimate-target='#Info-box-wrap-5146 .aio-icon-title'  data-responsive-json-new='{\"font-size\":\"desktop:25px;\",\"line-height\":\"\"}'  style=\"font-family:&#039;Poppins&#039;;font-weight:600;\">Reduce abandonos en un 80%<\/h3><\/div> <!-- header --><\/div> <!-- aio-icon-box --><\/div> <!-- aio-icon-component -->[\/vc_column][\/vc_row][vc_row gap=&#8221;35&#8243;][vc_column][vc_single_image image=&#8221;16968&#8243; img_size=&#8221;full&#8221; alignment=&#8221;center&#8221; css=&#8221;.vc_custom_1610535265112{margin-bottom: 0px !important;}&#8221;][vc_column_text]<\/p>\n<h2>Fila \u00fanica digital<\/h2>\n<p>[\/vc_column_text][\/vc_column][vc_column width=&#8221;7\/12&#8243;][vc_column_text]El sistema de fila \u00fanica UNO-Q de Wavetec agiliza el flujo de clientes para hasta 99 mostradores o puntos de atenci\u00f3n. Reduciendo los tiempos de espera de los clientes, esta soluci\u00f3n plug-n-play es ideal para peque\u00f1os minoristas, farmacias, restaurantes, oficinas de correos o cadenas de comida r\u00e1pida que requieren un sistema simple pero completo para administrar los clientes en espera. Wavetec proporciona soluciones de cola personalizables para atender diversos problemas de servicio que enfrentan las organizaciones.[\/vc_column_text][\/vc_column][vc_column width=&#8221;5\/12&#8243;][vc_column_text]Con un sistema de fila \u00fanica, puede realizar un seguimiento del tiempo promedio de atenci\u00f3n al cliente, monitorear la eficiencia de los cajeros y las horas pico de tr\u00e1fico. Nuestras soluciones de colas se pueden integrar con la carteler\u00eda digital y las soluciones de feedback de los clientes para ofrecer experiencias completas al cliente.[\/vc_column_text][\/vc_column][\/vc_row][vc_row content_placement=&#8221;middle&#8221;][vc_column][vc_column_text]<\/p>\n<h2 style=\"text-align: center;\">Una forma sencilla de gestionar las colas<\/h2>\n<p>[\/vc_column_text][vc_column_text]<\/p>\n<p style=\"text-align: center;\">Aumente sus ingresos; Mejore la utilizaci\u00f3n y la productividad del personal con la soluci\u00f3n de fila \u00fanica de Wavetec. Es un sistema r\u00e1pido y eficiente para una atenci\u00f3n con m\u00faltiples puntos de servicio<\/p>\n<p>[\/vc_column_text][\/vc_column][\/vc_row][vc_row gap=&#8221;35&#8243;][vc_column][vc_row_inner css=&#8221;.vc_custom_1621511645322{margin-bottom: 10px !important;}&#8221;][vc_column_inner width=&#8221;1\/2&#8243; css=&#8221;.vc_custom_1621511530974{margin-bottom: 10px !important;}&#8221;][vc_single_image image=&#8221;27764&#8243; img_size=&#8221;full&#8221; css=&#8221;.vc_custom_1621843681904{margin-bottom: -30px !important;}&#8221;][vc_column_text]<strong>Notificaciones y alertas<\/strong><\/p>\n<p>Los mensajes de audio y visuales alertan instant\u00e1neamente al pr\u00f3ximo cliente en la fila[\/vc_column_text][\/vc_column_inner][vc_column_inner width=&#8221;1\/2&#8243; css=&#8221;.vc_custom_1621511538693{margin-bottom: 10px !important;}&#8221;][vc_single_image image=&#8221;28248&#8243; img_size=&#8221;full&#8221; css=&#8221;.vc_custom_1621843787935{margin-bottom: -30px !important;}&#8221;][vc_column_text]<strong>Varias estaciones<\/strong><\/p>\n<p>La soluci\u00f3n optimiza y gestiona eficazmente el flujo de clientes para hasta 16 contadores. Incluso puede optar por un sistema de 32 contadores con un modo en cascada[\/vc_column_text][\/vc_column_inner][\/vc_row_inner][vc_row_inner css=&#8221;.vc_custom_1621511679367{margin-bottom: 10px !important;}&#8221;][vc_column_inner width=&#8221;1\/2&#8243; css=&#8221;.vc_custom_1621511546146{margin-bottom: 10px !important;}&#8221;][vc_single_image image=&#8221;28782&#8243; img_size=&#8221;full&#8221; css=&#8221;.vc_custom_1622017183459{margin-bottom: -30px !important;}&#8221;][vc_column_text]<strong>Sistema de llamada de clientes<\/strong><\/p>\n<p>UNO-Q maneja r\u00e1pidamente la distribuci\u00f3n de los clientes en la cola dirigi\u00e9ndolos a los mostradores de servicio por orden de llegada. El sistema permite a los agentes de servicio llamar hasta 3 l\u00edneas diferentes.[\/vc_column_text][\/vc_column_inner][vc_column_inner width=&#8221;1\/2&#8243; css=&#8221;.vc_custom_1621511554011{margin-bottom: 10px !important;}&#8221;][vc_single_image image=&#8221;28254&#8243; img_size=&#8221;full&#8221; css=&#8221;.vc_custom_1621844298722{margin-bottom: -30px !important;}&#8221;][vc_column_text]<strong>Integrado con carteler\u00eda digital<\/strong><\/p>\n<p>UNO-Q funciona con el media player Donatello, lo que le permite convertir su pantalla de informaci\u00f3n en carteler\u00eda digital din\u00e1mica, pantalla publicitaria que lo equipa con una soluci\u00f3n completa de gesti\u00f3n de flujo.[\/vc_column_text][\/vc_column_inner][\/vc_row_inner][\/vc_column][\/vc_row][vc_row css=&#8221;.vc_custom_1620164313073{margin-top: 40px !important;margin-bottom: 40px !important;}&#8221;][vc_column][vc_column_text]<\/p>\n<h2>M\u00e1s de dos millones de clientes satisfechos<\/h2>\n<p>A nivel mundial, m\u00e1s de 2 millones de personas pasan por nuestras soluciones de experiencia del cliente a diario.[\/vc_column_text][\/vc_column][\/vc_row][vc_row content_placement=&#8221;middle&#8221; css=&#8221;.vc_custom_1610536615685{margin-top: 40px !important;}&#8221;][vc_column width=&#8221;1\/2&#8243;][vc_column_text]<\/p>\n<h2>La carteler\u00eda digital impulsa UNO-Q<\/h2>\n<p>Las integraciones con el media player Donatello Digital Signage le permiten lograr un cambio din\u00e1mico en sus m\u00e9todos de comunicaci\u00f3n. Esta soluci\u00f3n de Wavetec ofrece plataformas de carteler\u00eda de nivel empresarial de vanguardia para mostrar mensajes dirigidos a sus clientes, ganar y mantener su atenci\u00f3n y mejorar sus ingresos por ventas.[\/vc_column_text][\/vc_column][vc_column width=&#8221;1\/2&#8243;][vc_single_image image=&#8221;16962&#8243; img_size=&#8221;full&#8221; alignment=&#8221;center&#8221;][\/vc_column][\/vc_row][vc_row content_placement=&#8221;middle&#8221; bg_type=&#8221;bg_color&#8221; bg_override=&#8221;full&#8221; bg_color_value=&#8221;#f9fbfc&#8221;][vc_column width=&#8221;1\/2&#8243;][vc_single_image image=&#8221;16980&#8243; img_size=&#8221;full&#8221; alignment=&#8221;center&#8221;][\/vc_column][vc_column width=&#8221;1\/2&#8243;][vc_column_text]<\/p>\n<h2>\u00bfC\u00f3mo pueden ayudar las<br \/>\nsoluciones de cola virtual?<\/h2>\n<p>Tenemos una amplia experiencia en el equipamiento de \u00e1reas de servicio en bancos, hospitales, farmacias, organizaciones gubernamentales, supermercados y tiendas minoristas. SafeQ le permite ofrecer experiencias de cliente fluidas.[\/vc_column_text]<div class=\" ubtn-ctn-left icon-btn\"><a class=\"ubtn-link ult-adjust-bottom-margin ubtn-left ubtn-normal icon-btn\" href=\"https:\/\/info.wavetec.com\/es\/fila-%C3%BAnica\" target=\"_blank\" rel=\"noopener\"><button type=\"button\" id=\"ubtn-5715\"  class=\"ubtn ult-adjust-bottom-margin ult-responsive ubtn-normal ubtn-no-hover-bg  none  ubtn-sep-icon ubtn-sep-icon-at-right  ubtn-left   tooltip-69f1c25889d7c\"  data-hover=\"\" data-border-color=\"#1ab071\" data-bg=\"#1ab071\" data-hover-bg=\"#fe8630\" data-border-hover=\"\" data-shadow-hover=\"\" data-shadow-click=\"none\" data-shadow=\"\" data-shd-shadow=\"\"  data-ultimate-target='#ubtn-5715'  data-responsive-json-new='{\"font-size\":\"desktop:18px;\",\"line-height\":\"\"}'  style=\"font-family:&#039;Poppins&#039;;font-weight:600;border-radius:5px;border-width:0px;border-color:#1ab071;border-style:solid;background: #1ab071;color: #ffffff;\"><span class=\"ubtn-data ubtn-icon\"><i class=\"Defaults-download\" style=\"font-size:32px;color:#ffffff;\"><\/i><\/span><span class=\"ubtn-hover\" style=\"background-color:#fe8630\"><\/span><span class=\"ubtn-data ubtn-text \" >Descargar folleto<\/span><\/button><\/a><\/div>[\/vc_column][\/vc_row][vc_row][vc_column]<div class=\"templatera_shortcode\"><\/div>[\/vc_column][\/vc_row][vc_row content_placement=&#8221;middle&#8221; bg_type=&#8221;image&#8221; parallax_style=&#8221;vcpb-default&#8221; bg_image_new=&#8221;id^16314|url^https:\/\/www.wavetec.com\/wp-content\/uploads\/2020\/11\/vector-circle-1.png|caption^null|alt^null|title^vector-circle|description^null&#8221; bg_image_repeat=&#8221;no-repeat&#8221; bg_image_size=&#8221;initial&#8221; bg_image_posiiton=&#8221;right bottom&#8221; bg_override=&#8221;full&#8221;][vc_column width=&#8221;5\/12&#8243;][vc_column_text]<\/p>\n<h2>Wavetec Blog<\/h2>\n<p>Espere blogs, entrevistas y art\u00edculos de opini\u00f3n de forma per\u00edodica, desarrollados en profundidad y centrados en la industria.<br \/>\nY suscr\u00edbete para mantenerte actualizado.[\/vc_column_text]<div class=\" ubtn-ctn-left \"><a class=\"ubtn-link ult-adjust-bottom-margin ubtn-left ubtn-normal \" href=\"https:\/\/blog.wavetec.com\/es\" target=\"_blank\" rel=\"noopener\"><button type=\"button\" id=\"ubtn-3751\"  class=\"ubtn ult-adjust-bottom-margin ult-responsive ubtn-normal ubtn-no-hover-bg  none  ubtn-left   tooltip-69f1c2588ae5c\"  data-hover=\"#ffffff\" data-border-color=\"\" data-bg=\"#ff8630\" data-hover-bg=\"#1ab071\" data-border-hover=\"\" data-shadow-hover=\"\" data-shadow-click=\"none\" data-shadow=\"\" data-shd-shadow=\"\"  data-ultimate-target='#ubtn-3751'  data-responsive-json-new='{\"font-size\":\"desktop:18px;\",\"line-height\":\"\"}'  style=\"font-family:&#039;Poppins&#039;;font-weight:600;border-radius:5px;border-width:0px;border-color:;border-style:solid;background: #ff8630;color: #ffffff;\"><span class=\"ubtn-hover\" style=\"background-color:#1ab071\"><\/span><span class=\"ubtn-data ubtn-text \" >Explora m\u00e1s<\/span><\/button><\/a><\/div>[\/vc_column][vc_column width=&#8221;1\/2&#8243; offset=&#8221;vc_col-lg-offset-1 vc_hidden-lg vc_hidden-md vc_hidden-sm vc_hidden-xs&#8221;][vc_column_text]<span style=\"color: #1ab071; font-weight: 500;\"><a style=\"color: #1ab071;\" href=\"https:\/\/blog.wavetec.com\/en\/who-let-the-codes-out-qr-codes-and-how-they-are-uplifting-customer-care-standards-mid-pandemic\" target=\"_blank\" rel=\"noopener\">Who let the codes out? QR codes uplifting customer care standards, mid-pandemic<\/a><\/span><\/p>\n<p><span style=\"color: #1ab071; font-weight: 500;\"><a style=\"color: #1ab071;\" href=\"https:\/\/blog.wavetec.com\/en\/3-dashboards-your-bank-needs-for-smooth-and-successful-customer-flow-management\" target=\"_blank\" rel=\"noopener\">3 dashboards your Bank needs for smooth and successful customer flow management<\/a><\/span><\/p>\n<p><span style=\"color: #1ab071; font-weight: 500;\"><a style=\"color: #1ab071;\" href=\"https:\/\/blog.wavetec.com\/en\/retail-revival-how-best-to-alleviate-holiday-season-queues-and-improve-customer-experience\" target=\"_blank\" rel=\"noopener\">Retail revival? How best to alleviate holiday season queues, and improve customer experience<\/a><\/span><\/p>\n<p><span style=\"color: #1ab071; font-weight: 500;\"><a style=\"color: #1ab071;\" href=\"https:\/\/blog.wavetec.com\/en\/8-characteristics-to-look-for-in-a-solution-provider-when-planning-to-purchase-a-queue-management-system\" target=\"_blank\" rel=\"noopener\">8 Characteristics To Look For In A Solution Provider When Planning to Purchase a Queue Management System<\/a><\/span>[\/vc_column_text][\/vc_column][\/vc_row]<\/p>\n","protected":false},"excerpt":{"rendered":"","protected":false},"author":1,"featured_media":21989,"parent":6591,"menu_order":0,"comment_status":"closed","ping_status":"closed","template":"","meta":{"content-type":"","footnotes":""},"class_list":["post-6711","page","type-page","status-publish","has-post-thumbnail","hentry"],"acf":[],"_links":{"self":[{"href":"https:\/\/www.wavetec.com\/es\/wp-json\/wp\/v2\/pages\/6711","targetHints":{"allow":["GET"]}}],"collection":[{"href":"https:\/\/www.wavetec.com\/es\/wp-json\/wp\/v2\/pages"}],"about":[{"href":"https:\/\/www.wavetec.com\/es\/wp-json\/wp\/v2\/types\/page"}],"author":[{"embeddable":true,"href":"https:\/\/www.wavetec.com\/es\/wp-json\/wp\/v2\/users\/1"}],"replies":[{"embeddable":true,"href":"https:\/\/www.wavetec.com\/es\/wp-json\/wp\/v2\/comments?post=6711"}],"version-history":[{"count":1,"href":"https:\/\/www.wavetec.com\/es\/wp-json\/wp\/v2\/pages\/6711\/revisions"}],"predecessor-version":[{"id":74042,"href":"https:\/\/www.wavetec.com\/es\/wp-json\/wp\/v2\/pages\/6711\/revisions\/74042"}],"up":[{"embeddable":true,"href":"https:\/\/www.wavetec.com\/es\/wp-json\/wp\/v2\/pages\/6591"}],"wp:featuredmedia":[{"embeddable":true,"href":"https:\/\/www.wavetec.com\/es\/wp-json\/wp\/v2\/media\/21989"}],"wp:attachment":[{"href":"https:\/\/www.wavetec.com\/es\/wp-json\/wp\/v2\/media?parent=6711"}],"curies":[{"name":"wp","href":"https:\/\/api.w.org\/{rel}","templated":true}]}}