{"id":65139,"date":"2023-09-11T07:57:04","date_gmt":"2023-09-11T07:57:04","guid":{"rendered":"https:\/\/test.wavetec.com\/?page_id=65139"},"modified":"2023-09-11T07:57:04","modified_gmt":"2023-09-11T07:57:04","slug":"reservar-una-demostracion-gracias","status":"publish","type":"page","link":"https:\/\/www.wavetec.com\/es\/reservar-una-demostracion-gracias\/","title":{"rendered":"Reservar Una Demostraci\u00f3n Gracias"},"content":{"rendered":"<p>[vc_row][vc_column][vc_column_text]<\/p>\n<h4><strong>\u00a1Gracias por solicitar una demostraci\u00f3n!<\/strong>\u00a0Nuestro tiempo de respuesta promedio a cualquier necesidad de negocios es entre uno y dos d\u00edas h\u00e1biles. En casi de tratarse de un requerimiento urgente, por favor no dude en llamarnos.<\/h4>\n<h6>Mientras tanto, puede encontrar m\u00e1s informaci\u00f3n sobre nuestros productos y soluciones utilizando el men\u00fa superior de navegaci\u00f3n.<\/h6>\n<p>[\/vc_column_text][\/vc_column][\/vc_row][vc_row][vc_column width=&#8221;1\/4&#8243;]<a href=\"https:\/\/www.linkedin.com\/company\/wavetec\" class=\"ult_price_action_button\" style=\"background:#f9f9f9;\" target=\"_blank\" rel=\"noopener\"><div class=\"ult_pricing_table_wrap ult_info_table ult_design_3  ult-cs-custom \">\n\t\t\t\t\t<div class=\"ult_pricing_table \" style=\"background:#0078a8; \"><div id=\"Info-table-wrap-7633\" class=\"ult_pricing_heading\">\n\t\t\t\t\t\t\t<h3 class=\"ult-responsive\"  data-ultimate-target='#Info-table-wrap-7633 h3'  data-responsive-json-new='{\"font-size\":\"\",\"line-height\":\"\"}'  style=\"font-weight:normal;\">Linkedin<\/h3><\/div><!--ult_pricing_heading--><div class=\"ult_price_body_block\" style=\"background:#f9f9f9;\">\n\t\t\t\t\t\t\t<div class=\"ult_price_body\">\n\t\t\t\t\t\t\t\t<div class=\"ult_price\">\n\t\t\t\t\t\t\t\t\t<div class=\"ult-just-icon-wrapper  \"><div class=\"align-icon\" style=\"text-align:center;\">\n<div class=\"aio-icon advanced \"  style=\"color:#0078a8;background:#f9f9f9;border-style:solid;border-color:#0078a8;border-width:1px;width:80px;height:80px;line-height:80px;border-radius:500px;font-size:50px;display:inline-block;\">\n\t<i class=\"Defaults-linkedin\"><\/i>\n<\/div><\/div><\/div>\n\t\t\t\t\t\t\t\t<\/div>\n\t\t\t\t\t\t\t<\/div>\n\t\t\t\t\t\t<\/div><!--ult_price_body_block--><div id=\"info_table_features_wrap-4393\"  data-ultimate-target='#info_table_features_wrap-4393.ult_price_features'  data-responsive-json-new='{\"font-size\":\"\",\"line-height\":\"\"}'  class=\"ult-responsive ult_price_features\" style=\"font-weight:normal;\">\n\t\t\t\t\t\t\t<p>Follow us on LinkedIn<\/p>\n\n\t\t\t\t\t\t<\/div><!--ult_price_features--><div class=\"ult_clr\"><\/div>\n\t\t\t<\/div><!--pricing_table-->\n\t\t<\/div><!--pricing_table_wrap--><\/a>[\/vc_column][vc_column width=&#8221;1\/4&#8243;]<a href=\"https:\/\/www.facebook.com\/wavetec\" class=\"ult_price_action_button\" style=\"background:#f9f9f9;\" target=\"_blank\" rel=\"noopener\"><div class=\"ult_pricing_table_wrap ult_info_table ult_design_3  ult-cs-custom \">\n\t\t\t\t\t<div class=\"ult_pricing_table \" style=\"background:#3d62b3; \"><div id=\"Info-table-wrap-6230\" class=\"ult_pricing_heading\">\n\t\t\t\t\t\t\t<h3 class=\"ult-responsive\"  data-ultimate-target='#Info-table-wrap-6230 h3'  data-responsive-json-new='{\"font-size\":\"\",\"line-height\":\"\"}'  style=\"font-weight:normal;\">Facebook<\/h3><\/div><!--ult_pricing_heading--><div class=\"ult_price_body_block\" style=\"background:#f9f9f9;\">\n\t\t\t\t\t\t\t<div class=\"ult_price_body\">\n\t\t\t\t\t\t\t\t<div class=\"ult_price\">\n\t\t\t\t\t\t\t\t\t<div class=\"ult-just-icon-wrapper  \"><div class=\"align-icon\" style=\"text-align:center;\">\n<div class=\"aio-icon advanced \"  style=\"color:#3d62b3;background:#ffffff;border-style:solid;border-color:#3d62b3;border-width:1px;width:80px;height:80px;line-height:80px;border-radius:500px;font-size:50px;display:inline-block;\">\n\t<i class=\"Defaults-facebook\"><\/i>\n<\/div><\/div><\/div>\n\t\t\t\t\t\t\t\t<\/div>\n\t\t\t\t\t\t\t<\/div>\n\t\t\t\t\t\t<\/div><!--ult_price_body_block--><div id=\"info_table_features_wrap-9806\"  data-ultimate-target='#info_table_features_wrap-9806.ult_price_features'  data-responsive-json-new='{\"font-size\":\"\",\"line-height\":\"\"}'  class=\"ult-responsive ult_price_features\" style=\"font-weight:normal;\">\n\t\t\t\t\t\t\t<p>Follow us on Facebook<\/p>\n\n\t\t\t\t\t\t<\/div><!--ult_price_features--><div class=\"ult_clr\"><\/div>\n\t\t\t<\/div><!--pricing_table-->\n\t\t<\/div><!--pricing_table_wrap--><\/a>[\/vc_column][vc_column width=&#8221;1\/4&#8243;]<a href=\"https:\/\/twitter.com\/wavetec\" class=\"ult_price_action_button\" style=\"background:#f9f9f9;\" target=\"_blank\" rel=\"noopener\"><div class=\"ult_pricing_table_wrap ult_info_table ult_design_3  ult-cs-custom \">\n\t\t\t\t\t<div class=\"ult_pricing_table \" style=\"background:#0dd9e8; \"><div id=\"Info-table-wrap-9955\" class=\"ult_pricing_heading\">\n\t\t\t\t\t\t\t<h3 class=\"ult-responsive\"  data-ultimate-target='#Info-table-wrap-9955 h3'  data-responsive-json-new='{\"font-size\":\"\",\"line-height\":\"\"}'  style=\"font-weight:normal;\">Twitter<\/h3><\/div><!--ult_pricing_heading--><div class=\"ult_price_body_block\" style=\"background:#f9f9f9;\">\n\t\t\t\t\t\t\t<div class=\"ult_price_body\">\n\t\t\t\t\t\t\t\t<div class=\"ult_price\">\n\t\t\t\t\t\t\t\t\t<div class=\"ult-just-icon-wrapper  \"><div class=\"align-icon\" style=\"text-align:center;\">\n<div class=\"aio-icon advanced \"  style=\"color:#0dd9e8;background:#ffffff;border-style:solid;border-color:#0dd9e8;border-width:1px;width:80px;height:80px;line-height:80px;border-radius:500px;font-size:50px;display:inline-block;\">\n\t<i class=\"Defaults-twitter\"><\/i>\n<\/div><\/div><\/div>\n\t\t\t\t\t\t\t\t<\/div>\n\t\t\t\t\t\t\t<\/div>\n\t\t\t\t\t\t<\/div><!--ult_price_body_block--><div id=\"info_table_features_wrap-4363\"  data-ultimate-target='#info_table_features_wrap-4363.ult_price_features'  data-responsive-json-new='{\"font-size\":\"\",\"line-height\":\"\"}'  class=\"ult-responsive ult_price_features\" style=\"font-weight:normal;\">\n\t\t\t\t\t\t\t<p>Follow us on Twitter<\/p>\n\n\t\t\t\t\t\t<\/div><!--ult_price_features--><div class=\"ult_clr\"><\/div>\n\t\t\t<\/div><!--pricing_table-->\n\t\t<\/div><!--pricing_table_wrap--><\/a>[\/vc_column][vc_column width=&#8221;1\/4&#8243;]<a href=\"https:\/\/plus.google.com\/u\/0\/+WavetecGlobal\/posts\" class=\"ult_price_action_button\" style=\"background:#f9f9f9;\" target=\"_blank\" rel=\"noopener\"><div class=\"ult_pricing_table_wrap ult_info_table ult_design_3  ult-cs-custom \">\n\t\t\t\t\t<div class=\"ult_pricing_table \" style=\"background:#da4835; \"><div id=\"Info-table-wrap-5863\" class=\"ult_pricing_heading\">\n\t\t\t\t\t\t\t<h3 class=\"ult-responsive\"  data-ultimate-target='#Info-table-wrap-5863 h3'  data-responsive-json-new='{\"font-size\":\"\",\"line-height\":\"\"}'  style=\"font-weight:normal;\">Google Plus<\/h3><\/div><!--ult_pricing_heading--><div class=\"ult_price_body_block\" style=\"background:#f9f9f9;\">\n\t\t\t\t\t\t\t<div class=\"ult_price_body\">\n\t\t\t\t\t\t\t\t<div class=\"ult_price\">\n\t\t\t\t\t\t\t\t\t<div class=\"ult-just-icon-wrapper  \"><div class=\"align-icon\" style=\"text-align:center;\">\n<div class=\"aio-icon advanced \"  style=\"color:#da4835;background:#ffffff;border-style:solid;border-color:#da4835;border-width:1px;width:80px;height:80px;line-height:80px;border-radius:500px;font-size:50px;display:inline-block;\">\n\t<i class=\"Defaults-google-plus\"><\/i>\n<\/div><\/div><\/div>\n\t\t\t\t\t\t\t\t<\/div>\n\t\t\t\t\t\t\t<\/div>\n\t\t\t\t\t\t<\/div><!--ult_price_body_block--><div id=\"info_table_features_wrap-8393\"  data-ultimate-target='#info_table_features_wrap-8393.ult_price_features'  data-responsive-json-new='{\"font-size\":\"\",\"line-height\":\"\"}'  class=\"ult-responsive ult_price_features\" style=\"font-weight:normal;\">\n\t\t\t\t\t\t\t<p>Follow us on\u00a0Google Plus<\/p>\n\n\t\t\t\t\t\t<\/div><!--ult_price_features--><div class=\"ult_clr\"><\/div>\n\t\t\t<\/div><!--pricing_table-->\n\t\t<\/div><!--pricing_table_wrap--><\/a>[\/vc_column][\/vc_row][vc_row][vc_column][vc_column_text]<\/p>\n<h4 style=\"text-align: center;\">Aqu\u00ed puede encontrar contenidos que pueden resultar de su inter\u00e9s<\/h4>\n<p>[\/vc_column_text][\/vc_column][\/vc_row][vc_row bg_type=&#8221;bg_color&#8221; bg_override=&#8221;full&#8221; row_container=&#8221;&#8221; bg_color_value=&#8221;#eeeeee&#8221; css=&#8221;.vc_custom_1427704967020{padding-top: 60px !important;padding-bottom: 50px !important;}&#8221;][vc_column width=&#8221;1\/3&#8243;][vc_column_text]<\/p>\n<h3>Noticias<\/h3>\n<p>Explore la sala de prensa de Wavetec, donde puede encontrar las \u00faltimas noticias de la empresa, principales eventos e informaci\u00f3n de Wavetec alrededor del mundo.<\/p>\n<p><a href=\"https:\/\/www.wavetec.com\/es\/media-center\/noticias\/\">Ir a Noticias<\/a>[\/vc_column_text][\/vc_column][vc_column width=&#8221;1\/3&#8243;][vc_column_text]<\/p>\n<h3>Casos de Estudio<\/h3>\n<p>En Wavetec constantemente innovamos para ayudar a mejorar experiencias de clientes y la eficiencia operacional. Explore c\u00f3mo ayudamos a distintas organizaciones a ir m\u00e1s all\u00e1 en su visi\u00f3n empresarial.<\/p>\n<p><a title=\"Casos de Estudio\" href=\"https:\/\/www.wavetec.com\/es\/media-center\/casos-de-estudio\/\">Ir a Casos de Estudio<\/a>[\/vc_column_text][\/vc_column][vc_column width=&#8221;1\/3&#8243;][vc_column_text]<\/p>\n<h3>Whitepapers<\/h3>\n<p>Durante los \u00faltimos 25 a\u00f1os, Wavetec transformo la manera en que las compa\u00f1\u00edas perciben la experiencia del cliente. Entienda como nuestras soluciones tecnol\u00f3gicas le ayudan a satisfacer sus necesidades y resolver sus problemas de negocio.<\/p>\n<p><a title=\"Whitepapers\" href=\"https:\/\/www.wavetec.com\/es\/media-center\/whitepapers\/\">Ir a Whitepapers<\/a>[\/vc_column_text][\/vc_column][\/vc_row]<\/p>\n","protected":false},"excerpt":{"rendered":"<p>[vc_row][vc_column][vc_column_text] \u00a1Gracias por solicitar una demostraci\u00f3n!\u00a0Nuestro tiempo de respuesta promedio a cualquier necesidad de negocios es entre uno y dos<span class=\"excerpt-hellip\"> [\u2026]<\/span><\/p>\n","protected":false},"author":32,"featured_media":64997,"parent":0,"menu_order":0,"comment_status":"open","ping_status":"closed","template":"","meta":{"content-type":"","footnotes":""},"class_list":["post-65139","page","type-page","status-publish","has-post-thumbnail","hentry"],"acf":[],"_links":{"self":[{"href":"https:\/\/www.wavetec.com\/es\/wp-json\/wp\/v2\/pages\/65139","targetHints":{"allow":["GET"]}}],"collection":[{"href":"https:\/\/www.wavetec.com\/es\/wp-json\/wp\/v2\/pages"}],"about":[{"href":"https:\/\/www.wavetec.com\/es\/wp-json\/wp\/v2\/types\/page"}],"author":[{"embeddable":true,"href":"https:\/\/www.wavetec.com\/es\/wp-json\/wp\/v2\/users\/32"}],"replies":[{"embeddable":true,"href":"https:\/\/www.wavetec.com\/es\/wp-json\/wp\/v2\/comments?post=65139"}],"version-history":[{"count":3,"href":"https:\/\/www.wavetec.com\/es\/wp-json\/wp\/v2\/pages\/65139\/revisions"}],"predecessor-version":[{"id":67722,"href":"https:\/\/www.wavetec.com\/es\/wp-json\/wp\/v2\/pages\/65139\/revisions\/67722"}],"wp:featuredmedia":[{"embeddable":true,"href":"https:\/\/www.wavetec.com\/es\/wp-json\/wp\/v2\/media\/64997"}],"wp:attachment":[{"href":"https:\/\/www.wavetec.com\/es\/wp-json\/wp\/v2\/media?parent=65139"}],"curies":[{"name":"wp","href":"https:\/\/api.w.org\/{rel}","templated":true}]}}