{"id":34806,"date":"2021-08-26T12:05:12","date_gmt":"2021-08-26T12:05:12","guid":{"rendered":"https:\/\/test.wavetec.com\/soluciones\/kioscos-de-autoservicio\/reverse-atm\/"},"modified":"2024-02-01T08:40:38","modified_gmt":"2024-02-01T08:40:38","slug":"cajero-automatico-inverso","status":"publish","type":"page","link":"https:\/\/www.wavetec.com\/es\/soluciones\/kioscos-de-autoservicio\/cajero-automatico-inverso\/","title":{"rendered":"Cajero automatico inverso"},"content":{"rendered":"<p>[vc_row gap=&#8221;35&#8243; equal_height=&#8221;yes&#8221; content_placement=&#8221;middle&#8221;][vc_column width=&#8221;1\/2&#8243;][vc_column_text]<\/p>\n<h1>Conozca el quiosco de cajero automatico inverso de Azimut<\/h1>\n<p>[\/vc_column_text]<div class=\" ubtn-ctn-left \"><a class=\"ubtn-link ult-adjust-bottom-margin ubtn-left ubtn-normal \" href=\"https:\/\/info.wavetec.com\/es\/agenda-una-demostraci%C3%B3n-gratuita-hoy-gratis\" target=\"_blank\" rel=\"noopener\"><button type=\"button\" id=\"ubtn-8961\"  class=\"ubtn ult-adjust-bottom-margin ult-responsive ubtn-normal ubtn-no-hover-bg  none  ubtn-left   tooltip-69f308c7e4d61\"  data-hover=\"#ffffff\" data-border-color=\"\" data-bg=\"#db4381\" data-hover-bg=\"#3a2b6b\" data-border-hover=\"\" data-shadow-hover=\"\" data-shadow-click=\"none\" data-shadow=\"\" data-shd-shadow=\"\"  data-ultimate-target='#ubtn-8961'  data-responsive-json-new='{\"font-size\":\"desktop:18px;\",\"line-height\":\"\"}'  style=\"font-family:&#039;Poppins&#039;;font-weight:600;border-radius:5px;border-width:0px;border-color:;border-style:solid;background: #db4381;color: #ffffff;\"><span class=\"ubtn-hover\" style=\"background-color:#3a2b6b\"><\/span><span class=\"ubtn-data ubtn-text \" >Reserve una demostraci\u00f3n<\/span><\/button><\/a><\/div>[vc_single_image image=&#8221;34557&#8243; img_size=&#8221;full&#8221;][\/vc_column][vc_column width=&#8221;1\/2&#8243;][vc_single_image image=&#8221;32801&#8243; img_size=&#8221;full&#8221; alignment=&#8221;center&#8221; css=&#8221;.vc_custom_1629974096929{margin-bottom: 0px !important;}&#8221;][\/vc_column][\/vc_row][vc_row content_placement=&#8221;middle&#8221; bg_type=&#8221;bg_color&#8221; bg_override=&#8221;full&#8221; bg_color_value=&#8221;#f5fbff&#8221;][vc_column width=&#8221;1\/2&#8243;][vc_single_image image=&#8221;32789&#8243; img_size=&#8221;full&#8221; alignment=&#8221;center&#8221;][\/vc_column][vc_column width=&#8221;1\/2&#8243;][vc_column_text]<\/p>\n<h2>Quedarse sin efectivo durante la pandemia<\/h2>\n<p>Muchas empresas y comerciantes decidieron o recibieron el mandato de no tener efectivo durante la crisis de salud en curso porque la moneda f\u00edsica demostr\u00f3 ser una forma muy f\u00e1cil de propagar el virus a medida que cambiaba de manos.<\/p>\n<p>Tanto los vendedores como los compradores sufrieron, ya que muchas personas en todo el mundo todav\u00eda no cuentan con servicios bancarios o no cuentan con servicios bancarios, lo que significa que no tienen una tarjeta de d\u00e9bito \/ cr\u00e9dito o acceso a una billetera m\u00f3vil. Esto alej\u00f3 a una buena cantidad de personas de la posibilidad de comprar bienes y servicios de proveedores que solo no utilizan efectivo.<\/p>\n<p>Esta frustraci\u00f3n dio lugar a la idea del cajero autom\u00e1tico inverso, un quiosco independiente que permite a los clientes convertir sus billetes f\u00edsicos en una tarjeta EMV activa y prepaga. Aqu\u00ed en Azimut, todos est\u00e1bamos de acuerdo con esta idea y fuimos pioneros en una de las primeras implementaciones de estos quioscos en un estadio deportivo en Toronto.[\/vc_column_text]<div class=\" ubtn-ctn-left \"><a class=\"ubtn-link ult-adjust-bottom-margin ubtn-left ubtn-normal \" href=\"\/es\/contacto\/\" target=\"_blank\" rel=\"noopener\" ><button type=\"button\" id=\"ubtn-6492\"  class=\"ubtn ult-adjust-bottom-margin ult-responsive ubtn-normal ubtn-no-hover-bg  none  ubtn-left   tooltip-69f308c7e4e56\"  data-hover=\"#ffffff\" data-border-color=\"\" data-bg=\"#db4381\" data-hover-bg=\"#3a2b6b\" data-border-hover=\"\" data-shadow-hover=\"\" data-shadow-click=\"none\" data-shadow=\"\" data-shd-shadow=\"\"  data-ultimate-target='#ubtn-6492'  data-responsive-json-new='{\"font-size\":\"desktop:18px;\",\"line-height\":\"\"}'  style=\"font-family:&#039;Poppins&#039;;font-weight:600;border-radius:5px;border-width:0px;border-color:;border-style:solid;background: #db4381;color: #ffffff;\"><span class=\"ubtn-hover\" style=\"background-color:#3a2b6b\"><\/span><span class=\"ubtn-data ubtn-text \" >Con\u00e9ctese con ventas<\/span><\/button><\/a><\/div>[\/vc_column][\/vc_row][vc_row content_placement=&#8221;middle&#8221;][vc_column width=&#8221;1\/2&#8243;][vc_column_text]<\/p>\n<h2>Efectivo a tarjeta en 60 segundos<\/h2>\n<p>Nuestro quiosco ayuda a los clientes a pasar del efectivo a la tarjeta en 3 pasos dolorosamente sencillos.<\/p>\n<ol>\n<li>Inserte la cantidad deseada de efectivo en la m\u00e1quina<\/li>\n<li>Reciba la tarjeta EMV activa con la cantidad exacta insertada<\/li>\n<li>\u00a1Empiece a gastar!<\/li>\n<\/ol>\n<p>[\/vc_column_text][vc_column_text]Los quioscos est\u00e1n equipados con grandes pantallas t\u00e1ctiles de 40 \u201dque ejecutan una interfaz de usuario muy f\u00e1cil de navegar que lo ayuda a pasar del efectivo a la tarjeta con tres toques de la yema del dedo y toda la transacci\u00f3n toma solo un minuto.[\/vc_column_text]<div class=\" ubtn-ctn-left \"><a class=\"ubtn-link ult-adjust-bottom-margin ubtn-left ubtn-normal \" href=\"https:\/\/info.wavetec.com\/es\/agenda-una-demostraci%C3%B3n-gratuita-hoy-gratis\" target=\"_blank\" rel=\"noopener\"><button type=\"button\" id=\"ubtn-8345\"  class=\"ubtn ult-adjust-bottom-margin ult-responsive ubtn-normal ubtn-no-hover-bg  none  ubtn-left   tooltip-69f308c7e4f0f\"  data-hover=\"#ffffff\" data-border-color=\"\" data-bg=\"#db4381\" data-hover-bg=\"#3a2b6b\" data-border-hover=\"\" data-shadow-hover=\"\" data-shadow-click=\"none\" data-shadow=\"\" data-shd-shadow=\"\"  data-ultimate-target='#ubtn-8345'  data-responsive-json-new='{\"font-size\":\"desktop:18px;\",\"line-height\":\"\"}'  style=\"font-family:&#039;Poppins&#039;;font-weight:600;border-radius:5px;border-width:0px;border-color:;border-style:solid;background: #db4381;color: #ffffff;\"><span class=\"ubtn-hover\" style=\"background-color:#3a2b6b\"><\/span><span class=\"ubtn-data ubtn-text \" >Reserve una demostraci\u00f3n<\/span><\/button><\/a><\/div>[\/vc_column][vc_column width=&#8221;1\/2&#8243;][vc_single_image image=&#8221;32807&#8243; img_size=&#8221;full&#8221; alignment=&#8221;center&#8221;][\/vc_column][\/vc_row][vc_row content_placement=&#8221;middle&#8221;][vc_column width=&#8221;1\/2&#8243;][vc_column_text]<\/p>\n<h2>\u00a1Los Blue Jays se Transformaron<\/h2>\n<p>Rogers Centre, sede de los Toronto Blue Jays, invirti\u00f3 en una serie de cajeros autom\u00e1ticos inversos para facilitar la seguridad de la salud p\u00fablica mediante la implementaci\u00f3n de una pol\u00edtica de &#8220;transacciones sin efectivo \u00fanicamente&#8221; a ra\u00edz de la crisis de salud p\u00fablica.[\/vc_column_text]<div class=\" ubtn-ctn-left \"><a class=\"ubtn-link ult-adjust-bottom-margin ubtn-left ubtn-normal \" href=\"https:\/\/www.wavetec.com\/case-studies\/rogers-centre\/\" target=\"_blank\" rel=\"noopener\"><button type=\"button\" id=\"ubtn-4768\"  class=\"ubtn ult-adjust-bottom-margin ult-responsive ubtn-normal ubtn-no-hover-bg  none  ubtn-left   tooltip-69f308c7e4fb5\"  data-hover=\"#ffffff\" data-border-color=\"\" data-bg=\"#db4381\" data-hover-bg=\"#3a2b6b\" data-border-hover=\"\" data-shadow-hover=\"\" data-shadow-click=\"none\" data-shadow=\"\" data-shd-shadow=\"\"  data-ultimate-target='#ubtn-4768'  data-responsive-json-new='{\"font-size\":\"desktop:18px;\",\"line-height\":\"\"}'  style=\"font-family:&#039;Poppins&#039;;font-weight:600;border-radius:5px;border-width:0px;border-color:;border-style:solid;background: #db4381;color: #ffffff;\"><span class=\"ubtn-hover\" style=\"background-color:#3a2b6b\"><\/span><span class=\"ubtn-data ubtn-text \" >Aprende m\u00e1s<\/span><\/button><\/a><\/div>[\/vc_column][vc_column width=&#8221;1\/2&#8243;][vc_single_image image=&#8221;32795&#8243; img_size=&#8221;full&#8221;][\/vc_column][\/vc_row][vc_row gap=&#8221;35&#8243; content_placement=&#8221;middle&#8221;][vc_column width=&#8221;1\/2&#8243;][vc_single_image image=&#8221;32813&#8243; img_size=&#8221;full&#8221;][\/vc_column][vc_column width=&#8221;1\/2&#8243;][vc_column_text]<\/p>\n<h2>Seguridad probada<\/h2>\n<p>Las tarjetas distribuidas por los cajeros autom\u00e1ticos inversos comparten las mismas caracter\u00edsticas de seguridad que cualquier otra VISA o Mastercard. Esto significa que estas tarjetas se adhieren a los mismos est\u00e1ndares de seguridad y pago que cualquier tarjeta EMV proporcionada por su banco. Esto tambi\u00e9n significa que las tarjetas ser\u00e1n ampliamente aceptadas por comerciantes de todo el mundo.[\/vc_column_text][\/vc_column][vc_column][vc_column_text]<\/p>\n<h2>Casos de uso<\/h2>\n<p>Los grandes lugares p\u00fablicos est\u00e1n exigiendo el uso de pagos sin contacto y sin efectivo a ra\u00edz de la reciente crisis de salud mundial. Si bien ayuda a frenar la propagaci\u00f3n del virus, esta decisi\u00f3n tambi\u00e9n acelerar\u00e1 la adopci\u00f3n y el uso de pagos digitales. Los cajeros autom\u00e1ticos inversos son la soluci\u00f3n perfecta para ayudar a facilitar esta transici\u00f3n hacia un futuro sin efectivo.[\/vc_column_text][\/vc_column][\/vc_row][vc_row][vc_column width=&#8221;1\/2&#8243;][vc_single_image image=&#8221;32828&#8243; img_size=&#8221;full&#8221; css=&#8221;.vc_custom_1629974474713{margin-bottom: 0px !important;}&#8221;][vc_column_text]<\/p>\n<h4>Estadios deportivos<\/h4>\n<p>[\/vc_column_text][\/vc_column][vc_column width=&#8221;1\/2&#8243;][vc_single_image image=&#8221;32834&#8243; img_size=&#8221;full&#8221; css=&#8221;.vc_custom_1629974485767{margin-bottom: 0px !important;}&#8221;][vc_column_text]<\/p>\n<h4>Centros comerciales<\/h4>\n<p>[\/vc_column_text][\/vc_column][vc_column width=&#8221;1\/2&#8243;][vc_single_image image=&#8221;32822&#8243; img_size=&#8221;full&#8221; css=&#8221;.vc_custom_1629974444103{margin-bottom: 0px !important;}&#8221;][vc_column_text]<\/p>\n<h4>Institutos educativos<\/h4>\n<p>[\/vc_column_text][\/vc_column][vc_column width=&#8221;1\/2&#8243;][vc_single_image image=&#8221;32840&#8243; img_size=&#8221;full&#8221; css=&#8221;.vc_custom_1629974499218{margin-bottom: 0px !important;}&#8221;][vc_column_text]<\/p>\n<h4>Grandes almacenes<\/h4>\n<p>[\/vc_column_text][\/vc_column][\/vc_row][vc_row content_placement=&#8221;middle&#8221; css=&#8221;.vc_custom_1614803903762{padding-top: 50px !important;}&#8221;][vc_column width=&#8221;1\/2&#8243;][vc_column_text]<\/p>\n<h2>Mu\u00e9vase m\u00e1s all\u00e1 de las ventas<\/h2>\n<p><strong>Conozca ViaOS: una nueva era de ventas y<br \/>\nAutomatizaci\u00f3n del servicio al cliente<br \/>\n<\/strong><\/p>\n<p>ViaOS es una plataforma moderna de experiencia del cliente creada para el autoservicio. ViaOS es una plataforma empresarial, dise\u00f1ada para permitir el desarrollo, implementaci\u00f3n, administraci\u00f3n y monitoreo de una red en unidades de autoservicio.[\/vc_column_text]<div class=\" ubtn-ctn-left \"><a class=\"ubtn-link ult-adjust-bottom-margin ubtn-left ubtn-normal \" href=\"\/es\/soluciones\/software-kioscos-autoservicio\/\" ><button type=\"button\" id=\"ubtn-4216\"  class=\"ubtn ult-adjust-bottom-margin ult-responsive ubtn-normal ubtn-no-hover-bg  none  ubtn-left   tooltip-69f308c7e5055\"  data-hover=\"#ffffff\" data-border-color=\"\" data-bg=\"#db4381\" data-hover-bg=\"#3a2b6b\" data-border-hover=\"\" data-shadow-hover=\"\" data-shadow-click=\"none\" data-shadow=\"\" data-shd-shadow=\"\"  data-ultimate-target='#ubtn-4216'  data-responsive-json-new='{\"font-size\":\"desktop:18px;\",\"line-height\":\"\"}'  style=\"font-family:&#039;Poppins&#039;;font-weight:600;border-radius:5px;border-width:0px;border-color:;border-style:solid;background: #db4381;color: #ffffff;\"><span class=\"ubtn-data ubtn-icon\"><i class=\"none\" style=\"font-size:32px;color:#ffffff;\"><\/i><\/span><span class=\"ubtn-hover\" style=\"background-color:#3a2b6b\"><\/span><span class=\"ubtn-data ubtn-text \" >Aprende m\u00e1s<\/span><\/button><\/a><\/div>[\/vc_column][vc_column width=&#8221;1\/2&#8243;][vc_single_image image=&#8221;32874&#8243; img_size=&#8221;full&#8221; alignment=&#8221;center&#8221;][\/vc_column][\/vc_row][vc_row content_placement=&#8221;middle&#8221; css=&#8221;.vc_custom_1614803903762{padding-top: 50px !important;}&#8221;][vc_column width=&#8221;1\/2&#8243;][vc_single_image image=&#8221;24197&#8243; img_size=&#8221;full&#8221;][\/vc_column][vc_column width=&#8221;1\/2&#8243;][vc_column_text]<\/p>\n<h2>An\u00e1lisis emp\u00edrico temprano. Impacto de Covid-19 en el autoservicio<\/h2>\n<p>Tenemos una amplia experiencia en el equipamiento de \u00e1reas de servicio en bancos, hospitales, farmacias, organizaciones gubernamentales, supermercados y tiendas minoristas. Nuestras soluciones de autoservicio le permiten dar un paso m\u00e1s en la entrega de experiencias de cliente perfectas.[\/vc_column_text]<div class=\" ubtn-ctn-left icon-btn\"><a class=\"ubtn-link ult-adjust-bottom-margin ubtn-left ubtn-normal icon-btn\" href=\"https:\/\/info.wavetec.com\/covid-19-impact-on-self-service\" target=\"_blank\" rel=\"noopener\"><button type=\"button\" id=\"ubtn-4815\"  class=\"ubtn ult-adjust-bottom-margin ult-responsive ubtn-normal ubtn-no-hover-bg  none  ubtn-sep-icon ubtn-sep-icon-at-right  ubtn-left   tooltip-69f308c7e5189\"  data-hover=\"#ffffff\" data-border-color=\"\" data-bg=\"#db4381\" data-hover-bg=\"#3a2b6b\" data-border-hover=\"\" data-shadow-hover=\"\" data-shadow-click=\"none\" data-shadow=\"\" data-shd-shadow=\"\"  data-ultimate-target='#ubtn-4815'  data-responsive-json-new='{\"font-size\":\"desktop:18px;\",\"line-height\":\"\"}'  style=\"font-family:&#039;Poppins&#039;;font-weight:600;border-radius:5px;border-width:0px;border-color:;border-style:solid;background: #db4381;color: #ffffff;\"><span class=\"ubtn-data ubtn-icon\"><i class=\"Defaults-download\" style=\"font-size:32px;color:#ffffff;\"><\/i><\/span><span class=\"ubtn-hover\" style=\"background-color:#3a2b6b\"><\/span><span class=\"ubtn-data ubtn-text \" >Descargar informe<\/span><\/button><\/a><\/div>[\/vc_column][\/vc_row][vc_row][vc_column]<div class=\"templatera_shortcode\"><\/div>[\/vc_column][\/vc_row][vc_row content_placement=&#8221;middle&#8221; bg_type=&#8221;image&#8221; parallax_style=&#8221;vcpb-default&#8221; bg_image_new=&#8221;id^16314|url^https:\/\/www.wavetec.com\/wp-content\/uploads\/2020\/11\/vector-circle-1.png|caption^null|alt^null|title^vector-circle|description^null&#8221; bg_image_repeat=&#8221;no-repeat&#8221; bg_image_size=&#8221;initial&#8221; bg_image_posiiton=&#8221;right bottom&#8221; bg_override=&#8221;full&#8221;][vc_column width=&#8221;5\/12&#8243;][vc_column_text]<\/p>\n<h2>Wavetec Blog<\/h2>\n<p>Espere blogs, entrevistas y art\u00edculos de opini\u00f3n nuevos, bien investigados y centrados en la industria.<br \/>\nY suscr\u00edbete para mantenerte actualizado.[\/vc_column_text]<div class=\" ubtn-ctn-left \"><a class=\"ubtn-link ult-adjust-bottom-margin ubtn-left ubtn-normal \" href=\"https:\/\/blog.wavetec.com\/es\" target=\"_blank\" rel=\"noopener\"><button type=\"button\" id=\"ubtn-9183\"  class=\"ubtn ult-adjust-bottom-margin ult-responsive ubtn-normal ubtn-no-hover-bg  none  ubtn-left   tooltip-69f308c7e6852\"  data-hover=\"#ffffff\" data-border-color=\"\" data-bg=\"#db4381\" data-hover-bg=\"#3a2b6b\" data-border-hover=\"\" data-shadow-hover=\"\" data-shadow-click=\"none\" data-shadow=\"\" data-shd-shadow=\"\"  data-ultimate-target='#ubtn-9183'  data-responsive-json-new='{\"font-size\":\"desktop:18px;\",\"line-height\":\"\"}'  style=\"font-family:&#039;Poppins&#039;;font-weight:600;border-radius:5px;border-width:0px;border-color:;border-style:solid;background: #db4381;color: #ffffff;\"><span class=\"ubtn-hover\" style=\"background-color:#3a2b6b\"><\/span><span class=\"ubtn-data ubtn-text \" >Explora m\u00e1s<\/span><\/button><\/a><\/div>[\/vc_column][vc_column width=&#8221;1\/2&#8243; offset=&#8221;vc_col-lg-offset-1 vc_hidden-lg vc_hidden-md vc_hidden-sm vc_hidden-xs&#8221;][vc_column_text]<span style=\"color: #3a2b6b; font-weight: 500;\"><a style=\"color: #3a2b6b;\" href=\"https:\/\/blog.wavetec.com\/en\/to-branch-or-not-to-branch-0\" target=\"_blank\" rel=\"noopener\">The 4 P\u2019s of Self Service<\/a><\/span><\/p>\n<p><span style=\"color: #3a2b6b; font-weight: 500;\"><a style=\"color: #3a2b6b;\" href=\"https:\/\/blog.wavetec.com\/en\/why-digitize-the-sim-card-registration-sales-process\" target=\"_blank\" rel=\"noopener\">Why Digitize the SIM Card Registration &amp; Sales Process?<\/a><\/span><\/p>\n<p><span style=\"color: #3a2b6b; font-weight: 500;\"><a style=\"color: #3a2b6b;\" href=\"https:\/\/blog.wavetec.com\/en\/spotlight-on-in-branch-banking-in-africa\" target=\"_blank\" rel=\"noopener\">Spotlight On In-Branch Banking in Africa<\/a><\/span><\/p>\n<p><span style=\"color: #3a2b6b; font-weight: 500;\"><a style=\"color: #3a2b6b;\" href=\"https:\/\/blog.wavetec.com\/en\/advancing-telecoms-network-with-self-service-esim.-here-is-everything-you-need-to-know\" target=\"_blank\" rel=\"noopener\">Advancing Telecoms&#8217; Network With Self Service ESIM. Here is Everything you Need to know<\/a><\/span><\/p>\n<p><span style=\"color: #3a2b6b; font-weight: 500;\"><a style=\"color: #3a2b6b;\" href=\"https:\/\/blog.wavetec.com\/en\/coronavirus-and-cash-banks-should-adopt-digital-solutions\" target=\"_blank\" rel=\"noopener\">Coronavirus and Cash: Banks Should Adopt Digital Solutions<\/a><\/span><\/p>\n<p><span style=\"color: #3a2b6b; font-weight: 500;\"><a style=\"color: #3a2b6b;\" href=\"https:\/\/blog.wavetec.com\/en\/top-5-reasons-to-adopt-digital-queuing\" target=\"_blank\" rel=\"noopener\">Top 5 Reasons Why You Need Digital Queuing<\/a><\/span>[\/vc_column_text][\/vc_column][\/vc_row]<\/p>\n","protected":false},"excerpt":{"rendered":"","protected":false},"author":1,"featured_media":32794,"parent":8439,"menu_order":0,"comment_status":"closed","ping_status":"closed","template":"","meta":{"content-type":"","footnotes":""},"class_list":["post-34806","page","type-page","status-publish","has-post-thumbnail","hentry"],"acf":[],"_links":{"self":[{"href":"https:\/\/www.wavetec.com\/es\/wp-json\/wp\/v2\/pages\/34806","targetHints":{"allow":["GET"]}}],"collection":[{"href":"https:\/\/www.wavetec.com\/es\/wp-json\/wp\/v2\/pages"}],"about":[{"href":"https:\/\/www.wavetec.com\/es\/wp-json\/wp\/v2\/types\/page"}],"author":[{"embeddable":true,"href":"https:\/\/www.wavetec.com\/es\/wp-json\/wp\/v2\/users\/1"}],"replies":[{"embeddable":true,"href":"https:\/\/www.wavetec.com\/es\/wp-json\/wp\/v2\/comments?post=34806"}],"version-history":[{"count":5,"href":"https:\/\/www.wavetec.com\/es\/wp-json\/wp\/v2\/pages\/34806\/revisions"}],"predecessor-version":[{"id":74059,"href":"https:\/\/www.wavetec.com\/es\/wp-json\/wp\/v2\/pages\/34806\/revisions\/74059"}],"up":[{"embeddable":true,"href":"https:\/\/www.wavetec.com\/es\/wp-json\/wp\/v2\/pages\/8439"}],"wp:featuredmedia":[{"embeddable":true,"href":"https:\/\/www.wavetec.com\/es\/wp-json\/wp\/v2\/media\/32794"}],"wp:attachment":[{"href":"https:\/\/www.wavetec.com\/es\/wp-json\/wp\/v2\/media?parent=34806"}],"curies":[{"name":"wp","href":"https:\/\/api.w.org\/{rel}","templated":true}]}}