{"id":34783,"date":"2015-09-10T06:58:29","date_gmt":"2015-09-10T06:58:29","guid":{"rendered":"https:\/\/test.wavetec.com\/sobre-nosotros\/carreras\/recruitment-process\/"},"modified":"2021-09-22T10:44:25","modified_gmt":"2021-09-22T10:44:25","slug":"proceso-de-contratacion","status":"publish","type":"page","link":"https:\/\/www.wavetec.com\/es\/sobre-nosotros\/carreras\/proceso-de-contratacion\/","title":{"rendered":"Proceso de contrataci\u00f3n"},"content":{"rendered":"<p>[vc_row content_placement=&#8221;middle&#8221;][vc_column width=&#8221;1\/2&#8243;][vc_column_text]<\/p>\n<h1>Proceso de contrataci\u00f3n<\/h1>\n<p>\u00bfEres alguien a quien le entusiasman los desaf\u00edos? \u00bfImpulsado por la creatividad? \u00bfImpulsado por desentra\u00f1ar nuevas fronteras? Si desea estar rodeado de personas para quienes la innovaci\u00f3n es un estado mental constante, Wavetec es el lugar adecuado para usted.[\/vc_column_text][\/vc_column][vc_column width=&#8221;1\/2&#8243;][vc_single_image image=&#8221;26101&#8243; img_size=&#8221;full&#8221; alignment=&#8221;center&#8221;][\/vc_column][\/vc_row][vc_section full_width=&#8221;stretch_row_content&#8221; css=&#8221;.vc_custom_1605676933804{margin-bottom: 30px !important;background-color: #ffffff !important;}&#8221;][vc_row equal_height=&#8221;yes&#8221; content_placement=&#8221;middle&#8221; bg_type=&#8221;bg_color&#8221; el_id=&#8221;internalmenu&#8221; bg_color_value=&#8221;#ffffff&#8221;][vc_column width=&#8221;1\/6&#8243; css=&#8221;.vc_custom_1612275346476{margin-top: 0px !important;margin-right: 0px !important;margin-bottom: 0px !important;margin-left: 0px !important;padding-top: 0px !important;padding-right: 0px !important;padding-bottom: 0px !important;padding-left: 0px !important;}&#8221; offset=&#8221;vc_col-lg-offset-1&#8243;][vc_single_image image=&#8221;21051&#8243; img_size=&#8221;full&#8221; alignment=&#8221;center&#8221; css=&#8221;.vc_custom_1617307274254{margin-top: 10px !important;margin-bottom: -20px !important;}&#8221;][\/vc_column][vc_column width=&#8221;1\/2&#8243; css=&#8221;.vc_custom_1612275335978{margin-top: 0px !important;margin-right: 0px !important;margin-bottom: 0px !important;margin-left: 0px !important;padding-top: 0px !important;padding-right: 0px !important;padding-bottom: 0px !important;padding-left: 0px !important;}&#8221;][vc_column_text css=&#8221;.vc_custom_1631789316542{margin-bottom: 0px !important;}&#8221; el_class=&#8221;sticky-nav-text&#8221;]<a href=\"\/es\/sobre-nosotros\/carreras\/#overview\"><span style=\"text-decoration: underline;\">Visi\u00f3n de conjunto <\/span><\/a>\u00a0 \u00a0 \u00a0 <span style=\"color: #324ecf;\"><strong><a style=\"color: #324ecf;\" href=\"\/es\/sobre-nosotros\/carreras\/proceso-de-contratacion\/#recruitment-process\"><span style=\"text-decoration: underline;\">Proceso de contrataci\u00f3n<\/span><\/a><\/strong><\/span>[\/vc_column_text][\/vc_column][vc_column width=&#8221;1\/4&#8243; css=&#8221;.vc_custom_1610027292901{margin-top: 0px !important;margin-right: 0px !important;margin-bottom: 0px !important;margin-left: 0px !important;padding-top: 0px !important;padding-right: 0px !important;padding-bottom: 0px !important;padding-left: 0px !important;}&#8221; offset=&#8221;vc_hidden-md vc_hidden-sm vc_hidden-xs&#8221;]<div class=\" vc_custom_1632307354061 ubtn-ctn-center \"><a class=\"ubtn-link ult-adjust-bottom-margin ubtn-center ubtn-normal \" href=\"\/about-us\/careers\/job-opportunities\/\" target=\"_blank\" rel=\"noopener\" ><button type=\"button\" id=\"ubtn-3667\"  class=\"ubtn ult-adjust-bottom-margin ult-responsive ubtn-normal ubtn-no-hover-bg  none  ubtn-center   tooltip-69f3f6362148a\"  data-hover=\"#ffffff\" data-border-color=\"\" data-bg=\"#ff8630\" data-hover-bg=\"#324ecf\" data-border-hover=\"\" data-shadow-hover=\"\" data-shadow-click=\"none\" data-shadow=\"\" data-shd-shadow=\"\"  data-ultimate-target='#ubtn-3667'  data-responsive-json-new='{\"font-size\":\"desktop:18px;\",\"line-height\":\"\"}'  style=\"font-family:&#039;Poppins&#039;;font-weight:600;border-radius:5px;border-width:0px;border-color:;border-style:solid;background: #ff8630;color: #ffffff;\"><span class=\"ubtn-hover\" style=\"background-color:#324ecf\"><\/span><span class=\"ubtn-data ubtn-text \" >Oportunidades de trabajo<\/span><\/button><\/a><\/div>[\/vc_column][\/vc_row][\/vc_section][vc_row gap=&#8221;35&#8243; content_placement=&#8221;middle&#8221; css=&#8221;.vc_custom_1617307389919{margin-bottom: 80px !important;}&#8221;][vc_column width=&#8221;1\/2&#8243;][vc_column_text]<\/p>\n<h2>C\u00f3mo reclutamos<\/h2>\n<p><strong>La contrataci\u00f3n en Wavetec se trata de las personas y no del proceso.<\/strong><\/p>\n<p>En Wavetec, la contrataci\u00f3n no es solo un proceso, se trata de personas. Nuestros empleados son m\u00e1s que sus calificaciones formales. Buscamos personas con la energ\u00eda, la integridad y la voluntad para hacer un compromiso a largo plazo y superar las expectativas al empujar las fronteras comerciales.<\/p>\n<p>We make sure that all the methods used in our recruitment are rigorous, fair and transparent. We look for candidates who are open and able to evolve \u2013 both in terms of taking responsibility and progressing quickly within the organization and also geographically.[\/vc_column_text][\/vc_column][vc_column width=&#8221;1\/2&#8243;][vc_single_image image=&#8221;26107&#8243; img_size=&#8221;full&#8221; alignment=&#8221;center&#8221; css=&#8221;.vc_custom_1621264249223{margin-bottom: 0px !important;}&#8221;][\/vc_column][\/vc_row][vc_row gap=&#8221;35&#8243; content_placement=&#8221;middle&#8221; css=&#8221;.vc_custom_1616744992564{margin-top: 40px !important;}&#8221;][vc_column][vc_column_text]<\/p>\n<h2 style=\"text-align: center;\">Contrataci\u00f3n: el proceso general<\/h2>\n<p style=\"text-align: center;\">Una vez que se verifican todos los documentos, se env\u00eda una propuesta final a los candidatos a empleados calificados. Los candidatos que no hayan calificado para el puesto ser\u00e1n notificados por correo electr\u00f3nico.<\/p>\n<p>[\/vc_column_text][\/vc_column][\/vc_row][vc_row bg_type=&#8221;bg_color&#8221; bg_override=&#8221;full&#8221; bg_color_value=&#8221;#2e54cc&#8221;][vc_column]<section class=\"elegant-tabs-container\">\n\t\t\t<div class=\"et-tabs et-horizontal justified-tabs et-mobile-enabled et-tabs-style-bars tab-class-753523749 et-align-center  equal-width-tabs et-switch-on-hover\"\n\t\t\tdata-tab_style=\"bars\"\n\t\t\tdata-active-bg=\"#00cef8\"\n\t\t\tdata-active-text=\"#ffffff\"\n\t\t\tdata-hover-bg=\"#00cef8\"\n\t\t\tdata-hover-text=\"\"\n\t\t\tdata-active-tab=\"0\"\n\t\t\tdata-auto-switch-tab=\"no\"\n\t\t\tdata-switch-interval=\"5\"  >\n\t\t\t<nav class=\"elegant-tabs-nav\" style=\"\">\n\t\t\t<ul class=\"elegant-tabs-list-container\" style=\"color:#00cef8;grid-template-columns: 1fr 1fr 1fr 1fr 1fr 1fr;\">\n\t\t\t<li style=\"background:#160060;color:#ffffff;\" ><a class=\"et-anchor-tag\" style=\"color:#ffffff;font-size:16px;\" href=\"#\" target=\"\" data-href=\"#section-1613057611394-6\"><span style=\"font-size: 16px;\" class=\"et-tab-title no-icon\">Solicitud en l\u00ednea y evaluaci\u00f3n inicial<\/span><\/a><\/li><li style=\"background:#160060;color:#ffffff;\" ><a class=\"et-anchor-tag\" style=\"color:#ffffff;font-size:16px;\" href=\"#\" target=\"\" data-href=\"#section-1617306119935-1-2\"><span style=\"font-size: 16px;\" class=\"et-tab-title no-icon\">Proyecci\u00f3n inicial<\/span><\/a><\/li><li style=\"background:#160060;color:#ffffff;\" ><a class=\"et-anchor-tag\" style=\"color:#ffffff;font-size:16px;\" href=\"#\" target=\"\" data-href=\"#section-1618867567521-3-2\"><span style=\"font-size: 16px;\" class=\"et-tab-title no-icon\">Pruebas<\/span><\/a><\/li><li style=\"background:#160060;color:#ffffff;\" ><a class=\"et-anchor-tag\" style=\"color:#ffffff;font-size:16px;\" href=\"#\" target=\"\" data-href=\"#section-1618867618543-3-1\"><span style=\"font-size: 16px;\" class=\"et-tab-title no-icon\">Nuestra respuesta<\/span><\/a><\/li><li style=\"background:#160060;color:#ffffff;\" ><a class=\"et-anchor-tag\" style=\"color:#ffffff;font-size:16px;\" href=\"#\" target=\"\" data-href=\"#section-1618867655100-4-2\"><span style=\"font-size: 16px;\" class=\"et-tab-title no-icon\">Entrevista<\/span><\/a><\/li><li style=\"background:#160060;color:#ffffff;\" ><a class=\"et-anchor-tag\" style=\"color:#ffffff;font-size:16px;\" href=\"#\" target=\"\" data-href=\"#section-1618867704851-5-7\"><span style=\"font-size: 16px;\" class=\"et-tab-title no-icon\">Selecci\u00f3n<\/span><\/a><\/li>\n\t\t\t<\/ul>\n\t\t\t<\/nav>\n\t\t\t<div class=\"et-content-wrap\">\n\t\t\t<section id=\"section-1613057611394-6\" class=\"tab\" data-animation=\"\" style=\"background:#2e54cc; color:#ffffff;\"><div class=\"infi-content-wrapper\">[vc_row_inner content_placement=&#8221;middle&#8221;][vc_column_inner width=&#8221;2\/3&#8243;][vc_column_text]<\/p>\n<h2><span style=\"color: #ffffff;\">Aplicaciones en linea<\/span><\/h2>\n<p>Puede solicitar un trabajo espec\u00edfico para su \u00e1rea de inter\u00e9s buscando en nuestra p\u00e1gina de oportunidades profesionales y haciendo clic en &#8220;Aplicar&#8221;. Si no encuentra una oferta de trabajo espec\u00edfica para su regi\u00f3n o \u00e1rea de inter\u00e9s, simplemente puede enviarnos un correo electr\u00f3nico a careers@test.wavetec.com. Esto lo llevar\u00e1 a una p\u00e1gina donde compartir\u00e1 con nosotros sus habilidades, capacitaci\u00f3n y experiencia profesional al crear un perfil en l\u00ednea. Toda su informaci\u00f3n se guardar\u00e1 inmediatamente y se enviar\u00e1 una confirmaci\u00f3n por correo electr\u00f3nico. Una vez que cree un perfil en nuestro portal de carreras, recibir\u00e1 actualizaciones sobre cualquier oportunidad que coincida con su experiencia a la que pueda postularse.[\/vc_column_text][\/vc_column_inner][vc_column_inner width=&#8221;1\/3&#8243;][vc_single_image image=&#8221;27007&#8243; img_size=&#8221;full&#8221; alignment=&#8221;center&#8221; css=&#8221;.vc_custom_1621370639746{margin-bottom: 0px !important;}&#8221;][\/vc_column_inner][\/vc_row_inner][vc_row_inner content_placement=&#8221;middle&#8221;][vc_column_inner][vc_column_text]<\/p>\n<h2><span style=\"color: #ffffff;\">Proyecci\u00f3n inicial<\/span><\/h2>\n<p>[\/vc_column_text][\/vc_column_inner][vc_column_inner][vc_column_text css=&#8221;.vc_custom_1631788815503{padding-top: 20px !important;padding-right: 20px !important;padding-bottom: 20px !important;padding-left: 20px !important;background-color: #e5fafe !important;border-radius: 20px !important;}&#8221;]Movilidad: aqu\u00ed en Wavetec, queremos ayudar a los empleados a crecer y mejorar. A medida que continuamos creciendo, las oportunidades de crecimiento se multiplican. Hacemos todo lo posible para que nuestra gente sea lo suficientemente capaz para asumir la responsabilidad y la propiedad y m\u00e1s en la escala corporativa obteniendo oportunidades de colocaciones internacionales y, finalmente, convirti\u00e9ndonos en accionistas de la c[\/vc_column_text][\/vc_column_inner][\/vc_row_inner]<\/div><\/section><section id=\"section-1617306119935-1-2\" class=\"tab\" data-animation=\"\" style=\"background:#2e54cc; color:#ffffff;\"><div class=\"infi-content-wrapper\">[vc_row_inner content_placement=&#8221;middle&#8221;][vc_column_inner width=&#8221;2\/3&#8243;][vc_column_text]<\/p>\n<h2 style=\"text-align: left;\"><span style=\"color: #ffffff;\">Proyecci\u00f3n inicial<\/span><\/h2>\n<p style=\"text-align: left;\">Tan pronto como se postule en l\u00ednea a trav\u00e9s de nuestro portal de carreras, su CV se redirige a nuestro personal de contrataci\u00f3n, que luego evaluar\u00e1 su experiencia en relaci\u00f3n con un puesto de trabajo en particular. Lo mejor que puede hacer para calificar aqu\u00ed es brindarnos toda la informaci\u00f3n que pueda sobre usted.<\/p>\n<p>[\/vc_column_text][\/vc_column_inner][vc_column_inner width=&#8221;1\/3&#8243;][vc_single_image image=&#8221;26995&#8243; img_size=&#8221;full&#8221; alignment=&#8221;center&#8221; css=&#8221;.vc_custom_1621370536017{margin-bottom: 0px !important;}&#8221;][\/vc_column_inner][\/vc_row_inner]<\/div><\/section><section id=\"section-1618867567521-3-2\" class=\"tab\" data-animation=\"\" style=\"background:#2e54cc; color:#ffffff;\"><div class=\"infi-content-wrapper\">[vc_row_inner content_placement=&#8221;middle&#8221;][vc_column_inner width=&#8221;2\/3&#8243;][vc_column_text]<\/p>\n<h2 style=\"text-align: left;\"><span style=\"color: #ffffff;\">Pruebas<\/span><\/h2>\n<p style=\"text-align: left;\">Si solicita un puesto t\u00e9cnico, tambi\u00e9n se le pedir\u00e1 que proporcione un formulario de evaluaci\u00f3n en l\u00ednea para probar sus capacidades.<\/p>\n<p>[\/vc_column_text][\/vc_column_inner][vc_column_inner width=&#8221;1\/3&#8243;][vc_single_image image=&#8221;27013&#8243; img_size=&#8221;full&#8221; alignment=&#8221;center&#8221; css=&#8221;.vc_custom_1621370713112{margin-bottom: 0px !important;}&#8221;][\/vc_column_inner][\/vc_row_inner]<\/div><\/section><section id=\"section-1618867618543-3-1\" class=\"tab\" data-animation=\"\" style=\"background:#2e54cc; color:#ffffff;\"><div class=\"infi-content-wrapper\">[vc_row_inner content_placement=&#8221;middle&#8221;][vc_column_inner width=&#8221;2\/3&#8243;][vc_column_text]<\/p>\n<h2 style=\"text-align: left;\"><span style=\"color: #ffffff;\">Nuestra respuesta<\/span><\/h2>\n<p style=\"text-align: left;\">Se iniciar\u00e1 una llamada telef\u00f3nica o un contacto por correo electr\u00f3nico si el perfil de los candidatos est\u00e1 preseleccionado para el puesto a fin de obtener m\u00e1s informaci\u00f3n de los candidatos. Se organizar\u00e1 una entrevista en consecuencia<\/p>\n<p>[\/vc_column_text][\/vc_column_inner][vc_column_inner width=&#8221;1\/3&#8243;][vc_single_image image=&#8221;27019&#8243; img_size=&#8221;full&#8221; alignment=&#8221;center&#8221; css=&#8221;.vc_custom_1621370751010{margin-bottom: 0px !important;}&#8221;][\/vc_column_inner][\/vc_row_inner]<\/div><\/section><section id=\"section-1618867655100-4-2\" class=\"tab\" data-animation=\"\" style=\"background:#2e54cc; color:#ffffff;\"><div class=\"infi-content-wrapper\">[vc_row_inner content_placement=&#8221;middle&#8221;][vc_column_inner width=&#8221;2\/3&#8243;][vc_column_text]<\/p>\n<h2 style=\"text-align: left;\"><span style=\"color: #ffffff;\">Entrevista<\/span><\/h2>\n<p style=\"text-align: left;\">La primera entrevista la llevar\u00e1 a cabo el departamento de recursos humanos, donde se le evaluar\u00e1 m\u00e1s a fondo con respecto a sus habilidades, personalidad y capacidades.<\/p>\n<p style=\"text-align: left;\">La segunda entrevista se llevar\u00e1 a cabo con el posible gerente \/ supervisor. Para los roles t\u00e9cnicos, el gerente \/ supervisor t\u00e9cnico realizar\u00e1 una entrevista.<\/p>\n<p>[\/vc_column_text][\/vc_column_inner][vc_column_inner width=&#8221;1\/3&#8243;][vc_single_image image=&#8221;27001&#8243; img_size=&#8221;full&#8221; alignment=&#8221;center&#8221; css=&#8221;.vc_custom_1621370599054{margin-bottom: 0px !important;}&#8221;][\/vc_column_inner][\/vc_row_inner]<\/div><\/section><section id=\"section-1618867704851-5-7\" class=\"tab\" data-animation=\"\" style=\"background:#2e54cc; color:#ffffff;\"><div class=\"infi-content-wrapper\">[vc_row_inner content_placement=&#8221;middle&#8221;][vc_column_inner width=&#8221;2\/3&#8243;][vc_column_text]<\/p>\n<h2 style=\"text-align: left;\"><span style=\"color: #ffffff;\">Selecci\u00f3n<\/span><\/h2>\n<p style=\"text-align: left;\">La decisi\u00f3n final se toma con el consentimiento de los respectivos gerentes de Wavetec y profesionales de RR.HH.<\/p>\n<p>[\/vc_column_text][\/vc_column_inner][vc_column_inner width=&#8221;1\/3&#8243;][vc_single_image image=&#8221;27025&#8243; img_size=&#8221;full&#8221; alignment=&#8221;center&#8221; css=&#8221;.vc_custom_1621370784336{margin-bottom: 0px !important;}&#8221;][\/vc_column_inner][\/vc_row_inner]<\/div><\/section>\n\t\t\t<\/div> <!-- \/et-content-wrap -->\n\t\t\t<\/div> <!-- \/et-tabs -->\n\t\t\t<\/section>[\/vc_column][\/vc_row][vc_row gap=&#8221;35&#8243; content_placement=&#8221;middle&#8221;][vc_column width=&#8221;1\/2&#8243;][vc_single_image image=&#8221;27451&#8243; img_size=&#8221;full&#8221; css=&#8221;.vc_custom_1621583442730{margin-bottom: 0px !important;}&#8221;][\/vc_column][vc_column width=&#8221;1\/2&#8243;][vc_column_text]<\/p>\n<h2>Propuesta formal<\/h2>\n<p>Hay ciertos pasos que se siguen al realizar la oferta de trabajo final.<\/p>\n<ol>\n<li>Verificaci\u00f3n de antecedentes y referencias<\/li>\n<li>Control de conformidad<\/li>\n<li>Verificaci\u00f3n de documentos educativos y profesionales.<\/li>\n<li>Acuerdo entre el director de contrataci\u00f3n y el candidato sobre las condiciones de empleo.<\/li>\n<\/ol>\n<p>[\/vc_column_text][\/vc_column][\/vc_row][vc_row css=&#8221;.vc_custom_1617308216907{margin-top: 40px !important;}&#8221;][vc_column][vc_column_text]<\/p>\n<h2 style=\"text-align: center;\">Nuestros programas de pasant\u00edas<\/h2>\n<p>[\/vc_column_text][vc_single_image image=&#8221;27457&#8243; img_size=&#8221;full&#8221; alignment=&#8221;center&#8221;][\/vc_column][\/vc_row][vc_row gap=&#8221;35&#8243; content_placement=&#8221;middle&#8221;][vc_column width=&#8221;1\/2&#8243; css=&#8221;.vc_custom_1617308486142{border-top-width: 1px !important;border-right-width: 1px !important;border-bottom-width: 1px !important;border-left-width: 1px !important;background-color: #ffffff !important;border-left-color: #ffffff !important;border-left-style: solid !important;border-right-color: #ffffff !important;border-right-style: solid !important;border-top-color: #ffffff !important;border-top-style: solid !important;border-bottom-color: #ffffff !important;border-bottom-style: solid !important;border-radius: 20px !important;}&#8221;][vc_column_text]<\/p>\n<h2>Pr\u00e1cticas AIESEC<br \/>\nPrograma<\/h2>\n<p>Estamos orgullosos de asociarnos con AIESEC para crear oportunidades de aprendizaje y preparaci\u00f3n para los j\u00f3venes, para ayudarlos a descubrirse a s\u00ed mismos y desarrollar todo su potencial. Compartimos los valores de AIESEC en esp\u00edritu, y realmente nuestro objetivo es proporcionar a los l\u00edderes j\u00f3venes experiencias de aprendizaje pr\u00e1cticas y un rico sabor del mundo empresarial que les ayude en su carrera.[\/vc_column_text][\/vc_column][vc_column width=&#8221;1\/2&#8243; css=&#8221;.vc_custom_1617308097660{border-top-width: 1px !important;border-right-width: 1px !important;border-bottom-width: 1px !important;border-left-width: 1px !important;background-color: #e5fafe !important;border-left-color: #e5fafe !important;border-left-style: solid !important;border-right-color: #e5fafe !important;border-right-style: solid !important;border-top-color: #e5fafe !important;border-top-style: solid !important;border-bottom-color: #e5fafe !important;border-bottom-style: solid !important;border-radius: 20px !important;}&#8221;][vc_column_text]<\/p>\n<h2>Programa de pasant\u00edas universitarias<\/h2>\n<p>Wavetec da la bienvenida a j\u00f3venes proactivos que buscan aprender. Nuestro programa de pasant\u00edas es una oportunidad emocionante para explorar nuevas perspectivas y adquirir conocimientos, y para desempe\u00f1arse en un entorno que enriquece su capacidad para adquirir las herramientas del \u00e9xito. Si est\u00e1 interesado en formar parte de nuestro din\u00e1mico equipo,[\/vc_column_text][\/vc_column][vc_column css=&#8221;.vc_custom_1617308204053{margin-top: 40px !important;}&#8221;]<div class=\" vc_custom_1631789114534 ubtn-ctn-center \"><a class=\"ubtn-link ult-adjust-bottom-margin ubtn-center ubtn-normal \" href=\"\/about-us\/careers\/job-opportunities\/\" target=\"_blank\" rel=\"noopener\" ><button type=\"button\" id=\"ubtn-6401\"  class=\"ubtn ult-adjust-bottom-margin ult-responsive ubtn-normal ubtn-no-hover-bg  none  ubtn-center   tooltip-69f3f63621989\"  data-hover=\"#ffffff\" data-border-color=\"\" data-bg=\"#ff8630\" data-hover-bg=\"#324ecf\" data-border-hover=\"\" data-shadow-hover=\"\" data-shadow-click=\"none\" data-shadow=\"\" data-shd-shadow=\"\"  data-ultimate-target='#ubtn-6401'  data-responsive-json-new='{\"font-size\":\"desktop:18px;\",\"line-height\":\"\"}'  style=\"font-family:&#039;Poppins&#039;;font-weight:600;border-radius:5px;border-width:0px;border-color:;border-style:solid;background: #ff8630;color: #ffffff;\"><span class=\"ubtn-hover\" style=\"background-color:#324ecf\"><\/span><span class=\"ubtn-data ubtn-text \" >Aplica ya<\/span><\/button><\/a><\/div>[\/vc_column][\/vc_row][vc_row][vc_column]<div class=\"templatera_shortcode\"><\/div>[\/vc_column][\/vc_row][vc_row content_placement=&#8221;middle&#8221; bg_type=&#8221;image&#8221; parallax_style=&#8221;vcpb-default&#8221; bg_image_new=&#8221;id^16314|url^https:\/\/www.wavetec.com\/wp-content\/uploads\/2020\/11\/vector-circle-1.png|caption^null|alt^null|title^vector-circle|description^null&#8221; bg_image_repeat=&#8221;no-repeat&#8221; bg_image_size=&#8221;initial&#8221; bg_image_posiiton=&#8221;right bottom&#8221; bg_override=&#8221;full&#8221;][vc_column width=&#8221;5\/12&#8243;][vc_column_text]<\/p>\n<h2>Wavetec Blog<\/h2>\n<p>Espere blogs, entrevistas y art\u00edculos de opini\u00f3n nuevos, bien investigados y centrados en la industria.<br \/>\nY suscr\u00edbete para mantenerte actualizado.[\/vc_column_text]<div class=\" ubtn-ctn-left \"><a class=\"ubtn-link ult-adjust-bottom-margin ubtn-left ubtn-normal \" href=\"https:\/\/blog.wavetec.com\/es\" target=\"_blank\" rel=\"noopener\"><button type=\"button\" id=\"ubtn-2292\"  class=\"ubtn ult-adjust-bottom-margin ult-responsive ubtn-normal ubtn-no-hover-bg  none  ubtn-left   tooltip-69f3f63622a6b\"  data-hover=\"#ffffff\" data-border-color=\"\" data-bg=\"#ff8630\" data-hover-bg=\"#324ecf\" data-border-hover=\"\" data-shadow-hover=\"\" data-shadow-click=\"none\" data-shadow=\"\" data-shd-shadow=\"\"  data-ultimate-target='#ubtn-2292'  data-responsive-json-new='{\"font-size\":\"desktop:18px;\",\"line-height\":\"\"}'  style=\"font-family:&#039;Poppins&#039;;font-weight:600;border-radius:5px;border-width:0px;border-color:;border-style:solid;background: #ff8630;color: #ffffff;\"><span class=\"ubtn-hover\" style=\"background-color:#324ecf\"><\/span><span class=\"ubtn-data ubtn-text \" >Explora m\u00e1s<\/span><\/button><\/a><\/div>[\/vc_column][vc_column width=&#8221;1\/2&#8243; offset=&#8221;vc_col-lg-offset-1 vc_hidden-lg vc_hidden-md vc_hidden-sm vc_hidden-xs&#8221;][vc_column_text]<span style=\"color: #00cef8; font-weight: 500;\"><a style=\"color: #00cef8;\" href=\"https:\/\/blog.wavetec.com\/en\/the-government-vs-covid-19-round-two-is-technology-the-secret-behind-shorter-wait-times\" target=\"_blank\" rel=\"noopener\">The government vs Covid-19 ROUND TWO &#8211; is technology the secret behind shorter wait times?<\/a><\/span><\/p>\n<p><span style=\"color: #00cef8; font-weight: 500;\"><a style=\"color: #00cef8;\" href=\"https:\/\/blog.wavetec.com\/en\/spotlight-on-in-branch-banking-in-africa\" target=\"_blank\" rel=\"noopener\">Spotlight On In-Branch Banking in Africa<\/a><\/span><\/p>\n<p><span style=\"color: #00cef8; font-weight: 500;\"><a style=\"color: #00cef8;\" href=\"https:\/\/blog.wavetec.com\/en\/to-branch-or-not-to-branch-0\" target=\"_blank\" rel=\"noopener\">The 4 P\u2019s of Self Service<\/a><\/span><\/p>\n<p><span style=\"color: #00cef8; font-weight: 500;\"><a style=\"color: #00cef8;\" href=\"https:\/\/blog.wavetec.com\/en\/3-dashboards-your-bank-needs-for-smooth-and-successful-customer-flow-management\" target=\"_blank\" rel=\"noopener\">3 dashboards your Bank needs for smooth and successful customer flow management<\/a><\/span><\/p>\n<p><span style=\"color: #00cef8; font-weight: 500;\"><a style=\"color: #00cef8;\" href=\"https:\/\/blog.wavetec.com\/en\/reopening-educational-institutions-with-staff-and-student-safety-prioritised\" target=\"_blank\" rel=\"noopener\">Reopening educational institutions with staff and student safety prioritised<\/a><\/span>[\/vc_column_text][\/vc_column][\/vc_row]<\/p>\n","protected":false},"excerpt":{"rendered":"","protected":false},"author":1,"featured_media":26106,"parent":2414,"menu_order":0,"comment_status":"closed","ping_status":"closed","template":"","meta":{"content-type":"","footnotes":""},"class_list":["post-34783","page","type-page","status-publish","has-post-thumbnail","hentry"],"acf":[],"_links":{"self":[{"href":"https:\/\/www.wavetec.com\/es\/wp-json\/wp\/v2\/pages\/34783","targetHints":{"allow":["GET"]}}],"collection":[{"href":"https:\/\/www.wavetec.com\/es\/wp-json\/wp\/v2\/pages"}],"about":[{"href":"https:\/\/www.wavetec.com\/es\/wp-json\/wp\/v2\/types\/page"}],"author":[{"embeddable":true,"href":"https:\/\/www.wavetec.com\/es\/wp-json\/wp\/v2\/users\/1"}],"replies":[{"embeddable":true,"href":"https:\/\/www.wavetec.com\/es\/wp-json\/wp\/v2\/comments?post=34783"}],"version-history":[{"count":0,"href":"https:\/\/www.wavetec.com\/es\/wp-json\/wp\/v2\/pages\/34783\/revisions"}],"up":[{"embeddable":true,"href":"https:\/\/www.wavetec.com\/es\/wp-json\/wp\/v2\/pages\/2414"}],"wp:featuredmedia":[{"embeddable":true,"href":"https:\/\/www.wavetec.com\/es\/wp-json\/wp\/v2\/media\/26106"}],"wp:attachment":[{"href":"https:\/\/www.wavetec.com\/es\/wp-json\/wp\/v2\/media?parent=34783"}],"curies":[{"name":"wp","href":"https:\/\/api.w.org\/{rel}","templated":true}]}}