{"id":33265,"date":"2021-02-21T19:59:54","date_gmt":"2021-02-21T19:59:54","guid":{"rendered":"https:\/\/test.wavetec.com\/soluciones\/software-kioscos-autoservicio\/reporting\/"},"modified":"2021-09-04T09:12:57","modified_gmt":"2021-09-04T09:12:57","slug":"reportando","status":"publish","type":"page","link":"https:\/\/www.wavetec.com\/es\/soluciones\/software-kioscos-autoservicio\/reportando\/","title":{"rendered":"ViaOS &#8211; Monitoreo e informes"},"content":{"rendered":"<p>[vc_row content_placement=&#8221;middle&#8221;][vc_column width=&#8221;1\/2&#8243;][vc_column_text css=&#8221;.vc_custom_1627393769581{margin-bottom: 20px !important;}&#8221;][flexy_breadcrumb][\/vc_column_text][vc_column_text]<\/p>\n<h1><span style=\"color: #0a2540;\">ViaOS &#8211; Monitoreo e informes<\/span><\/h1>\n<p>[\/vc_column_text][vc_column_text]Mant\u00e9ngase al d\u00eda con informaci\u00f3n valiosa y relevante de su red de quioscos de autoservicio. Supervise el rendimiento mediante paneles personalizados y an\u00e1lisis inteligentes.[\/vc_column_text][\/vc_column][vc_column width=&#8221;1\/2&#8243;][vc_single_image image=&#8221;25113&#8243; img_size=&#8221;full&#8221; alignment=&#8221;center&#8221;][\/vc_column][\/vc_row][vc_row el_id=&#8221;reporting&#8221;][vc_column][\/vc_column][\/vc_row][vc_section full_width=&#8221;stretch_row_content&#8221; css=&#8221;.vc_custom_1605676933804{margin-bottom: 30px !important;background-color: #ffffff !important;}&#8221;][vc_row equal_height=&#8221;yes&#8221; content_placement=&#8221;middle&#8221; bg_type=&#8221;bg_color&#8221; el_id=&#8221;internalmenu&#8221; bg_color_value=&#8221;#ffffff&#8221;][vc_column width=&#8221;1\/6&#8243; css=&#8221;.vc_custom_1612275346476{margin-top: 0px !important;margin-right: 0px !important;margin-bottom: 0px !important;margin-left: 0px !important;padding-top: 0px !important;padding-right: 0px !important;padding-bottom: 0px !important;padding-left: 0px !important;}&#8221; offset=&#8221;vc_col-lg-offset-1&#8243;][vc_single_image image=&#8221;17699&#8243; img_size=&#8221;170&#215;55&#8243; alignment=&#8221;center&#8221; css=&#8221;.vc_custom_1613503190834{margin-top: 10px !important;margin-bottom: -20px !important;}&#8221;][\/vc_column][vc_column width=&#8221;1\/2&#8243; css=&#8221;.vc_custom_1612275335978{margin-top: 0px !important;margin-right: 0px !important;margin-bottom: 0px !important;margin-left: 0px !important;padding-top: 0px !important;padding-right: 0px !important;padding-bottom: 0px !important;padding-left: 0px !important;}&#8221;][vc_column_text css=&#8221;.vc_custom_1630670053191{margin-bottom: 0px !important;}&#8221; el_class=&#8221;sticky-nav-text&#8221;]<a href=\"\/es\/soluciones\/software-kioscos-autoservicio\/#overview\"><span style=\"text-decoration: underline;\">Visi\u00f3n de conjunto<\/span><\/a>\u00a0 \u00a0 \u00a0 \u00a0<a href=\"\/es\/soluciones\/software-kioscos-autoservicio\/caracteristicas\/#features\" data-schema-attribute=\"\"><span style=\"text-decoration: underline;\">Caracter\u00edsticas<\/span><\/a>\u00a0 \u00a0 \u00a0 \u00a0<span style=\"color: #db4381;\"><strong><a style=\"color: #db4381;\" href=\"\/es\/soluciones\/software-kioscos-autoservicio\/reportando\/#reporting\"><u>Reportando<\/u><\/a><\/strong><\/span>[\/vc_column_text][\/vc_column][\/vc_row][\/vc_section][vc_row content_placement=&#8221;middle&#8221; css=&#8221;.vc_custom_1613541203185{margin-top: 35px !important;}&#8221;][vc_column width=&#8221;1\/2&#8243;][vc_column_text]<\/p>\n<h2>ViaOS: puerta de entrada a un futuro digitalizado<\/h2>\n<p><strong>Conozca ViaOS: una nueva era de automatizaci\u00f3n de ventas y servicio al cliente<\/strong>[\/vc_column_text][vc_column_text]Nuestro CRM viene con una gran cantidad de beneficios. Obtenga informaci\u00f3n empresarial m\u00e1s profunda, agilice las tareas, brinde a los clientes una experiencia excepcional y mucho m\u00e1s. \u00a1Llevar a cabo campa\u00f1as de marketing dirigidas nunca ha sido tan sencillo! ViaOS puede integrarse f\u00e1cilmente con sus ERP existentes y software de automatizaci\u00f3n de marketing.[\/vc_column_text][\/vc_column][vc_column width=&#8221;1\/2&#8243;][vc_single_image image=&#8221;17862&#8243; img_size=&#8221;full&#8221; alignment=&#8221;center&#8221;][\/vc_column][\/vc_row][vc_row content_placement=&#8221;middle&#8221;][vc_column width=&#8221;1\/2&#8243;][vc_single_image image=&#8221;17868&#8243; img_size=&#8221;full&#8221; alignment=&#8221;center&#8221;][\/vc_column][vc_column width=&#8221;1\/2&#8243;][vc_column_text]<\/p>\n<h2>Monitoreo de hardware<br \/>\ny Gesti\u00f3n:<\/h2>\n<p>[\/vc_column_text][vc_column_text]El panel del dispositivo proporciona una descripci\u00f3n general de los estados de todos los dispositivos, con la capacidad de profundizar r\u00e1pidamente en el estado de los componentes de hardware e iniciar comandos como reinicios en los dispositivos remotos.[\/vc_column_text][\/vc_column][\/vc_row][vc_row][vc_column width=&#8221;1\/4&#8243;]<div class=\"aio-icon-component    style_1\"><div id=\"Info-box-wrap-1821\" class=\"aio-icon-box top-icon\" style=\"\"  ><div class=\"aio-icon-top\"><div class=\"ult-just-icon-wrapper  \"><div class=\"align-icon\" style=\"text-align:center;\">\n<div class=\"aio-icon-img \" style=\"font-size:99px;display:inline-block;\" >\n\t<img decoding=\"async\" class=\"img-icon\" alt=\"null\" src=\"https:\/\/www.wavetec.com\/wp-content\/uploads\/2021\/05\/Buy-New-SIM.png\" title=\"\">\n<\/div><\/div><\/div><\/div><div class=\"aio-icon-description ult-responsive\"  data-ultimate-target='#Info-box-wrap-1821 .aio-icon-description'  data-responsive-json-new='{\"font-size\":\"\",\"line-height\":\"\"}'  style=\"font-family:&#039;Poppins&#039;;font-weight:300;\"><strong>Comprar nueva SIM<\/strong><\/div> <!-- description --><\/div> <!-- aio-icon-box --><\/div> <!-- aio-icon-component --><div class=\"aio-icon-component    style_1\"><div id=\"Info-box-wrap-9441\" class=\"aio-icon-box top-icon\" style=\"\"  ><div class=\"aio-icon-top\"><div class=\"ult-just-icon-wrapper  \"><div class=\"align-icon\" style=\"text-align:center;\">\n<div class=\"aio-icon-img \" style=\"font-size:99px;display:inline-block;\" >\n\t<img decoding=\"async\" class=\"img-icon\" alt=\"null\" src=\"https:\/\/www.wavetec.com\/wp-content\/uploads\/2021\/05\/Lodge-complaints-instant-feedback.png\" title=\"\">\n<\/div><\/div><\/div><\/div><div class=\"aio-icon-description ult-responsive\"  data-ultimate-target='#Info-box-wrap-9441 .aio-icon-description'  data-responsive-json-new='{\"font-size\":\"\",\"line-height\":\"\"}'  style=\"font-family:&#039;Poppins&#039;;font-weight:300;\"><strong>Presentar quejas y comentarios instant\u00e1neos<\/strong><\/div> <!-- description --><\/div> <!-- aio-icon-box --><\/div> <!-- aio-icon-component -->[\/vc_column][vc_column width=&#8221;1\/4&#8243; offset=&#8221;vc_col-lg-offset-1&#8243;]<div class=\"aio-icon-component    style_1\"><div id=\"Info-box-wrap-6962\" class=\"aio-icon-box top-icon\" style=\"\"  ><div class=\"aio-icon-top\"><div class=\"ult-just-icon-wrapper  \"><div class=\"align-icon\" style=\"text-align:center;\">\n<div class=\"aio-icon-img \" style=\"font-size:99px;display:inline-block;\" >\n\t<img decoding=\"async\" class=\"img-icon\" alt=\"null\" src=\"https:\/\/www.wavetec.com\/wp-content\/uploads\/2021\/05\/Comply-to-KYC-requirements.png\" title=\"\">\n<\/div><\/div><\/div><\/div><div class=\"aio-icon-description ult-responsive\"  data-ultimate-target='#Info-box-wrap-6962 .aio-icon-description'  data-responsive-json-new='{\"font-size\":\"\",\"line-height\":\"\"}'  style=\"font-family:&#039;Poppins&#039;;font-weight:300;\"><strong>Cumplir con los requisitos de KYC<\/strong><\/div> <!-- description --><\/div> <!-- aio-icon-box --><\/div> <!-- aio-icon-component --><div class=\"aio-icon-component    style_1\"><div id=\"Info-box-wrap-1374\" class=\"aio-icon-box top-icon\" style=\"\"  ><div class=\"aio-icon-top\"><div class=\"ult-just-icon-wrapper  \"><div class=\"align-icon\" style=\"text-align:center;\">\n<div class=\"aio-icon-img \" style=\"font-size:99px;display:inline-block;\" >\n\t<img decoding=\"async\" class=\"img-icon\" alt=\"null\" src=\"https:\/\/www.wavetec.com\/wp-content\/uploads\/2021\/05\/Integrate-with-3rd-party-applications.png\" title=\"\">\n<\/div><\/div><\/div><\/div><div class=\"aio-icon-description ult-responsive\"  data-ultimate-target='#Info-box-wrap-1374 .aio-icon-description'  data-responsive-json-new='{\"font-size\":\"\",\"line-height\":\"\"}'  style=\"font-family:&#039;Poppins&#039;;font-weight:300;\"><strong>Integrar con aplicaciones de terceros<\/strong><\/div> <!-- description --><\/div> <!-- aio-icon-box --><\/div> <!-- aio-icon-component -->[\/vc_column][vc_column width=&#8221;1\/4&#8243; offset=&#8221;vc_col-lg-offset-1&#8243;]<div class=\"aio-icon-component    style_1\"><div id=\"Info-box-wrap-1572\" class=\"aio-icon-box top-icon\" style=\"\"  ><div class=\"aio-icon-top\"><div class=\"ult-just-icon-wrapper  \"><div class=\"align-icon\" style=\"text-align:center;\">\n<div class=\"aio-icon-img \" style=\"font-size:99px;display:inline-block;\" >\n\t<img decoding=\"async\" class=\"img-icon\" alt=\"null\" src=\"https:\/\/www.wavetec.com\/wp-content\/uploads\/2021\/05\/Select-multiple-language.png\" title=\"\">\n<\/div><\/div><\/div><\/div><div class=\"aio-icon-description ult-responsive\"  data-ultimate-target='#Info-box-wrap-1572 .aio-icon-description'  data-responsive-json-new='{\"font-size\":\"\",\"line-height\":\"\"}'  style=\"font-family:&#039;Poppins&#039;;font-weight:300;\"><strong>Seleccionar varios idiomas<\/strong><\/div> <!-- description --><\/div> <!-- aio-icon-box --><\/div> <!-- aio-icon-component --><div class=\"aio-icon-component    style_1\"><div id=\"Info-box-wrap-8573\" class=\"aio-icon-box top-icon\" style=\"\"  ><div class=\"aio-icon-top\"><div class=\"ult-just-icon-wrapper  \"><div class=\"align-icon\" style=\"text-align:center;\">\n<div class=\"aio-icon-img \" style=\"font-size:99px;display:inline-block;\" >\n\t<img decoding=\"async\" class=\"img-icon\" alt=\"null\" src=\"https:\/\/www.wavetec.com\/wp-content\/uploads\/2021\/05\/Integrate-with.png\" title=\"\">\n<\/div><\/div><\/div><\/div><div class=\"aio-icon-description ult-responsive\"  data-ultimate-target='#Info-box-wrap-8573 .aio-icon-description'  data-responsive-json-new='{\"font-size\":\"\",\"line-height\":\"\"}'  style=\"font-family:&#039;Poppins&#039;;font-weight:300;\"><strong>Integrar con aplicaciones m\u00f3viles<\/strong><\/div> <!-- description --><\/div> <!-- aio-icon-box --><\/div> <!-- aio-icon-component -->[\/vc_column][\/vc_row][vc_row content_placement=&#8221;middle&#8221;][vc_column width=&#8221;1\/2&#8243;][vc_column_text]<\/p>\n<h2>Cuadros de mando personalizados<br \/>\nY gesti\u00f3n de roles de usuario<\/h2>\n<p>[\/vc_column_text][vc_column_text]<strong>Satisfacer las diversas necesidades de la actualidad<br \/>\nClientes empoderados<br \/>\n<\/strong><\/p>\n<p>Las funciones de extensibilidad y de inicio de sesi\u00f3n \u00fanico permiten la creaci\u00f3n e implementaci\u00f3n r\u00e1pidas de paneles personalizados que le permiten administrar los datos utilizando su propia terminolog\u00eda y punto de vista.[\/vc_column_text][\/vc_column][vc_column width=&#8221;1\/2&#8243;][vc_single_image image=&#8221;17874&#8243; img_size=&#8221;full&#8221; alignment=&#8221;center&#8221;][\/vc_column][\/vc_row][vc_row bg_type=&#8221;bg_color&#8221; bg_override=&#8221;full&#8221; bg_color_value=&#8221;#46277d&#8221;][vc_column][vc_column_text]<\/p>\n<h2 style=\"text-align: center;\"><span style=\"color: #ffffff;\">Reporting, simplified<\/span><\/h2>\n<p style=\"text-align: center;\"><span style=\"color: #ffffff;\">Spectra enables you to take confident decisions with an enterprise level reporting platform.<br \/>\n<\/span>[\/vc_column_text]<section class=\"elegant-tabs-container\">\n\t\t\t<div class=\"et-tabs et-horizontal justified-tabs et-mobile-enabled et-tabs-style-bars tab-class-407130878 et-align-center  equal-width-tabs et-switch-on-hover\"\n\t\t\tdata-tab_style=\"bars\"\n\t\t\tdata-active-bg=\"#ee2d7b\"\n\t\t\tdata-active-text=\"#ffffff\"\n\t\t\tdata-hover-bg=\"#ee2d7b\"\n\t\t\tdata-hover-text=\"\"\n\t\t\tdata-active-tab=\"0\"\n\t\t\tdata-auto-switch-tab=\"no\"\n\t\t\tdata-switch-interval=\"5\"  >\n\t\t\t<nav class=\"elegant-tabs-nav\" style=\"\">\n\t\t\t<ul class=\"elegant-tabs-list-container\" style=\"color:#ee2d7b;grid-template-columns: 1fr 1fr 1fr 1fr;\">\n\t\t\t<li style=\"background:#341865;color:#ffffff;\" ><a class=\"et-anchor-tag\" style=\"color:#ffffff;font-size:16px;\" href=\"#\" target=\"\" data-href=\"#section-1613057611394-6\"><span style=\"font-size: 16px;\" class=\"et-tab-title no-icon\">Gesti\u00f3n de alertas<\/span><\/a><\/li><li style=\"background:#341865;color:#ffffff;\" ><a class=\"et-anchor-tag\" style=\"color:#ffffff;font-size:16px;\" href=\"#\" target=\"\" data-href=\"#section-1613058021206-1-9\"><span style=\"font-size: 16px;\" class=\"et-tab-title no-icon\">CMS empresarial<\/span><\/a><\/li><li style=\"background:#341865;color:#ffffff;\" ><a class=\"et-anchor-tag\" style=\"color:#ffffff;font-size:16px;\" href=\"#\" target=\"\" data-href=\"#section-1613058023318-2-2\"><span style=\"font-size: 16px;\" class=\"et-tab-title no-icon\">Informes, BI y an\u00e1lisis<\/span><\/a><\/li><li style=\"background:#341865;color:#ffffff;\" ><a class=\"et-anchor-tag\" style=\"color:#ffffff;font-size:16px;\" href=\"#\" target=\"\" data-href=\"#section-1613058024612-3-4\"><span style=\"font-size: 16px;\" class=\"et-tab-title no-icon\">Configuraci\u00f3n de soluciones bancarias<\/span><\/a><\/li>\n\t\t\t<\/ul>\n\t\t\t<\/nav>\n\t\t\t<div class=\"et-content-wrap\">\n\t\t\t<section id=\"section-1613057611394-6\" class=\"tab\" data-animation=\"\" style=\"background:#46277d; color:#ffffff;\"><div class=\"infi-content-wrapper\">[vc_row_inner content_placement=&#8221;middle&#8221; gap=&#8221;30&#8243;][vc_column_inner width=&#8221;1\/2&#8243;][vc_single_image image=&#8221;17888&#8243; img_size=&#8221;full&#8221;][\/vc_column_inner][vc_column_inner width=&#8221;1\/2&#8243;][vc_column_text]<\/p>\n<h3><span style=\"color: #ffffff;\">Gesti\u00f3n de alertas<\/span><\/h3>\n<p>Configure y administre alertas f\u00e1cilmente en todos sus dispositivos. Las alertas de componentes predefinidas permiten una f\u00e1cil configuraci\u00f3n de paneles, correo electr\u00f3nico, mensajes de texto y distribuci\u00f3n de WhatsApp para las notificaciones de eventos deseadas.[\/vc_column_text][\/vc_column_inner][\/vc_row_inner]<\/div><\/section><section id=\"section-1613058021206-1-9\" class=\"tab\" data-animation=\"\" style=\"background:#46277d; color:#ffffff;\"><div class=\"infi-content-wrapper\">[vc_row_inner content_placement=&#8221;middle&#8221; gap=&#8221;30&#8243;][vc_column_inner width=&#8221;1\/2&#8243;][vc_single_image image=&#8221;25054&#8243; img_size=&#8221;full&#8221;][\/vc_column_inner][vc_column_inner width=&#8221;1\/2&#8243;][vc_column_text]<\/p>\n<h3><span style=\"color: #ffffff;\">CMS empresarial<br \/>\n<\/span><\/h3>\n<p>Cargue f\u00e1cilmente contenido como medios de se\u00f1alizaci\u00f3n digital, cambie y administre el contenido de las diapositivas, pruebe nuevos flujos de servicios y ejecute anuncios. Las aplicaciones est\u00e1n dise\u00f1adas para manejar m\u00faltiples solicitudes y personalizaci\u00f3n, con un CMS amigable en el backend para que pueda operar y actualizar de forma independiente sus productos y promociones.[\/vc_column_text][\/vc_column_inner][\/vc_row_inner]<\/div><\/section><section id=\"section-1613058023318-2-2\" class=\"tab\" data-animation=\"\" style=\"background:#46277d; color:#ffffff;\"><div class=\"infi-content-wrapper\">[vc_row_inner content_placement=&#8221;middle&#8221; gap=&#8221;30&#8243;][vc_column_inner width=&#8221;1\/2&#8243;][vc_single_image image=&#8221;25048&#8243; img_size=&#8221;full&#8221;][\/vc_column_inner][vc_column_inner width=&#8221;1\/2&#8243;][vc_column_text]<\/p>\n<h3><span style=\"color: #ffffff;\">Informes, BI y an\u00e1lisis<\/span><\/h3>\n<p>&nbsp;<\/p>\n<p>Profundice en las sesiones de usuario, los latidos del dispositivo, las transacciones y m\u00e1s para que la eficiencia operativa de su sistema est\u00e9 siempre a su alcance.[\/vc_column_text][\/vc_column_inner][\/vc_row_inner]<\/div><\/section><section id=\"section-1613058024612-3-4\" class=\"tab\" data-animation=\"\" style=\"background:#46277d; color:#ffffff;\"><div class=\"infi-content-wrapper\">[vc_row_inner content_placement=&#8221;middle&#8221; gap=&#8221;30&#8243;][vc_column_inner width=&#8221;1\/2&#8243;][vc_single_image image=&#8221;25067&#8243; img_size=&#8221;full&#8221;][\/vc_column_inner][vc_column_inner width=&#8221;1\/2&#8243;][vc_column_text]<\/p>\n<h3><span style=\"color: #ffffff;\">Configuraci\u00f3n de soluciones bancarias<br \/>\n<\/span><\/h3>\n<p>ViaOS permite la gesti\u00f3n centralizada de componentes de hardware e interfaces de sistemas externos en todos los dispositivos conectados.[\/vc_column_text][\/vc_column_inner][\/vc_row_inner]<\/div><\/section>\n\t\t\t<\/div> <!-- \/et-content-wrap -->\n\t\t\t<\/div> <!-- \/et-tabs -->\n\t\t\t<\/section>[\/vc_column][\/vc_row][vc_row content_placement=&#8221;middle&#8221;][vc_column width=&#8221;1\/2&#8243;][vc_column_text]<\/p>\n<h2>Producto<br \/>\nGesti\u00f3n<\/h2>\n<p>[\/vc_column_text][vc_column_text]<strong>Satisfacer las diversas necesidades de la actualidad<\/strong><br \/>\n<strong>Clientes empoderados<\/strong><\/p>\n<p>Lanza nuevos productos y servicios al instante. ViaOS brinda a las empresas la oportunidad de dirigirse a los clientes con ofertas cruzadas y de venta superior.[\/vc_column_text][\/vc_column][vc_column width=&#8221;1\/2&#8243;][vc_single_image image=&#8221;17880&#8243; img_size=&#8221;full&#8221; alignment=&#8221;center&#8221;][\/vc_column][\/vc_row][vc_row][vc_column]<div class=\"templatera_shortcode\"><\/div>[\/vc_column][\/vc_row][vc_row content_placement=&#8221;middle&#8221; bg_type=&#8221;image&#8221; parallax_style=&#8221;vcpb-default&#8221; bg_image_new=&#8221;id^16314|url^https:\/\/www.wavetec.com\/wp-content\/uploads\/2020\/11\/vector-circle-1.png|caption^null|alt^null|title^vector-circle|description^null&#8221; bg_image_repeat=&#8221;no-repeat&#8221; bg_image_size=&#8221;initial&#8221; bg_image_posiiton=&#8221;right bottom&#8221; bg_override=&#8221;full&#8221;][vc_column width=&#8221;5\/12&#8243;][vc_column_text]<\/p>\n<h2>Wavetec Blog<\/h2>\n<p>Espere blogs, entrevistas y art\u00edculos de opini\u00f3n nuevos, bien investigados y centrados en la industria.<br \/>\nY suscr\u00edbete para mantenerte actualizado.[\/vc_column_text]<div class=\" ubtn-ctn-left \"><a class=\"ubtn-link ult-adjust-bottom-margin ubtn-left ubtn-normal \" href=\"https:\/\/blog.wavetec.com\/es\" target=\"_blank\" rel=\"noopener\"><button type=\"button\" id=\"ubtn-4288\"  class=\"ubtn ult-adjust-bottom-margin ult-responsive ubtn-normal ubtn-no-hover-bg  none  ubtn-left   tooltip-69ebaa2662bbd\"  data-hover=\"#ffffff\" data-border-color=\"\" data-bg=\"#ff8630\" data-hover-bg=\"#324ecf\" data-border-hover=\"\" data-shadow-hover=\"\" data-shadow-click=\"none\" data-shadow=\"\" data-shd-shadow=\"\"  data-ultimate-target='#ubtn-4288'  data-responsive-json-new='{\"font-size\":\"desktop:18px;\",\"line-height\":\"\"}'  style=\"font-family:&#039;Poppins&#039;;font-weight:600;border-radius:5px;border-width:0px;border-color:;border-style:solid;background: #ff8630;color: #ffffff;\"><span class=\"ubtn-hover\" style=\"background-color:#324ecf\"><\/span><span class=\"ubtn-data ubtn-text \" >Explora m\u00e1s<\/span><\/button><\/a><\/div>[\/vc_column][vc_column width=&#8221;1\/2&#8243; offset=&#8221;vc_col-lg-offset-1 vc_hidden-md vc_hidden-sm vc_hidden-xs&#8221;][vc_column_text]<span style=\"color: #00cef8; font-weight: 500;\"><a style=\"color: #00cef8;\" href=\"https:\/\/blog.wavetec.com\/en\/the-government-vs-covid-19-round-two-is-technology-the-secret-behind-shorter-wait-times\" target=\"_blank\" rel=\"noopener\">The government vs Covid-19 ROUND TWO &#8211; is technology the secret behind shorter wait times?<\/a><\/span><\/p>\n<p><span style=\"color: #00cef8; font-weight: 500;\"><a style=\"color: #00cef8;\" href=\"https:\/\/blog.wavetec.com\/en\/spotlight-on-in-branch-banking-in-africa\" target=\"_blank\" rel=\"noopener\">Spotlight On In-Branch Banking in Africa<\/a><\/span><\/p>\n<p><span style=\"color: #00cef8; font-weight: 500;\"><a style=\"color: #00cef8;\" href=\"https:\/\/blog.wavetec.com\/en\/to-branch-or-not-to-branch-0\" target=\"_blank\" rel=\"noopener\">The 4 P\u2019s of Self Service<\/a><\/span><\/p>\n<p><span style=\"color: #00cef8; font-weight: 500;\"><a style=\"color: #00cef8;\" href=\"https:\/\/blog.wavetec.com\/en\/3-dashboards-your-bank-needs-for-smooth-and-successful-customer-flow-management\" target=\"_blank\" rel=\"noopener\">3 dashboards your Bank needs for smooth and successful customer flow management<\/a><\/span><\/p>\n<p><span style=\"color: #00cef8; font-weight: 500;\"><a style=\"color: #00cef8;\" href=\"https:\/\/blog.wavetec.com\/en\/reopening-educational-institutions-with-staff-and-student-safety-prioritised\" target=\"_blank\" rel=\"noopener\">Reopening educational institutions with staff and student safety prioritised<\/a><\/span>[\/vc_column_text][\/vc_column][\/vc_row]<\/p>\n","protected":false},"excerpt":{"rendered":"","protected":false},"author":1,"featured_media":17867,"parent":33256,"menu_order":0,"comment_status":"open","ping_status":"closed","template":"","meta":{"content-type":"","footnotes":""},"class_list":["post-33265","page","type-page","status-publish","has-post-thumbnail","hentry"],"acf":[],"_links":{"self":[{"href":"https:\/\/www.wavetec.com\/es\/wp-json\/wp\/v2\/pages\/33265","targetHints":{"allow":["GET"]}}],"collection":[{"href":"https:\/\/www.wavetec.com\/es\/wp-json\/wp\/v2\/pages"}],"about":[{"href":"https:\/\/www.wavetec.com\/es\/wp-json\/wp\/v2\/types\/page"}],"author":[{"embeddable":true,"href":"https:\/\/www.wavetec.com\/es\/wp-json\/wp\/v2\/users\/1"}],"replies":[{"embeddable":true,"href":"https:\/\/www.wavetec.com\/es\/wp-json\/wp\/v2\/comments?post=33265"}],"version-history":[{"count":0,"href":"https:\/\/www.wavetec.com\/es\/wp-json\/wp\/v2\/pages\/33265\/revisions"}],"up":[{"embeddable":true,"href":"https:\/\/www.wavetec.com\/es\/wp-json\/wp\/v2\/pages\/33256"}],"wp:featuredmedia":[{"embeddable":true,"href":"https:\/\/www.wavetec.com\/es\/wp-json\/wp\/v2\/media\/17867"}],"wp:attachment":[{"href":"https:\/\/www.wavetec.com\/es\/wp-json\/wp\/v2\/media?parent=33265"}],"curies":[{"name":"wp","href":"https:\/\/api.w.org\/{rel}","templated":true}]}}