{"id":33256,"date":"2019-12-30T11:46:11","date_gmt":"2019-12-30T11:46:11","guid":{"rendered":"https:\/\/test.wavetec.com\/soluciones\/self-service-kiosks-software\/"},"modified":"2023-07-25T08:09:48","modified_gmt":"2023-07-25T08:09:48","slug":"software-kioscos-autoservicio","status":"publish","type":"page","link":"https:\/\/www.wavetec.com\/es\/soluciones\/software-kioscos-autoservicio\/","title":{"rendered":"ViaOS"},"content":{"rendered":"<p>[vc_row content_placement=&#8221;middle&#8221;][vc_column width=&#8221;1\/2&#8243;][vc_column_text css=&#8221;.vc_custom_1626259508537{margin-bottom: 20px !important;}&#8221;][flexy_breadcrumb][\/vc_column_text][vc_column_text]<\/p>\n<h1><span style=\"color: #0a2540;\">ViaOS: donde la innovaci\u00f3n se encuentra con el autoservicio<\/span><\/h1>\n<p>[\/vc_column_text][vc_column_text]ViaOS es una plataforma de nivel empresarial l\u00edder en la industria desarrollada junto con los quioscos de autoservicio de Azimut para satisfacer las necesidades de autoservicio de su negocio.[\/vc_column_text]<div class=\" ubtn-ctn-left \"><a class=\"ubtn-link ult-adjust-bottom-margin ubtn-left ubtn-normal \" href=\"https:\/\/info.wavetec.com\/es\/agenda-una-demostraci%C3%B3n-gratuita-hoy-gratis\" target=\"_blank\" rel=\"noopener\"><button type=\"button\" id=\"ubtn-8684\"  class=\"ubtn ult-adjust-bottom-margin ult-responsive ubtn-normal ubtn-no-hover-bg  none  ubtn-left   tooltip-69fb7a2871e67\"  data-hover=\"#ffffff\" data-border-color=\"#ffffff\" data-bg=\"#ff8630\" data-hover-bg=\"#324ecf\" data-border-hover=\"#324ecf\" data-shadow-hover=\"\" data-shadow-click=\"none\" data-shadow=\"\" data-shd-shadow=\"\"  data-ultimate-target='#ubtn-8684'  data-responsive-json-new='{\"font-size\":\"desktop:18px;mobile:13px;\",\"line-height\":\"\"}'  style=\"font-family:&#039;Poppins&#039;;font-weight:600;border-radius:5px;border-width:2px;border-color:#ffffff;border-style:solid;background: #ff8630;color: #ffffff;\"><span class=\"ubtn-hover\" style=\"background-color:#324ecf\"><\/span><span class=\"ubtn-data ubtn-text \" >obtenga una demostraci\u00f3n<\/span><\/button><\/a><\/div>[vc_single_image image=&#8221;27720&#8243; img_size=&#8221;full&#8221;][\/vc_column][vc_column width=&#8221;1\/2&#8243;][vc_single_image image=&#8221;25113&#8243; img_size=&#8221;full&#8221; alignment=&#8221;center&#8221;][\/vc_column][\/vc_row][vc_row el_id=&#8221;overview&#8221;][vc_column][\/vc_column][\/vc_row][vc_section full_width=&#8221;stretch_row_content&#8221; css=&#8221;.vc_custom_1605676933804{margin-bottom: 30px !important;background-color: #ffffff !important;}&#8221;][vc_row equal_height=&#8221;yes&#8221; content_placement=&#8221;middle&#8221; bg_type=&#8221;bg_color&#8221; el_id=&#8221;internalmenu&#8221; bg_color_value=&#8221;#ffffff&#8221;][vc_column width=&#8221;1\/6&#8243; css=&#8221;.vc_custom_1612275346476{margin-top: 0px !important;margin-right: 0px !important;margin-bottom: 0px !important;margin-left: 0px !important;padding-top: 0px !important;padding-right: 0px !important;padding-bottom: 0px !important;padding-left: 0px !important;}&#8221; offset=&#8221;vc_col-lg-offset-1&#8243;][vc_single_image image=&#8221;17699&#8243; img_size=&#8221;170&#215;55&#8243; alignment=&#8221;center&#8221; css=&#8221;.vc_custom_1613503190834{margin-top: 10px !important;margin-bottom: -20px !important;}&#8221;][\/vc_column][vc_column width=&#8221;1\/2&#8243; css=&#8221;.vc_custom_1612275335978{margin-top: 0px !important;margin-right: 0px !important;margin-bottom: 0px !important;margin-left: 0px !important;padding-top: 0px !important;padding-right: 0px !important;padding-bottom: 0px !important;padding-left: 0px !important;}&#8221;][vc_column_text css=&#8221;.vc_custom_1630670013485{margin-bottom: 0px !important;}&#8221; el_class=&#8221;sticky-nav-text&#8221;]<a href=\"\/es\/soluciones\/software-kioscos-autoservicio\/#overview\"><span style=\"text-decoration: underline;\"><span style=\"color: #db4381; text-decoration: underline;\"><strong>Visi\u00f3n de conjunto<\/strong><\/span><\/span><\/a>\u00a0 \u00a0 \u00a0\u00a0<a href=\"\/es\/soluciones\/software-kioscos-autoservicio\/caracteristicas\/#features\"><span style=\"text-decoration: underline;\">Caracteristicas<\/span><\/a>\u00a0 \u00a0 \u00a0 \u00a0<a href=\"\/es\/soluciones\/software-kioscos-autoservicio\/reportando\/#reporting\"><u>Reportando<\/u><\/a>[\/vc_column_text][\/vc_column][\/vc_row][\/vc_section][vc_row css=&#8221;.vc_custom_1613502187623{margin-top: 35px !important;}&#8221;][vc_column][vc_column_text]<\/p>\n<h2 style=\"text-align: center;\">Una Experiencia Intuitiva Que Trasciende los Canales Tradicionales<\/h2>\n<p>[\/vc_column_text][vc_single_image image=&#8221;17656&#8243; img_size=&#8221;full&#8221; alignment=&#8221;center&#8221;][vc_column_text]<\/p>\n<p style=\"text-align: center;\">Un software empresarial que se integra con todos los dispositivos perif\u00e9ricos para minimizar los esfuerzos de los clientes en todos los canales y puntos de contacto, lo que garantiza una experiencia perfecta cada vez que un cliente visita su sucursal.<\/p>\n<p>[\/vc_column_text][\/vc_column][\/vc_row][vc_row content_placement=&#8221;middle&#8221;][vc_column width=&#8221;1\/2&#8243;][vc_column_text]<\/p>\n<h2>Conoce ViaOS y<br \/>\nApp Store para autoservicio<\/h2>\n<p>[\/vc_column_text][vc_column_text]Cree y ampl\u00ede las capacidades de autoservicio con una tienda de aplicaciones privada, lo que permite la actualizaci\u00f3n remota de las capacidades en cualquier momento.<\/p>\n<p>Desde brindar un servicio al cliente m\u00e1s r\u00e1pido hasta productos de mejor calidad y operaciones eficientes, Via OS proporciona un valor clave para las organizaciones que lo adoptan a escala para tener \u00e9xito en el mundo de la automatizaci\u00f3n.[\/vc_column_text][\/vc_column][vc_column width=&#8221;1\/2&#8243;][vc_single_image image=&#8221;17662&#8243; img_size=&#8221;full&#8221; alignment=&#8221;center&#8221;][\/vc_column][\/vc_row][vc_row bg_type=&#8221;bg_color&#8221; css=&#8221;.vc_custom_1613502005661{border-top-width: 1px !important;border-right-width: 1px !important;border-bottom-width: 1px !important;border-left-width: 1px !important;border-left-color: #6d6d6d !important;border-left-style: solid !important;border-right-color: #6d6d6d !important;border-right-style: solid !important;border-top-color: #6d6d6d !important;border-top-style: solid !important;border-bottom-color: #6d6d6d !important;border-bottom-style: solid !important;border-radius: 25px !important;}&#8221;][vc_column css=&#8221;.vc_custom_1613502158173{margin-top: 0px !important;margin-bottom: -35px !important;}&#8221;][vc_column_text]<\/p>\n<h2>Seguro desde El Core<\/h2>\n<p>[\/vc_column_text][\/vc_column][vc_column width=&#8221;1\/2&#8243;][vc_column_text]<\/p>\n<h3>Fijaci\u00f3n de hardware<\/h3>\n<p>Admite de forma nativa la verificaci\u00f3n de hardware en el arranque y la inicializaci\u00f3n de la aplicaci\u00f3n[\/vc_column_text][\/vc_column][vc_column width=&#8221;1\/2&#8243;][vc_column_text]<\/p>\n<h3>Verificaci\u00f3n Bidireccional<\/h3>\n<p>Usando est\u00e1ndares modernos, criptograf\u00eda compatible, tanto el servidor como el cliente verifican y determinan la confianza bidireccional.[\/vc_column_text][\/vc_column][\/vc_row][vc_row bg_type=&#8221;bg_color&#8221;][vc_column][vc_column_text]<\/p>\n<h2 style=\"text-align: center;\">Soporte remoto y actualizaciones<\/h2>\n<p>[\/vc_column_text][vc_single_image image=&#8221;17669&#8243; img_size=&#8221;full&#8221; alignment=&#8221;center&#8221;][vc_column_text]<\/p>\n<p style=\"text-align: center;\">Elimine las visitas al sitio: actualice de forma segura y ejecute diagn\u00f3sticos para dispositivos de forma remota. M\u00e9tricas y an\u00e1lisis granulares, con alertas integradas como est\u00e1ndar. Actualice de forma segura y ejecute diagn\u00f3sticos para dispositivos de forma remota.<\/p>\n<p>[\/vc_column_text][\/vc_column][\/vc_row][vc_row content_placement=&#8221;middle&#8221; bg_type=&#8221;bg_color&#8221;][vc_column width=&#8221;1\/2&#8243;][vc_single_image image=&#8221;17675&#8243; img_size=&#8221;full&#8221; alignment=&#8221;center&#8221;][\/vc_column][vc_column width=&#8221;1\/2&#8243;][vc_column_text]<\/p>\n<h2>Un sistema operativo robusto<\/h2>\n<p>[\/vc_column_text][vc_column_text]Elimine las visitas al sitio: actualice de forma segura y ejecute diagn\u00f3sticos para dispositivos de forma remota. M\u00e9tricas y an\u00e1lisis granulares, con alertas integradas como est\u00e1ndar. Actualice de forma segura y ejecute diagn\u00f3sticos para dispositivos de forma remota.[\/vc_column_text][\/vc_column][\/vc_row][vc_row content_placement=&#8221;middle&#8221; bg_type=&#8221;bg_color&#8221; bg_override=&#8221;full&#8221; bg_color_value=&#8221;#46277c&#8221;][vc_column width=&#8221;1\/2&#8243;][vc_column_text]<\/p>\n<h2><span style=\"color: #ffffff;\">Un sistema operativo robusto<\/span><\/h2>\n<p>[\/vc_column_text][vc_column_text]<span style=\"color: #ffffff;\">Una capa de red vers\u00e1til que est\u00e1 dise\u00f1ada para entornos de red desafiantes, p\u00e9rdida frecuente de paquetes y m\u00faltiples opciones de conectividad redundante.<\/span>[\/vc_column_text][\/vc_column][vc_column width=&#8221;1\/2&#8243;][vc_single_image image=&#8221;17681&#8243; img_size=&#8221;full&#8221; alignment=&#8221;center&#8221;][\/vc_column][\/vc_row][vc_row css=&#8221;.vc_custom_1605019244694{padding-top: 50px !important;padding-bottom: 50px !important;}&#8221;][vc_column][vc_column_text]<\/p>\n<h2 style=\"text-align: center;\">Dise\u00f1ado para potenciar diferentes industrias<\/h2>\n<p style=\"text-align: center;\">A nivel mundial, m\u00e1s de 2 millones de personas pasan por nuestro cliente<br \/>\nExperimente soluciones a diario.[\/vc_column_text][\/vc_column][\/vc_row][vc_row gap=&#8221;10&#8243;][vc_column width=&#8221;1\/3&#8243; css=&#8221;.vc_custom_1612276295604{padding-top: 20px !important;padding-right: 20px !important;padding-bottom: 20px !important;padding-left: 20px !important;}&#8221; el_class=&#8221;hoverbox&#8221;]<div class=\"aio-icon-component    style_1\"><div id=\"Info-box-wrap-5465\" class=\"aio-icon-box top-icon\" style=\"\"  ><div class=\"aio-icon-top\"><div class=\"ult-just-icon-wrapper  \"><div class=\"align-icon\" style=\"text-align:center;\">\n<div class=\"aio-icon-img \" style=\"font-size:100px;display:inline-block;\" >\n\t<img decoding=\"async\" class=\"img-icon\" alt=\"null\" src=\"https:\/\/www.wavetec.com\/wp-content\/uploads\/2021\/06\/1100-100-3.png\" title=\"\">\n<\/div><\/div><\/div><\/div><div class=\"aio-icon-description ult-responsive\"  data-ultimate-target='#Info-box-wrap-5465 .aio-icon-description'  data-responsive-json-new='{\"font-size\":\"\",\"line-height\":\"\"}'  style=\"\"><\/p>\n<h3><span style=\"color: #db4381;\"><strong>Ventas incrementadas<\/strong><\/span><\/h3>\n<p>Innovaciones tecnol\u00f3gicas esenciales para la experiencia del cliente omnicanal<br \/>\nreducir la rotaci\u00f3n y vender<\/div> <!-- description --><\/div> <!-- aio-icon-box --><\/div> <!-- aio-icon-component -->[\/vc_column][vc_column width=&#8221;1\/3&#8243; css=&#8221;.vc_custom_1612276951202{padding-top: 20px !important;padding-right: 20px !important;padding-bottom: 20px !important;padding-left: 20px !important;}&#8221; el_class=&#8221;hoverbox&#8221;]<div class=\"aio-icon-component    style_1\"><div id=\"Info-box-wrap-6161\" class=\"aio-icon-box top-icon\" style=\"\"  ><div class=\"aio-icon-top\"><div class=\"ult-just-icon-wrapper  \"><div class=\"align-icon\" style=\"text-align:center;\">\n<div class=\"aio-icon-img \" style=\"font-size:100px;display:inline-block;\" >\n\t<img decoding=\"async\" class=\"img-icon\" alt=\"null\" src=\"https:\/\/www.wavetec.com\/wp-content\/uploads\/2021\/06\/2100-100-3.png\" title=\"\">\n<\/div><\/div><\/div><\/div><div class=\"aio-icon-description ult-responsive\"  data-ultimate-target='#Info-box-wrap-6161 .aio-icon-description'  data-responsive-json-new='{\"font-size\":\"\",\"line-height\":\"\"}'  style=\"\"><\/p>\n<h3><span style=\"color: #db4381;\"><strong>Desplazamientos reducidos de clientes<\/strong><\/span><\/h3>\n<p>Transformar las experiencias minoristas,<br \/>\nimpulsar la rentabilidad y<br \/>\nvender m\u00e1s<\/div> <!-- description --><\/div> <!-- aio-icon-box --><\/div> <!-- aio-icon-component -->[\/vc_column][vc_column width=&#8221;1\/3&#8243; css=&#8221;.vc_custom_1612276955836{padding-top: 20px !important;padding-right: 20px !important;padding-bottom: 20px !important;padding-left: 20px !important;}&#8221; el_class=&#8221;hoverbox&#8221;]<div class=\"aio-icon-component    style_1\"><div id=\"Info-box-wrap-8557\" class=\"aio-icon-box top-icon\" style=\"\"  ><div class=\"aio-icon-top\"><div class=\"ult-just-icon-wrapper  \"><div class=\"align-icon\" style=\"text-align:center;\">\n<div class=\"aio-icon-img \" style=\"font-size:100px;display:inline-block;\" >\n\t<img decoding=\"async\" class=\"img-icon\" alt=\"null\" src=\"https:\/\/www.wavetec.com\/wp-content\/uploads\/2021\/06\/3100-100-3.png\" title=\"\">\n<\/div><\/div><\/div><\/div><div class=\"aio-icon-description ult-responsive\"  data-ultimate-target='#Info-box-wrap-8557 .aio-icon-description'  data-responsive-json-new='{\"font-size\":\"\",\"line-height\":\"\"}'  style=\"\"><\/p>\n<h3><span style=\"color: #db4381;\"><strong>NPS aumentado<\/strong><\/span><\/h3>\n<p>Nuestras soluciones lo ayudan a mejorar el servicio, reducir la rotaci\u00f3n y vender m\u00e1s<br \/>\nreducir la rotaci\u00f3n y vender<\/div> <!-- description --><\/div> <!-- aio-icon-box --><\/div> <!-- aio-icon-component -->[\/vc_column][\/vc_row][vc_row gap=&#8221;10&#8243;][vc_column width=&#8221;1\/3&#8243; css=&#8221;.vc_custom_1612276960685{padding-top: 20px !important;padding-right: 20px !important;padding-bottom: 20px !important;padding-left: 20px !important;}&#8221; el_class=&#8221;hoverbox&#8221;]<div class=\"aio-icon-component    style_1\"><div id=\"Info-box-wrap-6183\" class=\"aio-icon-box top-icon\" style=\"\"  ><div class=\"aio-icon-top\"><div class=\"ult-just-icon-wrapper  \"><div class=\"align-icon\" style=\"text-align:center;\">\n<div class=\"aio-icon-img \" style=\"font-size:100px;display:inline-block;\" >\n\t<img decoding=\"async\" class=\"img-icon\" alt=\"null\" src=\"https:\/\/www.wavetec.com\/wp-content\/uploads\/2021\/06\/5100-100-2.png\" title=\"\">\n<\/div><\/div><\/div><\/div><div class=\"aio-icon-description ult-responsive\"  data-ultimate-target='#Info-box-wrap-6183 .aio-icon-description'  data-responsive-json-new='{\"font-size\":\"\",\"line-height\":\"\"}'  style=\"\"><\/p>\n<h3><span style=\"color: #db4381;\"><strong>Aumento de la lealtad del cliente<\/strong><\/span><\/h3>\n<p>Innovaciones tecnol\u00f3gicas esenciales para la experiencia del cliente omnicanal<\/div> <!-- description --><\/div> <!-- aio-icon-box --><\/div> <!-- aio-icon-component -->[\/vc_column][vc_column width=&#8221;1\/3&#8243; css=&#8221;.vc_custom_1612276965224{padding-top: 20px !important;padding-right: 20px !important;padding-bottom: 20px !important;padding-left: 20px !important;}&#8221; el_class=&#8221;hoverbox&#8221;]<div class=\"aio-icon-component    style_1\"><div id=\"Info-box-wrap-1281\" class=\"aio-icon-box top-icon\" style=\"\"  ><div class=\"aio-icon-top\"><div class=\"ult-just-icon-wrapper  \"><div class=\"align-icon\" style=\"text-align:center;\">\n<div class=\"aio-icon-img \" style=\"font-size:100px;display:inline-block;\" >\n\t<img decoding=\"async\" class=\"img-icon\" alt=\"null\" src=\"https:\/\/www.wavetec.com\/wp-content\/uploads\/2021\/06\/4100-100-3.png\" title=\"\">\n<\/div><\/div><\/div><\/div><div class=\"aio-icon-description ult-responsive\"  data-ultimate-target='#Info-box-wrap-1281 .aio-icon-description'  data-responsive-json-new='{\"font-size\":\"\",\"line-height\":\"\"}'  style=\"\"><\/p>\n<h3><span style=\"color: #db4381;\"><strong>Decisi\u00f3n en tiempo real<\/strong><\/span><\/h3>\n<p>Haciendo<br \/>\nTransformar las experiencias minoristas,<br \/>\nimpulsar la rentabilidad y<br \/>\nvender m\u00e1s<\/div> <!-- description --><\/div> <!-- aio-icon-box --><\/div> <!-- aio-icon-component -->[\/vc_column][vc_column width=&#8221;1\/3&#8243; css=&#8221;.vc_custom_1612276970658{padding-top: 20px !important;padding-right: 20px !important;padding-bottom: 20px !important;padding-left: 20px !important;}&#8221; el_class=&#8221;hoverbox&#8221;]<div class=\"aio-icon-component    style_1\"><div id=\"Info-box-wrap-1585\" class=\"aio-icon-box top-icon\" style=\"\"  ><div class=\"aio-icon-top\"><div class=\"ult-just-icon-wrapper  \"><div class=\"align-icon\" style=\"text-align:center;\">\n<div class=\"aio-icon-img \" style=\"font-size:100px;display:inline-block;\" >\n\t<img decoding=\"async\" class=\"img-icon\" alt=\"null\" src=\"https:\/\/www.wavetec.com\/wp-content\/uploads\/2021\/06\/6100-100-2.png\" title=\"\">\n<\/div><\/div><\/div><\/div><div class=\"aio-icon-description ult-responsive\"  data-ultimate-target='#Info-box-wrap-1585 .aio-icon-description'  data-responsive-json-new='{\"font-size\":\"\",\"line-height\":\"\"}'  style=\"\"><\/p>\n<h3><span style=\"color: #db4381;\"><strong>Mejor asignaci\u00f3n y retenci\u00f3n de personal<\/strong><\/span><\/h3>\n<p>Nuestras soluciones lo ayudan a mejorar el servicio, reducir la rotaci\u00f3n y vender m\u00e1s<\/div> <!-- description --><\/div> <!-- aio-icon-box --><\/div> <!-- aio-icon-component -->[\/vc_column][\/vc_row][vc_row content_placement=&#8221;middle&#8221; bg_type=&#8221;bg_color&#8221;][vc_column width=&#8221;1\/2&#8243;][vc_column_text]<\/p>\n<h2>\u00bfC\u00f3mo pueden los ViaOs<br \/>\n\u00a1Ayudarte!<\/h2>\n<p>[\/vc_column_text][vc_column_text]Tenemos una amplia experiencia en refinar \u00e1reas de servicio en bancos, hospitales, farmacias, organizaciones gubernamentales, supermercados y tiendas minoristas. SafeQ le ayuda a dar un paso m\u00e1s para ofrecer experiencias de cliente fluidas.[\/vc_column_text][\/vc_column][vc_column width=&#8221;5\/12&#8243; offset=&#8221;vc_col-lg-offset-1&#8243;][vc_single_image image=&#8221;25121&#8243; img_size=&#8221;full&#8221; alignment=&#8221;center&#8221;][\/vc_column][\/vc_row][vc_row][vc_column]<div class=\"templatera_shortcode\"><\/div>[\/vc_column][\/vc_row][vc_row content_placement=&#8221;middle&#8221; bg_type=&#8221;image&#8221; parallax_style=&#8221;vcpb-default&#8221; bg_image_new=&#8221;id^16314|url^https:\/\/www.wavetec.com\/wp-content\/uploads\/2020\/11\/vector-circle-1.png|caption^null|alt^null|title^vector-circle|description^null&#8221; bg_image_repeat=&#8221;no-repeat&#8221; bg_image_size=&#8221;initial&#8221; bg_image_posiiton=&#8221;right bottom&#8221; bg_override=&#8221;full&#8221;][vc_column width=&#8221;5\/12&#8243;][vc_column_text]<\/p>\n<h2>Wavetec Blog<\/h2>\n<p>Espere blogs, entrevistas y art\u00edculos de opini\u00f3n nuevos, bien investigados y centrados en la industria.<br \/>\nY suscr\u00edbete para mantenerte actualizado.[\/vc_column_text]<div class=\" ubtn-ctn-left \"><a class=\"ubtn-link ult-adjust-bottom-margin ubtn-left ubtn-normal \" href=\"https:\/\/blog.wavetec.com\/es\" target=\"_blank\" rel=\"noopener\"><button type=\"button\" id=\"ubtn-9109\"  class=\"ubtn ult-adjust-bottom-margin ult-responsive ubtn-normal ubtn-no-hover-bg  none  ubtn-left   tooltip-69fb7a28745ae\"  data-hover=\"#ffffff\" data-border-color=\"\" data-bg=\"#ff8630\" data-hover-bg=\"#324ecf\" data-border-hover=\"\" data-shadow-hover=\"\" data-shadow-click=\"none\" data-shadow=\"\" data-shd-shadow=\"\"  data-ultimate-target='#ubtn-9109'  data-responsive-json-new='{\"font-size\":\"desktop:18px;\",\"line-height\":\"\"}'  style=\"font-family:&#039;Poppins&#039;;font-weight:600;border-radius:5px;border-width:0px;border-color:;border-style:solid;background: #ff8630;color: #ffffff;\"><span class=\"ubtn-hover\" style=\"background-color:#324ecf\"><\/span><span class=\"ubtn-data ubtn-text \" >Explora m\u00e1s<\/span><\/button><\/a><\/div>[\/vc_column][vc_column width=&#8221;1\/2&#8243; offset=&#8221;vc_col-lg-offset-1 vc_hidden-lg vc_hidden-md vc_hidden-sm vc_hidden-xs&#8221;][vc_column_text]<span style=\"color: #00cef8; font-weight: 500;\"><a style=\"color: #00cef8;\" href=\"https:\/\/blog.wavetec.com\/en\/the-government-vs-covid-19-round-two-is-technology-the-secret-behind-shorter-wait-times\" target=\"_blank\" rel=\"noopener\">The government vs Covid-19 ROUND TWO &#8211; is technology the secret behind shorter wait times?<\/a><\/span><\/p>\n<p><span style=\"color: #00cef8; font-weight: 500;\"><a style=\"color: #00cef8;\" href=\"https:\/\/blog.wavetec.com\/en\/spotlight-on-in-branch-banking-in-africa\" target=\"_blank\" rel=\"noopener\">Spotlight On In-Branch Banking in Africa<\/a><\/span><\/p>\n<p><span style=\"color: #00cef8; font-weight: 500;\"><a style=\"color: #00cef8;\" href=\"https:\/\/blog.wavetec.com\/en\/to-branch-or-not-to-branch-0\" target=\"_blank\" rel=\"noopener\">The 4 P\u2019s of Self Service<\/a><\/span><\/p>\n<p><span style=\"color: #00cef8; font-weight: 500;\"><a style=\"color: #00cef8;\" href=\"https:\/\/blog.wavetec.com\/en\/3-dashboards-your-bank-needs-for-smooth-and-successful-customer-flow-management\" target=\"_blank\" rel=\"noopener\">3 dashboards your Bank needs for smooth and successful customer flow management<\/a><\/span><\/p>\n<p><span style=\"color: #00cef8; font-weight: 500;\"><a style=\"color: #00cef8;\" href=\"https:\/\/blog.wavetec.com\/en\/reopening-educational-institutions-with-staff-and-student-safety-prioritised\" target=\"_blank\" rel=\"noopener\">Reopening educational institutions with staff and student safety prioritised<\/a><\/span>[\/vc_column_text][\/vc_column][\/vc_row]<\/p>\n","protected":false},"excerpt":{"rendered":"","protected":false},"author":1,"featured_media":17661,"parent":2475,"menu_order":0,"comment_status":"open","ping_status":"closed","template":"","meta":{"content-type":"","footnotes":""},"class_list":["post-33256","page","type-page","status-publish","has-post-thumbnail","hentry"],"acf":[],"_links":{"self":[{"href":"https:\/\/www.wavetec.com\/es\/wp-json\/wp\/v2\/pages\/33256","targetHints":{"allow":["GET"]}}],"collection":[{"href":"https:\/\/www.wavetec.com\/es\/wp-json\/wp\/v2\/pages"}],"about":[{"href":"https:\/\/www.wavetec.com\/es\/wp-json\/wp\/v2\/types\/page"}],"author":[{"embeddable":true,"href":"https:\/\/www.wavetec.com\/es\/wp-json\/wp\/v2\/users\/1"}],"replies":[{"embeddable":true,"href":"https:\/\/www.wavetec.com\/es\/wp-json\/wp\/v2\/comments?post=33256"}],"version-history":[{"count":2,"href":"https:\/\/www.wavetec.com\/es\/wp-json\/wp\/v2\/pages\/33256\/revisions"}],"predecessor-version":[{"id":65034,"href":"https:\/\/www.wavetec.com\/es\/wp-json\/wp\/v2\/pages\/33256\/revisions\/65034"}],"up":[{"embeddable":true,"href":"https:\/\/www.wavetec.com\/es\/wp-json\/wp\/v2\/pages\/2475"}],"wp:featuredmedia":[{"embeddable":true,"href":"https:\/\/www.wavetec.com\/es\/wp-json\/wp\/v2\/media\/17661"}],"wp:attachment":[{"href":"https:\/\/www.wavetec.com\/es\/wp-json\/wp\/v2\/media?parent=33256"}],"curies":[{"name":"wp","href":"https:\/\/api.w.org\/{rel}","templated":true}]}}