{"id":32955,"date":"2021-02-10T18:20:18","date_gmt":"2021-02-10T18:20:18","guid":{"rendered":"https:\/\/test.wavetec.com\/soluciones\/software-de-gestion-de-filas\/reporting\/"},"modified":"2021-08-30T13:46:57","modified_gmt":"2021-08-30T13:46:57","slug":"informes","status":"publish","type":"page","link":"https:\/\/www.wavetec.com\/es\/soluciones\/software-de-gestion-de-filas\/informes\/","title":{"rendered":"Spectra &#8211; Informes"},"content":{"rendered":"<p>[vc_row content_placement=&#8221;middle&#8221;][vc_column width=&#8221;1\/2&#8243;][vc_column_text css=&#8221;.vc_custom_1627393740978{margin-bottom: 20px !important;}&#8221;][flexy_breadcrumb][\/vc_column_text][vc_column_text]<\/p>\n<h1><span style=\"color: #0a2540;\">Informes con Spectra Queue Management<\/span><\/h1>\n<p><strong>Mida y gestione los datos Insights de Spectra<\/strong>[\/vc_column_text][vc_column_text]Asegurar datos oportunos y precisos es fundamental para tomar decisiones comerciales. Spectra le permite tomar decisiones confiables con una plataforma de informes de nivel empresarial.[\/vc_column_text][\/vc_column][vc_column width=&#8221;1\/2&#8243;][vc_single_image image=&#8221;29077&#8243; img_size=&#8221;full&#8221; alignment=&#8221;center&#8221;][\/vc_column][\/vc_row][vc_row el_id=&#8221;reporting&#8221;][vc_column][\/vc_column][\/vc_row][vc_section full_width=&#8221;stretch_row_content&#8221; css=&#8221;.vc_custom_1605676933804{margin-bottom: 30px !important;background-color: #ffffff !important;}&#8221;][vc_row equal_height=&#8221;yes&#8221; content_placement=&#8221;middle&#8221; bg_type=&#8221;bg_color&#8221; el_id=&#8221;internalmenu&#8221; bg_color_value=&#8221;#ffffff&#8221;][vc_column width=&#8221;1\/6&#8243; css=&#8221;.vc_custom_1612275346476{margin-top: 0px !important;margin-right: 0px !important;margin-bottom: 0px !important;margin-left: 0px !important;padding-top: 0px !important;padding-right: 0px !important;padding-bottom: 0px !important;padding-left: 0px !important;}&#8221; offset=&#8221;vc_col-lg-offset-1&#8243;][vc_single_image image=&#8221;17459&#8243; img_size=&#8221;full&#8221; alignment=&#8221;center&#8221; css=&#8221;.vc_custom_1612277331711{margin-top: 10px !important;margin-bottom: -20px !important;}&#8221;][\/vc_column][vc_column width=&#8221;1\/2&#8243; css=&#8221;.vc_custom_1612275335978{margin-top: 0px !important;margin-right: 0px !important;margin-bottom: 0px !important;margin-left: 0px !important;padding-top: 0px !important;padding-right: 0px !important;padding-bottom: 0px !important;padding-left: 0px !important;}&#8221;][vc_column_text css=&#8221;.vc_custom_1630327361508{margin-bottom: 0px !important;}&#8221; el_class=&#8221;sticky-nav-text&#8221;]<a href=\"\/es\/soluciones\/software-de-gestion-de-filas\/#overview\"><span style=\"text-decoration: underline;\">Visi\u00f3n de conjunto<\/span><\/a>\u00a0 \u00a0 \u00a0 \u00a0<a href=\"\/es\/soluciones\/software-de-gestion-de-filas\/caracteristicas\/#features\"><span style=\"text-decoration: underline;\">Caracter\u00edsticas<\/span><\/a>\u00a0 \u00a0 \u00a0 \u00a0<span style=\"color: #46277d;\"><strong><a style=\"color: #46277d;\" href=\"\/es\/soluciones\/software-de-gestion-de-filas\/informes\/#reporting\"><u>Informes<\/u><\/a><\/strong><\/span>[\/vc_column_text][\/vc_column][vc_column width=&#8221;1\/4&#8243; css=&#8221;.vc_custom_1610027292901{margin-top: 0px !important;margin-right: 0px !important;margin-bottom: 0px !important;margin-left: 0px !important;padding-top: 0px !important;padding-right: 0px !important;padding-bottom: 0px !important;padding-left: 0px !important;}&#8221; offset=&#8221;vc_hidden-md vc_hidden-sm vc_hidden-xs&#8221;]<div class=\" vc_custom_1630327600431 ubtn-ctn-center \"><a class=\"ubtn-link ult-adjust-bottom-margin ubtn-center ubtn-normal \" href=\"https:\/\/info.wavetec.com\/es\/sistema-corporativo-de-gestion-fila-virtual\" target=\"_blank\" rel=\"noopener\"><button type=\"button\" id=\"ubtn-6579\"  class=\"ubtn ult-adjust-bottom-margin ult-responsive ubtn-normal ubtn-no-hover-bg  none  ubtn-center   tooltip-69fc7f09bd60a\"  data-hover=\"#ffffff\" data-border-color=\"\" data-bg=\"#46277d\" data-hover-bg=\"#6ae2fb\" data-border-hover=\"\" data-shadow-hover=\"\" data-shadow-click=\"none\" data-shadow=\"\" data-shd-shadow=\"\"  data-ultimate-target='#ubtn-6579'  data-responsive-json-new='{\"font-size\":\"desktop:18px;\",\"line-height\":\"\"}'  style=\"font-family:&#039;Poppins&#039;;font-weight:600;border-radius:5px;border-width:0px;border-color:;border-style:solid;background: #46277d;color: #ffffff;\"><span class=\"ubtn-hover\" style=\"background-color:#6ae2fb\"><\/span><span class=\"ubtn-data ubtn-text \" >Descargar folleto<\/span><\/button><\/a><\/div>[\/vc_column][\/vc_row][\/vc_section][vc_row content_placement=&#8221;middle&#8221;][vc_column width=&#8221;1\/2&#8243;][vc_column_text]<\/p>\n<h2>Recopilaci\u00f3n, gesti\u00f3n y mapeo de los recorridos de los clientes<\/h2>\n<p>[\/vc_column_text][vc_column_text]<strong>Est\u00e9 a la vanguardia y en control de sus operaciones de servicio.<\/strong><\/p>\n<p>Mejore continuamente el compromiso de los clientes y empleados mediante la captura de comentarios y el seguimiento de las interacciones.[\/vc_column_text][\/vc_column][vc_column width=&#8221;1\/2&#8243;][vc_single_image image=&#8221;17518&#8243; img_size=&#8221;full&#8221; alignment=&#8221;center&#8221;][\/vc_column][\/vc_row][vc_row css=&#8221;.vc_custom_1612981271128{margin-bottom: 40px !important;}&#8221;][vc_column width=&#8221;1\/12&#8243;][\/vc_column][vc_column width=&#8221;5\/6&#8243; css=&#8221;.vc_custom_1612980624025{border-top-width: 1px !important;border-right-width: 1px !important;border-bottom-width: 1px !important;border-left-width: 1px !important;background-color: #e1f9fe !important;border-left-color: #e1f9fe !important;border-left-style: solid !important;border-right-color: #e1f9fe !important;border-right-style: solid !important;border-top-color: #e1f9fe !important;border-top-style: solid !important;border-bottom-color: #e1f9fe !important;border-bottom-style: solid !important;border-radius: 20px !important;}&#8221;][vc_column_text]<strong>Impulsando el objetivo de su departamento<\/strong>: no importa qu\u00e9 departamento, Spectra es su herramienta esencial para el \u00e9xito. Le permitimos mejorar las p\u00e9rdidas y ganancias de toda su organizaci\u00f3n aumentando los ingresos y reduciendo los costos.<\/p>\n<p><strong>Acceso a informaci\u00f3n con datos en tiempo real:<\/strong> acceso sin problemas a informaci\u00f3n valiosa de su sucursal que le permite mejorar continuamente la experiencia de sus clientes con acceso a datos en tiempo real.[\/vc_column_text][\/vc_column][vc_column width=&#8221;1\/12&#8243;][\/vc_column][\/vc_row][vc_row bg_type=&#8221;bg_color&#8221; bg_override=&#8221;full&#8221; bg_color_value=&#8221;#46277d&#8221; css=&#8221;.vc_custom_1613047998316{padding-top: 50px !important;padding-bottom: 100px !important;}&#8221;][vc_column][vc_single_image image=&#8221;17554&#8243; img_size=&#8221;full&#8221; alignment=&#8221;center&#8221; css=&#8221;.vc_custom_1613048161090{margin-bottom: -300px !important;}&#8221;][\/vc_column][\/vc_row][vc_row css=&#8221;.vc_custom_1613048917936{margin-top: 200px !important;}&#8221;][vc_column][vc_column_text]<\/p>\n<h2>Informes, BI e IA<\/h2>\n<p><strong>Avanza hacia el futuro con predicciones impulsadas por BI e IA<\/strong><\/p>\n<p>Predecir el futuro con conocimientos pr\u00e1cticos basados \u200b\u200ben inteligencia empresarial e inteligencia artificial calculados mediante algoritmos de aprendizaje avanzados.<\/p>\n<p>M\u00e1s de 50 informes hist\u00f3ricos como: niveles de calidad del servicio, desempe\u00f1o de los empleados, desempe\u00f1o de sucursales y regiones[\/vc_column_text][\/vc_column][vc_column width=&#8221;1\/3&#8243; el_class=&#8221;hover-purple&#8221;][vc_column_text]Paneles de control de monitoreo en tiempo real[\/vc_column_text][\/vc_column][vc_column width=&#8221;1\/3&#8243; el_class=&#8221;hover-purple&#8221;][vc_column_text]Configuraci\u00f3n y gesti\u00f3n centralizadas del sistema[\/vc_column_text][\/vc_column][vc_column width=&#8221;1\/3&#8243; el_class=&#8221;hover-purple&#8221;][vc_column_text]Multiling\u00fce (ingl\u00e9s, espa\u00f1ol, franc\u00e9s, \u00e1rabe, otros idiomas (opcional)[\/vc_column_text][\/vc_column][vc_column width=&#8221;1\/3&#8243; el_class=&#8221;hover-purple&#8221;][vc_column_text]Gesti\u00f3n de KPI y paneles personalizados.[\/vc_column_text][\/vc_column][vc_column width=&#8221;1\/3&#8243; el_class=&#8221;hover-purple&#8221;][vc_column_text]Informes detallados[\/vc_column_text][\/vc_column][\/vc_row][vc_row equal_height=&#8221;yes&#8221; content_placement=&#8221;middle&#8221; css=&#8221;.vc_custom_1612356872452{margin-bottom: 40px !important;padding-top: 20px !important;padding-bottom: 20px !important;}&#8221;][vc_column width=&#8221;1\/2&#8243;][vc_single_image image=&#8221;17524&#8243; img_size=&#8221;full&#8221;][\/vc_column][vc_column width=&#8221;5\/12&#8243; offset=&#8221;vc_col-lg-offset-1&#8243;][vc_column_text]<\/p>\n<h2>Experiencia del cliente en sucursales:<\/h2>\n<p>Permita que sus clientes hagan cola virtualmente usando sus tel\u00e9fonos para acceder a su sistema sin boletos.[\/vc_column_text][vc_row_inner][vc_column_inner css=&#8221;.vc_custom_1612982073723{border-top-width: 1px !important;border-right-width: 1px !important;border-bottom-width: 1px !important;border-left-width: 1px !important;background-color: #f0fcff !important;border-left-color: #f0fcff !important;border-left-style: solid !important;border-right-color: #f0fcff !important;border-right-style: solid !important;border-top-color: #f0fcff !important;border-top-style: solid !important;border-bottom-color: #f0fcff !important;border-bottom-style: solid !important;border-radius: 20px !important;}&#8221;][vc_column_text]<\/p>\n<ul>\n<li>Qui\u00e9n visita tus tiendas y por qu\u00e9<\/li>\n<li>Qu\u00e9 canales usaron<\/li>\n<li>\u00bfC\u00f3mo fue su experiencia?<\/li>\n<li>De donde vinieron<\/li>\n<li>\u00bfClientes leales?<\/li>\n<li>Informaci\u00f3n demogr\u00e1fica<\/li>\n<li>Qui\u00e9n cancela o se retira<\/li>\n<\/ul>\n<p>[\/vc_column_text][\/vc_column_inner][\/vc_row_inner][\/vc_column][\/vc_row][vc_row equal_height=&#8221;yes&#8221; content_placement=&#8221;middle&#8221; css=&#8221;.vc_custom_1612356872452{margin-bottom: 40px !important;padding-top: 20px !important;padding-bottom: 20px !important;}&#8221;][vc_column width=&#8221;5\/12&#8243;][vc_column_text]<\/p>\n<h2>Reducir los costos operativos<\/h2>\n<p>Reduzca los costos operativos e impulse mayores ventas al capturar datos en su sucursal y operaciones, tales como:[\/vc_column_text][vc_column_text]Informaci\u00f3n sobre el tiempo y el movimiento de las tareas de los empleados de la tienda, los clientes, los descansos y el tiempo de permanencia[\/vc_column_text][vc_column_text]Rendimiento del personal sobre las interacciones del servicio al cliente y la productividad de las tareas.[\/vc_column_text][vc_column_text]Informaci\u00f3n sobre la experiencia del cliente sobre los tiempos de espera, mostrar tarifas y m\u00e1s[\/vc_column_text][\/vc_column][vc_column width=&#8221;1\/2&#8243; offset=&#8221;vc_col-lg-offset-1&#8243;][vc_single_image image=&#8221;17530&#8243; img_size=&#8221;full&#8221; alignment=&#8221;center&#8221;][\/vc_column][\/vc_row][vc_row css=&#8221;.vc_custom_1605019244694{padding-top: 50px !important;padding-bottom: 50px !important;}&#8221;][vc_column][vc_column_text]<\/p>\n<h2 style=\"text-align: center;\">Dise\u00f1ado para empoderar a diferentes industrias<\/h2>\n<p style=\"text-align: center;\">A nivel mundial, m\u00e1s de 2 millones de personas pasan por nuestro cliente<br \/>\nExperimente soluciones a diario.<\/p>\n<p>[\/vc_column_text][\/vc_column][\/vc_row][vc_row gap=&#8221;10&#8243;][vc_column width=&#8221;1\/3&#8243; css=&#8221;.vc_custom_1612276295604{padding-top: 20px !important;padding-right: 20px !important;padding-bottom: 20px !important;padding-left: 20px !important;}&#8221; el_class=&#8221;hoverbox&#8221;]<div class=\"aio-icon-component    style_1\"><div id=\"Info-box-wrap-9945\" class=\"aio-icon-box top-icon\" style=\"\"  ><div class=\"aio-icon-top\"><div class=\"ult-just-icon-wrapper  \"><div class=\"align-icon\" style=\"text-align:center;\">\n<div class=\"aio-icon-img \" style=\"font-size:60px;display:inline-block;\" >\n\t<img decoding=\"async\" class=\"img-icon\" alt=\"null\" src=\"https:\/\/www.wavetec.com\/wp-content\/uploads\/2021\/02\/Account.png\" title=\"\">\n<\/div><\/div><\/div><\/div><div class=\"aio-icon-description ult-responsive\"  data-ultimate-target='#Info-box-wrap-9945 .aio-icon-description'  data-responsive-json-new='{\"font-size\":\"\",\"line-height\":\"\"}'  style=\"\"><strong>Incrementa las ventas de sucursales en un 20%<\/strong><\/div> <!-- description --><\/div> <!-- aio-icon-box --><\/div> <!-- aio-icon-component -->[\/vc_column][vc_column width=&#8221;1\/3&#8243; css=&#8221;.vc_custom_1612276951202{padding-top: 20px !important;padding-right: 20px !important;padding-bottom: 20px !important;padding-left: 20px !important;}&#8221; el_class=&#8221;hoverbox&#8221;]<div class=\"aio-icon-component    style_1\"><div id=\"Info-box-wrap-1934\" class=\"aio-icon-box top-icon\" style=\"\"  ><div class=\"aio-icon-top\"><div class=\"ult-just-icon-wrapper  \"><div class=\"align-icon\" style=\"text-align:center;\">\n<div class=\"aio-icon-img \" style=\"font-size:98px;display:inline-block;\" >\n\t<img decoding=\"async\" class=\"img-icon\" alt=\"null\" src=\"https:\/\/www.wavetec.com\/wp-content\/uploads\/2021\/02\/Member-2.png\" title=\"\">\n<\/div><\/div><\/div><\/div><div class=\"aio-icon-description ult-responsive\"  data-ultimate-target='#Info-box-wrap-1934 .aio-icon-description'  data-responsive-json-new='{\"font-size\":\"\",\"line-height\":\"\"}'  style=\"\"><strong>Mayor ventaja competitiva al aprovechar los conocimientos<\/strong><\/div> <!-- description --><\/div> <!-- aio-icon-box --><\/div> <!-- aio-icon-component -->[\/vc_column][vc_column width=&#8221;1\/3&#8243; css=&#8221;.vc_custom_1612276955836{padding-top: 20px !important;padding-right: 20px !important;padding-bottom: 20px !important;padding-left: 20px !important;}&#8221; el_class=&#8221;hoverbox&#8221;]<div class=\"aio-icon-component    style_1\"><div id=\"Info-box-wrap-4784\" class=\"aio-icon-box top-icon\" style=\"\"  ><div class=\"aio-icon-top\"><div class=\"ult-just-icon-wrapper  \"><div class=\"align-icon\" style=\"text-align:center;\">\n<div class=\"aio-icon-img \" style=\"font-size:80px;display:inline-block;\" >\n\t<img decoding=\"async\" class=\"img-icon\" alt=\"null\" src=\"https:\/\/www.wavetec.com\/wp-content\/uploads\/2021\/02\/One-To-Many-1.png\" title=\"\">\n<\/div><\/div><\/div><\/div><div class=\"aio-icon-description ult-responsive\"  data-ultimate-target='#Info-box-wrap-4784 .aio-icon-description'  data-responsive-json-new='{\"font-size\":\"\",\"line-height\":\"\"}'  style=\"\"><strong>Aumento de la clasificaci\u00f3n de NPS mediante la reducci\u00f3n de los tiempos de espera<\/strong><\/div> <!-- description --><\/div> <!-- aio-icon-box --><\/div> <!-- aio-icon-component -->[\/vc_column][\/vc_row][vc_row gap=&#8221;10&#8243;][vc_column width=&#8221;1\/3&#8243; css=&#8221;.vc_custom_1612276960685{padding-top: 20px !important;padding-right: 20px !important;padding-bottom: 20px !important;padding-left: 20px !important;}&#8221; el_class=&#8221;hoverbox&#8221;]<div class=\"aio-icon-component    style_1\"><div id=\"Info-box-wrap-9713\" class=\"aio-icon-box top-icon\" style=\"\"  ><div class=\"aio-icon-top\"><div class=\"ult-just-icon-wrapper  \"><div class=\"align-icon\" style=\"text-align:center;\">\n<div class=\"aio-icon-img \" style=\"font-size:98px;display:inline-block;\" >\n\t<img decoding=\"async\" class=\"img-icon\" alt=\"null\" src=\"https:\/\/www.wavetec.com\/wp-content\/uploads\/2021\/02\/Leadership.png\" title=\"\">\n<\/div><\/div><\/div><\/div><div class=\"aio-icon-description ult-responsive\"  data-ultimate-target='#Info-box-wrap-9713 .aio-icon-description'  data-responsive-json-new='{\"font-size\":\"\",\"line-height\":\"\"}'  style=\"\"><strong>Aumento de la lealtad del cliente y la marca<\/strong><\/div> <!-- description --><\/div> <!-- aio-icon-box --><\/div> <!-- aio-icon-component -->[\/vc_column][vc_column width=&#8221;1\/3&#8243; css=&#8221;.vc_custom_1612276965224{padding-top: 20px !important;padding-right: 20px !important;padding-bottom: 20px !important;padding-left: 20px !important;}&#8221; el_class=&#8221;hoverbox&#8221;]<div class=\"aio-icon-component    style_1\"><div id=\"Info-box-wrap-3862\" class=\"aio-icon-box top-icon\" style=\"\"  ><div class=\"aio-icon-top\"><div class=\"ult-just-icon-wrapper  \"><div class=\"align-icon\" style=\"text-align:center;\">\n<div class=\"aio-icon-img \" style=\"font-size:90px;display:inline-block;\" >\n\t<img decoding=\"async\" class=\"img-icon\" alt=\"null\" src=\"https:\/\/www.wavetec.com\/wp-content\/uploads\/2021\/02\/Time-Search.png\" title=\"\">\n<\/div><\/div><\/div><\/div><div class=\"aio-icon-description ult-responsive\"  data-ultimate-target='#Info-box-wrap-3862 .aio-icon-description'  data-responsive-json-new='{\"font-size\":\"\",\"line-height\":\"\"}'  style=\"\"><strong>Toma de decisiones en tiempo real con herramientas de IA y BI<\/strong><\/div> <!-- description --><\/div> <!-- aio-icon-box --><\/div> <!-- aio-icon-component -->[\/vc_column][vc_column width=&#8221;1\/3&#8243; css=&#8221;.vc_custom_1612276970658{padding-top: 20px !important;padding-right: 20px !important;padding-bottom: 20px !important;padding-left: 20px !important;}&#8221; el_class=&#8221;hoverbox&#8221;]<div class=\"aio-icon-component    style_1\"><div id=\"Info-box-wrap-7326\" class=\"aio-icon-box top-icon\" style=\"\"  ><div class=\"aio-icon-top\"><div class=\"ult-just-icon-wrapper  \"><div class=\"align-icon\" style=\"text-align:center;\">\n<div class=\"aio-icon-img \" style=\"font-size:98px;display:inline-block;\" >\n\t<img decoding=\"async\" class=\"img-icon\" alt=\"null\" src=\"https:\/\/www.wavetec.com\/wp-content\/uploads\/2021\/02\/Management-1.png\" title=\"\">\n<\/div><\/div><\/div><\/div><div class=\"aio-icon-description ult-responsive\"  data-ultimate-target='#Info-box-wrap-7326 .aio-icon-description'  data-responsive-json-new='{\"font-size\":\"\",\"line-height\":\"\"}'  style=\"\"><strong>Mejor asignaci\u00f3n y retenci\u00f3n de personal<\/strong><\/div> <!-- description --><\/div> <!-- aio-icon-box --><\/div> <!-- aio-icon-component -->[\/vc_column][\/vc_row][vc_row][vc_column]<div class=\"templatera_shortcode\"><\/div>[\/vc_column][\/vc_row][vc_row content_placement=&#8221;middle&#8221; bg_type=&#8221;image&#8221; parallax_style=&#8221;vcpb-default&#8221; bg_image_new=&#8221;id^16314|url^https:\/\/www.wavetec.com\/wp-content\/uploads\/2020\/11\/vector-circle-1.png|caption^null|alt^null|title^vector-circle|description^null&#8221; bg_image_repeat=&#8221;no-repeat&#8221; bg_image_size=&#8221;initial&#8221; bg_image_posiiton=&#8221;right bottom&#8221; bg_override=&#8221;full&#8221;][vc_column width=&#8221;5\/12&#8243;][vc_column_text]<\/p>\n<h2>Wavetec Blog<\/h2>\n<p>Espere blogs, entrevistas y art\u00edculos de opini\u00f3n nuevos, bien investigados y centrados en la industria.<br \/>\nY suscr\u00edbete para mantenerte actualizado.[\/vc_column_text]<div class=\" ubtn-ctn-left \"><a class=\"ubtn-link ult-adjust-bottom-margin ubtn-left ubtn-normal \" href=\"https:\/\/blog.wavetec.com\/es\" target=\"_blank\" rel=\"noopener\"><button type=\"button\" id=\"ubtn-6495\"  class=\"ubtn ult-adjust-bottom-margin ult-responsive ubtn-normal ubtn-no-hover-bg  none  ubtn-left   tooltip-69fc7f09bfbaf\"  data-hover=\"#ffffff\" data-border-color=\"\" data-bg=\"#46277d\" data-hover-bg=\"#6ae2fb\" data-border-hover=\"\" data-shadow-hover=\"\" data-shadow-click=\"none\" data-shadow=\"\" data-shd-shadow=\"\"  data-ultimate-target='#ubtn-6495'  data-responsive-json-new='{\"font-size\":\"desktop:18px;\",\"line-height\":\"\"}'  style=\"font-family:&#039;Poppins&#039;;font-weight:600;border-radius:5px;border-width:0px;border-color:;border-style:solid;background: #46277d;color: #ffffff;\"><span class=\"ubtn-hover\" style=\"background-color:#6ae2fb\"><\/span><span class=\"ubtn-data ubtn-text \" >Explora m\u00e1s<\/span><\/button><\/a><\/div>[\/vc_column][vc_column width=&#8221;5\/12&#8243; offset=&#8221;vc_col-lg-offset-2 vc_hidden-lg vc_hidden-md vc_hidden-sm vc_hidden-xs&#8221;][vc_column_text]<span style=\"color: #00cef8; font-weight: 500;\"><a style=\"color: #00cef8;\" href=\"https:\/\/blog.wavetec.com\/en\/top-5-reasons-to-adopt-digital-queuing\" target=\"_blank\" rel=\"noopener\">Top 5 Reasons Why You Need Digital Queuing<\/a><\/span><\/p>\n<p><span style=\"color: #00cef8; font-weight: 500;\"><a style=\"color: #00cef8;\" href=\"https:\/\/blog.wavetec.com\/en\/who-let-the-codes-out-qr-codes-and-how-they-are-uplifting-customer-care-standards-mid-pandemic\" target=\"_blank\" rel=\"noopener\">Who let the codes out? QR codes uplifting customer care standards, mid-pandemic<\/a><\/span><\/p>\n<p><span style=\"color: #00cef8; font-weight: 500;\"><a style=\"color: #00cef8;\" href=\"https:\/\/blog.wavetec.com\/en\/reopening-educational-institutions-with-staff-and-student-safety-prioritised\" target=\"_blank\" rel=\"noopener\">Reopening educational institutions with staff and student safety prioritised<\/a><\/span><\/p>\n<p><span style=\"color: #00cef8; font-weight: 500;\"><a style=\"color: #00cef8;\" href=\"https:\/\/blog.wavetec.com\/en\/wealth-in-public-health-the-case-for-visitor-management-solutions-in-healthcare\" target=\"_blank\" rel=\"noopener\">Wealth in Public Health &#8211; a case for healthcare management solutions<\/a><\/span>[\/vc_column_text][\/vc_column][\/vc_row]<\/p>\n","protected":false},"excerpt":{"rendered":"","protected":false},"author":1,"featured_media":17523,"parent":32946,"menu_order":0,"comment_status":"closed","ping_status":"closed","template":"","meta":{"content-type":"","footnotes":""},"class_list":["post-32955","page","type-page","status-publish","has-post-thumbnail","hentry"],"acf":[],"_links":{"self":[{"href":"https:\/\/www.wavetec.com\/es\/wp-json\/wp\/v2\/pages\/32955","targetHints":{"allow":["GET"]}}],"collection":[{"href":"https:\/\/www.wavetec.com\/es\/wp-json\/wp\/v2\/pages"}],"about":[{"href":"https:\/\/www.wavetec.com\/es\/wp-json\/wp\/v2\/types\/page"}],"author":[{"embeddable":true,"href":"https:\/\/www.wavetec.com\/es\/wp-json\/wp\/v2\/users\/1"}],"replies":[{"embeddable":true,"href":"https:\/\/www.wavetec.com\/es\/wp-json\/wp\/v2\/comments?post=32955"}],"version-history":[{"count":0,"href":"https:\/\/www.wavetec.com\/es\/wp-json\/wp\/v2\/pages\/32955\/revisions"}],"up":[{"embeddable":true,"href":"https:\/\/www.wavetec.com\/es\/wp-json\/wp\/v2\/pages\/32946"}],"wp:featuredmedia":[{"embeddable":true,"href":"https:\/\/www.wavetec.com\/es\/wp-json\/wp\/v2\/media\/17523"}],"wp:attachment":[{"href":"https:\/\/www.wavetec.com\/es\/wp-json\/wp\/v2\/media?parent=32955"}],"curies":[{"name":"wp","href":"https:\/\/api.w.org\/{rel}","templated":true}]}}