{"id":31739,"date":"2021-04-11T20:31:12","date_gmt":"2021-04-11T20:31:12","guid":{"rendered":"https:\/\/test.wavetec.com\/become-a-partner\/"},"modified":"2021-08-16T13:06:10","modified_gmt":"2021-08-16T13:06:10","slug":"conviertete-en-un-socio-comercial","status":"publish","type":"page","link":"https:\/\/www.wavetec.com\/es\/red-global-de-wavetec\/conviertete-en-un-socio-comercial\/","title":{"rendered":"Convertirse en un compa\u00f1ero"},"content":{"rendered":"<p>[vc_row content_placement=&#8221;middle&#8221;][vc_column width=&#8221;1\/2&#8243;][vc_column_text]<\/p>\n<h1>Convi\u00e9rtete en un socio comercial<\/h1>\n<p>\u00bfEres alguien a quien le entusiasman los desaf\u00edos? \u00bfImpulsado por la creatividad? \u00bfImpulsado por desentra\u00f1ar nuevas fronteras? \u00a1Hazte socio ahora![\/vc_column_text][vc_single_image image=&#8221;19353&#8243; img_size=&#8221;full&#8221;][\/vc_column][vc_column width=&#8221;1\/2&#8243;][vc_single_image image=&#8221;21934&#8243; img_size=&#8221;full&#8221; alignment=&#8221;center&#8221;][\/vc_column][\/vc_row][vc_section full_width=&#8221;stretch_row_content&#8221; css=&#8221;.vc_custom_1605676933804{margin-bottom: 30px !important;background-color: #ffffff !important;}&#8221;][vc_row equal_height=&#8221;yes&#8221; content_placement=&#8221;middle&#8221; bg_type=&#8221;bg_color&#8221; el_id=&#8221;internalmenu&#8221; bg_color_value=&#8221;#ffffff&#8221;][vc_column width=&#8221;1\/6&#8243; css=&#8221;.vc_custom_1612275346476{margin-top: 0px !important;margin-right: 0px !important;margin-bottom: 0px !important;margin-left: 0px !important;padding-top: 0px !important;padding-right: 0px !important;padding-bottom: 0px !important;padding-left: 0px !important;}&#8221; offset=&#8221;vc_col-lg-offset-1&#8243;][vc_single_image image=&#8221;21940&#8243; img_size=&#8221;full&#8221; alignment=&#8221;center&#8221; css=&#8221;.vc_custom_1618168355684{margin-top: 10px !important;margin-bottom: -20px !important;}&#8221;][\/vc_column][vc_column width=&#8221;1\/2&#8243; css=&#8221;.vc_custom_1612275335978{margin-top: 0px !important;margin-right: 0px !important;margin-bottom: 0px !important;margin-left: 0px !important;padding-top: 0px !important;padding-right: 0px !important;padding-bottom: 0px !important;padding-left: 0px !important;}&#8221;][vc_column_text css=&#8221;.vc_custom_1629117852514{margin-bottom: 0px !important;}&#8221; el_class=&#8221;sticky-nav-text&#8221;]<a href=\"\/es\/red-global-de-wavetec\/\"><span style=\"text-decoration: underline;\">Visi\u00f3n de conjunto<\/span><\/a>\u00a0 \u00a0 \u00a0 <span style=\"color: #324ecf;\"><strong><a style=\"color: #324ecf;\" href=\"\/es\/red-global-de-wavetec\/conviertete-en-un-socio-comercial\/\"><span style=\"text-decoration: underline;\">Convertirse en un compa\u00f1ero<\/span><\/a><\/strong><\/span>\u00a0 \u00a0 \u00a0 <a href=\"\/es\/red-global-de-wavetec\/encuentre-un-socio\/\"><span style=\"text-decoration: underline;\">Encuentra un socio<\/span><\/a>[\/vc_column_text][\/vc_column][vc_column width=&#8221;1\/4&#8243; css=&#8221;.vc_custom_1610027292901{margin-top: 0px !important;margin-right: 0px !important;margin-bottom: 0px !important;margin-left: 0px !important;padding-top: 0px !important;padding-right: 0px !important;padding-bottom: 0px !important;padding-left: 0px !important;}&#8221; offset=&#8221;vc_hidden-md vc_hidden-sm vc_hidden-xs&#8221;][\/vc_column][\/vc_row][\/vc_section][vc_row gap=&#8221;35&#8243; content_placement=&#8221;middle&#8221; css=&#8221;.vc_custom_1617307389919{margin-bottom: 80px !important;}&#8221;][vc_column][vc_column_text]<\/p>\n<h2>Revendedores vs distribuidores<\/h2>\n<p><strong>Su empresa puede formar parte de nuestra red global si se une a nosotros como revendedor o distribuidor.<\/strong>[\/vc_column_text][\/vc_column][vc_column width=&#8221;1\/2&#8243;][vc_column_text]Nuestros socios en todo el mundo venden las soluciones de Wavetec en sus respectivas regiones. Ambos tipos de socios pueden establecer su propio est\u00e1ndar de asociaci\u00f3n con Wavetec y reciben soporte y beneficios de acuerdo con el contrato fimado con Wavetec. Algunos socios prefieren la simplicidad al representar a Wavetec, mientras que otros prefieren profundizar con Wavetec para asegurarse de que se cubran todos los desaf\u00edos.[\/vc_column_text][vc_row_inner][vc_column_inner width=&#8221;1\/2&#8243;][vc_column_text]<\/p>\n<p style=\"text-align: center;\"><strong>Sello de revendedor<\/strong><\/p>\n<p>[\/vc_column_text][vc_single_image image=&#8221;24683&#8243; img_size=&#8221;full&#8221; alignment=&#8221;center&#8221;][\/vc_column_inner][vc_column_inner width=&#8221;1\/2&#8243;][vc_column_text]<\/p>\n<p style=\"text-align: center;\"><strong>Sello de distribuidores<\/strong><\/p>\n<p>[\/vc_column_text][vc_single_image image=&#8221;24677&#8243; img_size=&#8221;full&#8221; alignment=&#8221;center&#8221;][\/vc_column_inner][\/vc_row_inner][\/vc_column][vc_column width=&#8221;1\/2&#8243;][vc_single_image image=&#8221;24715&#8243; img_size=&#8221;full&#8221; alignment=&#8221;center&#8221; css=&#8221;.vc_custom_1619958369834{margin-bottom: 0px !important;}&#8221;][\/vc_column][\/vc_row][vc_row gap=&#8221;35&#8243; content_placement=&#8221;middle&#8221; css=&#8221;.vc_custom_1616744992564{margin-top: 40px !important;}&#8221;][vc_column][vc_column_text]<\/p>\n<h2 style=\"text-align: center;\">Pasos para la asociaci\u00f3n:<\/h2>\n<p style=\"text-align: center;\">\u00danase a nosotros para mejorar la calidad de vida y ahorrar tiempo valioso<\/p>\n<p>[\/vc_column_text][\/vc_column][\/vc_row][vc_row bg_type=&#8221;bg_color&#8221; bg_override=&#8221;full&#8221; bg_color_value=&#8221;#2e54cc&#8221;][vc_column]<section class=\"elegant-tabs-container\">\n\t\t\t<div class=\"et-tabs et-horizontal justified-tabs et-mobile-enabled et-tabs-style-bars tab-class-537159942 et-align-center  equal-width-tabs et-switch-on-hover\"\n\t\t\tdata-tab_style=\"bars\"\n\t\t\tdata-active-bg=\"#00cef8\"\n\t\t\tdata-active-text=\"#ffffff\"\n\t\t\tdata-hover-bg=\"#00cef8\"\n\t\t\tdata-hover-text=\"\"\n\t\t\tdata-active-tab=\"0\"\n\t\t\tdata-auto-switch-tab=\"no\"\n\t\t\tdata-switch-interval=\"5\"  >\n\t\t\t<nav class=\"elegant-tabs-nav\" style=\"\">\n\t\t\t<ul class=\"elegant-tabs-list-container\" style=\"color:#00cef8;grid-template-columns: 1fr 1fr 1fr 1fr;\">\n\t\t\t<li style=\"background:#160060;color:#ffffff;\" ><a class=\"et-anchor-tag\" style=\"color:#ffffff;font-size:16px;\" href=\"#\" target=\"\" data-href=\"#section-1613057611394-6\"><span style=\"font-size: 16px;\" class=\"et-tab-title no-icon\">Avanzamos con la introduccion<\/span><\/a><\/li><li style=\"background:#160060;color:#ffffff;\" ><a class=\"et-anchor-tag\" style=\"color:#ffffff;font-size:16px;\" href=\"#\" target=\"\" data-href=\"#section-1617306119935-1-2\"><span style=\"font-size: 16px;\" class=\"et-tab-title no-icon\">Perm\u00edtanos algo de tiempo para revisar su caso.<\/span><\/a><\/li><li style=\"background:#160060;color:#ffffff;\" ><a class=\"et-anchor-tag\" style=\"color:#ffffff;font-size:16px;\" href=\"#\" target=\"\" data-href=\"#section-1617306120632-2-2\"><span style=\"font-size: 16px;\" class=\"et-tab-title no-icon\">Revisi\u00f3n formal<\/span><\/a><\/li><li style=\"background:#160060;color:#ffffff;\" ><a class=\"et-anchor-tag\" style=\"color:#ffffff;font-size:16px;\" href=\"#\" target=\"\" data-href=\"#section-1618176655111-3-3\"><span style=\"font-size: 16px;\" class=\"et-tab-title no-icon\">Firma<\/span><\/a><\/li>\n\t\t\t<\/ul>\n\t\t\t<\/nav>\n\t\t\t<div class=\"et-content-wrap\">\n\t\t\t<section id=\"section-1613057611394-6\" class=\"tab\" data-animation=\"\" style=\"background:#2e54cc; color:#ffffff;\"><div class=\"infi-content-wrapper\">[vc_row_inner content_placement=&#8221;middle&#8221;][vc_column_inner width=&#8221;1\/3&#8243;][vc_single_image image=&#8221;24690&#8243; img_size=&#8221;full&#8221; alignment=&#8221;center&#8221; css=&#8221;.vc_custom_1619957886361{margin-bottom: 0px !important;}&#8221;][\/vc_column_inner][vc_column_inner width=&#8221;7\/12&#8243; offset=&#8221;vc_col-lg-offset-1&#8243;][vc_column_text]<\/p>\n<h2 style=\"text-align: left;\"><span style=\"color: #ffffff;\">Avanzamos con la introduccion<\/span><\/h2>\n<p style=\"text-align: left;\">Cu\u00e9ntenos sobre usted, lo que hace, cu\u00e1nto tiempo ha estado en el negocio, qui\u00e9nes son sus clientes clave y cu\u00e1nto tiempo los ha estado atendiendo. Inf\u00f3rmenos sobre cu\u00e1ntos empleados tiene o tal vez cu\u00e1l es su \u00e1rea de especializaci\u00f3n. Esta es tu oportunidad de sorprendernos, de hacernos creer que eres la persona adecuada para este negocio.<\/p>\n<p>[\/vc_column_text][\/vc_column_inner][\/vc_row_inner]<\/div><\/section><section id=\"section-1617306119935-1-2\" class=\"tab\" data-animation=\"\" style=\"background:#2e54cc; color:#ffffff;\"><div class=\"infi-content-wrapper\">[vc_row_inner content_placement=&#8221;middle&#8221;][vc_column_inner width=&#8221;1\/3&#8243;][vc_single_image image=&#8221;24696&#8243; img_size=&#8221;full&#8221; alignment=&#8221;center&#8221; css=&#8221;.vc_custom_1619958181503{margin-bottom: 0px !important;}&#8221;][\/vc_column_inner][vc_column_inner width=&#8221;7\/12&#8243; offset=&#8221;vc_col-lg-offset-1&#8243;][vc_column_text]<\/p>\n<h2 style=\"text-align: left;\"><span style=\"color: #ffffff;\">Perm\u00edtanos algo de tiempo para revisar su caso.<\/span><\/h2>\n<p style=\"text-align: left;\">Examinaremos los documentos que ha compartido con nosotros. Mientras tanto, lea nuestras gu\u00edas y documentos de muestra o tambi\u00e9n puede visitar nuestro sitio web y nuestro cat\u00e1logo de productos. Probablemente tenga decenas de preguntas que hacer y estaremos encantados de responderlas por usted.<\/p>\n<p>[\/vc_column_text][\/vc_column_inner][\/vc_row_inner]<\/div><\/section><section id=\"section-1617306120632-2-2\" class=\"tab\" data-animation=\"\" style=\"background:#2e54cc; color:#ffffff;\"><div class=\"infi-content-wrapper\">[vc_row_inner content_placement=&#8221;middle&#8221;][vc_column_inner width=&#8221;1\/3&#8243;][vc_single_image image=&#8221;24702&#8243; img_size=&#8221;full&#8221; alignment=&#8221;center&#8221; css=&#8221;.vc_custom_1619958234743{margin-bottom: 0px !important;}&#8221;][\/vc_column_inner][vc_column_inner width=&#8221;7\/12&#8243; offset=&#8221;vc_col-lg-offset-1&#8243;][vc_column_text]<\/p>\n<h2 style=\"text-align: left;\"><span style=\"color: #ffffff;\">Revisi\u00f3n formal<\/span><\/h2>\n<p style=\"text-align: left;\">Una vez que se completa la reuni\u00f3n final, ambas partes firman un acuerdo de confidencialidad mutuamente acordado que permite a los socios vender dentro de sus respectivas regiones mencionadas en el acuerdo.<\/p>\n<p>[\/vc_column_text][\/vc_column_inner][\/vc_row_inner]<\/div><\/section><section id=\"section-1618176655111-3-3\" class=\"tab\" data-animation=\"\" style=\"background:#2e54cc; color:#ffffff;\"><div class=\"infi-content-wrapper\">[vc_row_inner content_placement=&#8221;middle&#8221;][vc_column_inner width=&#8221;1\/3&#8243;][vc_single_image image=&#8221;24708&#8243; img_size=&#8221;full&#8221; alignment=&#8221;center&#8221; css=&#8221;.vc_custom_1619958288042{margin-bottom: 0px !important;}&#8221;][\/vc_column_inner][vc_column_inner width=&#8221;7\/12&#8243; offset=&#8221;vc_col-lg-offset-1&#8243;][vc_column_text]<\/p>\n<h2 style=\"text-align: left;\"><span style=\"color: #ffffff;\">Firma<\/span><\/h2>\n<p style=\"text-align: left;\">La asociaci\u00f3n puede avanzar m\u00e1s cuando ambas partes firman un acuerdo de distribuci\u00f3n una vez que los t\u00e9rminos y condiciones se acuerdan mutuamente. Nos aseguramos de que nuestro socio est\u00e9 equipado con capacitaci\u00f3n de ventas oportuna junto con soporte t\u00e9cnico y de marketing frecuente.<\/p>\n<p>[\/vc_column_text][\/vc_column_inner][\/vc_row_inner]<\/div><\/section>\n\t\t\t<\/div> <!-- \/et-content-wrap -->\n\t\t\t<\/div> <!-- \/et-tabs -->\n\t\t\t<\/section>[\/vc_column][\/vc_row][vc_row gap=&#8221;35&#8243; content_placement=&#8221;middle&#8221; css=&#8221;.vc_custom_1618176786780{margin-top: 80px !important;}&#8221;][vc_column width=&#8221;5\/12&#8243; css=&#8221;.vc_custom_1618170746994{margin-bottom: -35px !important;}&#8221;][vc_column_text]<\/p>\n<h2>Rellena el formulario y<br \/>\nestar en contacto con<br \/>\nNosotros hoy<\/h2>\n<p>Wavetec desarrolla e implementa soluciones de an\u00e1lisis de negocios, hardware y software para brindar excelentes trayectorias de clientes para los clientes, pacientes, ciudadanos y el personal que los atiende.[\/vc_column_text][vc_column_text css=&#8221;.vc_custom_1628769350642{border-top-width: 1px !important;border-right-width: 1px !important;border-bottom-width: 1px !important;border-left-width: 1px !important;padding-top: 20px !important;padding-right: 20px !important;padding-bottom: 20px !important;padding-left: 20px !important;background-color: #d2f3ff !important;border-left-color: #d2f3ff !important;border-left-style: solid !important;border-right-color: #d2f3ff !important;border-right-style: solid !important;border-top-color: #d2f3ff !important;border-top-style: solid !important;border-bottom-color: #d2f3ff !important;border-bottom-style: solid !important;border-radius: 20px !important;}&#8221;]No dude en contactarnos en caso de cualquier consulta. Nuestros ejecutivos de ventas y consultores de gesti\u00f3n de proyectos lo ayudar\u00e1n de la mejor manera posible.[\/vc_column_text][\/vc_column][vc_column width=&#8221;5\/12&#8243; offset=&#8221;vc_col-lg-offset-2&#8243; el_class=&#8221;contactbox&#8221; css=&#8221;.vc_custom_1618170792714{padding-top: 0px !important;padding-right: 0px !important;padding-bottom: 0px !important;padding-left: 0px !important;border-radius: 5px !important;}&#8221;][vc_raw_html css=&#8221;.vc_custom_1620208162198{margin-bottom: 0px !important;}&#8221;]JTNDJTIxLS0lNUJpZiUyMGx0ZSUyMElFJTIwOCU1RCUzRSUwQSUzQ3NjcmlwdCUyMGNoYXJzZXQlM0QlMjJ1dGYtOCUyMiUyMHR5cGUlM0QlMjJ0ZXh0JTJGamF2YXNjcmlwdCUyMiUyMHNyYyUzRCUyMiUyRiUyRmpzLmhzZm9ybXMubmV0JTJGZm9ybXMlMkZ2Mi1sZWdhY3kuanMlMjIlM0UlM0MlMkZzY3JpcHQlM0UlMEElM0MlMjElNUJlbmRpZiU1RC0tJTNFJTBBJTNDc2NyaXB0JTIwY2hhcnNldCUzRCUyMnV0Zi04JTIyJTIwdHlwZSUzRCUyMnRleHQlMkZqYXZhc2NyaXB0JTIyJTIwc3JjJTNEJTIyJTJGJTJGanMuaHNmb3Jtcy5uZXQlMkZmb3JtcyUyRnYyLmpzJTIyJTNFJTNDJTJGc2NyaXB0JTNFJTBBJTNDc2NyaXB0JTNFJTBBJTIwJTIwaGJzcHQuZm9ybXMuY3JlYXRlJTI4JTdCJTBBJTA5cmVnaW9uJTNBJTIwJTIybmExJTIyJTJDJTBBJTA5cG9ydGFsSWQlM0ElMjAlMjIxNzk3NjI1JTIyJTJDJTBBJTA5Zm9ybUlkJTNBJTIwJTIyZjgyMGNlYzktZDgwZS00OGIyLWJkNWQtMzI4YmZmNWI1OTgyJTIyJTBBJTdEJTI5JTNCJTBBJTNDJTJGc2NyaXB0JTNF[\/vc_raw_html][\/vc_column][\/vc_row][vc_row][vc_column]<div class=\"templatera_shortcode\"><\/div>[\/vc_column][\/vc_row]<\/p>\n","protected":false},"excerpt":{"rendered":"","protected":false},"author":1,"featured_media":24682,"parent":31812,"menu_order":0,"comment_status":"closed","ping_status":"closed","template":"","meta":{"content-type":"","footnotes":""},"class_list":["post-31739","page","type-page","status-publish","has-post-thumbnail","hentry"],"acf":[],"_links":{"self":[{"href":"https:\/\/www.wavetec.com\/es\/wp-json\/wp\/v2\/pages\/31739","targetHints":{"allow":["GET"]}}],"collection":[{"href":"https:\/\/www.wavetec.com\/es\/wp-json\/wp\/v2\/pages"}],"about":[{"href":"https:\/\/www.wavetec.com\/es\/wp-json\/wp\/v2\/types\/page"}],"author":[{"embeddable":true,"href":"https:\/\/www.wavetec.com\/es\/wp-json\/wp\/v2\/users\/1"}],"replies":[{"embeddable":true,"href":"https:\/\/www.wavetec.com\/es\/wp-json\/wp\/v2\/comments?post=31739"}],"version-history":[{"count":0,"href":"https:\/\/www.wavetec.com\/es\/wp-json\/wp\/v2\/pages\/31739\/revisions"}],"up":[{"embeddable":true,"href":"https:\/\/www.wavetec.com\/es\/wp-json\/wp\/v2\/pages\/31812"}],"wp:featuredmedia":[{"embeddable":true,"href":"https:\/\/www.wavetec.com\/es\/wp-json\/wp\/v2\/media\/24682"}],"wp:attachment":[{"href":"https:\/\/www.wavetec.com\/es\/wp-json\/wp\/v2\/media?parent=31739"}],"curies":[{"name":"wp","href":"https:\/\/api.w.org\/{rel}","templated":true}]}}