{"id":31547,"date":"2021-01-24T18:01:56","date_gmt":"2021-01-24T18:01:56","guid":{"rendered":"https:\/\/test.wavetec.com\/soluciones\/customer-feedback\/devices\/"},"modified":"2021-08-16T12:53:14","modified_gmt":"2021-08-16T12:53:14","slug":"dispositivos","status":"publish","type":"page","link":"https:\/\/www.wavetec.com\/es\/soluciones\/customer-feedback\/dispositivos\/","title":{"rendered":"Dispositivos de Comentarios del Cliente"},"content":{"rendered":"<p>[vc_row content_placement=&#8221;middle&#8221;][vc_column width=&#8221;1\/2&#8243;][vc_column_text css=&#8221;.vc_custom_1627392974530{margin-bottom: 20px !important;}&#8221;][flexy_breadcrumb][\/vc_column_text][vc_column_text]<\/p>\n<h1>Dispositivos de comentarios del cliente<\/h1>\n<p><strong>Que calibran y superan las expectativas.<\/strong>[\/vc_column_text][vc_column_text]Registre, monitoree y act\u00fae sobre la retroalimentaci\u00f3n de los clientes desde todos los puntos de contacto y canales en tiempo real, para asegurarse de que sus est\u00e1ndares de servicio cumplan y superen las demandas de los consumidores.<\/p>\n<p>\u00a1Mant\u00e9ngase al tanto de lo que sus clientes esperan de su negocio y mant\u00e9ngase a la vanguardia![\/vc_column_text]<div class=\" ubtn-ctn-left icon-btn\"><button type=\"button\" id=\"ubtn-7351\"  class=\"ubtn ult-adjust-bottom-margin ult-responsive ubtn-normal ubtn-no-hover-bg  none  ubtn-sep-icon ubtn-sep-icon-at-right  ubtn-left   tooltip-69fb84d39e66e\"  data-hover=\"#ffffff\" data-border-color=\"#116af0\" data-bg=\"#116af0\" data-hover-bg=\"#80b0fc\" data-border-hover=\"#116af0\" data-shadow-hover=\"\" data-shadow-click=\"none\" data-shadow=\"\" data-shd-shadow=\"\"  data-ultimate-target='#ubtn-7351'  data-responsive-json-new='{\"font-size\":\"desktop:18px;\",\"line-height\":\"\"}'  style=\"font-family:&#039;Poppins&#039;;font-weight:600;border-radius:5px;border-width:00px;border-color:#116af0;border-style:solid;background: #116af0;color: #ffffff;\"><span class=\"ubtn-data ubtn-icon\"><i class=\"Defaults-play-circle-o\" style=\"font-size:32px;color:#ffffff;\"><\/i><\/span><span class=\"ubtn-hover\" style=\"background-color:#80b0fc\"><\/span><span class=\"ubtn-data ubtn-text \" >ver el v\u00eddeo<\/span><\/button><\/div>[\/vc_column][vc_column width=&#8221;1\/2&#8243;][vc_single_image image=&#8221;17119&#8243; img_size=&#8221;full&#8221; alignment=&#8221;center&#8221;][\/vc_column][\/vc_row][vc_row el_id=&#8221;devices&#8221;][vc_column][\/vc_column][\/vc_row][vc_section full_width=&#8221;stretch_row_content&#8221; css=&#8221;.vc_custom_1611318835685{margin-bottom: 30px !important;background-color: #ffffff !important;}&#8221;][vc_row equal_height=&#8221;yes&#8221; content_placement=&#8221;middle&#8221; bg_type=&#8221;bg_color&#8221; el_id=&#8221;internalmenu&#8221; bg_color_value=&#8221;#ffffff&#8221;][vc_column width=&#8221;1\/4&#8243; css=&#8221;.vc_custom_1611320019718{margin-top: 0px !important;margin-right: 0px !important;margin-bottom: 0px !important;margin-left: 0px !important;padding-top: 0px !important;padding-right: 0px !important;padding-bottom: 0px !important;padding-left: 0px !important;}&#8221;][vc_single_image image=&#8221;17125&#8243; img_size=&#8221;full&#8221; alignment=&#8221;center&#8221; css=&#8221;.vc_custom_1611320025724{margin-top: 10px !important;margin-bottom: -20px !important;}&#8221;][\/vc_column][vc_column width=&#8221;1\/2&#8243; css=&#8221;.vc_custom_1611318546479{margin-top: 0px !important;margin-right: 0px !important;margin-bottom: 0px !important;margin-left: 0px !important;padding-top: 0px !important;padding-right: 0px !important;padding-bottom: 0px !important;padding-left: 0px !important;}&#8221;][vc_column_text css=&#8221;.vc_custom_1629118390232{margin-bottom: 0px !important;}&#8221; el_class=&#8221;sticky-nav-text&#8221;]<a href=\"\/es\/soluciones\/customer-feedback\/#customer-feedback\"><span style=\"text-decoration: underline;\">Visi\u00f3n de conjunto<\/span><\/a>\u00a0 \u00a0 \u00a0 <strong>\u00a0<span style=\"color: #116af0;\"><a style=\"color: #116af0;\" href=\"\/es\/soluciones\/customer-feedback\/dispositivos\/#devices\"><span style=\"text-decoration: underline;\">dispositivos<\/span><\/a><\/span><\/strong>[\/vc_column_text][\/vc_column][vc_column width=&#8221;1\/4&#8243; css=&#8221;.vc_custom_1610027292901{margin-top: 0px !important;margin-right: 0px !important;margin-bottom: 0px !important;margin-left: 0px !important;padding-top: 0px !important;padding-right: 0px !important;padding-bottom: 0px !important;padding-left: 0px !important;}&#8221; offset=&#8221;vc_hidden-md vc_hidden-sm vc_hidden-xs&#8221;]<div class=\" vc_custom_1629104672211 ubtn-ctn-center \"><a class=\"ubtn-link ult-adjust-bottom-margin ubtn-center ubtn-normal \" href=\"https:\/\/info.wavetec.com\/es\/comentarios-de-los-clientes\" target=\"_blank\" rel=\"noopener\"><button type=\"button\" id=\"ubtn-3273\"  class=\"ubtn ult-adjust-bottom-margin ult-responsive ubtn-normal ubtn-no-hover-bg  none  ubtn-center   tooltip-69fb84d39e78d\"  data-hover=\"#ffffff\" data-border-color=\"\" data-bg=\"#dbe8fd\" data-hover-bg=\"#324ecf\" data-border-hover=\"\" data-shadow-hover=\"\" data-shadow-click=\"none\" data-shadow=\"\" data-shd-shadow=\"\"  data-ultimate-target='#ubtn-3273'  data-responsive-json-new='{\"font-size\":\"desktop:18px;\",\"line-height\":\"\"}'  style=\"font-family:&#039;Poppins&#039;;font-weight:600;border-radius:5px;border-width:0px;border-color:;border-style:solid;background: #dbe8fd;color: #3b3b3b;\"><span class=\"ubtn-hover\" style=\"background-color:#324ecf\"><\/span><span class=\"ubtn-data ubtn-text \" >Descargar folleto<\/span><\/button><\/a><\/div>[\/vc_column][\/vc_row][\/vc_section][vc_row content_placement=&#8221;middle&#8221;][vc_column width=&#8221;1\/2&#8243;][vc_column_text]<\/p>\n<h2>Soluciones de pie<\/h2>\n<p>Los productos que se ofrecen en esta categor\u00eda incluyen:<\/p>\n<ul>\n<li style=\"font-weight: 400;\" aria-level=\"1\">Kiosco Opinion Plus: pantalla de 43 pulgadas<\/li>\n<li>Kiosco Opinion Plus &#8211; pantalla de 17 \u201d<\/li>\n<li style=\"font-weight: 400;\" aria-level=\"1\">Soporte Opinion Plus &#8211; Pantalla de 10.1 \u201dcon soporte<\/li>\n<\/ul>\n<p>[\/vc_column_text]<div class=\" ubtn-ctn-left \"><a class=\"ubtn-link ult-adjust-bottom-margin ubtn-left ubtn-normal \" href=\"https:\/\/info.wavetec.com\/es\/agenda-una-demostraci%C3%B3n-gratuita\" target=\"_blank\" rel=\"noopener\"><button type=\"button\" id=\"ubtn-5364\"  class=\"ubtn ult-adjust-bottom-margin ult-responsive ubtn-normal ubtn-no-hover-bg  none  ubtn-left   tooltip-69fb84d39e85e\"  data-hover=\"#3b3b3b\" data-border-color=\"\" data-bg=\"#116af0\" data-hover-bg=\"#dbe8fd\" data-border-hover=\"\" data-shadow-hover=\"\" data-shadow-click=\"none\" data-shadow=\"\" data-shd-shadow=\"\"  data-ultimate-target='#ubtn-5364'  data-responsive-json-new='{\"font-size\":\"desktop:18px;\",\"line-height\":\"\"}'  style=\"font-family:&#039;Poppins&#039;;font-weight:600;border-radius:5px;border-width:0px;border-color:;border-style:solid;background: #116af0;color: #ffffff;\"><span class=\"ubtn-data ubtn-icon\"><i class=\"none\" style=\"font-size:32px;color:#ffffff;\"><\/i><\/span><span class=\"ubtn-hover\" style=\"background-color:#dbe8fd\"><\/span><span class=\"ubtn-data ubtn-text \" >Solicite una demostraci\u00f3n<\/span><\/button><\/a><\/div>[\/vc_column][vc_column width=&#8221;1\/2&#8243;][vc_single_image image=&#8221;17246&#8243; img_size=&#8221;full&#8221; alignment=&#8221;center&#8221;][\/vc_column][\/vc_row][vc_row css=&#8221;.vc_custom_1610536551607{margin-top: 40px !important;margin-bottom: 40px !important;}&#8221;][vc_column width=&#8221;1\/4&#8243;]<div class=\"aio-icon-component    style_1\"><div id=\"Info-box-wrap-6697\" class=\"aio-icon-box top-icon\" style=\"\"  ><div class=\"aio-icon-top\"><div class=\"ult-just-icon-wrapper  \"><div class=\"align-icon\" style=\"text-align:center;\">\n<div class=\"aio-icon-img \" style=\"font-size:99px;display:inline-block;\" >\n\t<img decoding=\"async\" class=\"img-icon\" alt=\"null\" src=\"https:\/\/www.wavetec.com\/wp-content\/uploads\/2021\/05\/1-5.png\" title=\"\">\n<\/div><\/div><\/div><\/div><div class=\"aio-icon-description ult-responsive\"  data-ultimate-target='#Info-box-wrap-6697 .aio-icon-description'  data-responsive-json-new='{\"font-size\":\"\",\"line-height\":\"\"}'  style=\"font-family:&#039;Poppins&#039;;font-weight:300;\">Fidelizaci\u00f3n empresarial<\/div> <!-- description --><\/div> <!-- aio-icon-box --><\/div> <!-- aio-icon-component -->[\/vc_column][vc_column width=&#8221;1\/4&#8243;]<div class=\"aio-icon-component    style_1\"><div id=\"Info-box-wrap-5906\" class=\"aio-icon-box top-icon\" style=\"\"  ><div class=\"aio-icon-top\"><div class=\"ult-just-icon-wrapper  \"><div class=\"align-icon\" style=\"text-align:center;\">\n<div class=\"aio-icon-img \" style=\"font-size:99px;display:inline-block;\" >\n\t<img decoding=\"async\" class=\"img-icon\" alt=\"null\" src=\"https:\/\/www.wavetec.com\/wp-content\/uploads\/2021\/05\/2-5.png\" title=\"\">\n<\/div><\/div><\/div><\/div><div class=\"aio-icon-description ult-responsive\"  data-ultimate-target='#Info-box-wrap-5906 .aio-icon-description'  data-responsive-json-new='{\"font-size\":\"\",\"line-height\":\"\"}'  style=\"font-family:&#039;Poppins&#039;;font-weight:300;\">Mejorar la productividad del equipo<\/div> <!-- description --><\/div> <!-- aio-icon-box --><\/div> <!-- aio-icon-component -->[\/vc_column][vc_column width=&#8221;1\/4&#8243;]<div class=\"aio-icon-component    style_1\"><div id=\"Info-box-wrap-3142\" class=\"aio-icon-box top-icon\" style=\"\"  ><div class=\"aio-icon-top\"><div class=\"ult-just-icon-wrapper  \"><div class=\"align-icon\" style=\"text-align:center;\">\n<div class=\"aio-icon-img \" style=\"font-size:99px;display:inline-block;\" >\n\t<img decoding=\"async\" class=\"img-icon\" alt=\"null\" src=\"https:\/\/www.wavetec.com\/wp-content\/uploads\/2021\/05\/3-4.png\" title=\"\">\n<\/div><\/div><\/div><\/div><div class=\"aio-icon-description ult-responsive\"  data-ultimate-target='#Info-box-wrap-3142 .aio-icon-description'  data-responsive-json-new='{\"font-size\":\"\",\"line-height\":\"\"}'  style=\"font-family:&#039;Poppins&#039;;font-weight:300;\">Construya una reputaci\u00f3n y obtenga m\u00e1s referencias<\/div> <!-- description --><\/div> <!-- aio-icon-box --><\/div> <!-- aio-icon-component -->[\/vc_column][vc_column width=&#8221;1\/4&#8243;]<div class=\"aio-icon-component    style_1\"><div id=\"Info-box-wrap-7549\" class=\"aio-icon-box top-icon\" style=\"\"  ><div class=\"aio-icon-top\"><div class=\"ult-just-icon-wrapper  \"><div class=\"align-icon\" style=\"text-align:center;\">\n<div class=\"aio-icon-img \" style=\"font-size:99px;display:inline-block;\" >\n\t<img decoding=\"async\" class=\"img-icon\" alt=\"null\" src=\"https:\/\/www.wavetec.com\/wp-content\/uploads\/2021\/05\/4-4.png\" title=\"\">\n<\/div><\/div><\/div><\/div><div class=\"aio-icon-description ult-responsive\"  data-ultimate-target='#Info-box-wrap-7549 .aio-icon-description'  data-responsive-json-new='{\"font-size\":\"\",\"line-height\":\"\"}'  style=\"font-family:&#039;Poppins&#039;;font-weight:300;\">Tome decisiones m\u00e1s informadas y basadas en datos<\/div> <!-- description --><\/div> <!-- aio-icon-box --><\/div> <!-- aio-icon-component -->[\/vc_column][\/vc_row][vc_row content_placement=&#8221;middle&#8221;][vc_column width=&#8221;1\/2&#8243;][vc_single_image image=&#8221;25435&#8243; img_size=&#8221;full&#8221; alignment=&#8221;center&#8221;][\/vc_column][vc_column width=&#8221;1\/2&#8243;][vc_column_text]<\/p>\n<h2>Soluciones de escritorio<\/h2>\n<p>Los productos que se ofrecen en esta categor\u00eda incluyen:<\/p>\n<ul>\n<li style=\"font-weight: 400;\" aria-level=\"1\">Tablet Opinion Plus &#8211; Pantalla de 10.1 \u201d<\/li>\n<li style=\"font-weight: 400;\" aria-level=\"1\">Tablet Opinion Plus &#8211; Pantalla de 7 \u201d<\/li>\n<\/ul>\n<p>[\/vc_column_text]<div class=\" ubtn-ctn-left \"><a class=\"ubtn-link ult-adjust-bottom-margin ubtn-left ubtn-normal \" href=\"https:\/\/info.wavetec.com\/es\/agenda-una-demostraci%C3%B3n-gratuita\" target=\"_blank\" rel=\"noopener\"><button type=\"button\" id=\"ubtn-5882\"  class=\"ubtn ult-adjust-bottom-margin ult-responsive ubtn-normal ubtn-no-hover-bg  none  ubtn-left   tooltip-69fb84d39faa9\"  data-hover=\"#3b3b3b\" data-border-color=\"\" data-bg=\"#116af0\" data-hover-bg=\"#dbe8fd\" data-border-hover=\"\" data-shadow-hover=\"\" data-shadow-click=\"none\" data-shadow=\"\" data-shd-shadow=\"\"  data-ultimate-target='#ubtn-5882'  data-responsive-json-new='{\"font-size\":\"desktop:18px;\",\"line-height\":\"\"}'  style=\"font-family:&#039;Poppins&#039;;font-weight:600;border-radius:5px;border-width:0px;border-color:;border-style:solid;background: #116af0;color: #ffffff;\"><span class=\"ubtn-data ubtn-icon\"><i class=\"none\" style=\"font-size:32px;color:#ffffff;\"><\/i><\/span><span class=\"ubtn-hover\" style=\"background-color:#dbe8fd\"><\/span><span class=\"ubtn-data ubtn-text \" >Solicite una demostraci\u00f3n<\/span><\/button><\/a><\/div>[\/vc_column][\/vc_row][vc_row content_placement=&#8221;middle&#8221;][vc_column width=&#8221;1\/2&#8243;][vc_column_text]<\/p>\n<h2>Soluciones de aplicaciones m\u00f3viles<\/h2>\n<p>Se trata de una integraci\u00f3n a trav\u00e9s de la aplicaci\u00f3n m\u00f3vil o Turno WhatsApp de Wavetec, que permite a los clientes dar sus comentarios de forma virtual, remota y mientras se desplazan, dejando abierto un canal de comunicaci\u00f3n continuo.[\/vc_column_text]<div class=\" ubtn-ctn-left \"><a class=\"ubtn-link ult-adjust-bottom-margin ubtn-left ubtn-normal \" href=\"https:\/\/info.wavetec.com\/es\/agenda-una-demostraci%C3%B3n-gratuita\" target=\"_blank\" rel=\"noopener\"><button type=\"button\" id=\"ubtn-8910\"  class=\"ubtn ult-adjust-bottom-margin ult-responsive ubtn-normal ubtn-no-hover-bg  none  ubtn-left   tooltip-69fb84d39fc81\"  data-hover=\"#3b3b3b\" data-border-color=\"\" data-bg=\"#116af0\" data-hover-bg=\"#dbe8fd\" data-border-hover=\"\" data-shadow-hover=\"\" data-shadow-click=\"none\" data-shadow=\"\" data-shd-shadow=\"\"  data-ultimate-target='#ubtn-8910'  data-responsive-json-new='{\"font-size\":\"desktop:18px;\",\"line-height\":\"\"}'  style=\"font-family:&#039;Poppins&#039;;font-weight:600;border-radius:5px;border-width:0px;border-color:;border-style:solid;background: #116af0;color: #ffffff;\"><span class=\"ubtn-data ubtn-icon\"><i class=\"none\" style=\"font-size:32px;color:#ffffff;\"><\/i><\/span><span class=\"ubtn-hover\" style=\"background-color:#dbe8fd\"><\/span><span class=\"ubtn-data ubtn-text \" >Solicite una demostraci\u00f3n<\/span><\/button><\/a><\/div>[\/vc_column][vc_column width=&#8221;1\/2&#8243;][vc_single_image image=&#8221;25370&#8243; img_size=&#8221;full&#8221; alignment=&#8221;center&#8221;][\/vc_column][\/vc_row][vc_row][vc_column][vc_column_text]<\/p>\n<h2 style=\"text-align: center;\">Personalizaci\u00f3n de marca y dise\u00f1o<\/h2>\n<p style=\"text-align: center;\">Las estrategias de marca hoy en d\u00eda son la culminaci\u00f3n de a\u00f1os de evoluci\u00f3n y desarrollo, pero dos aspectos, la competencia y el conocimiento de la marca, se han mantenido igual. Con nuestras soluciones, puede crear una identidad de marca \u00fanica para su negocio con opciones de personalizables.<\/p>\n<p>[\/vc_column_text][\/vc_column][\/vc_row][vc_row content_placement=&#8221;middle&#8221;][vc_column width=&#8221;1\/2&#8243;][vc_single_image image=&#8221;17264&#8243; img_size=&#8221;full&#8221; alignment=&#8221;center&#8221;][\/vc_column][vc_column width=&#8221;1\/2&#8243;][vc_column_text]<\/p>\n<h3>Crea una experiencia integrada<\/h3>\n<p>Las necesidades y expectativas de los clientes est\u00e1n en constante evoluci\u00f3n y, por tanto, los comentarios de los clientes son vitales para las empresas centradas en el cliente. Opinion Plus de Wavetec es la clave para extraer datos sobre las experiencias de los clientes y averiguar qu\u00e9 esperan de su organizacion.<\/p>\n<p>\u00a1Tu producto, tus elecciones! Personalice seg\u00fan las siguientes categor\u00edas:<\/p>\n<ul>\n<li style=\"font-weight: 400;\" aria-level=\"1\">Variantes de color: elija entre opciones de color ilimitadas<\/li>\n<li style=\"font-weight: 400;\" aria-level=\"1\">Ubicaciones de logotipos: agregue el logotipo de su elecci\u00f3n<\/li>\n<li style=\"font-weight: 400;\" aria-level=\"1\">Personalice la interfaz de usuario: cree interfaces de usuario, controles y bibliotecas personalizados que representen su marca<\/li>\n<li style=\"font-weight: 400;\" aria-level=\"1\">Creaci\u00f3n de marca: agregue mensajes promocionales<\/li>\n<\/ul>\n<p>[\/vc_column_text]<div class=\" ubtn-ctn-left \"><a class=\"ubtn-link ult-adjust-bottom-margin ubtn-left ubtn-normal \" href=\"https:\/\/info.wavetec.com\/es\/agenda-una-demostraci%C3%B3n-gratuita\" target=\"_blank\" rel=\"noopener\"><button type=\"button\" id=\"ubtn-8766\"  class=\"ubtn ult-adjust-bottom-margin ult-responsive ubtn-normal ubtn-no-hover-bg  none  ubtn-left   tooltip-69fb84d39fd4b\"  data-hover=\"#3b3b3b\" data-border-color=\"\" data-bg=\"#116af0\" data-hover-bg=\"#dbe8fd\" data-border-hover=\"\" data-shadow-hover=\"\" data-shadow-click=\"none\" data-shadow=\"\" data-shd-shadow=\"\"  data-ultimate-target='#ubtn-8766'  data-responsive-json-new='{\"font-size\":\"desktop:18px;\",\"line-height\":\"\"}'  style=\"font-family:&#039;Poppins&#039;;font-weight:600;border-radius:5px;border-width:0px;border-color:;border-style:solid;background: #116af0;color: #ffffff;\"><span class=\"ubtn-data ubtn-icon\"><i class=\"none\" style=\"font-size:32px;color:#ffffff;\"><\/i><\/span><span class=\"ubtn-hover\" style=\"background-color:#dbe8fd\"><\/span><span class=\"ubtn-data ubtn-text \" >Solicite una demostraci\u00f3n<\/span><\/button><\/a><\/div>[\/vc_column][\/vc_row][vc_row equal_height=&#8221;yes&#8221; content_placement=&#8221;middle&#8221; bg_type=&#8221;bg_color&#8221; bg_override=&#8221;full&#8221; bg_color_value=&#8221;#f9fbfc&#8221; css=&#8221;.vc_custom_1610020863106{margin-top: 35px !important;}&#8221;][vc_column width=&#8221;7\/12&#8243;][vc_column_text]<\/p>\n<h2>Descargue nuestro folleto de Feedback de Clientes para obtener m\u00e1s informaci\u00f3n<\/h2>\n<p>Entendemos lo importante que es para usted los comentarios de los clientes y podemos proporcionar el mecanismo y los sistemas para recopilar los comentarios de los clientes y aprovecharlos para mejorar sus \u00e1reas de servicio.[\/vc_column_text]<div class=\" ubtn-ctn-left icon-btn\"><a class=\"ubtn-link ult-adjust-bottom-margin ubtn-left ubtn-normal icon-btn\" href=\"https:\/\/info.wavetec.com\/es\/comentarios-de-los-clientes\" target=\"_blank\" rel=\"noopener\"><button type=\"button\" id=\"ubtn-4907\"  class=\"ubtn ult-adjust-bottom-margin ult-responsive ubtn-normal ubtn-no-hover-bg  none  ubtn-sep-icon ubtn-sep-icon-at-right  ubtn-left   tooltip-69fb84d39fe05\"  data-hover=\"#3b3b3b\" data-border-color=\"#116af0\" data-bg=\"#ffffff\" data-hover-bg=\"#dbe8fd\" data-border-hover=\"#116af0\" data-shadow-hover=\"\" data-shadow-click=\"none\" data-shadow=\"\" data-shd-shadow=\"\"  data-ultimate-target='#ubtn-4907'  data-responsive-json-new='{\"font-size\":\"desktop:18px;\",\"line-height\":\"\"}'  style=\"font-family:&#039;Poppins&#039;;font-weight:600;border-radius:5px;border-width:1px;border-color:#116af0;border-style:solid;background: #ffffff;color: #116af0;\"><span class=\"ubtn-data ubtn-icon\"><i class=\"Defaults-download\" style=\"font-size:32px;color:#116af0;\"><\/i><\/span><span class=\"ubtn-hover\" style=\"background-color:#dbe8fd\"><\/span><span class=\"ubtn-data ubtn-text \" >Descargar folleto<\/span><\/button><\/a><\/div>[\/vc_column][vc_column width=&#8221;5\/12&#8243;][vc_single_image image=&#8221;25364&#8243; img_size=&#8221;full&#8221;][\/vc_column][\/vc_row][vc_row][vc_column]<div class=\"templatera_shortcode\"><\/div>[\/vc_column][\/vc_row][vc_row content_placement=&#8221;middle&#8221; bg_type=&#8221;image&#8221; parallax_style=&#8221;vcpb-default&#8221; bg_image_new=&#8221;id^16314|url^https:\/\/www.wavetec.com\/wp-content\/uploads\/2020\/11\/vector-circle-1.png|caption^null|alt^null|title^vector-circle|description^null&#8221; bg_image_repeat=&#8221;no-repeat&#8221; bg_image_size=&#8221;initial&#8221; bg_image_posiiton=&#8221;right bottom&#8221; bg_override=&#8221;full&#8221;][vc_column width=&#8221;5\/12&#8243;][vc_column_text]<\/p>\n<h2>Wavetec Blog<\/h2>\n<p>Continuamente blogs, entrevistas y art\u00edculos de opini\u00f3n, de investigacion y centrados en la industria.<br \/>\nSuscr\u00edbete para mantenerte actualizado.[\/vc_column_text]<div class=\" ubtn-ctn-left \"><a class=\"ubtn-link ult-adjust-bottom-margin ubtn-left ubtn-normal \" href=\"https:\/\/blog.wavetec.com\/es\" target=\"_blank\" rel=\"noopener\"><button type=\"button\" id=\"ubtn-1748\"  class=\"ubtn ult-adjust-bottom-margin ult-responsive ubtn-normal ubtn-no-hover-bg  none  ubtn-left   tooltip-69fb84d3a10fc\"  data-hover=\"#3b3b3b\" data-border-color=\"\" data-bg=\"#116af0\" data-hover-bg=\"#dbe8fd\" data-border-hover=\"\" data-shadow-hover=\"\" data-shadow-click=\"none\" data-shadow=\"\" data-shd-shadow=\"\"  data-ultimate-target='#ubtn-1748'  data-responsive-json-new='{\"font-size\":\"desktop:18px;\",\"line-height\":\"\"}'  style=\"font-family:&#039;Poppins&#039;;font-weight:600;border-radius:5px;border-width:0px;border-color:;border-style:solid;background: #116af0;color: #ffffff;\"><span class=\"ubtn-hover\" style=\"background-color:#dbe8fd\"><\/span><span class=\"ubtn-data ubtn-text \" >Explora m\u00e1s<\/span><\/button><\/a><\/div>[\/vc_column][\/vc_row]<\/p>\n","protected":false},"excerpt":{"rendered":"","protected":false},"author":1,"featured_media":17251,"parent":2497,"menu_order":0,"comment_status":"closed","ping_status":"closed","template":"","meta":{"content-type":"","footnotes":""},"class_list":["post-31547","page","type-page","status-publish","has-post-thumbnail","hentry"],"acf":[],"_links":{"self":[{"href":"https:\/\/www.wavetec.com\/es\/wp-json\/wp\/v2\/pages\/31547","targetHints":{"allow":["GET"]}}],"collection":[{"href":"https:\/\/www.wavetec.com\/es\/wp-json\/wp\/v2\/pages"}],"about":[{"href":"https:\/\/www.wavetec.com\/es\/wp-json\/wp\/v2\/types\/page"}],"author":[{"embeddable":true,"href":"https:\/\/www.wavetec.com\/es\/wp-json\/wp\/v2\/users\/1"}],"replies":[{"embeddable":true,"href":"https:\/\/www.wavetec.com\/es\/wp-json\/wp\/v2\/comments?post=31547"}],"version-history":[{"count":0,"href":"https:\/\/www.wavetec.com\/es\/wp-json\/wp\/v2\/pages\/31547\/revisions"}],"up":[{"embeddable":true,"href":"https:\/\/www.wavetec.com\/es\/wp-json\/wp\/v2\/pages\/2497"}],"wp:featuredmedia":[{"embeddable":true,"href":"https:\/\/www.wavetec.com\/es\/wp-json\/wp\/v2\/media\/17251"}],"wp:attachment":[{"href":"https:\/\/www.wavetec.com\/es\/wp-json\/wp\/v2\/media?parent=31547"}],"curies":[{"name":"wp","href":"https:\/\/api.w.org\/{rel}","templated":true}]}}