{"id":31534,"date":"2021-02-28T20:33:08","date_gmt":"2021-02-28T20:33:08","guid":{"rendered":"https:\/\/test.wavetec.com\/soluciones\/contador-de-personas\/how-it-works\/"},"modified":"2023-09-07T10:07:28","modified_gmt":"2023-09-07T10:07:28","slug":"como-funciona","status":"publish","type":"page","link":"https:\/\/www.wavetec.com\/es\/soluciones\/contador-de-personas\/como-funciona\/","title":{"rendered":"Conteo de Personas: C\u00f3mo Funciona"},"content":{"rendered":"<p>[vc_row content_placement=&#8221;middle&#8221;][vc_column width=&#8221;1\/2&#8243;][vc_column_text css=&#8221;.vc_custom_1627392954092{margin-bottom: 20px !important;}&#8221;][flexy_breadcrumb][\/vc_column_text][vc_column_text]<\/p>\n<h1>Conteo de personas: c\u00f3mo funciona<\/h1>\n<p><strong>\u00a1Control de Aforo con un 98% de precisi\u00f3n!<\/strong>[\/vc_column_text][vc_column_text]Es un conjunto de iniciativas tecnol\u00f3gicas que pueden medir, optimizar y administrar los l\u00edmites de ocupaci\u00f3n durante COVID 19.[\/vc_column_text][\/vc_column][vc_column width=&#8221;1\/2&#8243;][vc_single_image image=&#8221;30608&#8243; img_size=&#8221;full&#8221; alignment=&#8221;center&#8221;][\/vc_column][\/vc_row][vc_row el_id=&#8221;how-it-works&#8221;][vc_column][\/vc_column][\/vc_row][vc_section full_width=&#8221;stretch_row_content&#8221; css=&#8221;.vc_custom_1605676933804{margin-bottom: 30px !important;background-color: #ffffff !important;}&#8221;][vc_row equal_height=&#8221;yes&#8221; content_placement=&#8221;middle&#8221; bg_type=&#8221;bg_color&#8221; el_id=&#8221;internalmenu&#8221; bg_color_value=&#8221;#ffffff&#8221;][vc_column width=&#8221;1\/6&#8243; css=&#8221;.vc_custom_1612275346476{margin-top: 0px !important;margin-right: 0px !important;margin-bottom: 0px !important;margin-left: 0px !important;padding-top: 0px !important;padding-right: 0px !important;padding-bottom: 0px !important;padding-left: 0px !important;}&#8221; offset=&#8221;vc_col-lg-offset-1&#8243;][vc_single_image image=&#8221;17939&#8243; img_size=&#8221;full&#8221; alignment=&#8221;center&#8221; css=&#8221;.vc_custom_1614542314913{margin-top: 10px !important;margin-bottom: -20px !important;}&#8221;][\/vc_column][vc_column width=&#8221;1\/2&#8243; css=&#8221;.vc_custom_1612275335978{margin-top: 0px !important;margin-right: 0px !important;margin-bottom: 0px !important;margin-left: 0px !important;padding-top: 0px !important;padding-right: 0px !important;padding-bottom: 0px !important;padding-left: 0px !important;}&#8221;][vc_column_text css=&#8221;.vc_custom_1629118247383{margin-bottom: 0px !important;}&#8221; el_class=&#8221;sticky-nav-text&#8221;]<a href=\"\/es\/soluciones\/contador-de-personas\/#people-counting\"><span style=\"text-decoration: underline;\">Visi\u00f3n de conjunto<\/span><\/a>\u00a0 \u00a0 \u00a0 <strong><span style=\"color: #1ab071;\"><a style=\"color: #1ab071;\" href=\"https:\/\/www.wavetec.com\/es\/soluciones\/contador-de-personas\/como-funciona\/#how-it-works\"><u>\u00bfc\u00f3mo funciona?<\/u><\/a><\/span><\/strong>[\/vc_column_text][\/vc_column][vc_column width=&#8221;1\/4&#8243; css=&#8221;.vc_custom_1610027292901{margin-top: 0px !important;margin-right: 0px !important;margin-bottom: 0px !important;margin-left: 0px !important;padding-top: 0px !important;padding-right: 0px !important;padding-bottom: 0px !important;padding-left: 0px !important;}&#8221; offset=&#8221;vc_hidden-md vc_hidden-sm vc_hidden-xs&#8221;]<div class=\" vc_custom_1629096534865 ubtn-ctn-center \"><a class=\"ubtn-link ult-adjust-bottom-margin ubtn-center ubtn-normal \" href=\"https:\/\/info.wavetec.com\/es\/contador-de-personas-safeq\" target=\"_blank\" rel=\"noopener\"><button type=\"button\" id=\"ubtn-6489\"  class=\"ubtn ult-adjust-bottom-margin ult-responsive ubtn-normal ubtn-no-hover-bg  none  ubtn-center   tooltip-69f4c73609266\"  data-hover=\"#ffffff\" data-border-color=\"\" data-bg=\"#1ab071\" data-hover-bg=\"#fe8630\" data-border-hover=\"\" data-shadow-hover=\"\" data-shadow-click=\"none\" data-shadow=\"\" data-shd-shadow=\"\"  data-ultimate-target='#ubtn-6489'  data-responsive-json-new='{\"font-size\":\"desktop:18px;\",\"line-height\":\"\"}'  style=\"font-family:&#039;Poppins&#039;;font-weight:600;border-radius:5px;border-width:0px;border-color:;border-style:solid;background: #1ab071;color: #ffffff;\"><span class=\"ubtn-hover\" style=\"background-color:#fe8630\"><\/span><span class=\"ubtn-data ubtn-text \" >Descargar folleto<\/span><\/button><\/a><\/div>[\/vc_column][\/vc_row][\/vc_section][vc_row content_placement=&#8221;middle&#8221;][vc_column][vc_column_text]<\/p>\n<h2 style=\"text-align: center;\"><strong>Priorice la seguridad del cliente y garantice la continuidad del negocio<\/strong><\/h2>\n<p>[\/vc_column_text][vc_single_image image=&#8221;30655&#8243; img_size=&#8221;full&#8221; alignment=&#8221;center&#8221; el_class=&#8221;watch&#8221;][vc_column_text]<\/p>\n<p style=\"text-align: center;\">SafeQ es una forma r\u00e1pida y sin esfuerzo de detectar y monitorear la ocupaci\u00f3n, lo que le permite utilizar el espacio de manera m\u00e1s eficiente mientras mejora la experiencia del cliente.<\/p>\n<p>[\/vc_column_text][\/vc_column][\/vc_row][vc_row content_placement=&#8221;middle&#8221;][vc_column width=&#8221;1\/2&#8243;][vc_column_text]<\/p>\n<h2><strong>\u00bfC\u00f3mo funciona el conteo de personas?<\/strong><\/h2>\n<p>[\/vc_column_text][vc_column_text]El conteo de personas, tambi\u00e9n conocido como conteo de aforo, conteo de visitantes, conteo de clientes, se logra mediante la tecnolog\u00eda de im\u00e1genes 3D. Se trata de una calidad de imagen de vanguardia, eficaz incluso con poca sensibilidad a la luz y una latencia extremadamente baja.[\/vc_column_text][\/vc_column][vc_column width=&#8221;1\/2&#8243;][vc_single_image image=&#8221;30663&#8243; img_size=&#8221;full&#8221; alignment=&#8221;center&#8221;][\/vc_column][\/vc_row][vc_row content_placement=&#8221;middle&#8221;][vc_column][vc_column_text]<\/p>\n<h2>Optimice la operaci\u00f3n comercial<br \/>\nen 4 pasos simples<\/h2>\n<p>[\/vc_column_text][vc_column_text]Ayude a su empresa a crecer con un proveedor de soluciones l\u00edder en la industria global[\/vc_column_text][\/vc_column][\/vc_row][vc_row content_placement=&#8221;middle&#8221; bg_type=&#8221;image&#8221; parallax_style=&#8221;vcpb-default&#8221; bg_image_new=&#8221;id^18030|url^https:\/\/www.wavetec.com\/wp-content\/uploads\/2021\/02\/lines.png|caption^null|alt^null|title^lines|description^null&#8221; bg_image_repeat=&#8221;no-repeat&#8221; bg_image_size=&#8221;initial&#8221; bg_image_posiiton=&#8221;195px 55px&#8221;][vc_column width=&#8221;1\/2&#8243;][vc_single_image image=&#8221;18010&#8243; img_size=&#8221;full&#8221; css=&#8221;.vc_custom_1614544652540{margin-bottom: 0px !important;}&#8221;][vc_column_text]Instalar dispositivo de conteo de personas[\/vc_column_text][\/vc_column][vc_column width=&#8221;1\/2&#8243;][vc_single_image image=&#8221;18004&#8243; img_size=&#8221;full&#8221; css=&#8221;.vc_custom_1614544673103{margin-bottom: 0px !important;}&#8221;][vc_column_text]Configurar el dispositivo en los puntos de entrada y salida[\/vc_column_text][\/vc_column][vc_column width=&#8221;1\/2&#8243;][vc_single_image image=&#8221;17998&#8243; img_size=&#8221;full&#8221; css=&#8221;.vc_custom_1614544690496{margin-bottom: 0px !important;}&#8221;][vc_column_text]Recopilar datos de conteo[\/vc_column_text][\/vc_column][vc_column width=&#8221;1\/2&#8243;][vc_single_image image=&#8221;18016&#8243; img_size=&#8221;full&#8221; css=&#8221;.vc_custom_1614544707809{margin-bottom: 0px !important;}&#8221;][vc_column_text]Los datos recopilados se analizan y presentan a trav\u00e9s de paneles e informes.[\/vc_column_text][\/vc_column][\/vc_row][vc_row content_placement=&#8221;middle&#8221;][vc_column width=&#8221;1\/2&#8243;][vc_single_image image=&#8221;30670&#8243; img_size=&#8221;full&#8221; alignment=&#8221;center&#8221;][\/vc_column][vc_column width=&#8221;1\/2&#8243;][vc_column_text]<\/p>\n<h2>\u00bfPor qu\u00e9 elegir Wavetec?<\/h2>\n<p>[\/vc_column_text][vc_column_text]Tenemos una amplia experiencia en el equipamiento de \u00e1reas de servicio en bancos, hospitales, farmacias, organizaciones gubernamentales, supermercados y tiendas minoristas. SafeQ lo ayuda a capacitarlo para brindar experiencias de cliente optimas.[\/vc_column_text][\/vc_column][\/vc_row][vc_row css=&#8221;.vc_custom_1605019244694{padding-top: 50px !important;padding-bottom: 50px !important;}&#8221;][vc_column][vc_column_text]<\/p>\n<h2>M\u00e1s de dos millones de clientes satisfechos<\/h2>\n<p>A nivel mundial, m\u00e1s de 2 millones de personas utilizan nuestro sistema<br \/>\nexperience solutions on a daily basis.[\/vc_column_text][\/vc_column][\/vc_row][vc_row gap=&#8221;10&#8243;][vc_column width=&#8221;1\/3&#8243; css=&#8221;.vc_custom_1605074050116{padding-top: 20px !important;padding-right: 20px !important;padding-bottom: 20px !important;padding-left: 20px !important;}&#8221; el_class=&#8221;hoverbox&#8221;]<div class=\"aio-icon-component   industriesbox style_1\"><div id=\"Info-box-wrap-1976\" class=\"aio-icon-box top-icon\" style=\"\"  ><div class=\"aio-icon-top\"><div class=\"ult-just-icon-wrapper  \"><div class=\"align-icon\" style=\"text-align:center;\">\n<div class=\"aio-icon-img \" style=\"font-size:98px;display:inline-block;\" >\n\t<img decoding=\"async\" class=\"img-icon\" alt=\"null\" src=\"https:\/\/www.wavetec.com\/wp-content\/uploads\/2021\/04\/6-1.png\" title=\"\">\n<\/div><\/div><\/div><\/div><div class=\"aio-icon-description ult-responsive\"  data-ultimate-target='#Info-box-wrap-1976 .aio-icon-description'  data-responsive-json-new='{\"font-size\":\"\",\"line-height\":\"\"}'  style=\"\"><strong>Bancario<\/strong><\/p>\n<p>Brinde una experiencia omnicanal, dirigida a clientes y no clientes, de filas lineales y digitales<a class=\"aio-icon-read xx\" href=\"\/es\/industrias\/bancos\/\" >Aprende m\u00e1s&nbsp;&raquo;<\/a><\/div> <!-- description --><\/div> <!-- aio-icon-box --><\/div> <!-- aio-icon-component -->[\/vc_column][vc_column width=&#8221;1\/3&#8243; css=&#8221;.vc_custom_1605022678756{padding-top: 20px !important;padding-right: 20px !important;padding-bottom: 20px !important;padding-left: 20px !important;}&#8221;]<div class=\"aio-icon-component   industriesbox style_1\"><div id=\"Info-box-wrap-8317\" class=\"aio-icon-box top-icon\" style=\"\"  ><div class=\"aio-icon-top\"><div class=\"ult-just-icon-wrapper  \"><div class=\"align-icon\" style=\"text-align:center;\">\n<div class=\"aio-icon-img \" style=\"font-size:98px;display:inline-block;\" >\n\t<img decoding=\"async\" class=\"img-icon\" alt=\"null\" src=\"https:\/\/www.wavetec.com\/wp-content\/uploads\/2021\/04\/5-1.png\" title=\"\">\n<\/div><\/div><\/div><\/div><div class=\"aio-icon-description ult-responsive\"  data-ultimate-target='#Info-box-wrap-8317 .aio-icon-description'  data-responsive-json-new='{\"font-size\":\"\",\"line-height\":\"\"}'  style=\"\"><strong>Retail<\/strong><\/p>\n<p>Aumente las ventas, reduzca los costos y optimice la gesti\u00f3n de la tienda<a class=\"aio-icon-read xx\" href=\"\/es\/industrias\/retail\/\" >Aprende m\u00e1s&nbsp;&raquo;<\/a><\/div> <!-- description --><\/div> <!-- aio-icon-box --><\/div> <!-- aio-icon-component -->[\/vc_column][vc_column width=&#8221;1\/3&#8243; css=&#8221;.vc_custom_1605022688271{padding-top: 20px !important;padding-right: 20px !important;padding-bottom: 20px !important;padding-left: 20px !important;}&#8221;]<div class=\"aio-icon-component   industriesbox style_1\"><div id=\"Info-box-wrap-9210\" class=\"aio-icon-box top-icon\" style=\"\"  ><div class=\"aio-icon-top\"><div class=\"ult-just-icon-wrapper  \"><div class=\"align-icon\" style=\"text-align:center;\">\n<div class=\"aio-icon-img \" style=\"font-size:98px;display:inline-block;\" >\n\t<img decoding=\"async\" class=\"img-icon\" alt=\"null\" src=\"https:\/\/www.wavetec.com\/wp-content\/uploads\/2021\/04\/4-2.png\" title=\"\">\n<\/div><\/div><\/div><\/div><div class=\"aio-icon-description ult-responsive\"  data-ultimate-target='#Info-box-wrap-9210 .aio-icon-description'  data-responsive-json-new='{\"font-size\":\"\",\"line-height\":\"\"}'  style=\"\"><strong>Telecom<\/strong><\/p>\n<p>Mejorar la adquisicion de clientes, servicios y los flujos de visitantes<a class=\"aio-icon-read xx\" href=\"\/es\/industrias\/telecomunicaciones\/\" >Aprende m\u00e1s&nbsp;&raquo;<\/a><\/div> <!-- description --><\/div> <!-- aio-icon-box --><\/div> <!-- aio-icon-component -->[\/vc_column][\/vc_row][vc_row gap=&#8221;10&#8243;][vc_column width=&#8221;1\/3&#8243; css=&#8221;.vc_custom_1605022696446{padding-top: 20px !important;padding-right: 20px !important;padding-bottom: 20px !important;padding-left: 20px !important;}&#8221;]<div class=\"aio-icon-component   industriesbox style_1\"><div id=\"Info-box-wrap-4354\" class=\"aio-icon-box top-icon\" style=\"\"  ><div class=\"aio-icon-top\"><div class=\"ult-just-icon-wrapper  \"><div class=\"align-icon\" style=\"text-align:center;\">\n<div class=\"aio-icon-img \" style=\"font-size:98px;display:inline-block;\" >\n\t<img decoding=\"async\" class=\"img-icon\" alt=\"null\" src=\"https:\/\/www.wavetec.com\/wp-content\/uploads\/2021\/04\/2-2.png\" title=\"\">\n<\/div><\/div><\/div><\/div><div class=\"aio-icon-description ult-responsive\"  data-ultimate-target='#Info-box-wrap-4354 .aio-icon-description'  data-responsive-json-new='{\"font-size\":\"\",\"line-height\":\"\"}'  style=\"\"><strong>Gobierno<\/strong><\/p>\n<p>Soluciones tecnol\u00f3gicas probadas para la prestaci\u00f3n de servicios exitosas<a class=\"aio-icon-read xx\" href=\"\/es\/industrias\/sector-publico\/\" >Aprende m\u00e1s&nbsp;&raquo;<\/a><\/div> <!-- description --><\/div> <!-- aio-icon-box --><\/div> <!-- aio-icon-component -->[\/vc_column][vc_column width=&#8221;1\/3&#8243; css=&#8221;.vc_custom_1605022704551{padding-top: 20px !important;padding-right: 20px !important;padding-bottom: 20px !important;padding-left: 20px !important;}&#8221;]<div class=\"aio-icon-component   industriesbox style_1\"><div id=\"Info-box-wrap-9257\" class=\"aio-icon-box top-icon\" style=\"\"  ><div class=\"aio-icon-top\"><div class=\"ult-just-icon-wrapper  \"><div class=\"align-icon\" style=\"text-align:center;\">\n<div class=\"aio-icon-img \" style=\"font-size:98px;display:inline-block;\" >\n\t<img decoding=\"async\" class=\"img-icon\" alt=\"null\" src=\"https:\/\/www.wavetec.com\/wp-content\/uploads\/2021\/04\/1-2.png\" title=\"\">\n<\/div><\/div><\/div><\/div><div class=\"aio-icon-description ult-responsive\"  data-ultimate-target='#Info-box-wrap-9257 .aio-icon-description'  data-responsive-json-new='{\"font-size\":\"\",\"line-height\":\"\"}'  style=\"\"><strong>Cuidado de la salud<\/strong><\/p>\n<p>Gesti\u00f3n de flujos ambulatorios eficientes para \u00e1reas de alto riesgo y tr\u00e1fico de pacientes<a class=\"aio-icon-read xx\" href=\"\/es\/industrias\/cuidado-de-la-salud\/\" >Aprende m\u00e1s&nbsp;&raquo;<\/a><\/div> <!-- description --><\/div> <!-- aio-icon-box --><\/div> <!-- aio-icon-component -->[\/vc_column][vc_column width=&#8221;1\/3&#8243; css=&#8221;.vc_custom_1605022712363{padding-top: 20px !important;padding-right: 20px !important;padding-bottom: 20px !important;padding-left: 20px !important;}&#8221;]<div class=\"aio-icon-component   industriesbox style_1\"><div id=\"Info-box-wrap-7521\" class=\"aio-icon-box top-icon\" style=\"\"  ><div class=\"aio-icon-top\"><div class=\"ult-just-icon-wrapper  \"><div class=\"align-icon\" style=\"text-align:center;\">\n<div class=\"aio-icon-img \" style=\"font-size:98px;display:inline-block;\" >\n\t<img decoding=\"async\" class=\"img-icon\" alt=\"null\" src=\"https:\/\/www.wavetec.com\/wp-content\/uploads\/2021\/04\/3-3.png\" title=\"\">\n<\/div><\/div><\/div><\/div><div class=\"aio-icon-description ult-responsive\"  data-ultimate-target='#Info-box-wrap-7521 .aio-icon-description'  data-responsive-json-new='{\"font-size\":\"\",\"line-height\":\"\"}'  style=\"\"><strong>Educaci\u00f3n<\/strong><\/p>\n<p>Garantice la seguridad de los estudiantes y el personal durante la temporada de admisiones y ex\u00e1menes con soluciones personalizables<a class=\"aio-icon-read xx\" href=\"\/industries\/education\/\" >Aprende m\u00e1s&nbsp;&raquo;<\/a><\/div> <!-- description --><\/div> <!-- aio-icon-box --><\/div> <!-- aio-icon-component -->[\/vc_column][\/vc_row][vc_row][vc_column]<div class=\"templatera_shortcode\"><\/div>[\/vc_column][\/vc_row][vc_row content_placement=&#8221;middle&#8221; bg_type=&#8221;image&#8221; parallax_style=&#8221;vcpb-default&#8221; bg_image_new=&#8221;id^16314|url^https:\/\/www.wavetec.com\/wp-content\/uploads\/2020\/11\/vector-circle-1.png|caption^null|alt^null|title^vector-circle|description^null&#8221; bg_image_repeat=&#8221;no-repeat&#8221; bg_image_size=&#8221;initial&#8221; bg_image_posiiton=&#8221;right bottom&#8221; bg_override=&#8221;full&#8221;][vc_column width=&#8221;5\/12&#8243;][vc_column_text]<\/p>\n<h2>Wavetec Blog<\/h2>\n<p>Espere blogs, entrevistas y art\u00edculos de opini\u00f3n nuevos, y centrados en la industria.<br \/>\nY suscr\u00edbete para mantenerte actualizado.[\/vc_column_text]<div class=\" ubtn-ctn-left \"><a class=\"ubtn-link ult-adjust-bottom-margin ubtn-left ubtn-normal \" href=\"https:\/\/blog.wavetec.com\/es\" target=\"_blank\" rel=\"noopener\"><button type=\"button\" id=\"ubtn-5953\"  class=\"ubtn ult-adjust-bottom-margin ult-responsive ubtn-normal ubtn-no-hover-bg  none  ubtn-left   tooltip-69f4c7360c180\"  data-hover=\"#ffffff\" data-border-color=\"\" data-bg=\"#ff8630\" data-hover-bg=\"#1ab071\" data-border-hover=\"\" data-shadow-hover=\"\" data-shadow-click=\"none\" data-shadow=\"\" data-shd-shadow=\"\"  data-ultimate-target='#ubtn-5953'  data-responsive-json-new='{\"font-size\":\"desktop:18px;\",\"line-height\":\"\"}'  style=\"font-family:&#039;Poppins&#039;;font-weight:600;border-radius:5px;border-width:0px;border-color:;border-style:solid;background: #ff8630;color: #ffffff;\"><span class=\"ubtn-hover\" style=\"background-color:#1ab071\"><\/span><span class=\"ubtn-data ubtn-text \" >Explora m\u00e1s<\/span><\/button><\/a><\/div>[\/vc_column][vc_column width=&#8221;1\/2&#8243; offset=&#8221;vc_col-lg-offset-1 vc_hidden-lg vc_hidden-md vc_hidden-sm vc_hidden-xs&#8221;][vc_column_text]<span style=\"font-weight: 500; color: #1ab071;\"><a style=\"color: #1ab071;\" href=\"https:\/\/blog.wavetec.com\/en\/wealth-in-public-health-the-case-for-visitor-management-solutions-in-healthcare\" target=\"_blank\" rel=\"noopener\">Wealth in Public Health &#8211; a case for healthcare management solutions<\/a><\/span><\/p>\n<p><span style=\"font-weight: 500; color: #1ab071;\"><a style=\"color: #1ab071;\" href=\"https:\/\/blog.wavetec.com\/en\/the-arts-of-the-new-normal-the-dawn-of-self-service-digitisation-and-crowd-management-solutions\" target=\"_blank\" rel=\"noopener\">Enter the arts of the \u2018New Normal\u2019, freshly digitised with self-service, crowd management solutions<\/a><\/span><\/p>\n<p><span style=\"font-weight: 500; color: #1ab071;\"><a style=\"color: #1ab071;\" href=\"https:\/\/blog.wavetec.com\/en\/8-characteristics-to-look-for-in-a-solution-provider-when-planning-to-purchase-a-queue-management-system\" target=\"_blank\" rel=\"noopener\">8 Characteristics To Look For In A Solution Provider When Planning to Purchase a Queue Management System<\/a><\/span><\/p>\n<p><span style=\"font-weight: 500; color: #1ab071;\"><a style=\"color: #1ab071;\" href=\"https:\/\/blog.wavetec.com\/en\/the-government-vs-covid-19-round-two-is-technology-the-secret-behind-shorter-wait-times\" target=\"_blank\" rel=\"noopener\">The government vs Covid-19 ROUND TWO &#8211; is technology the secret behind shorter wait times?<\/a><\/span>[\/vc_column_text][\/vc_column][\/vc_row][vc_row][vc_column]<div id=\"modal-trg-txt-wrap-3807\" class=\"ult-modal-input-wrapper ult-adjust-bottom-margin    \" data-keypress-control=\"keypress-control-enable\" data-overlay-control=\"overlay-control-enable\"><span data-class-id=\"content-69f4c7360c2b27-46939531\"><\/span>\n\t\t\t\t<script type=\"text\/javascript\">\n\t\t\t\t(function($){\n\t\t\t\t\t$(document).ready(function(){\n\t\t\t\t\t\tvar selector = \".watch\";\n\t\t\t\t\t\t$(selector).addClass(\"custom-ult-modal overlay-show\");\n\t\t\t\t\t\t$(selector).attr(\"data-class-id\", \"content-69f4c7360c2b27-46939531\");\n\t\t\t\t\t\t$(selector).attr(\"data-overlay-class\", \"overlay-fade\");\n\t\t\t\t\t\t$(selector).attr(\"data-keypress-control\", \"keypress-control-enable\");\n\t\t\t\t\t\t$(selector).attr(\"data-overlay-control\", \"overlay-control-enable\");\n\t\t\t\t\t});\n\t\t\t\t})(jQuery);\n\t\t\t\t<\/script><\/div>\n<div class=\"ult-overlay content-69f4c7360c2b27-46939531 \" data-class=\"content-69f4c7360c2b27-46939531\" id=\"button-click-overlay\" style=\"background:rgba(51,51,51,0.8); display:none;\">\n\t<div class=\"ult_modal ult-fade ult-medium\">\n\t\t<div id=\"ult-modal-wrap-6493\" class=\"ult_modal-content ult-hide\" style=\"border-style:solid;border-width:2px;border-radius:0px;border-color:#333333;\">\n\t\t\t<div  data-ultimate-target='#ult-modal-wrap-6493 .ult_modal-body'  data-responsive-json-new='{\"font-size\":\"\",\"line-height\":\"\"}'  class=\"ult_modal-body ult-responsive ult-youtube\" style=\"\">\n\t\t\t<iframe loading=\"lazy\" title=\"YouTube video player\" src=\"https:\/\/www.youtube.com\/embed\/37YyKr_dTJY\" width=\"100%\" height=\"450\" frameborder=\"0\" allowfullscreen=\"allowfullscreen\"><span data-mce-type=\"bookmark\" style=\"display: inline-block; width: 0px; overflow: hidden; line-height: 0;\" class=\"mce_SELRES_start\">\ufeff<\/span><\/iframe>\n\t\t\t<\/div>\n\t<\/div>\n\t<\/div>\n\t<div class=\"ult-overlay-close top-right\" style=\"width:80px;height:80px; \"><div class=\"ult-overlay-close-inside\">Close<\/div><\/div>\n<\/div>[\/vc_column][\/vc_row]<\/p>\n","protected":false},"excerpt":{"rendered":"","protected":false},"author":1,"featured_media":17991,"parent":13110,"menu_order":0,"comment_status":"closed","ping_status":"closed","template":"","meta":{"content-type":"","footnotes":""},"class_list":["post-31534","page","type-page","status-publish","has-post-thumbnail","hentry"],"acf":[],"_links":{"self":[{"href":"https:\/\/www.wavetec.com\/es\/wp-json\/wp\/v2\/pages\/31534","targetHints":{"allow":["GET"]}}],"collection":[{"href":"https:\/\/www.wavetec.com\/es\/wp-json\/wp\/v2\/pages"}],"about":[{"href":"https:\/\/www.wavetec.com\/es\/wp-json\/wp\/v2\/types\/page"}],"author":[{"embeddable":true,"href":"https:\/\/www.wavetec.com\/es\/wp-json\/wp\/v2\/users\/1"}],"replies":[{"embeddable":true,"href":"https:\/\/www.wavetec.com\/es\/wp-json\/wp\/v2\/comments?post=31534"}],"version-history":[{"count":1,"href":"https:\/\/www.wavetec.com\/es\/wp-json\/wp\/v2\/pages\/31534\/revisions"}],"predecessor-version":[{"id":67652,"href":"https:\/\/www.wavetec.com\/es\/wp-json\/wp\/v2\/pages\/31534\/revisions\/67652"}],"up":[{"embeddable":true,"href":"https:\/\/www.wavetec.com\/es\/wp-json\/wp\/v2\/pages\/13110"}],"wp:featuredmedia":[{"embeddable":true,"href":"https:\/\/www.wavetec.com\/es\/wp-json\/wp\/v2\/media\/17991"}],"wp:attachment":[{"href":"https:\/\/www.wavetec.com\/es\/wp-json\/wp\/v2\/media?parent=31534"}],"curies":[{"name":"wp","href":"https:\/\/api.w.org\/{rel}","templated":true}]}}