{"id":31523,"date":"2021-01-18T12:37:59","date_gmt":"2021-01-18T12:37:59","guid":{"rendered":"https:\/\/test.wavetec.com\/soluciones\/software-de-reserva-y-cita-inteligente-en-linea\/how-it-works\/"},"modified":"2021-08-16T12:49:12","modified_gmt":"2021-08-16T12:49:12","slug":"como-funciona","status":"publish","type":"page","link":"https:\/\/www.wavetec.com\/es\/soluciones\/software-de-reserva-y-cita-inteligente-en-linea\/como-funciona\/","title":{"rendered":"Sistema de Citas en L\u00ednea: C\u00f3mo Funciona"},"content":{"rendered":"<p>[vc_row content_placement=&#8221;middle&#8221;][vc_column width=&#8221;1\/2&#8243;][vc_column_text css=&#8221;.vc_custom_1627392997929{margin-bottom: 20px !important;}&#8221;][flexy_breadcrumb][\/vc_column_text][vc_column_text]<\/p>\n<h1>Gesti\u00f3n Inteligente de Citas Previas &#8211; \u00bfC\u00f3mo Funciona?<\/h1>\n<p>[\/vc_column_text][vc_column_text]La soluci\u00f3n de gestion de esperas y cita previa, reservas y programaci\u00f3n en l\u00ednea basada en la nube de Wavetec es simple, f\u00e1cil y conveniente para su empresa y sus clientes.[\/vc_column_text]<div class=\" ubtn-ctn-left icon-btn\"><a class=\"ubtn-link ult-adjust-bottom-margin ubtn-left ubtn-normal icon-btn\" href=\"https:\/\/www.youtube.com\/watch?v=knZzXf0zbEE\" target=\"_blank\" rel=\"noopener\"><button type=\"button\" id=\"ubtn-4842\"  class=\"ubtn ult-adjust-bottom-margin ult-responsive ubtn-normal ubtn-no-hover-bg  none  ubtn-sep-icon ubtn-sep-icon-at-right  ubtn-left   tooltip-69f88fab63a63\"  data-hover=\"#ffffff\" data-border-color=\"\" data-bg=\"#ff8630\" data-hover-bg=\"#1ab071\" data-border-hover=\"\" data-shadow-hover=\"\" data-shadow-click=\"none\" data-shadow=\"\" data-shd-shadow=\"\"  data-ultimate-target='#ubtn-4842'  data-responsive-json-new='{\"font-size\":\"desktop:18px;\",\"line-height\":\"\"}'  style=\"font-family:&#039;Poppins&#039;;font-weight:600;border-radius:5px;border-width:0px;border-color:;border-style:solid;background: #ff8630;color: #ffffff;\"><span class=\"ubtn-data ubtn-icon\"><i class=\"Defaults-play-circle-o\" style=\"font-size:32px;color:#ffffff;\"><\/i><\/span><span class=\"ubtn-hover\" style=\"background-color:#1ab071\"><\/span><span class=\"ubtn-data ubtn-text \" >Ver un video<\/span><\/button><\/a><\/div>[\/vc_column][vc_column width=&#8221;1\/2&#8243;][vc_single_image image=&#8221;17044&#8243; img_size=&#8221;full&#8221; alignment=&#8221;center&#8221;][\/vc_column][\/vc_row][vc_row el_id=&#8221;how-it-works&#8221;][vc_column][\/vc_column][\/vc_row][vc_section full_width=&#8221;stretch_row_content&#8221; css=&#8221;.vc_custom_1605676933804{margin-bottom: 30px !important;background-color: #ffffff !important;}&#8221;][vc_row equal_height=&#8221;yes&#8221; content_placement=&#8221;middle&#8221; bg_type=&#8221;bg_color&#8221; el_id=&#8221;internalmenu&#8221; bg_color_value=&#8221;#ffffff&#8221;][vc_column width=&#8221;1\/6&#8243; css=&#8221;.vc_custom_1619727912462{margin-top: 0px !important;margin-right: 0px !important;margin-bottom: 0px !important;margin-left: 0px !important;padding-top: 0px !important;padding-right: 0px !important;padding-bottom: 0px !important;padding-left: 0px !important;}&#8221; offset=&#8221;vc_col-lg-offset-1&#8243;][vc_single_image image=&#8221;29984&#8243; img_size=&#8221;full&#8221; alignment=&#8221;center&#8221; css=&#8221;.vc_custom_1623657633126{margin-top: 10px !important;margin-bottom: -20px !important;}&#8221;][\/vc_column][vc_column width=&#8221;1\/2&#8243; css=&#8221;.vc_custom_1619727903315{margin-top: 0px !important;margin-right: 0px !important;margin-bottom: 0px !important;margin-left: 0px !important;padding-top: 0px !important;padding-right: 0px !important;padding-bottom: 0px !important;padding-left: 0px !important;}&#8221;][vc_column_text css=&#8221;.vc_custom_1629118148224{margin-bottom: 0px !important;}&#8221; el_class=&#8221;sticky-nav-text&#8221;]<a href=\"\/es\/soluciones\/software-de-reserva-y-cita-inteligente-en-linea\"><span style=\"text-decoration: underline;\">Visi\u00f3n de conjunto<\/span><\/a>\u00a0 \u00a0 \u00a0 <span style=\"color: #1ab071;\"><strong><a style=\"color: #1ab071;\" href=\"\/es\/soluciones\/software-de-reserva-y-cita-inteligente-en-linea\/como-funciona\/\"><u>\u00bfc\u00f3mo funciona?<\/u><\/a><\/strong><\/span>[\/vc_column_text][\/vc_column][vc_column width=&#8221;1\/4&#8243; css=&#8221;.vc_custom_1610027292901{margin-top: 0px !important;margin-right: 0px !important;margin-bottom: 0px !important;margin-left: 0px !important;padding-top: 0px !important;padding-right: 0px !important;padding-bottom: 0px !important;padding-left: 0px !important;}&#8221; offset=&#8221;vc_hidden-md vc_hidden-sm vc_hidden-xs&#8221;]<div class=\" vc_custom_1628336650491 ubtn-ctn-center \"><a class=\"ubtn-link ult-adjust-bottom-margin ubtn-center ubtn-normal \" href=\"https:\/\/info.wavetec.com\/es\/folleto-cita-web\" target=\"_blank\" rel=\"noopener\"><button type=\"button\" id=\"ubtn-9188\"  class=\"ubtn ult-adjust-bottom-margin ult-responsive ubtn-normal ubtn-no-hover-bg  none  ubtn-center   tooltip-69f88fab63b90\"  data-hover=\"#ffffff\" data-border-color=\"\" data-bg=\"#1ab071\" data-hover-bg=\"#fe8630\" data-border-hover=\"\" data-shadow-hover=\"\" data-shadow-click=\"none\" data-shadow=\"\" data-shd-shadow=\"\"  data-ultimate-target='#ubtn-9188'  data-responsive-json-new='{\"font-size\":\"desktop:18px;\",\"line-height\":\"\"}'  style=\"font-family:&#039;Poppins&#039;;font-weight:600;border-radius:5px;border-width:0px;border-color:;border-style:solid;background: #1ab071;color: #ffffff;\"><span class=\"ubtn-hover\" style=\"background-color:#fe8630\"><\/span><span class=\"ubtn-data ubtn-text \" >Descargar folleto<\/span><\/button><\/a><\/div>[\/vc_column][\/vc_row][\/vc_section][vc_row content_placement=&#8221;middle&#8221;][vc_column][vc_column_text]<\/p>\n<h2 style=\"text-align: center;\">Citas previas en cualquier momento.<br \/>\nEs f\u00e1cil, seguro y r\u00e1pido<\/h2>\n<p>[\/vc_column_text][vc_column_text]<\/p>\n<p style=\"text-align: center;\">Gestion de Turnos y Cita Previa WhatsApp es una experiencia totalmente integrada que permite la opci\u00f3n de unirse a una fila con informaci\u00f3n en tiempo real. A raiz de una cultura de innovaci\u00f3n continua para mejorar la experiencia del cliente y aumentar la productividad del personal.<\/p>\n<p>[\/vc_column_text][vc_single_image image=&#8221;30113&#8243; img_size=&#8221;full&#8221; alignment=&#8221;center&#8221;][\/vc_column][\/vc_row][vc_row][vc_column][vc_column_text]<\/p>\n<p style=\"text-align: center;\"><strong>Est\u00e9 donde est\u00e1n sus clientes<\/strong><\/p>\n<h2 style=\"text-align: center;\">Cita Previa, Wavetec<\/h2>\n<p style=\"text-align: center;\">La nueva normalidad y las respectivas necesidades de filas virtuales.<\/p>\n<p>[\/vc_column_text]<div class=\" ubtn-ctn-center icon-btn\"><a class=\"ubtn-link ult-adjust-bottom-margin ubtn-center ubtn-normal icon-btn\" href=\"https:\/\/info.wavetec.com\/es\/agenda-una-demostraci%C3%B3n-gratuita-hoy-gratis\" target=\"_blank\" rel=\"noopener\"><button type=\"button\" id=\"ubtn-6397\"  class=\"ubtn ult-adjust-bottom-margin ult-responsive ubtn-normal ubtn-no-hover-bg  none  ubtn-sep-icon ubtn-sep-icon-at-right  ubtn-center   tooltip-69f88fab63c48\"  data-hover=\"#ffffff\" data-border-color=\"\" data-bg=\"#ff8630\" data-hover-bg=\"#1ab071\" data-border-hover=\"\" data-shadow-hover=\"\" data-shadow-click=\"none\" data-shadow=\"\" data-shd-shadow=\"\"  data-ultimate-target='#ubtn-6397'  data-responsive-json-new='{\"font-size\":\"desktop:18px;\",\"line-height\":\"\"}'  style=\"font-family:&#039;Poppins&#039;;font-weight:600;border-radius:5px;border-width:0px;border-color:;border-style:solid;background: #ff8630;color: #ffffff;\"><span class=\"ubtn-data ubtn-icon\"><i class=\"Defaults-play-circle-o\" style=\"font-size:32px;color:#ffffff;\"><\/i><\/span><span class=\"ubtn-hover\" style=\"background-color:#1ab071\"><\/span><span class=\"ubtn-data ubtn-text \" >Programe una demostraci\u00f3n<\/span><\/button><\/a><\/div>[\/vc_column][\/vc_row][vc_row content_placement=&#8221;middle&#8221;][vc_column width=&#8221;5\/12&#8243;][vc_single_image image=&#8221;16897&#8243; img_size=&#8221;full&#8221; css=&#8221;.vc_custom_1610137273314{margin-bottom: 0px !important;}&#8221;][vc_column_text]Los clientes comienzan a programar citas visitando su p\u00e1gina, canal de WhatsApp o a trav\u00e9s de sus redes sociales[\/vc_column_text][\/vc_column][vc_column width=&#8221;1\/2&#8243; offset=&#8221;vc_col-lg-offset-1&#8243;][vc_single_image image=&#8221;17087&#8243; img_size=&#8221;full&#8221; alignment=&#8221;center&#8221;][\/vc_column][\/vc_row][vc_row][vc_column width=&#8221;1\/2&#8243;][vc_single_image image=&#8221;17093&#8243; img_size=&#8221;full&#8221; alignment=&#8221;center&#8221;][\/vc_column][vc_column width=&#8221;5\/12&#8243; offset=&#8221;vc_col-lg-offset-1&#8243; css=&#8221;.vc_custom_1610137734302{background-color: #f7f9fb !important;border-radius: 2px !important;}&#8221;][vc_single_image image=&#8221;16909&#8243; img_size=&#8221;full&#8221; css=&#8221;.vc_custom_1610137863407{margin-bottom: 0px !important;}&#8221;][vc_column_text]Eligen su sucursal m\u00e1s cercana.[\/vc_column_text][\/vc_column][\/vc_row][vc_row content_placement=&#8221;middle&#8221;][vc_column width=&#8221;5\/12&#8243;][vc_single_image image=&#8221;16915&#8243; img_size=&#8221;full&#8221; css=&#8221;.vc_custom_1610137875927{margin-bottom: 0px !important;}&#8221;][vc_column_text]Eligen entre las franjas horarias disponibles.[\/vc_column_text][\/vc_column][vc_column width=&#8221;1\/2&#8243; offset=&#8221;vc_col-lg-offset-1&#8243;][vc_single_image image=&#8221;17111&#8243; img_size=&#8221;full&#8221; alignment=&#8221;center&#8221;][\/vc_column][\/vc_row][vc_row][vc_column width=&#8221;1\/2&#8243;][vc_single_image image=&#8221;17099&#8243; img_size=&#8221;full&#8221; alignment=&#8221;center&#8221;][\/vc_column][vc_column width=&#8221;5\/12&#8243; offset=&#8221;vc_col-lg-offset-1&#8243; css=&#8221;.vc_custom_1610137751425{background-color: #f7f9fb !important;border-radius: 2px !important;}&#8221;][vc_single_image image=&#8221;16921&#8243; img_size=&#8221;full&#8221; css=&#8221;.vc_custom_1610137886658{margin-bottom: 0px !important;}&#8221;][vc_column_text]Los clientes ingresan sus datos personales (nombre, direcci\u00f3n de correo electr\u00f3nico, etc.) y confirman la reserva.[\/vc_column_text][\/vc_column][\/vc_row][vc_row content_placement=&#8221;middle&#8221;][vc_column width=&#8221;5\/12&#8243;][vc_single_image image=&#8221;16927&#8243; img_size=&#8221;full&#8221; css=&#8221;.vc_custom_1610137899293{margin-bottom: 0px !important;}&#8221;][vc_column_text]Una vez reservados, pueden administrar y monitorear citas, reprogramar y cancelar.[\/vc_column_text][\/vc_column][vc_column width=&#8221;1\/2&#8243; offset=&#8221;vc_col-lg-offset-1&#8243;][vc_single_image image=&#8221;17105&#8243; img_size=&#8221;full&#8221; alignment=&#8221;center&#8221;][\/vc_column][\/vc_row][vc_row][vc_column]<div class=\"templatera_shortcode\"><\/div>[\/vc_column][\/vc_row][vc_row content_placement=&#8221;middle&#8221; bg_type=&#8221;image&#8221; parallax_style=&#8221;vcpb-default&#8221; bg_image_new=&#8221;id^16314|url^https:\/\/www.wavetec.com\/wp-content\/uploads\/2020\/11\/vector-circle-1.png|caption^null|alt^null|title^vector-circle|description^null&#8221; bg_image_repeat=&#8221;no-repeat&#8221; bg_image_size=&#8221;initial&#8221; bg_image_posiiton=&#8221;right bottom&#8221; bg_override=&#8221;full&#8221;][vc_column width=&#8221;5\/12&#8243;][vc_column_text]<\/p>\n<h2>Wavetec Blog<\/h2>\n<p>Espere blogs, entrevistas y art\u00edculos de opini\u00f3n nuevos, centrados en la industria.<br \/>\nSuscr\u00edbete para mantenerte actualizado.[\/vc_column_text]<div class=\" ubtn-ctn-left \"><a class=\"ubtn-link ult-adjust-bottom-margin ubtn-left ubtn-normal \" href=\"https:\/\/blog.wavetec.com\/es\" target=\"_blank\" rel=\"noopener\"><button type=\"button\" id=\"ubtn-7926\"  class=\"ubtn ult-adjust-bottom-margin ult-responsive ubtn-normal ubtn-no-hover-bg  none  ubtn-left   tooltip-69f88fab64c74\"  data-hover=\"#ffffff\" data-border-color=\"\" data-bg=\"#ff8630\" data-hover-bg=\"#1ab071\" data-border-hover=\"\" data-shadow-hover=\"\" data-shadow-click=\"none\" data-shadow=\"\" data-shd-shadow=\"\"  data-ultimate-target='#ubtn-7926'  data-responsive-json-new='{\"font-size\":\"desktop:18px;\",\"line-height\":\"\"}'  style=\"font-family:&#039;Poppins&#039;;font-weight:600;border-radius:5px;border-width:0px;border-color:;border-style:solid;background: #ff8630;color: #ffffff;\"><span class=\"ubtn-hover\" style=\"background-color:#1ab071\"><\/span><span class=\"ubtn-data ubtn-text \" >Explora m\u00e1s<\/span><\/button><\/a><\/div>[\/vc_column][vc_column width=&#8221;1\/2&#8243; offset=&#8221;vc_col-lg-offset-1 vc_hidden-lg vc_hidden-md vc_hidden-sm vc_hidden-xs&#8221;][vc_column_text]<span style=\"color: #1ab071; font-weight: 500;\"><a style=\"color: #1ab071;\" href=\"https:\/\/blog.wavetec.com\/en\/top-5-reasons-to-adopt-digital-queuing\" target=\"_blank\" rel=\"noopener\">Top 5 Reasons Why You Need Digital Queuing<\/a><\/span><\/p>\n<p><span style=\"color: #1ab071; font-weight: 500;\"><a style=\"color: #1ab071;\" href=\"https:\/\/blog.wavetec.com\/en\/who-let-the-codes-out-qr-codes-and-how-they-are-uplifting-customer-care-standards-mid-pandemic\" target=\"_blank\" rel=\"noopener\">Who let the codes out? QR codes uplifting customer care standards, mid-pandemic<\/a><\/span><\/p>\n<p><span style=\"color: #1ab071; font-weight: 500;\"><a style=\"color: #1ab071;\" href=\"https:\/\/blog.wavetec.com\/en\/reopening-educational-institutions-with-staff-and-student-safety-prioritised\" target=\"_blank\" rel=\"noopener\">Reopening educational institutions with staff and student safety prioritised<\/a><\/span><\/p>\n<p><span style=\"color: #1ab071; font-weight: 500;\"><a style=\"color: #1ab071;\" href=\"https:\/\/blog.wavetec.com\/en\/wealth-in-public-health-the-case-for-visitor-management-solutions-in-healthcare\" target=\"_blank\" rel=\"noopener\">Wealth in Public Health &#8211; a case for healthcare management solutions<\/a><\/span>[\/vc_column_text][\/vc_column][\/vc_row]<\/p>\n","protected":false},"excerpt":{"rendered":"","protected":false},"author":1,"featured_media":17086,"parent":14834,"menu_order":0,"comment_status":"closed","ping_status":"closed","template":"","meta":{"content-type":"","footnotes":""},"class_list":["post-31523","page","type-page","status-publish","has-post-thumbnail","hentry"],"acf":[],"_links":{"self":[{"href":"https:\/\/www.wavetec.com\/es\/wp-json\/wp\/v2\/pages\/31523","targetHints":{"allow":["GET"]}}],"collection":[{"href":"https:\/\/www.wavetec.com\/es\/wp-json\/wp\/v2\/pages"}],"about":[{"href":"https:\/\/www.wavetec.com\/es\/wp-json\/wp\/v2\/types\/page"}],"author":[{"embeddable":true,"href":"https:\/\/www.wavetec.com\/es\/wp-json\/wp\/v2\/users\/1"}],"replies":[{"embeddable":true,"href":"https:\/\/www.wavetec.com\/es\/wp-json\/wp\/v2\/comments?post=31523"}],"version-history":[{"count":0,"href":"https:\/\/www.wavetec.com\/es\/wp-json\/wp\/v2\/pages\/31523\/revisions"}],"up":[{"embeddable":true,"href":"https:\/\/www.wavetec.com\/es\/wp-json\/wp\/v2\/pages\/14834"}],"wp:featuredmedia":[{"embeddable":true,"href":"https:\/\/www.wavetec.com\/es\/wp-json\/wp\/v2\/media\/17086"}],"wp:attachment":[{"href":"https:\/\/www.wavetec.com\/es\/wp-json\/wp\/v2\/media?parent=31523"}],"curies":[{"name":"wp","href":"https:\/\/api.w.org\/{rel}","templated":true}]}}