{"id":2742,"date":"2015-05-09T08:04:20","date_gmt":"2015-05-09T08:04:20","guid":{"rendered":"https:\/\/test.wavetec.com\/?page_id=2742"},"modified":"2021-09-26T21:56:46","modified_gmt":"2021-09-26T21:56:46","slug":"whitepapers","status":"publish","type":"page","link":"https:\/\/www.wavetec.com\/es\/media-center\/whitepapers\/","title":{"rendered":"Whitepapers"},"content":{"rendered":"<p>[vc_row][vc_column width=&#8221;1\/2&#8243;][vc_single_image image=&#8221;3412&#8243; img_size=&#8221;650\u00d7270&#8243; onclick=&#8221;custom_link&#8221;][vc_empty_space height=&#8221;30px&#8221;][vc_single_image image=&#8221;3400&#8243; img_size=&#8221;full&#8221; onclick=&#8221;custom_link&#8221;][\/vc_column][vc_column width=&#8221;1\/2&#8243;][vc_column_text]<\/p>\n<h2>Perspectiva de Wavetec sobre la experiencia de cliente en \u00e1reas de servicio<\/h2>\n<p>Descarga este whitepaper para descubrir c\u00f3mo sacar el m\u00e1ximo provecho de los espacios f\u00edsicos de interacci\u00f3n con el cliente, y de esta manera lograr el \u00e9xito de la estrategia de negocios.[\/vc_column_text][vc_column_text]<\/p>\n<h2>Esquema de Dise\u00f1o de Wavetec<\/h2>\n<p>El presente documento presenta la metodolog\u00eda desarrollada por Wavetec para el dise\u00f1o y gesti\u00f3n de \u00e1reas de servicio.[\/vc_column_text][\/vc_column][\/vc_row]<\/p>\n","protected":false},"excerpt":{"rendered":"<p>[vc_row][vc_column width=&#8221;1\/2&#8243;][vc_single_image image=&#8221;3412&#8243; img_size=&#8221;650\u00d7270&#8243; onclick=&#8221;custom_link&#8221;][vc_empty_space height=&#8221;30px&#8221;][vc_single_image image=&#8221;3400&#8243; img_size=&#8221;full&#8221; onclick=&#8221;custom_link&#8221;][\/vc_column][vc_column width=&#8221;1\/2&#8243;][vc_column_text] Perspectiva de Wavetec sobre la experiencia de cliente en \u00e1reas<span class=\"excerpt-hellip\"> [\u2026]<\/span><\/p>\n","protected":false},"author":1,"featured_media":2743,"parent":2645,"menu_order":0,"comment_status":"closed","ping_status":"closed","template":"","meta":{"content-type":"","footnotes":""},"class_list":["post-2742","page","type-page","status-publish","has-post-thumbnail","hentry"],"acf":[],"_links":{"self":[{"href":"https:\/\/www.wavetec.com\/es\/wp-json\/wp\/v2\/pages\/2742","targetHints":{"allow":["GET"]}}],"collection":[{"href":"https:\/\/www.wavetec.com\/es\/wp-json\/wp\/v2\/pages"}],"about":[{"href":"https:\/\/www.wavetec.com\/es\/wp-json\/wp\/v2\/types\/page"}],"author":[{"embeddable":true,"href":"https:\/\/www.wavetec.com\/es\/wp-json\/wp\/v2\/users\/1"}],"replies":[{"embeddable":true,"href":"https:\/\/www.wavetec.com\/es\/wp-json\/wp\/v2\/comments?post=2742"}],"version-history":[{"count":0,"href":"https:\/\/www.wavetec.com\/es\/wp-json\/wp\/v2\/pages\/2742\/revisions"}],"up":[{"embeddable":true,"href":"https:\/\/www.wavetec.com\/es\/wp-json\/wp\/v2\/pages\/2645"}],"wp:featuredmedia":[{"embeddable":true,"href":"https:\/\/www.wavetec.com\/es\/wp-json\/wp\/v2\/media\/2743"}],"wp:attachment":[{"href":"https:\/\/www.wavetec.com\/es\/wp-json\/wp\/v2\/media?parent=2742"}],"curies":[{"name":"wp","href":"https:\/\/api.w.org\/{rel}","templated":true}]}}