{"id":2716,"date":"2015-01-06T12:01:35","date_gmt":"2015-01-06T12:01:35","guid":{"rendered":"https:\/\/test.wavetec.com\/?page_id=2716"},"modified":"2023-09-20T05:07:27","modified_gmt":"2023-09-20T05:07:27","slug":"contacto","status":"publish","type":"page","link":"https:\/\/www.wavetec.com\/es\/contacto\/","title":{"rendered":"Contact us"},"content":{"rendered":"<p>[vc_row bg_type=&#8221;bg_color&#8221; bg_override=&#8221;full&#8221; el_class=&#8221;topb&#8221; bg_color_value=&#8221;#fafeff&#8221;][vc_column width=&#8221;5\/12&#8243; css=&#8221;.vc_custom_1620166555439{padding-top: 120px !important;}&#8221;][vc_column_text]<\/p>\n<h1>Contacta con nosotros<\/h1>\n<p><strong>Ventas y consultas sobre productos<\/strong><\/p>\n<p>Obtenga informaci\u00f3n de contacto de las oficinas de Wavetec en todo el mundo, soporte t\u00e9cnico, servicio al cliente, ventas, servicios profesionales, relaciones p\u00fablicas y socios.[\/vc_column_text][vc_column_text css=&#8221;.vc_custom_1632206074174{margin-top: 20px !important;padding-top: 20px !important;padding-right: 20px !important;padding-bottom: 20px !important;padding-left: 20px !important;background-color: #d3f3fe !important;border-radius: 20px !important;}&#8221;]No dude en contactarnos en caso de cualquier consulta. Nuestros ejecutivos de ventas y consultores de gesti\u00f3n de proyectos lo ayudar\u00e1n de la mejor manera posible.[\/vc_column_text][\/vc_column][vc_column width=&#8221;5\/12&#8243; offset=&#8221;vc_col-lg-offset-1&#8243;][vc_tabs interval=&#8221;0&#8243; el_class=&#8221;box&#8221;][vc_tab title=&#8221;Convi\u00e9rtete en distribuidor&#8221; tab_id=&#8221;1427361813838-5&#8243;][vc_column_text]Wavetec aspira a mejorar su presencia global colaborando con distribuidores en todo el mundo. Ponte en contacto para convertirte en nuestro distribuidor.[\/vc_column_text][vc_raw_html css=&#8221;.vc_custom_1589447535981{margin-bottom: -10px !important;}&#8221;]JTNDJTIxLS0lNUJpZiUyMGx0ZSUyMElFJTIwOCU1RCUzRSUwQSUzQ3NjcmlwdCUyMGNoYXJzZXQlM0QlMjJ1dGYtOCUyMiUyMHR5cGUlM0QlMjJ0ZXh0JTJGamF2YXNjcmlwdCUyMiUyMHNyYyUzRCUyMiUyRiUyRmpzLmhzZm9ybXMubmV0JTJGZm9ybXMlMkZ2Mi1sZWdhY3kuanMlMjIlM0UlM0MlMkZzY3JpcHQlM0UlMEElM0MlMjElNUJlbmRpZiU1RC0tJTNFJTBBJTNDc2NyaXB0JTIwY2hhcnNldCUzRCUyMnV0Zi04JTIyJTIwdHlwZSUzRCUyMnRleHQlMkZqYXZhc2NyaXB0JTIyJTIwc3JjJTNEJTIyJTJGJTJGanMuaHNmb3Jtcy5uZXQlMkZmb3JtcyUyRnYyLmpzJTIyJTNFJTNDJTJGc2NyaXB0JTNFJTBBJTNDc2NyaXB0JTNFJTBBJTIwJTIwaGJzcHQuZm9ybXMuY3JlYXRlJTI4JTdCJTIwJTBBJTIwJTIwJTIwJTIwY3NzJTNBJTIwJTI3JTI3JTJDJTBBJTIwJTIwJTIwJTIwcG9ydGFsSWQlM0ElMjAlMjcxNzk3NjI1JTI3JTJDJTBBJTIwJTIwJTIwJTIwZm9ybUlkJTNBJTIwJTI3ZjgyMGNlYzktZDgwZS00OGIyLWJkNWQtMzI4YmZmNWI1OTgyJTI3JTBBJTIwJTIwJTdEJTI5JTNCJTBBJTNDJTJGc2NyaXB0JTNFJTBB[\/vc_raw_html][\/vc_tab][vc_tab title=&#8221;Consulta de ventas&#8221; tab_id=&#8221;1427361813369-10&#8243;][vc_raw_html css=&#8221;.vc_custom_1589447522301{margin-bottom: -10px !important;}&#8221;]JTNDJTIxLS0lNUJpZiUyMGx0ZSUyMElFJTIwOCU1RCUzRSUwQSUzQ3NjcmlwdCUyMGNoYXJzZXQlM0QlMjJ1dGYtOCUyMiUyMHR5cGUlM0QlMjJ0ZXh0JTJGamF2YXNjcmlwdCUyMiUyMHNyYyUzRCUyMiUyRiUyRmpzLmhzZm9ybXMubmV0JTJGZm9ybXMlMkZ2Mi1sZWdhY3kuanMlMjIlM0UlM0MlMkZzY3JpcHQlM0UlMEElM0MlMjElNUJlbmRpZiU1RC0tJTNFJTBBJTNDc2NyaXB0JTIwY2hhcnNldCUzRCUyMnV0Zi04JTIyJTIwdHlwZSUzRCUyMnRleHQlMkZqYXZhc2NyaXB0JTIyJTIwc3JjJTNEJTIyJTJGJTJGanMuaHNmb3Jtcy5uZXQlMkZmb3JtcyUyRnYyLmpzJTIyJTNFJTNDJTJGc2NyaXB0JTNFJTBBJTNDc2NyaXB0JTNFJTBBJTIwJTIwaGJzcHQuZm9ybXMuY3JlYXRlJTI4JTdCJTIwJTBBJTIwJTIwJTIwJTIwY3NzJTNBJTIwJTI3JTI3JTJDJTBBJTIwJTIwJTIwJTIwcG9ydGFsSWQlM0ElMjAlMjcxNzk3NjI1JTI3JTJDJTBBJTIwJTIwJTIwJTIwZm9ybUlkJTNBJTIwJTI3MmMwNGVhMjYtNTRmMy00ZjFjLWEwZDktYTQwNDY2ZjkwNThiJTI3JTBBJTIwJTIwJTdEJTI5JTNCJTBBJTNDJTJGc2NyaXB0JTNFJTBB[\/vc_raw_html][\/vc_tab][\/vc_tabs][\/vc_column][\/vc_row][vc_row content_placement=&#8221;middle&#8221; bg_type=&#8221;image&#8221; parallax_style=&#8221;vcpb-default&#8221; bg_image_new=&#8221;id^17274|url^https:\/\/www.wavetec.com\/wp-content\/uploads\/2021\/01\/Shape-4.png|caption^null|alt^null|title^Shape 4|description^null&#8221; bg_image_repeat=&#8221;no-repeat&#8221; bg_image_posiiton=&#8221;0 0&#8243; bg_override=&#8221;full&#8221; css=&#8221;.vc_custom_1620166754388{margin-top: 50px !important;}&#8221;][vc_column width=&#8221;1\/2&#8243;][vc_single_image image=&#8221;24188&#8243; img_size=&#8221;full&#8221;][\/vc_column][vc_column width=&#8221;1\/2&#8243;][vc_column_text]<\/p>\n<h2>Programa de socios global Trabajemos juntos para crear una excelente experiencia del cliente<\/h2>\n<p>[\/vc_column_text][vc_column_text]Al trabajar junto con nuestra familia de socios y revendedores en r\u00e1pida expansi\u00f3n en todo el mundo, podemos alcanzar nuevas alturas. Estamos dedicados a nuestros socios y sus ambiciones y es por eso que nos aseguramos de que obtenga todo lo que necesita para comenzar su viaje con nosotros.[\/vc_column_text]<div class=\" ubtn-ctn-left \"><a class=\"ubtn-link ult-adjust-bottom-margin ubtn-left ubtn-normal \" href=\"\/es\/red-global-de-wavetec\/\" ><button type=\"button\" id=\"ubtn-9883\"  class=\"ubtn ult-adjust-bottom-margin ult-responsive ubtn-normal ubtn-no-hover-bg  none  ubtn-left   tooltip-69f2e627b3b9c\"  data-hover=\"#ffffff\" data-border-color=\"\" data-bg=\"#ff8630\" data-hover-bg=\"#324ecf\" data-border-hover=\"\" data-shadow-hover=\"\" data-shadow-click=\"none\" data-shadow=\"\" data-shd-shadow=\"\"  data-ultimate-target='#ubtn-9883'  data-responsive-json-new='{\"font-size\":\"desktop:18px;\",\"line-height\":\"\"}'  style=\"font-family:&#039;Poppins&#039;;font-weight:600;border-radius:5px;border-width:0px;border-color:;border-style:solid;background: #ff8630;color: #ffffff;\"><span class=\"ubtn-hover\" style=\"background-color:#324ecf\"><\/span><span class=\"ubtn-data ubtn-text \" >Explora m\u00e1s<\/span><\/button><\/a><\/div>[\/vc_column][\/vc_row][vc_row bg_type=&#8221;bg_color&#8221; bg_color_value=&#8221;#324ecf&#8221; css=&#8221;.vc_custom_1611848774259{margin-bottom: 35px !important;border-radius: 25px !important;}&#8221; el_class=&#8221;border-radius&#8221;][vc_column][vc_column_text css=&#8221;.vc_custom_1632206238135{margin-bottom: 0px !important;}&#8221;]<\/p>\n<h2 style=\"text-align: center;\"><span style=\"color: #ffffff;\">Estamos aqu\u00ed para ayudar. Si\u00e9ntete libre de contactarnos<br \/>\ncon preguntas e inquietudes.<\/span><\/h2>\n<p>[\/vc_column_text][\/vc_column][vc_column width=&#8221;1\/3&#8243;][vc_column_text]<\/p>\n<p style=\"text-align: center;\"><span style=\"color: #ffffff;\"><strong>Ventas<\/strong>:<\/span><br \/>\n<span style=\"color: #ffffff;\">sales@wavetec.com<\/span><\/p>\n<p>[\/vc_column_text][\/vc_column][vc_column width=&#8221;1\/3&#8243;][vc_column_text]<\/p>\n<p style=\"text-align: center;\"><span style=\"color: #ffffff;\"><strong>M\u00e1rketing<\/strong>:<\/span><br \/>\n<span style=\"color: #ffffff;\">marketing@wavetec.com<\/span><\/p>\n<p>[\/vc_column_text][\/vc_column][vc_column width=&#8221;1\/3&#8243;][vc_column_text]<\/p>\n<p style=\"text-align: center;\"><span style=\"color: #ffffff;\"><strong>Apoyo<\/strong>:<\/span><br \/>\n<span style=\"color: #ffffff;\">support@wavetec.com<\/span><\/p>\n<p>[\/vc_column_text][\/vc_column][\/vc_row][vc_row][vc_column][vc_column_text]<\/p>\n<h2>Nuestra presencia global<\/h2>\n<p>Nuestra incomparable presencia global nos distingue de nuestros competidores. Como proveedor global de servicios gestionados, junto con Partners en m\u00e1s de 70 pa\u00edses, adoptamos la innovaci\u00f3n para optimizar la experiencia del cliente mientras mantenemos los niveles m\u00e1s altos de prestaci\u00f3n de servicios, eficiencia y calidad.[\/vc_column_text][\/vc_column][\/vc_row][vc_row gap=&#8221;15&#8243; equal_height=&#8221;yes&#8221;][vc_column width=&#8221;1\/4&#8243; css=&#8221;.vc_custom_1611848671070{border-top-width: 1px !important;border-right-width: 1px !important;border-bottom-width: 1px !important;border-left-width: 1px !important;background-color: #f6f9fc !important;border-left-color: #f0fffc !important;border-left-style: solid !important;border-right-color: #f0fffc !important;border-right-style: solid !important;border-top-color: #f0fffc !important;border-top-style: solid !important;border-bottom-color: #f0fffc !important;border-bottom-style: solid !important;border-radius: 20px !important;}&#8221; el_class=&#8221;font-txt&#8221;][vc_column_text]<\/p>\n<h3><strong>Dubai<\/strong><\/h3>\n<p>Wavetec FZCO, Industrial License No. 175, Light Industrial Unit # 9,<br \/>\nDubai Silicon Oasis, P.O. Box 341133<br \/>\nDubai, United Arab Emirates<\/p>\n<p><strong>Tel <\/strong>+971 (4) 326 31 93<br \/>\n+971 50 548 6362<\/p>\n<p><strong>Support<\/strong><br \/>\nsupport.uae@wavetec.com[\/vc_column_text][\/vc_column][vc_column width=&#8221;1\/4&#8243; css=&#8221;.vc_custom_1611848675426{border-top-width: 1px !important;border-right-width: 1px !important;border-bottom-width: 1px !important;border-left-width: 1px !important;background-color: #f6f9fc !important;border-left-color: #f0fffc !important;border-left-style: solid !important;border-right-color: #f0fffc !important;border-right-style: solid !important;border-top-color: #f0fffc !important;border-top-style: solid !important;border-bottom-color: #f0fffc !important;border-bottom-style: solid !important;border-radius: 20px !important;}&#8221; el_class=&#8221;font-txt&#8221;][vc_column_text]<\/p>\n<h3><strong>Nairobi<\/strong><\/h3>\n<p>Office Suite 2&amp;3, 7th Floor,<br \/>\nFORTIS Suites, Hospital Road,<br \/>\nUpper hill, Nairobi,<br \/>\nKenya.<\/p>\n<p><strong>Tel<\/strong>: +254 700 034555<br \/>\n+254 703 877303<\/p>\n<p><strong>Support<\/strong><br \/>\nsupport.africa@wavetec.com[\/vc_column_text][\/vc_column][vc_column width=&#8221;1\/4&#8243; css=&#8221;.vc_custom_1611848679446{border-top-width: 1px !important;border-right-width: 1px !important;border-bottom-width: 1px !important;border-left-width: 1px !important;background-color: #f6f9fc !important;border-left-color: #f0fffc !important;border-left-style: solid !important;border-right-color: #f0fffc !important;border-right-style: solid !important;border-top-color: #f0fffc !important;border-top-style: solid !important;border-bottom-color: #f0fffc !important;border-bottom-style: solid !important;border-radius: 20px !important;}&#8221; el_class=&#8221;font-txt&#8221;][vc_column_text]<\/p>\n<h3><strong>Riyadh<\/strong><\/h3>\n<p>Office No 4, Building No 2, Al Safa Street,<br \/>\nImam Saud bin Abdul Aziz Road, Izdehar,<br \/>\nRiyadh, Kingdom of Saudi Arabia<\/p>\n<p><strong>Tel:<\/strong> +966 553701744<\/p>\n<p><strong>Support<\/strong><br \/>\nsupport@wavetec.com.sa[\/vc_column_text][\/vc_column][vc_column width=&#8221;1\/4&#8243; css=&#8221;.vc_custom_1611848683587{border-top-width: 1px !important;border-right-width: 1px !important;border-bottom-width: 1px !important;border-left-width: 1px !important;background-color: #f6f9fc !important;border-left-color: #f0fffc !important;border-left-style: solid !important;border-right-color: #f0fffc !important;border-right-style: solid !important;border-top-color: #f0fffc !important;border-top-style: solid !important;border-bottom-color: #f0fffc !important;border-bottom-style: solid !important;border-radius: 20px !important;}&#8221; el_class=&#8221;font-txt&#8221;][vc_column_text]<\/p>\n<h3><strong>Barcelona<\/strong><\/h3>\n<p>Perell\u00f3 74<br \/>\nBarcelona &#8211; 08005<br \/>\nSpain<\/p>\n<p><strong>Support<\/strong><br \/>\nsupport.eu@wavetec.com[\/vc_column_text][\/vc_column][\/vc_row][vc_row gap=&#8221;15&#8243; equal_height=&#8221;yes&#8221; css=&#8221;.vc_custom_1584704313114{margin-bottom: 20px !important;}&#8221;][vc_column width=&#8221;1\/4&#8243; css=&#8221;.vc_custom_1611848700246{border-top-width: 1px !important;border-right-width: 1px !important;border-bottom-width: 1px !important;border-left-width: 1px !important;background-color: #f6f9fc !important;border-left-color: #f0fffc !important;border-left-style: solid !important;border-right-color: #f0fffc !important;border-right-style: solid !important;border-top-color: #f0fffc !important;border-top-style: solid !important;border-bottom-color: #f0fffc !important;border-bottom-style: solid !important;border-radius: 20px !important;}&#8221; el_class=&#8221;font-txt&#8221;][vc_column_text]<\/p>\n<h3><strong>Lima<\/strong><\/h3>\n<p>Wavetec Per\u00fa SAC.<br \/>\n(RUC 20554201734)<br \/>\nCalle Las Dalias NRO 161<br \/>\nINT A \u2013 MIRAFLORES \u2013 LIMA<\/p>\n<p><strong>Tel<\/strong>: +51 958 492 148<\/p>\n<p><strong>Support:<\/strong><br \/>\nsoporte@wavetec.com<\/p>\n<p><strong>Sales<\/strong><br \/>\nsales@wavetec.com[\/vc_column_text][\/vc_column][vc_column width=&#8221;1\/4&#8243; css=&#8221;.vc_custom_1611848687901{border-top-width: 1px !important;border-right-width: 1px !important;border-bottom-width: 1px !important;border-left-width: 1px !important;background-color: #f6f9fc !important;border-left-color: #f0fffc !important;border-left-style: solid !important;border-right-color: #f0fffc !important;border-right-style: solid !important;border-top-color: #f0fffc !important;border-top-style: solid !important;border-bottom-color: #f0fffc !important;border-bottom-style: solid !important;border-radius: 20px !important;}&#8221; el_class=&#8221;font-txt&#8221;][vc_column_text]<\/p>\n<h3><strong>Santiago<\/strong><\/h3>\n<p>Los Militares 4611 10th Floor,<br \/>\nLas Condes, Santiago de Chile,<br \/>\nRegi\u00f3n Metropolitana<\/p>\n<p><strong>Tel<\/strong>: +56 2 3328 2696<\/p>\n<p><strong>Support<\/strong><br \/>\nsoporte@wavetec.com[\/vc_column_text][\/vc_column][vc_column width=&#8221;1\/4&#8243; css=&#8221;.vc_custom_1611848691969{border-top-width: 1px !important;border-right-width: 1px !important;border-bottom-width: 1px !important;border-left-width: 1px !important;background-color: #f6f9fc !important;border-left-color: #f0fffc !important;border-left-style: solid !important;border-right-color: #f0fffc !important;border-right-style: solid !important;border-top-color: #f0fffc !important;border-top-style: solid !important;border-bottom-color: #f0fffc !important;border-bottom-style: solid !important;border-radius: 20px !important;}&#8221; el_class=&#8221;font-txt&#8221;][vc_column_text]<\/p>\n<h3><strong>Mexico City<\/strong><\/h3>\n<p>Paseo de la Reforma 250 Piso 9,<br \/>\nJu\u00e1rez, 06600<br \/>\nCiudad de M\u00e9xico, CDMX<\/p>\n<p><strong>Tel:<\/strong> +52 (55) 3600 &#8211; 7268<\/p>\n<p><strong>Support<\/strong><br \/>\nsoporte@wavetec.com[\/vc_column_text][\/vc_column][vc_column width=&#8221;1\/4&#8243; css=&#8221;.vc_custom_1611848696030{border-top-width: 1px !important;border-right-width: 1px !important;border-bottom-width: 1px !important;border-left-width: 1px !important;background-color: #f6f9fc !important;border-left-color: #f0fffc !important;border-left-style: solid !important;border-right-color: #f0fffc !important;border-right-style: solid !important;border-top-color: #f0fffc !important;border-top-style: solid !important;border-bottom-color: #f0fffc !important;border-bottom-style: solid !important;border-radius: 20px !important;}&#8221; el_class=&#8221;font-txt&#8221;][vc_column_text]<\/p>\n<h3 style=\"text-align: left; line-height: 30px;\"><strong>USA<\/strong><\/h3>\n<h5><strong>New York<\/strong><\/h5>\n<p>228 Park Ave S, PMB 39097,<br \/>\nNew York, NY, 10003-1502<\/p>\n<h5><strong>California<\/strong><\/h5>\n<p>1220 S Street, Suite # 150<br \/>\nSacramento, CA<br \/>\n95811<\/p>\n<p><strong>Tel<\/strong>: +1 323 284 5084<\/p>\n<p><strong>Support<\/strong>:<br \/>\nus@wavetec.com<\/p>\n<p><strong>Sales<\/strong><br \/>\nsales@wavetec.com[\/vc_column_text][\/vc_column][\/vc_row][vc_row gap=&#8221;15&#8243; equal_height=&#8221;yes&#8221; css=&#8221;.vc_custom_1584704313114{margin-bottom: 20px !important;}&#8221;][vc_column width=&#8221;1\/4&#8243; css=&#8221;.vc_custom_1611848687901{border-top-width: 1px !important;border-right-width: 1px !important;border-bottom-width: 1px !important;border-left-width: 1px !important;background-color: #f6f9fc !important;border-left-color: #f0fffc !important;border-left-style: solid !important;border-right-color: #f0fffc !important;border-right-style: solid !important;border-top-color: #f0fffc !important;border-top-style: solid !important;border-bottom-color: #f0fffc !important;border-bottom-style: solid !important;border-radius: 20px !important;}&#8221; el_class=&#8221;font-txt&#8221;][vc_column_text]<\/p>\n<h3><strong>Karachi<\/strong><\/h3>\n<h5><strong>PECHS<\/strong><\/h5>\n<p>245-N, block 6, PECHS,<br \/>\nKarachi, 75400, Pakistan<\/p>\n<h5><strong>C3i Korangi Creek Industrial Park<\/strong><\/h5>\n<p>Wavetec C3i , GA-70-A3, Korangi Creek Industrial Park Korangi, Karachi, Karachi City, Sindh<\/p>\n<p><strong>Tel:<\/strong> +92-21-111-111-133<\/p>\n<p><strong>Support<\/strong><br \/>\nsupport.pk@wavetec.com<\/p>\n<p><strong>Sales<br \/>\n<\/strong>sales@wavetec.com[\/vc_column_text][\/vc_column][vc_column width=&#8221;1\/4&#8243; css=&#8221;.vc_custom_1695126550425{border-top-width: 1px !important;border-right-width: 1px !important;border-bottom-width: 1px !important;border-left-width: 1px !important;}&#8221; el_class=&#8221;font-txt&#8221;][\/vc_column][vc_column width=&#8221;1\/4&#8243;][\/vc_column][vc_column width=&#8221;1\/4&#8243;][\/vc_column][\/vc_row][vc_row gap=&#8221;15&#8243; equal_height=&#8221;yes&#8221; css=&#8221;.vc_custom_1584704313114{margin-bottom: 20px !important;}&#8221;][vc_column width=&#8221;1\/4&#8243; css=&#8221;.vc_custom_1611848687901{border-top-width: 1px !important;border-right-width: 1px !important;border-bottom-width: 1px !important;border-left-width: 1px !important;background-color: #f6f9fc !important;border-left-color: #f0fffc !important;border-left-style: solid !important;border-right-color: #f0fffc !important;border-right-style: solid !important;border-top-color: #f0fffc !important;border-top-style: solid !important;border-bottom-color: #f0fffc !important;border-bottom-style: solid !important;border-radius: 20px !important;}&#8221; el_class=&#8221;font-txt&#8221;][vc_column_text]<\/p>\n<h3><strong>Karachi<\/strong><\/h3>\n<h5><strong>PECHS<\/strong><\/h5>\n<p>245-N, block 6, PECHS,<br \/>\nKarachi, 75400, Pakistan<\/p>\n<h5><strong>C3i Korangi Creek Industrial Park<\/strong><\/h5>\n<p>Wavetec C3i , GA-70-A3, Korangi Creek Industrial Park Korangi, Karachi, Karachi City, Sindh<\/p>\n<p><strong>Tel:<\/strong> +92-21-111-111-133<\/p>\n<p><strong>Support<\/strong><br \/>\nsupport.pk@wavetec.com<\/p>\n<p><strong>Sales<br \/>\n<\/strong>sales@wavetec.com[\/vc_column_text][\/vc_column][vc_column width=&#8221;1\/4&#8243; css=&#8221;.vc_custom_1611848696030{border-top-width: 1px !important;border-right-width: 1px !important;border-bottom-width: 1px !important;border-left-width: 1px !important;background-color: #f6f9fc !important;border-left-color: #f0fffc !important;border-left-style: solid !important;border-right-color: #f0fffc !important;border-right-style: solid !important;border-top-color: #f0fffc !important;border-top-style: solid !important;border-bottom-color: #f0fffc !important;border-bottom-style: solid !important;border-radius: 20px !important;}&#8221; el_class=&#8221;font-txt&#8221;][vc_column_text]<\/p>\n<h3 style=\"text-align: left; line-height: 30px;\"><strong>USA<\/strong><\/h3>\n<h5><strong>New York<\/strong><\/h5>\n<p>228 Park Ave S, PMB 39097,<br \/>\nNew York, NY, 10003-1502<\/p>\n<h5><strong>California<\/strong><\/h5>\n<p>1220 S Street, Suite # 150<br \/>\nSacramento, CA<br \/>\n95811<\/p>\n<p><strong>Tel<\/strong>: +1 323 284 5084<\/p>\n<p><strong>Support<\/strong>:<br \/>\nus@wavetec.com<\/p>\n<p><strong>Sales<\/strong><br \/>\nsales@wavetec.com[\/vc_column_text][\/vc_column][vc_column width=&#8221;1\/4&#8243;][\/vc_column][vc_column width=&#8221;1\/4&#8243;][\/vc_column][\/vc_row][vc_row el_class=&#8221;topc&#8221; css=&#8221;.vc_custom_1611837450331{margin-top: 100px !important;}&#8221;][vc_column width=&#8221;1\/2&#8243;][vc_column_text]<\/p>\n<h2>\u00bfYa eres cliente?<br \/>\nComun\u00edquese con los servicios de soporte<\/h2>\n<p>Nuestros servicios de atenci\u00f3n al cliente son los mejores en el negocio, con un \u00edndice de satisfacci\u00f3n del cliente del 90%. Est\u00e1mos listos para ayudarlo.[\/vc_column_text][vc_row_inner][vc_column_inner width=&#8221;2\/5&#8243;]<div class=\" ubtn-ctn-left icon-btn\"><a class=\"ubtn-link ult-adjust-bottom-margin ubtn-left ubtn-normal icon-btn\" href=\"https:\/\/support.mywavetec.com\/portal\/signin#newticket\" target=\"_blank\" rel=\"noopener\"><button type=\"button\" id=\"ubtn-4072\"  class=\"ubtn ult-adjust-bottom-margin ult-responsive ubtn-normal ubtn-no-hover-bg  none  ubtn-sep-icon ubtn-sep-icon-at-right  ubtn-left   tooltip-69f2e627b3c84\"  data-hover=\"#ffffff\" data-border-color=\"#ff8630\" data-bg=\"#ff8630\" data-hover-bg=\"#324ecf\" data-border-hover=\"#324ecf\" data-shadow-hover=\"\" data-shadow-click=\"none\" data-shadow=\"\" data-shd-shadow=\"\"  data-ultimate-target='#ubtn-4072'  data-responsive-json-new='{\"font-size\":\"desktop:18px;\",\"line-height\":\"\"}'  style=\"font-family:&#039;Poppins&#039;;font-weight:600;border-radius:5px;border-width:1px;border-color:#ff8630;border-style:solid;background: #ff8630;color: #ffffff;\"><span class=\"ubtn-data ubtn-icon\"><i class=\"Defaults-ticket\" style=\"font-size:32px;color:#ffffff;\"><\/i><\/span><span class=\"ubtn-hover\" style=\"background-color:#324ecf\"><\/span><span class=\"ubtn-data ubtn-text \" >Abrir un ticket<\/span><\/button><\/a><\/div>[\/vc_column_inner][vc_column_inner width=&#8221;3\/5&#8243;]<div class=\" ubtn-ctn-left icon-btn\"><a class=\"ubtn-link ult-adjust-bottom-margin ubtn-left ubtn-normal icon-btn\" href=\"https:\/\/wa.me\/97143263193\" target=\"_blank\" rel=\"noopener\"><button type=\"button\" id=\"ubtn-1727\"  class=\"ubtn ult-adjust-bottom-margin ult-responsive ubtn-normal ubtn-no-hover-bg  none  ubtn-sep-icon ubtn-sep-icon-at-right  ubtn-left   tooltip-69f2e627b3d56\"  data-hover=\"#324ecf\" data-border-color=\"#324ecf\" data-bg=\"#ffffff\" data-hover-bg=\"#d5edfe\" data-border-hover=\"#324ecf\" data-shadow-hover=\"\" data-shadow-click=\"none\" data-shadow=\"\" data-shd-shadow=\"\"  data-ultimate-target='#ubtn-1727'  data-responsive-json-new='{\"font-size\":\"desktop:18px;\",\"line-height\":\"\"}'  style=\"font-family:&#039;Poppins&#039;;font-weight:600;border-radius:5px;border-width:2px;border-color:#324ecf;border-style:solid;background: #ffffff;color: #324ecf;\"><span class=\"ubtn-data ubtn-icon\"><i class=\"WhatsApp-whatsapp\" style=\"font-size:32px;color:#324ecf;\"><\/i><\/span><span class=\"ubtn-hover\" style=\"background-color:#d5edfe\"><\/span><span class=\"ubtn-data ubtn-text \" >Obtenga una respuesta r\u00e1pida<\/span><\/button><\/a><\/div>[\/vc_column_inner][\/vc_row_inner][\/vc_column][vc_column width=&#8221;1\/2&#8243; css=&#8221;.vc_custom_1589462079945{margin-top: -140px !important;}&#8221;][vc_single_image image=&#8221;49137&#8243; img_size=&#8221;full&#8221; alignment=&#8221;center&#8221; css=&#8221;.vc_custom_1661776574655{margin-bottom: 0px !important;}&#8221;][\/vc_column][\/vc_row][vc_row][vc_column][vc_column_text]<\/p>\n<h2>Para una respuesta inmediata,<br \/>\ncon\u00e9ctate con nosotros en WhatsApp<\/h2>\n<p>[\/vc_column_text][\/vc_column][vc_column width=&#8221;1\/3&#8243;][vc_column_text css=&#8221;.vc_custom_1620206459925{margin-bottom: 10px !important;}&#8221;]<strong>Customer Feedback<\/strong>[\/vc_column_text][vc_single_image image=&#8221;25214&#8243; img_size=&#8221;full&#8221;][\/vc_column][vc_column width=&#8221;1\/3&#8243;][vc_column_text css=&#8221;.vc_custom_1620206518785{margin-bottom: 10px !important;}&#8221;]<strong>Customer Support<\/strong>[\/vc_column_text][vc_single_image image=&#8221;25220&#8243; img_size=&#8221;full&#8221;][\/vc_column][\/vc_row]<\/p>\n","protected":false},"excerpt":{"rendered":"<p>[vc_row bg_type=&#8221;bg_color&#8221; bg_override=&#8221;full&#8221; el_class=&#8221;topb&#8221; bg_color_value=&#8221;#fafeff&#8221;][vc_column width=&#8221;5\/12&#8243; css=&#8221;.vc_custom_1620166555439{padding-top: 120px !important;}&#8221;][vc_column_text] Contacta con nosotros Ventas y consultas sobre productos Obtenga informaci\u00f3n de<span class=\"excerpt-hellip\"> [\u2026]<\/span><\/p>\n","protected":false},"author":1,"featured_media":14935,"parent":0,"menu_order":0,"comment_status":"closed","ping_status":"closed","template":"","meta":{"content-type":"","footnotes":""},"class_list":["post-2716","page","type-page","status-publish","has-post-thumbnail","hentry"],"acf":[],"_links":{"self":[{"href":"https:\/\/www.wavetec.com\/es\/wp-json\/wp\/v2\/pages\/2716","targetHints":{"allow":["GET"]}}],"collection":[{"href":"https:\/\/www.wavetec.com\/es\/wp-json\/wp\/v2\/pages"}],"about":[{"href":"https:\/\/www.wavetec.com\/es\/wp-json\/wp\/v2\/types\/page"}],"author":[{"embeddable":true,"href":"https:\/\/www.wavetec.com\/es\/wp-json\/wp\/v2\/users\/1"}],"replies":[{"embeddable":true,"href":"https:\/\/www.wavetec.com\/es\/wp-json\/wp\/v2\/comments?post=2716"}],"version-history":[{"count":7,"href":"https:\/\/www.wavetec.com\/es\/wp-json\/wp\/v2\/pages\/2716\/revisions"}],"predecessor-version":[{"id":68078,"href":"https:\/\/www.wavetec.com\/es\/wp-json\/wp\/v2\/pages\/2716\/revisions\/68078"}],"wp:featuredmedia":[{"embeddable":true,"href":"https:\/\/www.wavetec.com\/es\/wp-json\/wp\/v2\/media\/14935"}],"wp:attachment":[{"href":"https:\/\/www.wavetec.com\/es\/wp-json\/wp\/v2\/media?parent=2716"}],"curies":[{"name":"wp","href":"https:\/\/api.w.org\/{rel}","templated":true}]}}