{"id":2562,"date":"2015-05-06T08:00:45","date_gmt":"2015-05-06T08:00:45","guid":{"rendered":"https:\/\/test.wavetec.com\/?page_id=2562"},"modified":"2024-02-01T08:32:58","modified_gmt":"2024-02-01T08:32:58","slug":"soluciones-de-led-display","status":"publish","type":"page","link":"https:\/\/www.wavetec.com\/es\/soluciones\/soluciones-de-led-display\/","title":{"rendered":"Soluciones de pantalla LED"},"content":{"rendered":"<p>[vc_row content_placement=&#8221;middle&#8221;][vc_column width=&#8221;1\/2&#8243;][vc_column_text]<\/p>\n<h1>Pantallas LED de alta calidad<\/h1>\n<p><strong>Soluci\u00f3n de comunicacion visual<\/strong><\/p>\n<p>Pantallas con informaci\u00f3n relevante medios enriquecido, im\u00e1genes, LED informativas e iniciativas tecnol\u00f3gicas orientadas a mejor la experiencia del cliente cuando llegan, mientras esperan, cuando se acercan al \u00e1rea de servicio y despu\u00e9s de que hayan sido atendidos: una experiencia holistica.<\/p>\n<p><b>\u00a0<\/b>[\/vc_column_text]<div class=\" ubtn-ctn-left \"><a class=\"ubtn-link ult-adjust-bottom-margin ubtn-left ubtn-normal \" href=\"https:\/\/info.wavetec.com\/es\/agenda-una-demostraci%C3%B3n-gratuita-hoy-gratis\" target=\"_blank\" rel=\"noopener\"><button type=\"button\" id=\"ubtn-5360\"  class=\"ubtn ult-adjust-bottom-margin ult-responsive ubtn-normal ubtn-no-hover-bg  none  ubtn-left   tooltip-69f2d77604dde\"  data-hover=\"#ffffff\" data-border-color=\"#ffffff\" data-bg=\"#ff8630\" data-hover-bg=\"#00cef8\" data-border-hover=\"#00cef8\" data-shadow-hover=\"\" data-shadow-click=\"none\" data-shadow=\"\" data-shd-shadow=\"\"  data-ultimate-target='#ubtn-5360'  data-responsive-json-new='{\"font-size\":\"desktop:18px;mobile:13px;\",\"line-height\":\"\"}'  style=\"font-family:&#039;Poppins&#039;;font-weight:600;border-radius:5px;border-width:2px;border-color:#ffffff;border-style:solid;background: #ff8630;color: #ffffff;\"><span class=\"ubtn-hover\" style=\"background-color:#00cef8\"><\/span><span class=\"ubtn-data ubtn-text \" >obtenga una demostraci\u00f3n<\/span><\/button><\/a><\/div>[vc_single_image image=&#8221;27693&#8243; img_size=&#8221;full&#8221;][\/vc_column][vc_column width=&#8221;1\/2&#8243;][vc_single_image image=&#8221;27033&#8243; img_size=&#8221;full&#8221; alignment=&#8221;center&#8221;][\/vc_column][\/vc_row][vc_section full_width=&#8221;stretch_row_content&#8221; css=&#8221;.vc_custom_1611318835685{margin-bottom: 30px !important;background-color: #ffffff !important;}&#8221;][vc_row equal_height=&#8221;yes&#8221; content_placement=&#8221;middle&#8221; bg_type=&#8221;bg_color&#8221; el_id=&#8221;internalmenu&#8221; bg_color_value=&#8221;#ffffff&#8221;][vc_column width=&#8221;1\/4&#8243; css=&#8221;.vc_custom_1611320019718{margin-top: 0px !important;margin-right: 0px !important;margin-bottom: 0px !important;margin-left: 0px !important;padding-top: 0px !important;padding-right: 0px !important;padding-bottom: 0px !important;padding-left: 0px !important;}&#8221;][vc_single_image image=&#8221;27699&#8243; img_size=&#8221;full&#8221; alignment=&#8221;center&#8221; css=&#8221;.vc_custom_1621600401537{margin-top: 10px !important;margin-bottom: -20px !important;}&#8221;][\/vc_column][vc_column width=&#8221;1\/2&#8243; css=&#8221;.vc_custom_1624520082879{margin-top: 0px !important;margin-right: 0px !important;margin-bottom: 0px !important;margin-left: 0px !important;padding-top: 0px !important;padding-right: 0px !important;padding-bottom: 0px !important;padding-left: 0px !important;}&#8221; offset=&#8221;vc_col-lg-offset-1&#8243;][vc_column_text css=&#8221;.vc_custom_1631699215837{margin-bottom: 0px !important;}&#8221; el_class=&#8221;sticky-nav-text&#8221;]<span style=\"color: #23d1f8;\"><a href=\"\/es\/soluciones\/soluciones-de-led-display\/led-displays-para-interiores\/\"><span style=\"text-decoration: underline;\">Pantallas de interior<\/span><\/a><\/span> \u00a0 \u00a0 \u00a0<a href=\"\/es\/soluciones\/soluciones-de-led-display\/led-displays-para-exteriores\/\"><span style=\"text-decoration: underline;\">Exhibiciones al aire libre<\/span><\/a>[\/vc_column_text][\/vc_column][vc_column width=&#8221;1\/6&#8243;][\/vc_column][\/vc_row][\/vc_section][vc_row content_placement=&#8221;middle&#8221;][vc_column width=&#8221;1\/2&#8243;][vc_column_text]Agregue valor est\u00e9tico a su espacio interior con soluciones visuales LED. Wavetec proporciona visuales LED personalizables para usar en salas de juntas, salas de control, \u00e1reas de marketing, etc. Nuestros m\u00f3dulos flexibles, livianos y de bajo consumo energ\u00e9tico se combinan para crear su soluci\u00f3n LED ideal. Ya sea que desee una pared de video curvada o recta, tickers de l\u00ednea simple o doble seg\u00fan sus dimensiones, \u00a1tenemos el producto para usted! Alta resoluci\u00f3n, tama\u00f1o de p\u00edxel peque\u00f1o, escalable y completo con opciones de integraci\u00f3n con diferentes fuentes de datos en tiempo real, fuentes p\u00fablicas y contenido digital almacenado.[\/vc_column_text][\/vc_column][vc_column width=&#8221;1\/2&#8243;][vc_single_image image=&#8221;20498&#8243; img_size=&#8221;full&#8221; alignment=&#8221;center&#8221;][\/vc_column][\/vc_row][vc_row css=&#8221;.vc_custom_1611316413792{margin-bottom: 80px !important;}&#8221;][vc_column css=&#8221;.vc_custom_1611314015613{background-color: #e7f0fd !important;border-radius: 25px !important;}&#8221;][vc_column_text]Muestre contenido en l\u00ednea y fuera de l\u00ednea utilizando diferentes dise\u00f1os de pantalla de acuerdo con las demandas del contenido, ya sean titulares de noticias, mensajes promocionales o datos financieros. Nuestra cartera de LED con productos de vanguardia y capacidades de personalizaci\u00f3n de vanguardia satisface una gran cantidad de necesidades de visualizaci\u00f3n y crea entornos din\u00e1micos ricos en medios.[\/vc_column_text][\/vc_column][\/vc_row][vc_row][vc_column][vc_column_text]<\/p>\n<h2 style=\"text-align: center;\">Aplicaciones de pantalla LED<\/h2>\n<p style=\"text-align: center;\">Nuestras pantallas LED son ideales para aplicaciones tanto en interiores como en exteriores<\/p>\n<p>[\/vc_column_text][\/vc_column][vc_column width=&#8221;1\/2&#8243;]<div class=\"ult-new-ib ult-ib-effect-style10  ult-ib-resp  \" data-min-width=\"768\" data-max-width=\"900\" style=\"background:#116af0;\" data-opacity=\"1\" data-hover-opacity=\"0.3\" ><img decoding=\"async\" class=\"ult-new-ib-img\" style=\"opacity:1;\" alt=\"null\" src=\"https:\/\/www.wavetec.com\/wp-content\/uploads\/2021\/03\/indoor.png\" title=\"\"><div id=\"interactive-banner-wrap-6898\" class=\"ult-new-ib-desc\" style=\"\"><h3 class=\"ult-new-ib-title ult-responsive\"  data-ultimate-target='#interactive-banner-wrap-6898 .ult-new-ib-title'  data-responsive-json-new='{\"font-size\":\"desktop:30px;\",\"line-height\":\"desktop:30px;\"}'  style=\"font-family:&#039;Poppins&#039;;font-weight:600;\">Pantalla LED para interiores<\/h3><div class=\"ult-new-ib-content ult-responsive\"  data-ultimate-target='#interactive-banner-wrap-6898 .ult-new-ib-content'  data-responsive-json-new='{\"font-size\":\"\",\"line-height\":\"\"}'  style=\"font-family:&#039;Poppins&#039;;font-weight:normal;\"><p>Desarrollamos pantallas de interior de alta calidad para una experiencia de visualizaci\u00f3n de cerca<\/p><\/div><\/div><a class=\"ult-new-ib-link\" href=\"\/es\/soluciones\/soluciones-de-led-display\/led-displays-para-interiores\/\" title=\"See More\"  ><\/a><\/div><script type=\"text\/javascript\">\n\t\t\t(function($){\n\t\t\t\t$(document).ready(function(){\n\t\t\t\t\t$(\".ult-new-ib\").css(\"opacity\",\"1\");\n\t\t\t\t});\n\t\t\t})(jQuery);\n\t\t\t<\/script>[\/vc_column][vc_column width=&#8221;1\/2&#8243;]<div class=\"ult-new-ib ult-ib-effect-style10  ult-ib-resp  \" data-min-width=\"768\" data-max-width=\"900\" style=\"background:#116af0;\" data-opacity=\"1\" data-hover-opacity=\"0.3\" ><img decoding=\"async\" class=\"ult-new-ib-img\" style=\"opacity:1;\" alt=\"null\" src=\"https:\/\/www.wavetec.com\/wp-content\/uploads\/2021\/03\/outdoor.png\" title=\"\"><div id=\"interactive-banner-wrap-3840\" class=\"ult-new-ib-desc\" style=\"\"><h3 class=\"ult-new-ib-title ult-responsive\"  data-ultimate-target='#interactive-banner-wrap-3840 .ult-new-ib-title'  data-responsive-json-new='{\"font-size\":\"desktop:30px;\",\"line-height\":\"desktop:30px;\"}'  style=\"font-family:&#039;Poppins&#039;;font-weight:600;\">Pantalla LED para exteriores<\/h3><div class=\"ult-new-ib-content ult-responsive\"  data-ultimate-target='#interactive-banner-wrap-3840 .ult-new-ib-content'  data-responsive-json-new='{\"font-size\":\"\",\"line-height\":\"\"}'  style=\"font-family:&#039;Poppins&#039;;font-weight:normal;\"><p>Desarrollamos pantallas exteriores de alta calidad para una experiencia de visualizaci\u00f3n de rango distante<\/p><\/div><\/div><a class=\"ult-new-ib-link\" href=\"\/es\/soluciones\/soluciones-de-led-display\/led-displays-para-exteriores\/\" title=\"See More\"  ><\/a><\/div><script type=\"text\/javascript\">\n\t\t\t(function($){\n\t\t\t\t$(document).ready(function(){\n\t\t\t\t\t$(\".ult-new-ib\").css(\"opacity\",\"1\");\n\t\t\t\t});\n\t\t\t})(jQuery);\n\t\t\t<\/script>[\/vc_column][\/vc_row][vc_row content_placement=&#8221;middle&#8221; bg_type=&#8221;bg_color&#8221; bg_override=&#8221;full&#8221; css=&#8221;.vc_custom_1616616289177{margin-bottom: 80px !important;}&#8221; bg_color_value=&#8221;#3a52d0&#8243;][vc_column width=&#8221;1\/2&#8243;][vc_column_text]<\/p>\n<h2><span style=\"color: #ffffff;\">Amplia gama de pantallas<\/span><\/h2>\n<p><span style=\"font-weight: 400; color: #ffffff;\">Realizamos tickers y videowalls a medida en diferentes dimensiones y dise\u00f1os. Nuestras pantallas LED para interiores y exteriores son muy confiables, f\u00e1ciles de instalar y funcionan constantemente bien durante todo el d\u00eda.<\/span><\/p>\n<p><span style=\"font-weight: 400; color: #ffffff;\">La red de Wavetec de soluciones visuales de una ventana se extiende a trav\u00e9s de una amplia red; atendemos a organizaciones de clase mundial en 70 pa\u00edses, y nuestros m\u00f3dulos excepcionales han equipado los pisos de negociaci\u00f3n de 23 mercados financieros mundiales l\u00edderes.<\/span>[\/vc_column_text][\/vc_column][vc_column width=&#8221;1\/2&#8243;][vc_single_image image=&#8221;20511&#8243; img_size=&#8221;full&#8221; alignment=&#8221;center&#8221; css=&#8221;.vc_custom_1616616249322{margin-bottom: 0px !important;}&#8221;][\/vc_column][\/vc_row][vc_row content_placement=&#8221;middle&#8221; css=&#8221;.vc_custom_1616616564598{margin-bottom: 80px !important;}&#8221;][vc_column][vc_single_image image=&#8221;27107&#8243; img_size=&#8221;full&#8221; alignment=&#8221;center&#8221; css=&#8221;.vc_custom_1621415584790{margin-bottom: 0px !important;}&#8221;][vc_column_text]<\/p>\n<h2>Aplicaci\u00f3n industrial<\/h2>\n<p>Nuestras pantallas de teletipo y paredes de video LED a todo y tricolor son expertos en operar de forma independiente en una amplia gama de dise\u00f1os de pantalla personalizados. Actualice la informaci\u00f3n de forma remota y entregue fuentes de informaci\u00f3n en tiempo real.<\/p>\n<p>Las pantallas LED compatibles con los medios de Wavetec son la elecci\u00f3n perfecta para diversas industrias, aprovechamos las empresas para reproducir contenido rico en medios en cualquier lugar, ya sean vallas publicitarias digitales en puntos de venta, exhibiciones deportivas en estadios, exhibiciones financieras en bolsas de valores, vallas publicitarias en paisajes al aire libre, o sistemas de visualizaci\u00f3n de informaci\u00f3n de vuelo en los aeropuertos.[\/vc_column_text][\/vc_column][\/vc_row][vc_row content_placement=&#8221;middle&#8221; css=&#8221;.vc_custom_1616616575025{margin-bottom: 80px !important;}&#8221;][vc_column width=&#8221;1\/2&#8243;][vc_single_image image=&#8221;25727&#8243; img_size=&#8221;full&#8221; alignment=&#8221;center&#8221; css=&#8221;.vc_custom_1621165899383{margin-bottom: 0px !important;}&#8221;][\/vc_column][vc_column width=&#8221;1\/2&#8243;][vc_column_text]Nuestra cartera de LED avanzada facilita la integraci\u00f3n perfecta del sistema de gesti\u00f3n de contenido con la base de datos del cliente. Nuestros consultores expertos en gesti\u00f3n de proyectos se aseguran de dise\u00f1ar soluciones visuales de alta tecnolog\u00eda personalizadas pero rentables para satisfacer sus necesidades comerciales.[\/vc_column_text][\/vc_column][\/vc_row][vc_row equal_height=&#8221;yes&#8221; content_placement=&#8221;middle&#8221; bg_type=&#8221;bg_color&#8221; bg_override=&#8221;full&#8221; bg_color_value=&#8221;#f9fbfc&#8221; css=&#8221;.vc_custom_1610020863106{margin-top: 35px !important;}&#8221;][vc_column width=&#8221;7\/12&#8243;][vc_column_text]<\/p>\n<h2>Obtenga m\u00e1s informaci\u00f3n sobre las pantallas LED descargando nuestro folleto<\/h2>\n<p>Tenemos una amplia experiencia en \u00e1reas de servicio en bancos, hospitales, farmacias, organizaciones gubernamentales, supermercados y tiendas minoristas. Las soluciones de pantallas LED le permiten ofrecer experiencias de cliente perfectas.[\/vc_column_text]<div class=\" ubtn-ctn-left icon-btn\"><a class=\"ubtn-link ult-adjust-bottom-margin ubtn-left ubtn-normal icon-btn\" href=\"https:\/\/info.wavetec.com\/financial-market-displays-brochure\" target=\"_blank\" rel=\"noopener\"><button type=\"button\" id=\"ubtn-5082\"  class=\"ubtn ult-adjust-bottom-margin ult-responsive ubtn-normal ubtn-no-hover-bg  none  ubtn-sep-icon ubtn-sep-icon-at-right  ubtn-left   tooltip-69f2d776056e2\"  data-hover=\"#116af0\" data-border-color=\"#116af0\" data-bg=\"#ffffff\" data-hover-bg=\"#d5edfe\" data-border-hover=\"#116af0\" data-shadow-hover=\"\" data-shadow-click=\"none\" data-shadow=\"\" data-shd-shadow=\"\"  data-ultimate-target='#ubtn-5082'  data-responsive-json-new='{\"font-size\":\"desktop:18px;\",\"line-height\":\"\"}'  style=\"font-family:&#039;Poppins&#039;;font-weight:600;border-radius:5px;border-width:1px;border-color:#116af0;border-style:solid;background: #ffffff;color: #116af0;\"><span class=\"ubtn-data ubtn-icon\"><i class=\"Defaults-download\" style=\"font-size:32px;color:#116af0;\"><\/i><\/span><span class=\"ubtn-hover\" style=\"background-color:#d5edfe\"><\/span><span class=\"ubtn-data ubtn-text \" >Descargar folleto<\/span><\/button><\/a><\/div>[\/vc_column][vc_column width=&#8221;5\/12&#8243;][vc_single_image image=&#8221;20530&#8243; img_size=&#8221;full&#8221; css=&#8221;.vc_custom_1616616537321{margin-bottom: 0px !important;}&#8221;][\/vc_column][\/vc_row][vc_row][vc_column]<div class=\"templatera_shortcode\"><\/div>[\/vc_column][\/vc_row][vc_row content_placement=&#8221;middle&#8221; bg_type=&#8221;image&#8221; parallax_style=&#8221;vcpb-default&#8221; bg_image_new=&#8221;id^16314|url^https:\/\/www.wavetec.com\/wp-content\/uploads\/2020\/11\/vector-circle-1.png|caption^null|alt^null|title^vector-circle|description^null&#8221; bg_image_repeat=&#8221;no-repeat&#8221; bg_image_size=&#8221;initial&#8221; bg_image_posiiton=&#8221;right bottom&#8221; bg_override=&#8221;full&#8221;][vc_column width=&#8221;5\/12&#8243;][vc_column_text]<\/p>\n<h2>Wavetec Blog<\/h2>\n<p>Espere blogs, entrevistas y art\u00edculos de opini\u00f3n nuevos, bien investigados y centrados en la industria.<br \/>\nY suscr\u00edbete para mantenerte actualizado.[\/vc_column_text]<div class=\" ubtn-ctn-left \"><a class=\"ubtn-link ult-adjust-bottom-margin ubtn-left ubtn-normal \" href=\"https:\/\/blog.wavetec.com\/es\" target=\"_blank\" rel=\"noopener\"><button type=\"button\" id=\"ubtn-5543\"  class=\"ubtn ult-adjust-bottom-margin ult-responsive ubtn-normal ubtn-no-hover-bg  none  ubtn-left   tooltip-69f2d7760695a\"  data-hover=\"#ffffff\" data-border-color=\"\" data-bg=\"#ff8630\" data-hover-bg=\"#324ecf\" data-border-hover=\"\" data-shadow-hover=\"\" data-shadow-click=\"none\" data-shadow=\"\" data-shd-shadow=\"\"  data-ultimate-target='#ubtn-5543'  data-responsive-json-new='{\"font-size\":\"desktop:18px;\",\"line-height\":\"\"}'  style=\"font-family:&#039;Poppins&#039;;font-weight:600;border-radius:5px;border-width:0px;border-color:;border-style:solid;background: #ff8630;color: #ffffff;\"><span class=\"ubtn-hover\" style=\"background-color:#324ecf\"><\/span><span class=\"ubtn-data ubtn-text \" >Explora m\u00e1s<\/span><\/button><\/a><\/div>[\/vc_column][vc_column width=&#8221;1\/2&#8243; offset=&#8221;vc_col-lg-offset-1 vc_hidden-lg vc_hidden-md vc_hidden-sm vc_hidden-xs&#8221;][vc_column_text]<span style=\"color: #00cef8; font-weight: 500;\"><a style=\"color: #00cef8;\" href=\"https:\/\/blog.wavetec.com\/en\/retail-revival-how-best-to-alleviate-holiday-season-queues-and-improve-customer-experience\" target=\"_blank\" rel=\"noopener\">Retail revival? How best to alleviate holiday season queues, and improve customer experience<\/a><\/span><\/p>\n<p><span style=\"color: #00cef8; font-weight: 500;\"><a style=\"color: #00cef8;\" href=\"https:\/\/blog.wavetec.com\/en\/helping-the-physical-store-fight-back-against-online-shopping-with-digital-signage-technologies\" target=\"_blank\" rel=\"noopener\">Helping the Physical Store Fight Back Against Online Shopping with Digital Signage Technologies<\/a><\/span><\/p>\n<p><span style=\"color: #00cef8; font-weight: 500;\"><a style=\"color: #00cef8;\" href=\"https:\/\/blog.wavetec.com\/en\/wealth-in-public-health-the-case-for-visitor-management-solutions-in-healthcare\" target=\"_blank\" rel=\"noopener\">Wealth in Public Health &#8211; a case for healthcare management solutions<\/a><\/span><\/p>\n<p><span style=\"color: #00cef8; font-weight: 500;\"><a style=\"color: #00cef8;\" href=\"https:\/\/blog.wavetec.com\/en\/the-arts-of-the-new-normal-the-dawn-of-self-service-digitisation-and-crowd-management-solutions\" target=\"_blank\" rel=\"noopener\">Enter the arts of the \u2018New Normal\u2019, freshly digitised with self-service, crowd management solutions<\/a><\/span>[\/vc_column_text][\/vc_column][\/vc_row]<\/p>\n","protected":false},"excerpt":{"rendered":"","protected":false},"author":1,"featured_media":0,"parent":2475,"menu_order":0,"comment_status":"closed","ping_status":"closed","template":"","meta":{"content-type":"","footnotes":""},"class_list":["post-2562","page","type-page","status-publish","hentry"],"acf":[],"_links":{"self":[{"href":"https:\/\/www.wavetec.com\/es\/wp-json\/wp\/v2\/pages\/2562","targetHints":{"allow":["GET"]}}],"collection":[{"href":"https:\/\/www.wavetec.com\/es\/wp-json\/wp\/v2\/pages"}],"about":[{"href":"https:\/\/www.wavetec.com\/es\/wp-json\/wp\/v2\/types\/page"}],"author":[{"embeddable":true,"href":"https:\/\/www.wavetec.com\/es\/wp-json\/wp\/v2\/users\/1"}],"replies":[{"embeddable":true,"href":"https:\/\/www.wavetec.com\/es\/wp-json\/wp\/v2\/comments?post=2562"}],"version-history":[{"count":4,"href":"https:\/\/www.wavetec.com\/es\/wp-json\/wp\/v2\/pages\/2562\/revisions"}],"predecessor-version":[{"id":74054,"href":"https:\/\/www.wavetec.com\/es\/wp-json\/wp\/v2\/pages\/2562\/revisions\/74054"}],"up":[{"embeddable":true,"href":"https:\/\/www.wavetec.com\/es\/wp-json\/wp\/v2\/pages\/2475"}],"wp:attachment":[{"href":"https:\/\/www.wavetec.com\/es\/wp-json\/wp\/v2\/media?parent=2562"}],"curies":[{"name":"wp","href":"https:\/\/api.w.org\/{rel}","templated":true}]}}