{"id":2524,"date":"2015-05-05T06:35:27","date_gmt":"2015-05-05T06:35:27","guid":{"rendered":"https:\/\/test.wavetec.com\/?page_id=2524"},"modified":"2022-04-04T07:58:07","modified_gmt":"2022-04-04T07:58:07","slug":"industrias","status":"publish","type":"page","link":"https:\/\/www.wavetec.com\/es\/industrias\/","title":{"rendered":"Industrias"},"content":{"rendered":"<p>[vc_row][vc_column css=&#8221;.vc_custom_1649058124412{padding-top: 40px !important;}&#8221;]<div class=\"fancy_heading fancy_heading_line\"><h2 class=\"title\">Industrias<\/h2><\/div>\n[\/vc_column][\/vc_row][vc_row][vc_column width=&#8221;1\/3&#8243;]<a href=\"\/es\/industrias\/aeropuertos-y-aerolineas\/\" title=\"Airports and Airlines\"  class=\"ult_price_action_button\" style=\"background:#2991d6;\"><div class=\"ult_pricing_table_wrap ult_info_table ult_design_2  ult-cs-custom industries-grid-heading\">\n\t\t\t\t\t<div class=\"ult_pricing_table \" style=\" \"><div id=\"Info-table-wrap-6860\" class=\"ult_pricing_heading\" style=\"background:#2991d6;\">\n\t\t\t\t\t\t\t<h3 class=\"ult-responsive\"  data-ultimate-target='#Info-table-wrap-6860 h3'  data-responsive-json-new='{\"font-size\":\"\",\"line-height\":\"\"}'  style=\"font-weight:bold;color:#ffffff;\">Aeropuertos y Aerol\u00edneas<\/h3><\/div><!--ult_pricing_heading--><div class=\"ult_price_body_block\">\n\t\t\t\t\t\t\t<div class=\"ult_price_body\">\n\t\t\t\t\t\t\t\t<div class=\"ult_price\">\n\t\t\t\t\t\t\t\t\t<div class=\"ult-just-icon-wrapper  \"><div class=\"align-icon\" style=\"text-align:center;\">\n<div class=\"aio-icon-img \" style=\"font-size:130px;display:inline-block;\" >\n\t<img decoding=\"async\" class=\"img-icon\" alt=\"airport\" src=\"https:\/\/www.wavetec.com\/wp-content\/uploads\/2015\/01\/airport.png\" title=\"\">\n<\/div><\/div><\/div>\n\t\t\t\t\t\t\t\t<\/div>\n\t\t\t\t\t\t\t<\/div>\n\t\t\t\t\t\t<\/div><!--ult_price_body_block--><div id=\"info_table_features_wrap-4926\"  data-ultimate-target='#info_table_features_wrap-4926.ult_price_features'  data-responsive-json-new='{\"font-size\":\"\",\"line-height\":\"\"}'  class=\"ult-responsive ult_price_features\" style=\"font-weight:normal;\">\n\t\t\t\t\t\t\t<p>Dise\u00f1amos y creamos experiencias eficientes de pasajeros.<\/p>\n\n\t\t\t\t\t\t<\/div><!--ult_price_features--><div class=\"ult_clr\"><\/div>\n\t\t\t<\/div><!--pricing_table-->\n\t\t<\/div><!--pricing_table_wrap--><\/a>[\/vc_column][vc_column width=&#8221;1\/3&#8243;]<a href=\"\/es\/industrias\/bancos\/\" title=\"Banking\"  class=\"ult_price_action_button\" style=\"background:#2991d6;\"><div class=\"ult_pricing_table_wrap ult_info_table ult_design_2  ult-cs-custom industries-grid-heading\">\n\t\t\t\t\t<div class=\"ult_pricing_table \" style=\" \"><div id=\"Info-table-wrap-5005\" class=\"ult_pricing_heading\" style=\"background:#2991d6;\">\n\t\t\t\t\t\t\t<h3 class=\"ult-responsive\"  data-ultimate-target='#Info-table-wrap-5005 h3'  data-responsive-json-new='{\"font-size\":\"\",\"line-height\":\"\"}'  style=\"font-weight:bold;color:#ffffff;\">Bancos<\/h3><\/div><!--ult_pricing_heading--><div class=\"ult_price_body_block\">\n\t\t\t\t\t\t\t<div class=\"ult_price_body\">\n\t\t\t\t\t\t\t\t<div class=\"ult_price\">\n\t\t\t\t\t\t\t\t\t<div class=\"ult-just-icon-wrapper  \"><div class=\"align-icon\" style=\"text-align:center;\">\n<div class=\"aio-icon-img \" style=\"font-size:130px;display:inline-block;\" >\n\t<img decoding=\"async\" class=\"img-icon\" alt=\"banking\" src=\"https:\/\/www.wavetec.com\/wp-content\/uploads\/2015\/01\/banking.png\" title=\"\">\n<\/div><\/div><\/div>\n\t\t\t\t\t\t\t\t<\/div>\n\t\t\t\t\t\t\t<\/div>\n\t\t\t\t\t\t<\/div><!--ult_price_body_block--><div id=\"info_table_features_wrap-1063\"  data-ultimate-target='#info_table_features_wrap-1063.ult_price_features'  data-responsive-json-new='{\"font-size\":\"\",\"line-height\":\"\"}'  class=\"ult-responsive ult_price_features\" style=\"font-weight:normal;\">\n\t\t\t\t\t\t\t<p>Nuestras soluciones transforman las operaciones bancarias.<\/p>\n\n\t\t\t\t\t\t<\/div><!--ult_price_features--><div class=\"ult_clr\"><\/div>\n\t\t\t<\/div><!--pricing_table-->\n\t\t<\/div><!--pricing_table_wrap--><\/a>[\/vc_column][vc_column width=&#8221;1\/3&#8243;]<a href=\"\/es\/industrias\/educacion\/\" title=\"Education\"  class=\"ult_price_action_button\" style=\"background:#2991d6;\"><div class=\"ult_pricing_table_wrap ult_info_table ult_design_2  ult-cs-custom industries-grid-heading\">\n\t\t\t\t\t<div class=\"ult_pricing_table \" style=\" \"><div id=\"Info-table-wrap-7203\" class=\"ult_pricing_heading\" style=\"background:#2991d6;\">\n\t\t\t\t\t\t\t<h3 class=\"ult-responsive\"  data-ultimate-target='#Info-table-wrap-7203 h3'  data-responsive-json-new='{\"font-size\":\"\",\"line-height\":\"\"}'  style=\"font-weight:bold;color:#ffffff;\">Educaci\u00f3n<\/h3><\/div><!--ult_pricing_heading--><div class=\"ult_price_body_block\">\n\t\t\t\t\t\t\t<div class=\"ult_price_body\">\n\t\t\t\t\t\t\t\t<div class=\"ult_price\">\n\t\t\t\t\t\t\t\t\t<div class=\"ult-just-icon-wrapper  \"><div class=\"align-icon\" style=\"text-align:center;\">\n<div class=\"aio-icon-img \" style=\"font-size:130px;display:inline-block;\" >\n\t<img decoding=\"async\" class=\"img-icon\" alt=\"education\" src=\"https:\/\/www.wavetec.com\/wp-content\/uploads\/2015\/01\/education.png\" title=\"\">\n<\/div><\/div><\/div>\n\t\t\t\t\t\t\t\t<\/div>\n\t\t\t\t\t\t\t<\/div>\n\t\t\t\t\t\t<\/div><!--ult_price_body_block--><div id=\"info_table_features_wrap-3170\"  data-ultimate-target='#info_table_features_wrap-3170.ult_price_features'  data-responsive-json-new='{\"font-size\":\"\",\"line-height\":\"\"}'  class=\"ult-responsive ult_price_features\" style=\"font-weight:normal;\">\n\t\t\t\t\t\t\t<p>Soluciones tecnol\u00f3gicas m\u00e1s eficientes para el sector educativo.<\/p>\n\n\t\t\t\t\t\t<\/div><!--ult_price_features--><div class=\"ult_clr\"><\/div>\n\t\t\t<\/div><!--pricing_table-->\n\t\t<\/div><!--pricing_table_wrap--><\/a>[\/vc_column][\/vc_row][vc_row][vc_column width=&#8221;1\/3&#8243;]<a href=\"\/es\/industrias\/cuidado-de-la-salud\/\" title=\"Healthcare\"  class=\"ult_price_action_button\" style=\"background:#2991d6;\"><div class=\"ult_pricing_table_wrap ult_info_table ult_design_2  ult-cs-custom industries-grid-heading\">\n\t\t\t\t\t<div class=\"ult_pricing_table \" style=\" \"><div id=\"Info-table-wrap-6979\" class=\"ult_pricing_heading\" style=\"background:#2991d6;\">\n\t\t\t\t\t\t\t<h3 class=\"ult-responsive\"  data-ultimate-target='#Info-table-wrap-6979 h3'  data-responsive-json-new='{\"font-size\":\"\",\"line-height\":\"\"}'  style=\"font-weight:bold;color:#ffffff;\">Cuidado de la salud<\/h3><\/div><!--ult_pricing_heading--><div class=\"ult_price_body_block\">\n\t\t\t\t\t\t\t<div class=\"ult_price_body\">\n\t\t\t\t\t\t\t\t<div class=\"ult_price\">\n\t\t\t\t\t\t\t\t\t<div class=\"ult-just-icon-wrapper  \"><div class=\"align-icon\" style=\"text-align:center;\">\n<div class=\"aio-icon-img \" style=\"font-size:130px;display:inline-block;\" >\n\t<img decoding=\"async\" class=\"img-icon\" alt=\"healthcare\" src=\"https:\/\/www.wavetec.com\/wp-content\/uploads\/2015\/01\/healthcare.png\" title=\"\">\n<\/div><\/div><\/div>\n\t\t\t\t\t\t\t\t<\/div>\n\t\t\t\t\t\t\t<\/div>\n\t\t\t\t\t\t<\/div><!--ult_price_body_block--><div id=\"info_table_features_wrap-4424\"  data-ultimate-target='#info_table_features_wrap-4424.ult_price_features'  data-responsive-json-new='{\"font-size\":\"\",\"line-height\":\"\"}'  class=\"ult-responsive ult_price_features\" style=\"font-weight:normal;\">\n\t\t\t\t\t\t\t<p>Ayudando a su organizaci\u00f3n a mejorar el cuidado de la salud.<\/p>\n\n\t\t\t\t\t\t<\/div><!--ult_price_features--><div class=\"ult_clr\"><\/div>\n\t\t\t<\/div><!--pricing_table-->\n\t\t<\/div><!--pricing_table_wrap--><\/a>[\/vc_column][vc_column width=&#8221;1\/3&#8243;]<a href=\"\/es\/industrias\/telecomunicaciones\/\" title=\"Telecom\"  class=\"ult_price_action_button\" style=\"background:#2991d6;\"><div class=\"ult_pricing_table_wrap ult_info_table ult_design_2  ult-cs-custom industries-grid-heading\">\n\t\t\t\t\t<div class=\"ult_pricing_table \" style=\" \"><div id=\"Info-table-wrap-3914\" class=\"ult_pricing_heading\" style=\"background:#2991d6;\">\n\t\t\t\t\t\t\t<h3 class=\"ult-responsive\"  data-ultimate-target='#Info-table-wrap-3914 h3'  data-responsive-json-new='{\"font-size\":\"\",\"line-height\":\"\"}'  style=\"font-weight:bold;color:#ffffff;\">Telecomunicaciones<\/h3><\/div><!--ult_pricing_heading--><div class=\"ult_price_body_block\">\n\t\t\t\t\t\t\t<div class=\"ult_price_body\">\n\t\t\t\t\t\t\t\t<div class=\"ult_price\">\n\t\t\t\t\t\t\t\t\t<div class=\"ult-just-icon-wrapper  \"><div class=\"align-icon\" style=\"text-align:center;\">\n<div class=\"aio-icon-img \" style=\"font-size:130px;display:inline-block;\" >\n\t<img decoding=\"async\" class=\"img-icon\" alt=\"telecom\" src=\"https:\/\/www.wavetec.com\/wp-content\/uploads\/2015\/01\/telecom.png\" title=\"\">\n<\/div><\/div><\/div>\n\t\t\t\t\t\t\t\t<\/div>\n\t\t\t\t\t\t\t<\/div>\n\t\t\t\t\t\t<\/div><!--ult_price_body_block--><div id=\"info_table_features_wrap-5850\"  data-ultimate-target='#info_table_features_wrap-5850.ult_price_features'  data-responsive-json-new='{\"font-size\":\"\",\"line-height\":\"\"}'  class=\"ult-responsive ult_price_features\" style=\"font-weight:normal;\">\n\t\t\t\t\t\t\t<p>Ayudamos a optimizar la experiencia de su \u00e1rea de servicio.<\/p>\n\n\t\t\t\t\t\t<\/div><!--ult_price_features--><div class=\"ult_clr\"><\/div>\n\t\t\t<\/div><!--pricing_table-->\n\t\t<\/div><!--pricing_table_wrap--><\/a>[\/vc_column][vc_column width=&#8221;1\/3&#8243;]<a href=\"\/es\/industrias\/sector-publico\/\" title=\"Government\"  class=\"ult_price_action_button\" style=\"background:#2991d6;\"><div class=\"ult_pricing_table_wrap ult_info_table ult_design_2  ult-cs-custom industries-grid-heading\">\n\t\t\t\t\t<div class=\"ult_pricing_table \" style=\" \"><div id=\"Info-table-wrap-1733\" class=\"ult_pricing_heading\" style=\"background:#2991d6;\">\n\t\t\t\t\t\t\t<h3 class=\"ult-responsive\"  data-ultimate-target='#Info-table-wrap-1733 h3'  data-responsive-json-new='{\"font-size\":\"\",\"line-height\":\"\"}'  style=\"font-weight:bold;color:#ffffff;\">Sector p\u00fablico<\/h3><\/div><!--ult_pricing_heading--><div class=\"ult_price_body_block\">\n\t\t\t\t\t\t\t<div class=\"ult_price_body\">\n\t\t\t\t\t\t\t\t<div class=\"ult_price\">\n\t\t\t\t\t\t\t\t\t<div class=\"ult-just-icon-wrapper  \"><div class=\"align-icon\" style=\"text-align:center;\">\n<div class=\"aio-icon-img \" style=\"font-size:130px;display:inline-block;\" >\n\t<img decoding=\"async\" class=\"img-icon\" alt=\"government\" src=\"https:\/\/www.wavetec.com\/wp-content\/uploads\/2015\/01\/government.png\" title=\"\">\n<\/div><\/div><\/div>\n\t\t\t\t\t\t\t\t<\/div>\n\t\t\t\t\t\t\t<\/div>\n\t\t\t\t\t\t<\/div><!--ult_price_body_block--><div id=\"info_table_features_wrap-4316\"  data-ultimate-target='#info_table_features_wrap-4316.ult_price_features'  data-responsive-json-new='{\"font-size\":\"\",\"line-height\":\"\"}'  class=\"ult-responsive ult_price_features\" style=\"font-weight:normal;\">\n\t\t\t\t\t\t\t<p>Transformamos \u00e1reas de servicio p\u00fablico para mejorar la interacci\u00f3n.<\/p>\n\n\t\t\t\t\t\t<\/div><!--ult_price_features--><div class=\"ult_clr\"><\/div>\n\t\t\t<\/div><!--pricing_table-->\n\t\t<\/div><!--pricing_table_wrap--><\/a>[\/vc_column][\/vc_row][vc_row][vc_column width=&#8221;1\/6&#8243;][\/vc_column][vc_column width=&#8221;1\/3&#8243;]<a href=\"\/es\/industrias\/bolsa-de-valores\/\" title=\"Stock Exchange\"  class=\"ult_price_action_button\" style=\"background:#2991d6;\"><div class=\"ult_pricing_table_wrap ult_info_table ult_design_2  ult-cs-custom industries-grid-heading\">\n\t\t\t\t\t<div class=\"ult_pricing_table \" style=\" \"><div id=\"Info-table-wrap-4231\" class=\"ult_pricing_heading\" style=\"background:#2991d6;\">\n\t\t\t\t\t\t\t<h3 class=\"ult-responsive\"  data-ultimate-target='#Info-table-wrap-4231 h3'  data-responsive-json-new='{\"font-size\":\"\",\"line-height\":\"\"}'  style=\"font-weight:bold;color:#ffffff;\">Bolsas de valores<\/h3><\/div><!--ult_pricing_heading--><div class=\"ult_price_body_block\">\n\t\t\t\t\t\t\t<div class=\"ult_price_body\">\n\t\t\t\t\t\t\t\t<div class=\"ult_price\">\n\t\t\t\t\t\t\t\t\t<div class=\"ult-just-icon-wrapper  \"><div class=\"align-icon\" style=\"text-align:center;\">\n<div class=\"aio-icon-img \" style=\"font-size:130px;display:inline-block;\" >\n\t<img decoding=\"async\" class=\"img-icon\" alt=\"stock exchange\" src=\"https:\/\/www.wavetec.com\/wp-content\/uploads\/2015\/01\/stock-exchange.png\" title=\"\">\n<\/div><\/div><\/div>\n\t\t\t\t\t\t\t\t<\/div>\n\t\t\t\t\t\t\t<\/div>\n\t\t\t\t\t\t<\/div><!--ult_price_body_block--><div id=\"info_table_features_wrap-6198\"  data-ultimate-target='#info_table_features_wrap-6198.ult_price_features'  data-responsive-json-new='{\"font-size\":\"\",\"line-height\":\"\"}'  class=\"ult-responsive ult_price_features\" style=\"font-weight:normal;\">\n\t\t\t\t\t\t\t<p>Soluciones de display para la diseminaci\u00f3n de informaci\u00f3n.<\/p>\n\n\t\t\t\t\t\t<\/div><!--ult_price_features--><div class=\"ult_clr\"><\/div>\n\t\t\t<\/div><!--pricing_table-->\n\t\t<\/div><!--pricing_table_wrap--><\/a>[\/vc_column][vc_column width=&#8221;1\/3&#8243;]<a href=\"\/es\/industrias\/retail\/\" title=\"Retail\"  class=\"ult_price_action_button\" style=\"background:#2991d6;\"><div class=\"ult_pricing_table_wrap ult_info_table ult_design_2  ult-cs-custom industries-grid-heading\">\n\t\t\t\t\t<div class=\"ult_pricing_table \" style=\" \"><div id=\"Info-table-wrap-3918\" class=\"ult_pricing_heading\" style=\"background:#2991d6;\">\n\t\t\t\t\t\t\t<h3 class=\"ult-responsive\"  data-ultimate-target='#Info-table-wrap-3918 h3'  data-responsive-json-new='{\"font-size\":\"\",\"line-height\":\"\"}'  style=\"font-weight:bold;color:#ffffff;\">Retail<\/h3><\/div><!--ult_pricing_heading--><div class=\"ult_price_body_block\">\n\t\t\t\t\t\t\t<div class=\"ult_price_body\">\n\t\t\t\t\t\t\t\t<div class=\"ult_price\">\n\t\t\t\t\t\t\t\t\t<div class=\"ult-just-icon-wrapper  \"><div class=\"align-icon\" style=\"text-align:center;\">\n<div class=\"aio-icon-img \" style=\"font-size:130px;display:inline-block;\" >\n\t<img decoding=\"async\" class=\"img-icon\" alt=\"retail\" src=\"https:\/\/www.wavetec.com\/wp-content\/uploads\/2015\/01\/retail.png\" title=\"\">\n<\/div><\/div><\/div>\n\t\t\t\t\t\t\t\t<\/div>\n\t\t\t\t\t\t\t<\/div>\n\t\t\t\t\t\t<\/div><!--ult_price_body_block--><div id=\"info_table_features_wrap-9344\"  data-ultimate-target='#info_table_features_wrap-9344.ult_price_features'  data-responsive-json-new='{\"font-size\":\"\",\"line-height\":\"\"}'  class=\"ult-responsive ult_price_features\" style=\"font-weight:normal;\">\n\t\t\t\t\t\t\t<p>Ayudamos a los retailers a conectarse con sus clientes en cada paso.<\/p>\n\n\t\t\t\t\t\t<\/div><!--ult_price_features--><div class=\"ult_clr\"><\/div>\n\t\t\t<\/div><!--pricing_table-->\n\t\t<\/div><!--pricing_table_wrap--><\/a>[\/vc_column][vc_column width=&#8221;1\/6&#8243;][\/vc_column][\/vc_row]<\/p>\n","protected":false},"excerpt":{"rendered":"<p>[vc_row][vc_column css=&#8221;.vc_custom_1649058124412{padding-top: 40px !important;}&#8221;][\/vc_column][\/vc_row][vc_row][vc_column width=&#8221;1\/3&#8243;][\/vc_column][vc_column width=&#8221;1\/3&#8243;][\/vc_column][vc_column width=&#8221;1\/3&#8243;][\/vc_column][\/vc_row][vc_row][vc_column width=&#8221;1\/3&#8243;][\/vc_column][vc_column width=&#8221;1\/3&#8243;][\/vc_column][vc_column width=&#8221;1\/3&#8243;][\/vc_column][\/vc_row][vc_row][vc_column width=&#8221;1\/6&#8243;][\/vc_column][vc_column width=&#8221;1\/3&#8243;][\/vc_column][vc_column width=&#8221;1\/3&#8243;][\/vc_column][vc_column width=&#8221;1\/6&#8243;][\/vc_column][\/vc_row]<\/p>\n","protected":false},"author":1,"featured_media":772,"parent":0,"menu_order":0,"comment_status":"closed","ping_status":"closed","template":"","meta":{"content-type":"","footnotes":""},"class_list":["post-2524","page","type-page","status-publish","has-post-thumbnail","hentry"],"acf":[],"_links":{"self":[{"href":"https:\/\/www.wavetec.com\/es\/wp-json\/wp\/v2\/pages\/2524","targetHints":{"allow":["GET"]}}],"collection":[{"href":"https:\/\/www.wavetec.com\/es\/wp-json\/wp\/v2\/pages"}],"about":[{"href":"https:\/\/www.wavetec.com\/es\/wp-json\/wp\/v2\/types\/page"}],"author":[{"embeddable":true,"href":"https:\/\/www.wavetec.com\/es\/wp-json\/wp\/v2\/users\/1"}],"replies":[{"embeddable":true,"href":"https:\/\/www.wavetec.com\/es\/wp-json\/wp\/v2\/comments?post=2524"}],"version-history":[{"count":0,"href":"https:\/\/www.wavetec.com\/es\/wp-json\/wp\/v2\/pages\/2524\/revisions"}],"wp:featuredmedia":[{"embeddable":true,"href":"https:\/\/www.wavetec.com\/es\/wp-json\/wp\/v2\/media\/772"}],"wp:attachment":[{"href":"https:\/\/www.wavetec.com\/es\/wp-json\/wp\/v2\/media?parent=2524"}],"curies":[{"name":"wp","href":"https:\/\/api.w.org\/{rel}","templated":true}]}}