{"id":2505,"date":"2015-05-04T12:06:58","date_gmt":"2015-05-04T12:06:58","guid":{"rendered":"https:\/\/test.wavetec.com\/?page_id=2505"},"modified":"2023-07-17T10:02:51","modified_gmt":"2023-07-17T10:02:51","slug":"stock-news-ticker","status":"publish","type":"page","link":"https:\/\/www.wavetec.com\/es\/soluciones\/stock-news-ticker\/","title":{"rendered":"Ticker de acciones y noticias"},"content":{"rendered":"<p>[vc_row content_placement=&#8221;middle&#8221;][vc_column width=&#8221;1\/2&#8243;][vc_column_text]<\/p>\n<h1>Ticker de acciones y noticias<\/h1>\n<p><strong>Soluci\u00f3n de intercambio de informaci\u00f3n visual<\/strong><\/p>\n<p>El ticker de noticias y acciones de Wavetec permite a las empresas mostrar datos de mercado en tiempo real, informaci\u00f3n patentada, titulares de noticias, mientras env\u00edan mensajes con la facilidad de un clic.[\/vc_column_text]<div class=\" ubtn-ctn-left \"><a class=\"ubtn-link ult-adjust-bottom-margin ubtn-left ubtn-normal \" href=\"https:\/\/info.wavetec.com\/es\/agenda-una-demostraci%C3%B3n-gratuita-hoy-gratis\" target=\"_blank\" rel=\"noopener\"><button type=\"button\" id=\"ubtn-7826\"  class=\"ubtn ult-adjust-bottom-margin ult-responsive ubtn-normal ubtn-no-hover-bg  none  ubtn-left   tooltip-69f3e313de971\"  data-hover=\"#ffffff\" data-border-color=\"#ffffff\" data-bg=\"#116af0\" data-hover-bg=\"#3a52d0\" data-border-hover=\"#3a52d0\" data-shadow-hover=\"\" data-shadow-click=\"none\" data-shadow=\"\" data-shd-shadow=\"\"  data-ultimate-target='#ubtn-7826'  data-responsive-json-new='{\"font-size\":\"desktop:18px;\",\"line-height\":\"\"}'  style=\"font-family:&#039;Poppins&#039;;font-weight:600;border-radius:5px;border-width:2px;border-color:#ffffff;border-style:solid;background: #116af0;color: #ffffff;\"><span class=\"ubtn-hover\" style=\"background-color:#3a52d0\"><\/span><span class=\"ubtn-data ubtn-text \" >reserve una demostraci\u00f3n gratuita hoy<\/span><\/button><\/a><\/div>[\/vc_column][vc_column width=&#8221;1\/2&#8243;][vc_single_image image=&#8221;27123&#8243; img_size=&#8221;full&#8221; alignment=&#8221;center&#8221;][\/vc_column][\/vc_row][vc_row bg_type=&#8221;bg_color&#8221; bg_override=&#8221;full&#8221; css=&#8221;.vc_custom_1616743579057{margin-bottom: 80px !important;}&#8221; bg_color_value=&#8221;#f5fbff&#8221;][vc_column][vc_column_text]<\/p>\n<h2 style=\"text-align: center;\">Pantallas LED de teletipo<\/h2>\n<p>[\/vc_column_text][vc_single_image image=&#8221;27130&#8243; img_size=&#8221;full&#8221; alignment=&#8221;center&#8221; css=&#8221;.vc_custom_1621417869766{margin-bottom: 0px !important;}&#8221;][vc_column_text]<\/p>\n<p style=\"text-align: center;\">Los indicadores LED de Wavetec Stock y News est\u00e1n dise\u00f1ados con componentes de hardware especiales que garantizan una experiencia de desplazamiento de contenido sin problemas. Nuestros indicadores y pantallas se pueden dise\u00f1ar a medida para cualquier requisito y se pueden utilizar tanto en interiores como en exteriores.<\/p>\n<p>[\/vc_column_text][\/vc_column][\/vc_row][vc_row gap=&#8221;35&#8243; content_placement=&#8221;middle&#8221; css=&#8221;.vc_custom_1616744992564{margin-top: 40px !important;}&#8221;][vc_column css=&#8221;.vc_custom_1616745044209{margin-bottom: -35px !important;}&#8221;][vc_column_text]<\/p>\n<h3>Principales beneficios<\/h3>\n<p>[\/vc_column_text][\/vc_column][vc_column width=&#8221;7\/12&#8243; css=&#8221;.vc_custom_1616744394626{border-top-width: 1px !important;border-right-width: 1px !important;border-bottom-width: 1px !important;border-left-width: 1px !important;padding-top: 20px !important;padding-right: 20px !important;padding-bottom: 0px !important;padding-left: 20px !important;background-color: #3a52d0 !important;border-left-color: #3a52d0 !important;border-left-style: solid !important;border-right-color: #3a52d0 !important;border-right-style: solid !important;border-top-color: #3a52d0 !important;border-top-style: solid !important;border-bottom-color: #3a52d0 !important;border-bottom-style: solid !important;border-radius: 35px !important;}&#8221;][vc_row_inner equal_height=&#8221;yes&#8221; css=&#8221;.vc_custom_1614598043200{margin-bottom: 0px !important;padding-top: 20px !important;}&#8221;][vc_column_inner width=&#8221;1\/2&#8243;]<div class=\"aio-icon-component  vc_custom_1631621614331   style_1\"><div id=\"Info-box-wrap-1546\" class=\"aio-icon-box left-icon\" style=\"\"  ><div class=\"aio-icon-left\"><div class=\"ult-just-icon-wrapper  \"><div class=\"align-icon\" style=\"text-align:center;\">\n<div class=\"aio-icon-img \" style=\"font-size:45px;display:inline-block;\" >\n\t<img decoding=\"async\" class=\"img-icon\" alt=\"null\" src=\"https:\/\/www.wavetec.com\/wp-content\/uploads\/2021\/03\/Shape-17-copy-4.png\" title=\"\">\n<\/div><\/div><\/div><\/div><div class=\"aio-ibd-block\"><div class=\"aio-icon-description ult-responsive\"  data-ultimate-target='#Info-box-wrap-1546 .aio-icon-description'  data-responsive-json-new='{\"font-size\":\"\",\"line-height\":\"\"}'  style=\"font-family:&#039;Poppins&#039;;font-weight:300;color:#ffffff;\">Mayor confiabilidad<\/div> <!-- description --><\/div> <!-- aio-ibd-block --><\/div> <!-- aio-icon-box --><\/div> <!-- aio-icon-component --><div class=\"aio-icon-component  vc_custom_1631621630997   style_1\"><div id=\"Info-box-wrap-3272\" class=\"aio-icon-box left-icon\" style=\"\"  ><div class=\"aio-icon-left\"><div class=\"ult-just-icon-wrapper  \"><div class=\"align-icon\" style=\"text-align:center;\">\n<div class=\"aio-icon-img \" style=\"font-size:45px;display:inline-block;\" >\n\t<img decoding=\"async\" class=\"img-icon\" alt=\"null\" src=\"https:\/\/www.wavetec.com\/wp-content\/uploads\/2021\/03\/Shape-17-copy-4.png\" title=\"\">\n<\/div><\/div><\/div><\/div><div class=\"aio-ibd-block\"><div class=\"aio-icon-description ult-responsive\"  data-ultimate-target='#Info-box-wrap-3272 .aio-icon-description'  data-responsive-json-new='{\"font-size\":\"\",\"line-height\":\"\"}'  style=\"font-family:&#039;Poppins&#039;;font-weight:300;color:#ffffff;\">Dise\u00f1o de gabinete personalizado<\/div> <!-- description --><\/div> <!-- aio-ibd-block --><\/div> <!-- aio-icon-box --><\/div> <!-- aio-icon-component --><div class=\"aio-icon-component  vc_custom_1631621644918   style_1\"><div id=\"Info-box-wrap-4196\" class=\"aio-icon-box left-icon\" style=\"\"  ><div class=\"aio-icon-left\"><div class=\"ult-just-icon-wrapper  \"><div class=\"align-icon\" style=\"text-align:center;\">\n<div class=\"aio-icon-img \" style=\"font-size:45px;display:inline-block;\" >\n\t<img decoding=\"async\" class=\"img-icon\" alt=\"null\" src=\"https:\/\/www.wavetec.com\/wp-content\/uploads\/2021\/03\/Shape-17-copy-4.png\" title=\"\">\n<\/div><\/div><\/div><\/div><div class=\"aio-ibd-block\"><div class=\"aio-icon-description ult-responsive\"  data-ultimate-target='#Info-box-wrap-4196 .aio-icon-description'  data-responsive-json-new='{\"font-size\":\"\",\"line-height\":\"\"}'  style=\"font-family:&#039;Poppins&#039;;font-weight:300;color:#ffffff;\">Ingrese datos en cualquier lugar, en cualquier momento<\/div> <!-- description --><\/div> <!-- aio-ibd-block --><\/div> <!-- aio-icon-box --><\/div> <!-- aio-icon-component -->[\/vc_column_inner][vc_column_inner width=&#8221;1\/2&#8243;]<div class=\"aio-icon-component  vc_custom_1631621655665   style_1\"><div id=\"Info-box-wrap-1547\" class=\"aio-icon-box left-icon\" style=\"\"  ><div class=\"aio-icon-left\"><div class=\"ult-just-icon-wrapper  \"><div class=\"align-icon\" style=\"text-align:center;\">\n<div class=\"aio-icon-img \" style=\"font-size:45px;display:inline-block;\" >\n\t<img decoding=\"async\" class=\"img-icon\" alt=\"null\" src=\"https:\/\/www.wavetec.com\/wp-content\/uploads\/2021\/03\/Shape-17-copy-4.png\" title=\"\">\n<\/div><\/div><\/div><\/div><div class=\"aio-ibd-block\"><div class=\"aio-icon-description ult-responsive\"  data-ultimate-target='#Info-box-wrap-1547 .aio-icon-description'  data-responsive-json-new='{\"font-size\":\"\",\"line-height\":\"\"}'  style=\"font-family:&#039;Poppins&#039;;font-weight:300;color:#ffffff;\">Difusi\u00f3n de informaci\u00f3n en tiempo real<\/div> <!-- description --><\/div> <!-- aio-ibd-block --><\/div> <!-- aio-icon-box --><\/div> <!-- aio-icon-component --><div class=\"aio-icon-component  vc_custom_1631621666768   style_1\"><div id=\"Info-box-wrap-6364\" class=\"aio-icon-box left-icon\" style=\"\"  ><div class=\"aio-icon-left\"><div class=\"ult-just-icon-wrapper  \"><div class=\"align-icon\" style=\"text-align:center;\">\n<div class=\"aio-icon-img \" style=\"font-size:45px;display:inline-block;\" >\n\t<img decoding=\"async\" class=\"img-icon\" alt=\"null\" src=\"https:\/\/www.wavetec.com\/wp-content\/uploads\/2021\/03\/Shape-17-copy-4.png\" title=\"\">\n<\/div><\/div><\/div><\/div><div class=\"aio-ibd-block\"><div class=\"aio-icon-description ult-responsive\"  data-ultimate-target='#Info-box-wrap-6364 .aio-icon-description'  data-responsive-json-new='{\"font-size\":\"\",\"line-height\":\"\"}'  style=\"font-family:&#039;Poppins&#039;;font-weight:300;color:#ffffff;\">Desplazamiento suave de contenido<\/div> <!-- description --><\/div> <!-- aio-ibd-block --><\/div> <!-- aio-icon-box --><\/div> <!-- aio-icon-component -->[\/vc_column_inner][\/vc_row_inner][\/vc_column][vc_column width=&#8221;5\/12&#8243;][vc_single_image image=&#8221;27137&#8243; img_size=&#8221;full&#8221; css=&#8221;.vc_custom_1621418098993{margin-top: -10px !important;margin-bottom: 0px !important;}&#8221;][\/vc_column][\/vc_row][vc_row gap=&#8221;35&#8243; content_placement=&#8221;middle&#8221;][vc_column width=&#8221;1\/2&#8243;][vc_single_image image=&#8221;20763&#8243; img_size=&#8221;full&#8221; alignment=&#8221;center&#8221; css=&#8221;.vc_custom_1616964281066{margin-bottom: 0px !important;}&#8221;][\/vc_column][vc_column width=&#8221;1\/2&#8243;][vc_column_text]Los tickers de acciones y noticias de Wavetec permiten a las empresas mostrar datos de mercado en tiempo real, informaci\u00f3n patentada, titulares de noticias, mientras env\u00edan mensajes con la facilidad de un clic. Hoy en d\u00eda, las pantallas de cotizaciones son un elemento clave para que los mercados financieros se mantengan actualizados con las tendencias del mercado.<\/p>\n<p>Nuestra soluci\u00f3n de teletipo LED est\u00e1 respaldada por Donatello Suite, una aplicaci\u00f3n de servidor que facilita las integraciones con datos de intercambio de acciones y productos b\u00e1sicos para proyectar informaci\u00f3n en tiempo real como tipos de cambio, acciones, noticias y marcas espec\u00edficas de la empresa.[\/vc_column_text][\/vc_column][\/vc_row][vc_row css=&#8221;.vc_custom_1616745102998{margin-bottom: 40px !important;}&#8221;][vc_column][vc_column_text]<\/p>\n<h2 style=\"text-align: center;\">Otras soluciones<\/h2>\n<p style=\"text-align: center;\">Espere pantallas de medios enriquecidos, im\u00e1genes LED informativas e iniciativas tecnol\u00f3gicas orientadas a la orientaci\u00f3n del visitante que ocupan e informan a los clientes cuando llegan, mientras esperan, cuando se acercan al \u00e1rea de servicio y despu\u00e9s de haber sido atendidos: \u00a1el compa\u00f1ero de viaje visual completo!<\/p>\n<p>[\/vc_column_text][\/vc_column][vc_column width=&#8221;1\/2&#8243;]<div class=\"ult-new-ib ult-ib-effect-style10  ult-ib-resp  \" data-min-width=\"768\" data-max-width=\"900\" style=\"background:#116af0;\" data-opacity=\"1\" data-hover-opacity=\"0.3\" ><img decoding=\"async\" class=\"ult-new-ib-img\" style=\"opacity:1;\" alt=\"null\" src=\"https:\/\/www.wavetec.com\/wp-content\/uploads\/2021\/03\/Rounded-Rectangle-5-copy-2-1.png\" title=\"\"><div id=\"interactive-banner-wrap-3656\" class=\"ult-new-ib-desc\" style=\"\"><h3 class=\"ult-new-ib-title ult-responsive\"  data-ultimate-target='#interactive-banner-wrap-3656 .ult-new-ib-title'  data-responsive-json-new='{\"font-size\":\"desktop:30px;\",\"line-height\":\"\"}'  style=\"font-family:&#039;Poppins&#039;;font-weight:600;\">Muro de video de informaci\u00f3n<\/h3><div class=\"ult-new-ib-content ult-responsive\"  data-ultimate-target='#interactive-banner-wrap-3656 .ult-new-ib-content'  data-responsive-json-new='{\"font-size\":\"\",\"line-height\":\"\"}'  style=\"font-family:&#039;Poppins&#039;;font-weight:normal;\"><p>Wavetec ofrece soluciones de videowall que est\u00e1n dise\u00f1adas para cumplir con los requisitos de sostenibilidad tecnol\u00f3gica en entornos exigentes<\/p><\/div><\/div><a class=\"ult-new-ib-link\" href=\"\/es\/soluciones\/information-video-wall\/\" title=\"See More\"  ><\/a><\/div><script type=\"text\/javascript\">\n\t\t\t(function($){\n\t\t\t\t$(document).ready(function(){\n\t\t\t\t\t$(\".ult-new-ib\").css(\"opacity\",\"1\");\n\t\t\t\t});\n\t\t\t})(jQuery);\n\t\t\t<\/script>[\/vc_column][vc_column width=&#8221;1\/2&#8243;]<div class=\"ult-new-ib ult-ib-effect-style10  ult-ib-resp  \" data-min-width=\"768\" data-max-width=\"900\" style=\"background:#116af0;\" data-opacity=\"1\" data-hover-opacity=\"0.3\" ><img decoding=\"async\" class=\"ult-new-ib-img\" style=\"opacity:1;\" alt=\"null\" src=\"https:\/\/www.wavetec.com\/wp-content\/uploads\/2021\/03\/stockgame.png\" title=\"\"><div id=\"interactive-banner-wrap-2025\" class=\"ult-new-ib-desc\" style=\"\"><h3 class=\"ult-new-ib-title ult-responsive\"  data-ultimate-target='#interactive-banner-wrap-2025 .ult-new-ib-title'  data-responsive-json-new='{\"font-size\":\"desktop:30px;\",\"line-height\":\"\"}'  style=\"font-family:&#039;Poppins&#039;;font-weight:600;\">Stock Game<\/h3><div class=\"ult-new-ib-content ult-responsive\"  data-ultimate-target='#interactive-banner-wrap-2025 .ult-new-ib-content'  data-responsive-json-new='{\"font-size\":\"\",\"line-height\":\"\"}'  style=\"font-family:&#039;Poppins&#039;;font-weight:normal;\"><p>Stock Game es un juego de simulaci\u00f3n de mercado de valores virtual y educativo vinculado a un feed de bolsa de valores en vivo<\/p><\/div><\/div><a class=\"ult-new-ib-link\" href=\"\/es\/soluciones\/stock-game\/\" title=\"See More\"  ><\/a><\/div><script type=\"text\/javascript\">\n\t\t\t(function($){\n\t\t\t\t$(document).ready(function(){\n\t\t\t\t\t$(\".ult-new-ib\").css(\"opacity\",\"1\");\n\t\t\t\t});\n\t\t\t})(jQuery);\n\t\t\t<\/script>[\/vc_column][vc_column width=&#8221;1\/2&#8243; offset=&#8221;vc_col-lg-offset-3&#8243;]<div class=\"ult-new-ib ult-ib-effect-style10  ult-ib-resp  \" data-min-width=\"768\" data-max-width=\"900\" style=\"background:#116af0;\" data-opacity=\"1\" data-hover-opacity=\"0.3\" ><img decoding=\"async\" class=\"ult-new-ib-img\" style=\"opacity:1;\" alt=\"null\" src=\"https:\/\/www.wavetec.com\/wp-content\/uploads\/2021\/03\/Rounded-Rectangle-5-copy-6-1.png\" title=\"\"><div id=\"interactive-banner-wrap-5321\" class=\"ult-new-ib-desc\" style=\"\"><h3 class=\"ult-new-ib-title ult-responsive\"  data-ultimate-target='#interactive-banner-wrap-5321 .ult-new-ib-title'  data-responsive-json-new='{\"font-size\":\"desktop:30px;\",\"line-height\":\"\"}'  style=\"font-family:&#039;Poppins&#039;;font-weight:600;\">Sistema de visualizaci\u00f3n de informaci\u00f3n<\/h3><div class=\"ult-new-ib-content ult-responsive\"  data-ultimate-target='#interactive-banner-wrap-5321 .ult-new-ib-content'  data-responsive-json-new='{\"font-size\":\"\",\"line-height\":\"\"}'  style=\"font-family:&#039;Poppins&#039;;font-weight:normal;\"><p>Equipamos a nuestros clientes con la potente soluci\u00f3n Donatello Suite de alta calidad como un software de gesti\u00f3n de contenido capaz<\/p><\/div><\/div><a class=\"ult-new-ib-link\" href=\"\/es\/soluciones\/information-display-system\/\" title=\"See More\"  ><\/a><\/div><script type=\"text\/javascript\">\n\t\t\t(function($){\n\t\t\t\t$(document).ready(function(){\n\t\t\t\t\t$(\".ult-new-ib\").css(\"opacity\",\"1\");\n\t\t\t\t});\n\t\t\t})(jQuery);\n\t\t\t<\/script>[\/vc_column][\/vc_row][vc_row css=&#8221;.vc_custom_1616745066946{margin-top: 40px !important;}&#8221;][vc_column width=&#8221;1\/2&#8243;][vc_single_image image=&#8221;27114&#8243; img_size=&#8221;full&#8221; alignment=&#8221;center&#8221; css=&#8221;.vc_custom_1621416980845{margin-bottom: 0px !important;}&#8221;][\/vc_column][vc_column width=&#8221;1\/2&#8243;][vc_column_text]<\/p>\n<h2>Soluciones de pantalla LED<\/h2>\n<p>Wavetec ofrece una gama completa de soluciones de visualizaci\u00f3n que son ideales para publicidad, venta minorista y marcas. Las series HD, PRO y Prime son l\u00edneas de productos premium que ofrecen soluciones para aplicaciones de visualizaci\u00f3n LED para interiores y exteriores.[\/vc_column_text]<div class=\" ubtn-ctn-left icon-btn\"><a class=\"ubtn-link ult-adjust-bottom-margin ubtn-left ubtn-normal icon-btn\" href=\"\/es\/soluciones\/soluciones-de-led-display\/\" ><button type=\"button\" id=\"ubtn-1615\"  class=\"ubtn ult-adjust-bottom-margin ult-responsive ubtn-normal ubtn-no-hover-bg  none  ubtn-sep-icon ubtn-sep-icon-at-right  ubtn-left   tooltip-69f3e313e0084\"  data-hover=\"#ffffff\" data-border-color=\"\" data-bg=\"#116af0\" data-hover-bg=\"#324ecf\" data-border-hover=\"\" data-shadow-hover=\"\" data-shadow-click=\"none\" data-shadow=\"\" data-shd-shadow=\"\"  data-ultimate-target='#ubtn-1615'  data-responsive-json-new='{\"font-size\":\"desktop:18px;\",\"line-height\":\"\"}'  style=\"font-family:&#039;Poppins&#039;;font-weight:600;border-radius:5px;border-width:0px;border-color:;border-style:solid;background: #116af0;color: #ffffff;\"><span class=\"ubtn-data ubtn-icon\"><i class=\"Defaults-external-link\" style=\"font-size:32px;color:#ffffff;\"><\/i><\/span><span class=\"ubtn-hover\" style=\"background-color:#324ecf\"><\/span><span class=\"ubtn-data ubtn-text \" >For more details, click here<\/span><\/button><\/a><\/div>[\/vc_column][\/vc_row][vc_row css=&#8221;.vc_custom_1616745066946{margin-top: 40px !important;}&#8221;][vc_column width=&#8221;1\/2&#8243;][vc_column_text]<\/p>\n<h2>Descargue nuestro cat\u00e1logo de productos para obtener m\u00e1s informaci\u00f3n<\/h2>\n<p>Wavetec ofrece una gama completa de soluciones de visualizaci\u00f3n, ideales para publicidad, venta minorista y marcas. Las series HD, PRO y Prime son l\u00edneas de productos premium que ofrecen soluciones para aplicaciones de visualizaci\u00f3n LED para interiores y exteriores.[\/vc_column_text]<div class=\" ubtn-ctn-left icon-btn\"><a class=\"ubtn-link ult-adjust-bottom-margin ubtn-left ubtn-normal icon-btn\" href=\"https:\/\/info.wavetec.com\/financial-market-displays-brochure\" target=\"_blank\" rel=\"noopener\"><button type=\"button\" id=\"ubtn-7706\"  class=\"ubtn ult-adjust-bottom-margin ult-responsive ubtn-normal ubtn-no-hover-bg  none  ubtn-sep-icon ubtn-sep-icon-at-right  ubtn-left   tooltip-69f3e313e0136\"  data-hover=\"#ffffff\" data-border-color=\"\" data-bg=\"#116af0\" data-hover-bg=\"#324ecf\" data-border-hover=\"\" data-shadow-hover=\"\" data-shadow-click=\"none\" data-shadow=\"\" data-shd-shadow=\"\"  data-ultimate-target='#ubtn-7706'  data-responsive-json-new='{\"font-size\":\"desktop:18px;\",\"line-height\":\"\"}'  style=\"font-family:&#039;Poppins&#039;;font-weight:600;border-radius:5px;border-width:0px;border-color:;border-style:solid;background: #116af0;color: #ffffff;\"><span class=\"ubtn-data ubtn-icon\"><i class=\"Defaults-download\" style=\"font-size:32px;color:#ffffff;\"><\/i><\/span><span class=\"ubtn-hover\" style=\"background-color:#324ecf\"><\/span><span class=\"ubtn-data ubtn-text \" >Descargar folleto<\/span><\/button><\/a><\/div>[\/vc_column][vc_column width=&#8221;1\/2&#8243;][vc_single_image image=&#8221;20643&#8243; img_size=&#8221;full&#8221; alignment=&#8221;center&#8221; css=&#8221;.vc_custom_1616743413414{margin-bottom: 0px !important;}&#8221;][\/vc_column][\/vc_row][vc_row][vc_column]<div class=\"templatera_shortcode\"><\/div>[\/vc_column][\/vc_row][vc_row content_placement=&#8221;middle&#8221; bg_type=&#8221;image&#8221; parallax_style=&#8221;vcpb-default&#8221; bg_image_new=&#8221;id^16314|url^https:\/\/www.wavetec.com\/wp-content\/uploads\/2020\/11\/vector-circle-1.png|caption^null|alt^null|title^vector-circle|description^null&#8221; bg_image_repeat=&#8221;no-repeat&#8221; bg_image_size=&#8221;initial&#8221; bg_image_posiiton=&#8221;right bottom&#8221; bg_override=&#8221;full&#8221;][vc_column width=&#8221;5\/12&#8243;][vc_column_text]<\/p>\n<h2>Wavetec Blog<\/h2>\n<p>A nivel mundial, m\u00e1s de 2 millones de personas pasan por nuestras soluciones de experiencia del cliente a diario.[\/vc_column_text]<div class=\" ubtn-ctn-left \"><a class=\"ubtn-link ult-adjust-bottom-margin ubtn-left ubtn-normal \" href=\"https:\/\/blog.wavetec.com\/es\" target=\"_blank\" rel=\"noopener\"><button type=\"button\" id=\"ubtn-7151\"  class=\"ubtn ult-adjust-bottom-margin ult-responsive ubtn-normal ubtn-no-hover-bg  none  ubtn-left   tooltip-69f3e313e119f\"  data-hover=\"#ffffff\" data-border-color=\"\" data-bg=\"#ff8630\" data-hover-bg=\"#324ecf\" data-border-hover=\"\" data-shadow-hover=\"\" data-shadow-click=\"none\" data-shadow=\"\" data-shd-shadow=\"\"  data-ultimate-target='#ubtn-7151'  data-responsive-json-new='{\"font-size\":\"desktop:18px;\",\"line-height\":\"\"}'  style=\"font-family:&#039;Poppins&#039;;font-weight:600;border-radius:5px;border-width:0px;border-color:;border-style:solid;background: #ff8630;color: #ffffff;\"><span class=\"ubtn-hover\" style=\"background-color:#324ecf\"><\/span><span class=\"ubtn-data ubtn-text \" >Explora m\u00e1s<\/span><\/button><\/a><\/div>[\/vc_column][vc_column width=&#8221;1\/2&#8243; offset=&#8221;vc_col-lg-offset-1 vc_hidden-lg vc_hidden-md vc_hidden-sm vc_hidden-xs&#8221;][vc_column_text]<span style=\"color: #00cef8;\"><a style=\"color: #00cef8;\" href=\"#\">Banorte installs Wavetec\u2019s Customer Flow Management Solution<\/a><\/span><\/p>\n<p><span style=\"color: #00cef8;\"><a style=\"color: #00cef8;\" href=\"#\">Banorte installs Wavetec\u2019s Customer Flow Management Solution<\/a><\/span><\/p>\n<p><span style=\"color: #00cef8;\"><a style=\"color: #00cef8;\" href=\"#\">Banorte installs Wavetec\u2019s Customer Flow Management Solution<\/a><\/span><\/p>\n<p><span style=\"color: #00cef8;\"><a style=\"color: #00cef8;\" href=\"#\">Banorte installs Wavetec\u2019s Customer Flow Management Solution<\/a><\/span>[\/vc_column_text][\/vc_column][\/vc_row]<\/p>\n","protected":false},"excerpt":{"rendered":"","protected":false},"author":1,"featured_media":20775,"parent":2475,"menu_order":0,"comment_status":"closed","ping_status":"open","template":"","meta":{"content-type":"","footnotes":""},"class_list":["post-2505","page","type-page","status-publish","has-post-thumbnail","hentry"],"acf":[],"_links":{"self":[{"href":"https:\/\/www.wavetec.com\/es\/wp-json\/wp\/v2\/pages\/2505","targetHints":{"allow":["GET"]}}],"collection":[{"href":"https:\/\/www.wavetec.com\/es\/wp-json\/wp\/v2\/pages"}],"about":[{"href":"https:\/\/www.wavetec.com\/es\/wp-json\/wp\/v2\/types\/page"}],"author":[{"embeddable":true,"href":"https:\/\/www.wavetec.com\/es\/wp-json\/wp\/v2\/users\/1"}],"replies":[{"embeddable":true,"href":"https:\/\/www.wavetec.com\/es\/wp-json\/wp\/v2\/comments?post=2505"}],"version-history":[{"count":2,"href":"https:\/\/www.wavetec.com\/es\/wp-json\/wp\/v2\/pages\/2505\/revisions"}],"predecessor-version":[{"id":64415,"href":"https:\/\/www.wavetec.com\/es\/wp-json\/wp\/v2\/pages\/2505\/revisions\/64415"}],"up":[{"embeddable":true,"href":"https:\/\/www.wavetec.com\/es\/wp-json\/wp\/v2\/pages\/2475"}],"wp:featuredmedia":[{"embeddable":true,"href":"https:\/\/www.wavetec.com\/es\/wp-json\/wp\/v2\/media\/20775"}],"wp:attachment":[{"href":"https:\/\/www.wavetec.com\/es\/wp-json\/wp\/v2\/media?parent=2505"}],"curies":[{"name":"wp","href":"https:\/\/api.w.org\/{rel}","templated":true}]}}