{"id":2502,"date":"2015-05-04T11:35:27","date_gmt":"2015-05-04T11:35:27","guid":{"rendered":"https:\/\/test.wavetec.com\/?page_id=2502"},"modified":"2015-05-19T08:26:00","modified_gmt":"2015-05-19T08:26:00","slug":"diseno-de-areas-de-servicio","status":"publish","type":"page","link":"https:\/\/www.wavetec.com\/es\/soluciones\/diseno-de-areas-de-servicio\/","title":{"rendered":"Dise\u00f1o de \u00c1reas de Servicio"},"content":{"rendered":"<p>[vc_row][vc_column width=&#8221;1\/1&#8243;]<div class=\"fancy_heading fancy_heading_line\"><h2 class=\"title\">Encuentra m\u00e1s soluciones para su industria<\/h2><\/div>\n[vc_empty_space height=&#8221;5px&#8221;][\/vc_column][\/vc_row][vc_row][vc_column width=&#8221;1\/4&#8243;]<div class=\"ult-new-ib ult-ib-effect-style5   \"  style=\"background:#2daf73;\" data-opacity=\"1\" data-hover-opacity=\"0\" ><img decoding=\"async\" class=\"ult-new-ib-img\" style=\"opacity:1;\" alt=\"\" src=\"https:\/\/www.wavetec.com\/wp-content\/uploads\/2015\/01\/airport-and-airlines1.jpg\" title=\"\"><div id=\"interactive-banner-wrap-5522\" class=\"ult-new-ib-desc\" style=\"background:rgba(0,0,0,0.7);\"><h2 class=\"ult-new-ib-title ult-responsive\"  data-ultimate-target='#interactive-banner-wrap-5522 .ult-new-ib-title'  data-responsive-json-new='{\"font-size\":\"\",\"line-height\":\"\"}'  style=\"font-weight:normal;color:#ffffff;\">AEROPUERTOS Y AEROL\u00cdNEAS<\/h2><div class=\"ult-new-ib-content ult-responsive\"  data-ultimate-target='#interactive-banner-wrap-5522 .ult-new-ib-content'  data-responsive-json-new='{\"font-size\":\"\",\"line-height\":\"\"}'  style=\"font-weight:normal;\"><p>Dise\u00f1amos y creamos experiencias eficientes de los pasajeros.<\/p><\/div><\/div><a class=\"ult-new-ib-link\" href=\"\/es\/industrias\/aeropuertos-y-aerolineas\/\" title=\"Airports and Airlines\"  ><\/a><\/div><script type=\"text\/javascript\">\n\t\t\t(function($){\n\t\t\t\t$(document).ready(function(){\n\t\t\t\t\t$(\".ult-new-ib\").css(\"opacity\",\"1\");\n\t\t\t\t});\n\t\t\t})(jQuery);\n\t\t\t<\/script><div class=\"ult-new-ib ult-ib-effect-style5   \"  style=\"background:#21adbe;\" data-opacity=\"1\" data-hover-opacity=\"0\" ><img decoding=\"async\" class=\"ult-new-ib-img\" style=\"opacity:1;\" alt=\"\" src=\"https:\/\/www.wavetec.com\/wp-content\/uploads\/2015\/01\/healthcare2.jpg\" title=\"\"><div id=\"interactive-banner-wrap-1204\" class=\"ult-new-ib-desc\" style=\"background:rgba(0,0,0,0.7);\"><h2 class=\"ult-new-ib-title ult-responsive\"  data-ultimate-target='#interactive-banner-wrap-1204 .ult-new-ib-title'  data-responsive-json-new='{\"font-size\":\"\",\"line-height\":\"\"}'  style=\"font-weight:normal;color:#ffffff;\">SALUD<\/h2><div class=\"ult-new-ib-content ult-responsive\"  data-ultimate-target='#interactive-banner-wrap-1204 .ult-new-ib-content'  data-responsive-json-new='{\"font-size\":\"\",\"line-height\":\"\"}'  style=\"font-weight:normal;\"><p>Ayudando a su organizaci\u00f3n a brindar una mejor atenci\u00f3n.<\/p><\/div><\/div><a class=\"ult-new-ib-link\" href=\"\/es\/industrias\/aeropuertos-y-aerolineas\/\" title=\"Healthcare\"  ><\/a><\/div><script type=\"text\/javascript\">\n\t\t\t(function($){\n\t\t\t\t$(document).ready(function(){\n\t\t\t\t\t$(\".ult-new-ib\").css(\"opacity\",\"1\");\n\t\t\t\t});\n\t\t\t})(jQuery);\n\t\t\t<\/script>[\/vc_column][vc_column width=&#8221;1\/4&#8243;]<div class=\"ult-new-ib ult-ib-effect-style5   \"  style=\"background:#1c6bb8;\" data-opacity=\"1\" data-hover-opacity=\"0\" ><img decoding=\"async\" class=\"ult-new-ib-img\" style=\"opacity:1;\" alt=\"\" src=\"https:\/\/www.wavetec.com\/wp-content\/uploads\/2015\/01\/banking.jpg\" title=\"\"><div id=\"interactive-banner-wrap-8426\" class=\"ult-new-ib-desc\" style=\"background:rgba(0,0,0,0.7);\"><h2 class=\"ult-new-ib-title ult-responsive\"  data-ultimate-target='#interactive-banner-wrap-8426 .ult-new-ib-title'  data-responsive-json-new='{\"font-size\":\"\",\"line-height\":\"\"}'  style=\"font-weight:normal;color:#ffffff;\">BANCA<\/h2><div class=\"ult-new-ib-content ult-responsive\"  data-ultimate-target='#interactive-banner-wrap-8426 .ult-new-ib-content'  data-responsive-json-new='{\"font-size\":\"\",\"line-height\":\"\"}'  style=\"font-weight:normal;\"><p>Nuestras soluciones transforman las operaciones bancarias.<\/p><\/div><\/div><a class=\"ult-new-ib-link\" href=\"\/es\/industrias\/bancos\/\" title=\"Banking\"  ><\/a><\/div><script type=\"text\/javascript\">\n\t\t\t(function($){\n\t\t\t\t$(document).ready(function(){\n\t\t\t\t\t$(\".ult-new-ib\").css(\"opacity\",\"1\");\n\t\t\t\t});\n\t\t\t})(jQuery);\n\t\t\t<\/script><div class=\"ult-new-ib ult-ib-effect-style5   \"  style=\"background:#e64147;\" data-opacity=\"1\" data-hover-opacity=\"0\" ><img decoding=\"async\" class=\"ult-new-ib-img\" style=\"opacity:1;\" alt=\"\" src=\"https:\/\/www.wavetec.com\/wp-content\/uploads\/2015\/01\/Telcom.jpg\" title=\"\"><div id=\"interactive-banner-wrap-6910\" class=\"ult-new-ib-desc\" style=\"background:rgba(0,0,0,0.7);\"><h2 class=\"ult-new-ib-title ult-responsive\"  data-ultimate-target='#interactive-banner-wrap-6910 .ult-new-ib-title'  data-responsive-json-new='{\"font-size\":\"\",\"line-height\":\"\"}'  style=\"font-weight:normal;color:#ffffff;\">TELECOMUNICACIONES<\/h2><div class=\"ult-new-ib-content ult-responsive\"  data-ultimate-target='#interactive-banner-wrap-6910 .ult-new-ib-content'  data-responsive-json-new='{\"font-size\":\"\",\"line-height\":\"\"}'  style=\"font-weight:normal;\"><p>Ayudando a optimizar \u00e1reas de servicio del sector retail.<\/p><\/div><\/div><a class=\"ult-new-ib-link\" href=\"\/es\/industrias\/telecomunicaciones\/\" title=\"Telecom\"  ><\/a><\/div><script type=\"text\/javascript\">\n\t\t\t(function($){\n\t\t\t\t$(document).ready(function(){\n\t\t\t\t\t$(\".ult-new-ib\").css(\"opacity\",\"1\");\n\t\t\t\t});\n\t\t\t})(jQuery);\n\t\t\t<\/script>[\/vc_column][vc_column width=&#8221;1\/4&#8243;]<div class=\"ult-new-ib ult-ib-effect-style5   \"  style=\"background:#a7a8aa;\" data-opacity=\"1\" data-hover-opacity=\"0\" ><img decoding=\"async\" class=\"ult-new-ib-img\" style=\"opacity:1;\" alt=\"\" src=\"https:\/\/www.wavetec.com\/wp-content\/uploads\/2015\/01\/education2.jpg\" title=\"\"><div id=\"interactive-banner-wrap-4179\" class=\"ult-new-ib-desc\" style=\"background:rgba(0,0,0,0.7);\"><h2 class=\"ult-new-ib-title ult-responsive\"  data-ultimate-target='#interactive-banner-wrap-4179 .ult-new-ib-title'  data-responsive-json-new='{\"font-size\":\"\",\"line-height\":\"\"}'  style=\"font-weight:normal;color:#ffffff;\">EDUCACI\u00d3N<\/h2><div class=\"ult-new-ib-content ult-responsive\"  data-ultimate-target='#interactive-banner-wrap-4179 .ult-new-ib-content'  data-responsive-json-new='{\"font-size\":\"\",\"line-height\":\"\"}'  style=\"font-weight:normal;\"><p>Soluciones tecnol\u00f3gicas inteligentes para la industria de la educaci\u00f3n.<\/p><\/div><\/div><a class=\"ult-new-ib-link\" href=\"\/es\/industrias\/educacion\/\" title=\"Education\"  ><\/a><\/div><script type=\"text\/javascript\">\n\t\t\t(function($){\n\t\t\t\t$(document).ready(function(){\n\t\t\t\t\t$(\".ult-new-ib\").css(\"opacity\",\"1\");\n\t\t\t\t});\n\t\t\t})(jQuery);\n\t\t\t<\/script><div class=\"ult-new-ib ult-ib-effect-style5   \"  style=\"background:#afbe27;\" data-opacity=\"1\" data-hover-opacity=\"0\" ><img decoding=\"async\" class=\"ult-new-ib-img\" style=\"opacity:1;\" alt=\"\" src=\"https:\/\/www.wavetec.com\/wp-content\/uploads\/2015\/01\/Stock-Exchange.jpg\" title=\"\"><div id=\"interactive-banner-wrap-3813\" class=\"ult-new-ib-desc\" style=\"background:rgba(0,0,0,0.7);\"><h2 class=\"ult-new-ib-title ult-responsive\"  data-ultimate-target='#interactive-banner-wrap-3813 .ult-new-ib-title'  data-responsive-json-new='{\"font-size\":\"\",\"line-height\":\"\"}'  style=\"font-weight:normal;color:#ffffff;\">BOLSAS DE VALORES<\/h2><div class=\"ult-new-ib-content ult-responsive\"  data-ultimate-target='#interactive-banner-wrap-3813 .ult-new-ib-content'  data-responsive-json-new='{\"font-size\":\"\",\"line-height\":\"\"}'  style=\"font-weight:normal;\"><p>Prop\u00f3sito construido en soluciones LED Displays para diseminaci\u00f3n de la informaci\u00f3n.<\/p><\/div><\/div><a class=\"ult-new-ib-link\" href=\"\/es\/industrias\/bolsa-de-valores\/\" title=\"Stock Exchange\"  ><\/a><\/div><script type=\"text\/javascript\">\n\t\t\t(function($){\n\t\t\t\t$(document).ready(function(){\n\t\t\t\t\t$(\".ult-new-ib\").css(\"opacity\",\"1\");\n\t\t\t\t});\n\t\t\t})(jQuery);\n\t\t\t<\/script>[\/vc_column][vc_column width=&#8221;1\/4&#8243;]<div class=\"ult-new-ib ult-ib-effect-style5   \"  style=\"background:#26a5dc;\" data-opacity=\"1\" data-hover-opacity=\"0\" ><img decoding=\"async\" class=\"ult-new-ib-img\" style=\"opacity:1;\" alt=\"\" src=\"https:\/\/www.wavetec.com\/wp-content\/uploads\/2015\/01\/government2.jpg\" title=\"\"><div id=\"interactive-banner-wrap-9539\" class=\"ult-new-ib-desc\" style=\"background:rgba(0,0,0,0.7);\"><h2 class=\"ult-new-ib-title ult-responsive\"  data-ultimate-target='#interactive-banner-wrap-9539 .ult-new-ib-title'  data-responsive-json-new='{\"font-size\":\"\",\"line-height\":\"\"}'  style=\"font-weight:normal;color:#ffffff;\">GOBIERNO<\/h2><div class=\"ult-new-ib-content ult-responsive\"  data-ultimate-target='#interactive-banner-wrap-9539 .ult-new-ib-content'  data-responsive-json-new='{\"font-size\":\"\",\"line-height\":\"\"}'  style=\"font-weight:normal;\"><p>Transformando \u00e1reas de servicio del Sector P\u00fablico para un mejor engagement del usuario.<\/p><\/div><\/div><a class=\"ult-new-ib-link\" href=\"\/es\/industrias\/sector-publico\/\" title=\"Government\"  ><\/a><\/div><script type=\"text\/javascript\">\n\t\t\t(function($){\n\t\t\t\t$(document).ready(function(){\n\t\t\t\t\t$(\".ult-new-ib\").css(\"opacity\",\"1\");\n\t\t\t\t});\n\t\t\t})(jQuery);\n\t\t\t<\/script><div class=\"ult-new-ib ult-ib-effect-style5   \"  style=\"background:#d47616;\" data-opacity=\"1\" data-hover-opacity=\"0\" ><img decoding=\"async\" class=\"ult-new-ib-img\" style=\"opacity:1;\" alt=\"\" src=\"https:\/\/www.wavetec.com\/wp-content\/uploads\/2015\/01\/retail1.jpg\" title=\"\"><div id=\"interactive-banner-wrap-8688\" class=\"ult-new-ib-desc\" style=\"background:rgba(0,0,0,0.7);\"><h2 class=\"ult-new-ib-title ult-responsive\"  data-ultimate-target='#interactive-banner-wrap-8688 .ult-new-ib-title'  data-responsive-json-new='{\"font-size\":\"\",\"line-height\":\"\"}'  style=\"font-weight:normal;color:#ffffff;\">RETAIL <\/h2><div class=\"ult-new-ib-content ult-responsive\"  data-ultimate-target='#interactive-banner-wrap-8688 .ult-new-ib-content'  data-responsive-json-new='{\"font-size\":\"\",\"line-height\":\"\"}'  style=\"font-weight:normal;\"><p>Ayudando a minoristas a conectarlos en cada paso con sus clientes.<\/p><\/div><\/div><a class=\"ult-new-ib-link\" href=\"\/es\/industrias\/retail\/\" title=\"Retail\"  ><\/a><\/div><script type=\"text\/javascript\">\n\t\t\t(function($){\n\t\t\t\t$(document).ready(function(){\n\t\t\t\t\t$(\".ult-new-ib\").css(\"opacity\",\"1\");\n\t\t\t\t});\n\t\t\t})(jQuery);\n\t\t\t<\/script>[\/vc_column][\/vc_row]<\/p>\n","protected":false},"excerpt":{"rendered":"<p>[vc_row][vc_column width=&#8221;1\/1&#8243;][vc_empty_space height=&#8221;5px&#8221;][\/vc_column][\/vc_row][vc_row][vc_column width=&#8221;1\/4&#8243;][\/vc_column][vc_column width=&#8221;1\/4&#8243;][\/vc_column][vc_column width=&#8221;1\/4&#8243;][\/vc_column][vc_column width=&#8221;1\/4&#8243;][\/vc_column][\/vc_row]<\/p>\n","protected":false},"author":1,"featured_media":1567,"parent":2475,"menu_order":0,"comment_status":"open","ping_status":"open","template":"","meta":{"content-type":"","footnotes":""},"class_list":["post-2502","page","type-page","status-publish","has-post-thumbnail","hentry"],"acf":[],"_links":{"self":[{"href":"https:\/\/www.wavetec.com\/es\/wp-json\/wp\/v2\/pages\/2502","targetHints":{"allow":["GET"]}}],"collection":[{"href":"https:\/\/www.wavetec.com\/es\/wp-json\/wp\/v2\/pages"}],"about":[{"href":"https:\/\/www.wavetec.com\/es\/wp-json\/wp\/v2\/types\/page"}],"author":[{"embeddable":true,"href":"https:\/\/www.wavetec.com\/es\/wp-json\/wp\/v2\/users\/1"}],"replies":[{"embeddable":true,"href":"https:\/\/www.wavetec.com\/es\/wp-json\/wp\/v2\/comments?post=2502"}],"version-history":[{"count":0,"href":"https:\/\/www.wavetec.com\/es\/wp-json\/wp\/v2\/pages\/2502\/revisions"}],"up":[{"embeddable":true,"href":"https:\/\/www.wavetec.com\/es\/wp-json\/wp\/v2\/pages\/2475"}],"wp:featuredmedia":[{"embeddable":true,"href":"https:\/\/www.wavetec.com\/es\/wp-json\/wp\/v2\/media\/1567"}],"wp:attachment":[{"href":"https:\/\/www.wavetec.com\/es\/wp-json\/wp\/v2\/media?parent=2502"}],"curies":[{"name":"wp","href":"https:\/\/api.w.org\/{rel}","templated":true}]}}