{"id":2485,"date":"2015-05-04T07:35:49","date_gmt":"2015-05-04T07:35:49","guid":{"rendered":"https:\/\/test.wavetec.com\/?page_id=2485"},"modified":"2023-07-25T05:41:04","modified_gmt":"2023-07-25T05:41:04","slug":"pantallas-para-el-sector-financiero","status":"publish","type":"page","link":"https:\/\/www.wavetec.com\/es\/soluciones\/pantallas-para-el-sector-financiero\/","title":{"rendered":"Mercado financiero Muestra"},"content":{"rendered":"<p>[vc_row content_placement=&#8221;middle&#8221;][vc_column width=&#8221;1\/2&#8243;][vc_column_text css=&#8221;.vc_custom_1626261360151{margin-bottom: 20px !important;}&#8221;][flexy_breadcrumb][\/vc_column_text][vc_column_text]<\/p>\n<h1>L\u00edderes en el mercado financiero<\/h1>\n<p><strong>Implementado en m\u00e1s de 30 bolsas de valores en todo el mundo<\/strong><\/p>\n<p>Al ser una empresa especializada en mercados de valores, Wavetec tiene una amplia experiencia y soluciones de gran alcance para atender a una gran cantidad de instituciones financieras para ayudarlas a renovar su perspectiva y redefinir la forma en que presentan la informaci\u00f3n financiera a sus clientes.[\/vc_column_text]<div class=\" ubtn-ctn-left \"><a class=\"ubtn-link ult-adjust-bottom-margin ubtn-left ubtn-normal \" href=\"https:\/\/info.wavetec.com\/es\/agenda-una-demostraci%C3%B3n-gratuita-hoy-gratis\" target=\"_blank\" rel=\"noopener\"><button type=\"button\" id=\"ubtn-7082\"  class=\"ubtn ult-adjust-bottom-margin ult-responsive ubtn-normal ubtn-no-hover-bg  none  ubtn-left   tooltip-6a09274fb5f3f\"  data-hover=\"#ffffff\" data-border-color=\"#ffffff\" data-bg=\"#ff8630\" data-hover-bg=\"#324ecf\" data-border-hover=\"#324ecf\" data-shadow-hover=\"\" data-shadow-click=\"none\" data-shadow=\"\" data-shd-shadow=\"\"  data-ultimate-target='#ubtn-7082'  data-responsive-json-new='{\"font-size\":\"desktop:18px;mobile:13px;\",\"line-height\":\"\"}'  style=\"font-family:&#039;Poppins&#039;;font-weight:600;border-radius:5px;border-width:2px;border-color:#ffffff;border-style:solid;background: #ff8630;color: #ffffff;\"><span class=\"ubtn-hover\" style=\"background-color:#324ecf\"><\/span><span class=\"ubtn-data ubtn-text \" >obtenga una demostraci\u00f3n<\/span><\/button><\/a><\/div>[vc_single_image image=&#8221;28182&#8243; img_size=&#8221;full&#8221;][\/vc_column][vc_column width=&#8221;1\/2&#8243;][vc_single_image image=&#8221;27040&#8243; img_size=&#8221;full&#8221; alignment=&#8221;center&#8221;][\/vc_column][\/vc_row][vc_row bg_type=&#8221;bg_color&#8221; bg_override=&#8221;full&#8221; css=&#8221;.vc_custom_1616743579057{margin-bottom: 80px !important;}&#8221; bg_color_value=&#8221;#f5fbff&#8221;][vc_column][vc_column_text]<\/p>\n<h2 style=\"text-align: center;\">Pantallas financieras de alta gama<\/h2>\n<p style=\"text-align: center;\">L\u00edder mundial inigualable de indicadores burs\u00e1tiles y pantallas financieras<\/p>\n<p>[\/vc_column_text][vc_single_image image=&#8221;27087&#8243; img_size=&#8221;full&#8221; alignment=&#8221;center&#8221; css=&#8221;.vc_custom_1621953495601{margin-bottom: 0px !important;}&#8221; el_class=&#8221;watch&#8221;][vc_column_text]<\/p>\n<p style=\"text-align: center;\">El acceso a informaci\u00f3n en tiempo real se ha convertido en una necesidad en la industria financiera actual, ya que ayuda en la toma de decisiones oportuna. Tener pantallas de video confiables y tickers financieros integrados con el almacenamiento central de datos de back-end es importante para garantizar la transparencia de la difusi\u00f3n de datos financieros y mantener las actividades comerciales. Las exhibiciones de los mercados financieros, tanto en interiores como en exteriores, agregan un valor adicional al promover las instalaciones disponibles para el p\u00fablico en general y las instituciones en general.<\/p>\n<p>[\/vc_column_text][vc_row_inner][vc_column_inner width=&#8221;1\/4&#8243;]<div class=\"aio-icon-component    style_1\"><div id=\"Info-box-wrap-3174\" class=\"aio-icon-box top-icon\" style=\"\"  ><div class=\"aio-icon-top\"><div class=\"ult-just-icon-wrapper  \"><div class=\"align-icon\" style=\"text-align:center;\">\n<div class=\"aio-icon-img \" style=\"font-size:95px;display:inline-block;\" >\n\t<img decoding=\"async\" class=\"img-icon\" alt=\"null\" src=\"https:\/\/www.wavetec.com\/wp-content\/uploads\/2021\/03\/Shape-18.png\" title=\"\">\n<\/div><\/div><\/div><\/div><div class=\"aio-icon-header\" ><h3 class=\"aio-icon-title ult-responsive\"  data-ultimate-target='#Info-box-wrap-3174 .aio-icon-title'  data-responsive-json-new='{\"font-size\":\"desktop:20px;\",\"line-height\":\"\"}'  style=\"\">Difundir datos financieros de forma eficaz<\/h3><\/div> <!-- header --><\/div> <!-- aio-icon-box --><\/div> <!-- aio-icon-component -->[\/vc_column_inner][vc_column_inner width=&#8221;1\/4&#8243;]<div class=\"aio-icon-component    style_1\"><div id=\"Info-box-wrap-5927\" class=\"aio-icon-box top-icon\" style=\"\"  ><div class=\"aio-icon-top\"><div class=\"ult-just-icon-wrapper  \"><div class=\"align-icon\" style=\"text-align:center;\">\n<div class=\"aio-icon-img \" style=\"font-size:95px;display:inline-block;\" >\n\t<img decoding=\"async\" class=\"img-icon\" alt=\"null\" src=\"https:\/\/www.wavetec.com\/wp-content\/uploads\/2021\/05\/Shape-19.png\" title=\"\">\n<\/div><\/div><\/div><\/div><div class=\"aio-icon-header\" ><h3 class=\"aio-icon-title ult-responsive\"  data-ultimate-target='#Info-box-wrap-5927 .aio-icon-title'  data-responsive-json-new='{\"font-size\":\"desktop:20px;\",\"line-height\":\"\"}'  style=\"\">Crea conciencia de marca<\/h3><\/div> <!-- header --><\/div> <!-- aio-icon-box --><\/div> <!-- aio-icon-component -->[\/vc_column_inner][vc_column_inner width=&#8221;1\/4&#8243;]<div class=\"aio-icon-component    style_1\"><div id=\"Info-box-wrap-7805\" class=\"aio-icon-box top-icon\" style=\"\"  ><div class=\"aio-icon-top\"><div class=\"ult-just-icon-wrapper  \"><div class=\"align-icon\" style=\"text-align:center;\">\n<div class=\"aio-icon-img \" style=\"font-size:113px;display:inline-block;\" >\n\t<img decoding=\"async\" class=\"img-icon\" alt=\"null\" src=\"https:\/\/www.wavetec.com\/wp-content\/uploads\/2021\/05\/dasda.png\" title=\"\">\n<\/div><\/div><\/div><\/div><div class=\"aio-icon-header\" ><h3 class=\"aio-icon-title ult-responsive\"  data-ultimate-target='#Info-box-wrap-7805 .aio-icon-title'  data-responsive-json-new='{\"font-size\":\"desktop:20px;\",\"line-height\":\"\"}'  style=\"\">Comunicar noticias en tiempo real<\/h3><\/div> <!-- header --><\/div> <!-- aio-icon-box --><\/div> <!-- aio-icon-component -->[\/vc_column_inner][vc_column_inner width=&#8221;1\/4&#8243;]<div class=\"aio-icon-component    style_1\"><div id=\"Info-box-wrap-1702\" class=\"aio-icon-box top-icon\" style=\"\"  ><div class=\"aio-icon-top\"><div class=\"ult-just-icon-wrapper  \"><div class=\"align-icon\" style=\"text-align:center;\">\n<div class=\"aio-icon-img \" style=\"font-size:95px;display:inline-block;\" >\n\t<img decoding=\"async\" class=\"img-icon\" alt=\"null\" src=\"https:\/\/www.wavetec.com\/wp-content\/uploads\/2021\/03\/Shape-21.png\" title=\"\">\n<\/div><\/div><\/div><\/div><div class=\"aio-icon-header\" ><h3 class=\"aio-icon-title ult-responsive\"  data-ultimate-target='#Info-box-wrap-1702 .aio-icon-title'  data-responsive-json-new='{\"font-size\":\"desktop:20px;\",\"line-height\":\"\"}'  style=\"\">Diversificar las fuentes de ingresos<\/h3><\/div> <!-- header --><\/div> <!-- aio-icon-box --><\/div> <!-- aio-icon-component -->[\/vc_column_inner][\/vc_row_inner][\/vc_column][\/vc_row][vc_row css=&#8221;.vc_custom_1616745102998{margin-bottom: 40px !important;}&#8221;][vc_column][vc_column_text]<\/p>\n<h2 style=\"text-align: center;\">Pantallas del mercado financiero<\/h2>\n<p style=\"text-align: center;\">Espere pantallas de medios enriquecidos, im\u00e1genes LED informativas e iniciativas tecnol\u00f3gicas orientadas a la orientaci\u00f3n del visitante que ocupan e informan a los clientes cuando llegan, mientras esperan, cuando se acercan al \u00e1rea de servicio y despu\u00e9s de haber sido atendidos.<\/p>\n<p>[\/vc_column_text][\/vc_column][vc_column width=&#8221;1\/2&#8243;]<div class=\"ult-new-ib ult-ib-effect-style10  ult-ib-resp  \" data-min-width=\"768\" data-max-width=\"900\" style=\"background:#116af0;\" data-opacity=\"1\" data-hover-opacity=\"0.3\" ><img decoding=\"async\" class=\"ult-new-ib-img\" style=\"opacity:1;\" alt=\"null\" src=\"https:\/\/www.wavetec.com\/wp-content\/uploads\/2021\/03\/Rounded-Rectangle-5-copy-2-1.png\" title=\"\"><div id=\"interactive-banner-wrap-1793\" class=\"ult-new-ib-desc\" style=\"\"><h3 class=\"ult-new-ib-title ult-responsive\"  data-ultimate-target='#interactive-banner-wrap-1793 .ult-new-ib-title'  data-responsive-json-new='{\"font-size\":\"desktop:30px;mobile:24px;\",\"line-height\":\"mobile:27px;\"}'  style=\"font-family:&#039;Poppins&#039;;font-weight:600;\">Videwall de informaci\u00f3n financiera<\/h3><div class=\"ult-new-ib-content ult-responsive\"  data-ultimate-target='#interactive-banner-wrap-1793 .ult-new-ib-content'  data-responsive-json-new='{\"font-size\":\"\",\"line-height\":\"\"}'  style=\"font-family:&#039;Poppins&#039;;font-weight:normal;\"><p>Wavetec ofrece soluciones de videowall que est\u00e1n dise\u00f1adas para cumplir con los requisitos de sostenibilidad tecnol\u00f3gica en entornos exigentes<\/p><\/div><\/div><a class=\"ult-new-ib-link\" href=\"\/es\/soluciones\/information-video-wall\/\" title=\"See More\"  ><\/a><\/div><script type=\"text\/javascript\">\n\t\t\t(function($){\n\t\t\t\t$(document).ready(function(){\n\t\t\t\t\t$(\".ult-new-ib\").css(\"opacity\",\"1\");\n\t\t\t\t});\n\t\t\t})(jQuery);\n\t\t\t<\/script>[\/vc_column][vc_column width=&#8221;1\/2&#8243;]<div class=\"ult-new-ib ult-ib-effect-style10  ult-ib-resp  \" data-min-width=\"768\" data-max-width=\"900\" style=\"background:#116af0;\" data-opacity=\"1\" data-hover-opacity=\"0.3\" ><img decoding=\"async\" class=\"ult-new-ib-img\" style=\"opacity:1;\" alt=\"null\" src=\"https:\/\/www.wavetec.com\/wp-content\/uploads\/2021\/03\/Rounded-Rectangle-5-copy-7-1.png\" title=\"\"><div id=\"interactive-banner-wrap-5416\" class=\"ult-new-ib-desc\" style=\"\"><h3 class=\"ult-new-ib-title ult-responsive\"  data-ultimate-target='#interactive-banner-wrap-5416 .ult-new-ib-title'  data-responsive-json-new='{\"font-size\":\"desktop:30px;mobile:24px;\",\"line-height\":\"mobile:27px;\"}'  style=\"font-family:&#039;Poppins&#039;;font-weight:600;\">Sistema de visualizaci\u00f3n de informaci\u00f3n<\/h3><div class=\"ult-new-ib-content ult-responsive\"  data-ultimate-target='#interactive-banner-wrap-5416 .ult-new-ib-content'  data-responsive-json-new='{\"font-size\":\"\",\"line-height\":\"\"}'  style=\"font-family:&#039;Poppins&#039;;font-weight:normal;\"><p>Equipamos a nuestros clientes con la potente soluci\u00f3n Donatello Suite de alta calidad como un software de gesti\u00f3n de contenido capaz<\/p><\/div><\/div><a class=\"ult-new-ib-link\" href=\"\/es\/soluciones\/information-display-system\/\" title=\"See More\"  ><\/a><\/div><script type=\"text\/javascript\">\n\t\t\t(function($){\n\t\t\t\t$(document).ready(function(){\n\t\t\t\t\t$(\".ult-new-ib\").css(\"opacity\",\"1\");\n\t\t\t\t});\n\t\t\t})(jQuery);\n\t\t\t<\/script>[\/vc_column][vc_column width=&#8221;1\/2&#8243;]<div class=\"ult-new-ib ult-ib-effect-style10  ult-ib-resp  \" data-min-width=\"768\" data-max-width=\"900\" style=\"background:#116af0;\" data-opacity=\"1\" data-hover-opacity=\"0.3\" ><img decoding=\"async\" class=\"ult-new-ib-img\" style=\"opacity:1;\" alt=\"null\" src=\"https:\/\/www.wavetec.com\/wp-content\/uploads\/2021\/03\/Rounded-Rectangle-5-copy-6-1.png\" title=\"\"><div id=\"interactive-banner-wrap-6020\" class=\"ult-new-ib-desc\" style=\"\"><h3 class=\"ult-new-ib-title ult-responsive\"  data-ultimate-target='#interactive-banner-wrap-6020 .ult-new-ib-title'  data-responsive-json-new='{\"font-size\":\"desktop:30px;mobile:24px;\",\"line-height\":\"mobile:27px;\"}'  style=\"font-family:&#039;Poppins&#039;;font-weight:600;\">Ticker de acciones y noticias<\/h3><div class=\"ult-new-ib-content ult-responsive\"  data-ultimate-target='#interactive-banner-wrap-6020 .ult-new-ib-content'  data-responsive-json-new='{\"font-size\":\"\",\"line-height\":\"\"}'  style=\"font-family:&#039;Poppins&#039;;font-weight:normal;\"><p>Los indicadores LED de Wavetec Stock &amp; News est\u00e1n dise\u00f1ados con componentes de hardware especiales para facilitar un desplazamiento fluido del contenido.<\/p><\/div><\/div><a class=\"ult-new-ib-link\" href=\"\/es\/soluciones\/stock-news-ticker\/\" title=\"See More\"  ><\/a><\/div><script type=\"text\/javascript\">\n\t\t\t(function($){\n\t\t\t\t$(document).ready(function(){\n\t\t\t\t\t$(\".ult-new-ib\").css(\"opacity\",\"1\");\n\t\t\t\t});\n\t\t\t})(jQuery);\n\t\t\t<\/script>[\/vc_column][vc_column width=&#8221;1\/2&#8243;]<div class=\"ult-new-ib ult-ib-effect-style10  ult-ib-resp  \" data-min-width=\"768\" data-max-width=\"900\" style=\"background:#116af0;\" data-opacity=\"1\" data-hover-opacity=\"0.3\" ><img decoding=\"async\" class=\"ult-new-ib-img\" style=\"opacity:1;\" alt=\"null\" src=\"https:\/\/www.wavetec.com\/wp-content\/uploads\/2021\/05\/Group-28.png\" title=\"\"><div id=\"interactive-banner-wrap-7518\" class=\"ult-new-ib-desc\" style=\"\"><h3 class=\"ult-new-ib-title ult-responsive\"  data-ultimate-target='#interactive-banner-wrap-7518 .ult-new-ib-title'  data-responsive-json-new='{\"font-size\":\"desktop:30px;mobile:24px;\",\"line-height\":\"mobile:27px;\"}'  style=\"font-family:&#039;Poppins&#039;;font-weight:600;\">Simulador de Mercados de Valores<\/h3><div class=\"ult-new-ib-content ult-responsive\"  data-ultimate-target='#interactive-banner-wrap-7518 .ult-new-ib-content'  data-responsive-json-new='{\"font-size\":\"\",\"line-height\":\"\"}'  style=\"font-family:&#039;Poppins&#039;;font-weight:normal;\"><p>Stock Game es un juego de simulaci\u00f3n de mercado de valores virtual y educativo vinculado a un feed de bolsa de valores en vivo<\/p><\/div><\/div><a class=\"ult-new-ib-link\" href=\"\/es\/soluciones\/stock-game\/\" title=\"See More\"  ><\/a><\/div><script type=\"text\/javascript\">\n\t\t\t(function($){\n\t\t\t\t$(document).ready(function(){\n\t\t\t\t\t$(\".ult-new-ib\").css(\"opacity\",\"1\");\n\t\t\t\t});\n\t\t\t})(jQuery);\n\t\t\t<\/script>[\/vc_column][\/vc_row][vc_row gap=&#8221;35&#8243; content_placement=&#8221;middle&#8221; css=&#8221;.vc_custom_1616744992564{margin-top: 40px !important;}&#8221;][vc_column css=&#8221;.vc_custom_1616745044209{margin-bottom: -35px !important;}&#8221;][vc_column_text]<\/p>\n<h2 style=\"text-align: center;\">Gesti\u00f3n de proyectos<\/h2>\n<p style=\"text-align: center;\">Con el respaldo de software y hardware de \u00faltima generaci\u00f3n, Wavetec se enorgullece de ser una empresa de consultor\u00eda de gesti\u00f3n de proyectos que ayuda a las empresas a tener \u00e9xito en \u00e1reas donde es probable que otros tengan problemas. Wavetec ofrece un soporte integral en cada etapa y con la experiencia de proyectos de ingenier\u00eda y construcci\u00f3n en el sector financiero, lideramos la industria en soluciones de pantallas LED.<\/p>\n<p>[\/vc_column_text][\/vc_column][vc_column][vc_single_image image=&#8221;30092&#8243; img_size=&#8221;full&#8221; alignment=&#8221;center&#8221; css=&#8221;.vc_custom_1624355084702{margin-bottom: 0px !important;}&#8221;][\/vc_column][\/vc_row][vc_row content_placement=&#8221;middle&#8221; css=&#8221;.vc_custom_1621411797871{margin-top: 40px !important;}&#8221;][vc_column width=&#8221;1\/2&#8243;][vc_column_text]<\/p>\n<h2>Soluciones de pantalla LED<\/h2>\n<p>Wavetec ofrece una gama completa de soluciones de visualizaci\u00f3n que son ideales para publicidad, venta minorista y marcas. Las series HD, PRO y Prime son l\u00edneas de productos premium que ofrecen soluciones para aplicaciones de visualizaci\u00f3n LED para interiores y exteriores.[\/vc_column_text]<div class=\" ubtn-ctn-left icon-btn\"><a class=\"ubtn-link ult-adjust-bottom-margin ubtn-left ubtn-normal icon-btn\" href=\"\/es\/soluciones\/soluciones-de-led-display\/\" ><button type=\"button\" id=\"ubtn-3058\"  class=\"ubtn ult-adjust-bottom-margin ult-responsive ubtn-normal ubtn-no-hover-bg  none  ubtn-sep-icon ubtn-sep-icon-at-right  ubtn-left   tooltip-6a09274fb7e67\"  data-hover=\"#ffffff\" data-border-color=\"\" data-bg=\"#324ecf\" data-hover-bg=\"#ff8630\" data-border-hover=\"#ff8630\" data-shadow-hover=\"\" data-shadow-click=\"none\" data-shadow=\"\" data-shd-shadow=\"\"  data-ultimate-target='#ubtn-3058'  data-responsive-json-new='{\"font-size\":\"desktop:18px;\",\"line-height\":\"\"}'  style=\"font-family:&#039;Poppins&#039;;font-weight:600;border-radius:5px;border-width:0px;border-color:;border-style:solid;background: #324ecf;color: #ffffff;\"><span class=\"ubtn-data ubtn-icon\"><i class=\"Defaults-external-link\" style=\"font-size:32px;color:#ffffff;\"><\/i><\/span><span class=\"ubtn-hover\" style=\"background-color:#ff8630\"><\/span><span class=\"ubtn-data ubtn-text \" >Para m\u00e1s detalles, haga clic aqu\u00ed.<\/span><\/button><\/a><\/div>[\/vc_column][vc_column width=&#8221;1\/2&#8243;][vc_single_image image=&#8221;31453&#8243; img_size=&#8221;full&#8221; alignment=&#8221;center&#8221; css=&#8221;.vc_custom_1628330693550{margin-bottom: 0px !important;}&#8221;][\/vc_column][\/vc_row][vc_row css=&#8221;.vc_custom_1621411734894{margin-top: 40px !important;margin-bottom: 40px !important;}&#8221;][vc_column][vc_column_text]<\/p>\n<h2 style=\"text-align: center;\">Clientela<\/h2>\n<p>[\/vc_column_text][vc_single_image image=&#8221;27072&#8243; img_size=&#8221;full&#8221; alignment=&#8221;center&#8221; css=&#8221;.vc_custom_1621411637402{margin-bottom: 0px !important;}&#8221;][\/vc_column][\/vc_row][vc_row css=&#8221;.vc_custom_1621411813849{margin-top: 40px !important;margin-bottom: 80px !important;}&#8221;][vc_column width=&#8221;1\/2&#8243;][vc_column_text]<\/p>\n<h2>Descargue nuestro cat\u00e1logo de productos para obtener m\u00e1s informaci\u00f3n<\/h2>\n<p>Wavetec ofrece una gama completa de soluciones de visualizaci\u00f3n, ideales para publicidad, venta minorista y marcas. Las series HD, PRO y Prime son l\u00edneas de productos premium que ofrecen soluciones para aplicaciones de visualizaci\u00f3n LED para interiores y exteriores.[\/vc_column_text]<div class=\" ubtn-ctn-left icon-btn\"><a class=\"ubtn-link ult-adjust-bottom-margin ubtn-left ubtn-normal icon-btn\" href=\"https:\/\/info.wavetec.com\/financial-market-displays-brochure\" target=\"_blank\" rel=\"noopener\"><button type=\"button\" id=\"ubtn-4290\"  class=\"ubtn ult-adjust-bottom-margin ult-responsive ubtn-normal ubtn-no-hover-bg  none  ubtn-sep-icon ubtn-sep-icon-at-right  ubtn-left   tooltip-6a09274fb7f21\"  data-hover=\"#ffffff\" data-border-color=\"\" data-bg=\"#324ecf\" data-hover-bg=\"#ff8630\" data-border-hover=\"#ff8630\" data-shadow-hover=\"\" data-shadow-click=\"none\" data-shadow=\"\" data-shd-shadow=\"\"  data-ultimate-target='#ubtn-4290'  data-responsive-json-new='{\"font-size\":\"desktop:18px;\",\"line-height\":\"\"}'  style=\"font-family:&#039;Poppins&#039;;font-weight:600;border-radius:5px;border-width:0px;border-color:;border-style:solid;background: #324ecf;color: #ffffff;\"><span class=\"ubtn-data ubtn-icon\"><i class=\"Defaults-download\" style=\"font-size:32px;color:#ffffff;\"><\/i><\/span><span class=\"ubtn-hover\" style=\"background-color:#ff8630\"><\/span><span class=\"ubtn-data ubtn-text \" >Descargar folleto<\/span><\/button><\/a><\/div>[\/vc_column][vc_column width=&#8221;1\/2&#8243;][vc_single_image image=&#8221;20643&#8243; img_size=&#8221;full&#8221; alignment=&#8221;center&#8221; css=&#8221;.vc_custom_1616743413414{margin-bottom: 0px !important;}&#8221;][\/vc_column][\/vc_row][vc_row][vc_column]<div class=\"templatera_shortcode\"><\/div>[\/vc_column][\/vc_row][vc_row content_placement=&#8221;middle&#8221; bg_type=&#8221;image&#8221; parallax_style=&#8221;vcpb-default&#8221; bg_image_new=&#8221;id^16314|url^https:\/\/www.wavetec.com\/wp-content\/uploads\/2020\/11\/vector-circle-1.png|caption^null|alt^null|title^vector-circle|description^null&#8221; bg_image_repeat=&#8221;no-repeat&#8221; bg_image_size=&#8221;initial&#8221; bg_image_posiiton=&#8221;right bottom&#8221; bg_override=&#8221;full&#8221;][vc_column width=&#8221;5\/12&#8243;][vc_column_text]<\/p>\n<h2>Wavetec Blog<\/h2>\n<p>Espere blogs, entrevistas y art\u00edculos de opini\u00f3n nuevos, bien investigados y centrados en la industria.<br \/>\nY suscr\u00edbete para mantenerte actualizado.[\/vc_column_text]<div class=\" ubtn-ctn-left \"><a class=\"ubtn-link ult-adjust-bottom-margin ubtn-left ubtn-normal \" href=\"https:\/\/blog.wavetec.com\/es\" target=\"_blank\" rel=\"noopener\"><button type=\"button\" id=\"ubtn-2159\"  class=\"ubtn ult-adjust-bottom-margin ult-responsive ubtn-normal ubtn-no-hover-bg  none  ubtn-left   tooltip-6a09274fb92a8\"  data-hover=\"#ffffff\" data-border-color=\"\" data-bg=\"#ff8630\" data-hover-bg=\"#324ecf\" data-border-hover=\"\" data-shadow-hover=\"\" data-shadow-click=\"none\" data-shadow=\"\" data-shd-shadow=\"\"  data-ultimate-target='#ubtn-2159'  data-responsive-json-new='{\"font-size\":\"desktop:18px;\",\"line-height\":\"\"}'  style=\"font-family:&#039;Poppins&#039;;font-weight:600;border-radius:5px;border-width:0px;border-color:;border-style:solid;background: #ff8630;color: #ffffff;\"><span class=\"ubtn-hover\" style=\"background-color:#324ecf\"><\/span><span class=\"ubtn-data ubtn-text \" >Explora m\u00e1s<\/span><\/button><\/a><\/div>[\/vc_column][vc_column width=&#8221;1\/2&#8243; offset=&#8221;vc_col-lg-offset-1 vc_hidden-lg vc_hidden-md vc_hidden-sm vc_hidden-xs&#8221;][vc_column_text]<span style=\"color: #00cef8; font-weight: 500;\"><a style=\"color: #00cef8;\" href=\"https:\/\/blog.wavetec.com\/en\/the-government-vs-covid-19-round-two-is-technology-the-secret-behind-shorter-wait-times\" target=\"_blank\" rel=\"noopener\">The government vs Covid-19 ROUND TWO &#8211; is technology the secret behind shorter wait times?<\/a><\/span><\/p>\n<p><span style=\"color: #00cef8; font-weight: 500;\"><a style=\"color: #00cef8;\" href=\"https:\/\/blog.wavetec.com\/en\/spotlight-on-in-branch-banking-in-africa\" target=\"_blank\" rel=\"noopener\">Spotlight On In-Branch Banking in Africa<\/a><\/span><\/p>\n<p><span style=\"color: #00cef8; font-weight: 500;\"><a style=\"color: #00cef8;\" href=\"https:\/\/blog.wavetec.com\/en\/to-branch-or-not-to-branch-0\" target=\"_blank\" rel=\"noopener\">The 4 P\u2019s of Self Service<\/a><\/span><\/p>\n<p><span style=\"color: #00cef8; font-weight: 500;\"><a style=\"color: #00cef8;\" href=\"https:\/\/blog.wavetec.com\/en\/3-dashboards-your-bank-needs-for-smooth-and-successful-customer-flow-management\" target=\"_blank\" rel=\"noopener\">3 dashboards your Bank needs for smooth and successful customer flow management<\/a><\/span><\/p>\n<p><span style=\"color: #00cef8; font-weight: 500;\"><a style=\"color: #00cef8;\" href=\"https:\/\/blog.wavetec.com\/en\/reopening-educational-institutions-with-staff-and-student-safety-prioritised\" target=\"_blank\" rel=\"noopener\">Reopening educational institutions with staff and student safety prioritised<\/a><\/span>[\/vc_column_text][\/vc_column][\/vc_row][vc_row][vc_column]<div id=\"modal-trg-txt-wrap-8317\" class=\"ult-modal-input-wrapper ult-adjust-bottom-margin    \" data-keypress-control=\"keypress-control-enable\" data-overlay-control=\"overlay-control-enable\"><span data-class-id=\"content-6a09274fb94042-53232798\"><\/span>\n\t\t\t\t<script type=\"text\/javascript\">\n\t\t\t\t(function($){\n\t\t\t\t\t$(document).ready(function(){\n\t\t\t\t\t\tvar selector = \".watch\";\n\t\t\t\t\t\t$(selector).addClass(\"custom-ult-modal overlay-show\");\n\t\t\t\t\t\t$(selector).attr(\"data-class-id\", \"content-6a09274fb94042-53232798\");\n\t\t\t\t\t\t$(selector).attr(\"data-overlay-class\", \"overlay-fade\");\n\t\t\t\t\t\t$(selector).attr(\"data-keypress-control\", \"keypress-control-enable\");\n\t\t\t\t\t\t$(selector).attr(\"data-overlay-control\", \"overlay-control-enable\");\n\t\t\t\t\t});\n\t\t\t\t})(jQuery);\n\t\t\t\t<\/script><\/div>\n<div class=\"ult-overlay content-6a09274fb94042-53232798 \" data-class=\"content-6a09274fb94042-53232798\" id=\"button-click-overlay\" style=\"background:rgba(51,51,51,0.8); display:none;\">\n\t<div class=\"ult_modal ult-fade ult-medium\">\n\t\t<div id=\"ult-modal-wrap-448\" class=\"ult_modal-content ult-hide\" style=\"border-style:solid;border-width:2px;border-radius:0px;border-color:#333333;\">\n\t\t\t<div  data-ultimate-target='#ult-modal-wrap-448 .ult_modal-body'  data-responsive-json-new='{\"font-size\":\"\",\"line-height\":\"\"}'  class=\"ult_modal-body ult-responsive ult-youtube\" style=\"\">\n\t\t\t<iframe loading=\"lazy\" title=\"YouTube video player\" src=\"https:\/\/www.youtube.com\/embed\/jGpmFRoKXYk\" width=\"100%\" height=\"450\" frameborder=\"0\" allowfullscreen=\"allowfullscreen\" data-mce-fragment=\"1\"><\/iframe>\n\t\t\t<\/div>\n\t<\/div>\n\t<\/div>\n\t<div class=\"ult-overlay-close top-right\" style=\"width:80px;height:80px; \"><div class=\"ult-overlay-close-inside\">Close<\/div><\/div>\n<\/div>[\/vc_column][\/vc_row]<\/p>\n","protected":false},"excerpt":{"rendered":"","protected":false},"author":1,"featured_media":11578,"parent":2475,"menu_order":0,"comment_status":"closed","ping_status":"open","template":"","meta":{"content-type":"","footnotes":""},"class_list":["post-2485","page","type-page","status-publish","has-post-thumbnail","hentry"],"acf":[],"_links":{"self":[{"href":"https:\/\/www.wavetec.com\/es\/wp-json\/wp\/v2\/pages\/2485","targetHints":{"allow":["GET"]}}],"collection":[{"href":"https:\/\/www.wavetec.com\/es\/wp-json\/wp\/v2\/pages"}],"about":[{"href":"https:\/\/www.wavetec.com\/es\/wp-json\/wp\/v2\/types\/page"}],"author":[{"embeddable":true,"href":"https:\/\/www.wavetec.com\/es\/wp-json\/wp\/v2\/users\/1"}],"replies":[{"embeddable":true,"href":"https:\/\/www.wavetec.com\/es\/wp-json\/wp\/v2\/comments?post=2485"}],"version-history":[{"count":4,"href":"https:\/\/www.wavetec.com\/es\/wp-json\/wp\/v2\/pages\/2485\/revisions"}],"predecessor-version":[{"id":64948,"href":"https:\/\/www.wavetec.com\/es\/wp-json\/wp\/v2\/pages\/2485\/revisions\/64948"}],"up":[{"embeddable":true,"href":"https:\/\/www.wavetec.com\/es\/wp-json\/wp\/v2\/pages\/2475"}],"wp:featuredmedia":[{"embeddable":true,"href":"https:\/\/www.wavetec.com\/es\/wp-json\/wp\/v2\/media\/11578"}],"wp:attachment":[{"href":"https:\/\/www.wavetec.com\/es\/wp-json\/wp\/v2\/media?parent=2485"}],"curies":[{"name":"wp","href":"https:\/\/api.w.org\/{rel}","templated":true}]}}