{"id":11739,"date":"2020-03-27T11:54:41","date_gmt":"2020-03-27T11:54:41","guid":{"rendered":"https:\/\/test.wavetec.com\/?page_id=11739"},"modified":"2021-10-06T10:27:30","modified_gmt":"2021-10-06T10:27:30","slug":"experiencia-de-cliente-para-combatir-el-covid-19","status":"publish","type":"page","link":"https:\/\/www.wavetec.com\/es\/experiencia-de-cliente-para-combatir-el-covid-19\/","title":{"rendered":"Experiencia de cliente para combatir el COVID-19"},"content":{"rendered":"<p>[vc_row gap=&#8221;35&#8243; equal_height=&#8221;yes&#8221; content_placement=&#8221;middle&#8221;][vc_column width=&#8221;1\/2&#8243;][vc_column_text css=&#8221;.vc_custom_1626258953774{margin-bottom: 20px !important;}&#8221;][flexy_breadcrumb][\/vc_column_text][vc_column_text]<\/p>\n<h1>Customer Journeys para combatir COVID-19<\/h1>\n<p><strong>Transformar las transacciones cotidianas en experiencias m\u00e1s seguras<\/strong>[\/vc_column_text]<div class=\" ubtn-ctn-left icon-btn watch\"><a class=\"ubtn-link ult-adjust-bottom-margin ubtn-left ubtn-normal icon-btn watch\" href=\"https:\/\/www.youtube.com\/watch?v=QwUXCXHh11g\" target=\"_blank\" rel=\"noopener\"><button type=\"button\" id=\"ubtn-5716\"  class=\"ubtn ult-adjust-bottom-margin ult-responsive ubtn-normal ubtn-no-hover-bg  none  ubtn-sep-icon ubtn-sep-icon-at-right  ubtn-left   tooltip-69d2654a57f9c\"  data-hover=\"#ffffff\" data-border-color=\"\" data-bg=\"#324ecf\" data-hover-bg=\"#23d1f8\" data-border-hover=\"\" data-shadow-hover=\"\" data-shadow-click=\"none\" data-shadow=\"\" data-shd-shadow=\"\"  data-ultimate-target='#ubtn-5716'  data-responsive-json-new='{\"font-size\":\"desktop:18px;\",\"line-height\":\"\"}'  style=\"font-family:&#039;Poppins&#039;;font-weight:600;border-radius:5px;border-width:0px;border-color:;border-style:solid;background: #324ecf;color: #ffffff;\"><span class=\"ubtn-data ubtn-icon\"><i class=\"Defaults-play-circle-o\" style=\"font-size:32px;color:#ffffff;\"><\/i><\/span><span class=\"ubtn-hover\" style=\"background-color:#23d1f8\"><\/span><span class=\"ubtn-data ubtn-text \" >Ver el v\u00eddeo<\/span><\/button><\/a><\/div>[vc_single_image image=&#8221;19353&#8243; img_size=&#8221;full&#8221;][\/vc_column][vc_column width=&#8221;1\/2&#8243;][vc_single_image image=&#8221;20150&#8243; img_size=&#8221;full&#8221; alignment=&#8221;center&#8221; css=&#8221;.vc_custom_1616528486047{margin-bottom: 0px !important;}&#8221;][\/vc_column][\/vc_row][vc_row content_placement=&#8221;middle&#8221; bg_type=&#8221;bg_color&#8221; bg_override=&#8221;full&#8221; bg_color_value=&#8221;#f5fbff&#8221;][vc_column][vc_column_text]<\/p>\n<h2 style=\"text-align: center;\">Soluciones de turnos digitales y control de ocupaci\u00f3n de tienda para gestionar el flujo de clientes<\/h2>\n<p>[\/vc_column_text][vc_single_image image=&#8221;20144&#8243; img_size=&#8221;full&#8221; alignment=&#8221;center&#8221;][vc_column_text]Nuestro objetivo principal es apoyar su organizacion, y la seguridad y el servicio continuo a sus clientes. La situaci\u00f3n actual con respecto al COVID-19 nos ha obligado a todos a tomar medidas de precauci\u00f3n. Nuestro objetivo es limitar la posibilidad de propagaci\u00f3n del virus y equiparlo con soluciones que pueden ayudarlo a organizar, mejorar y medir las experiencias de sus clientes.<\/p>\n<p><strong>Nuestras soluciones son altamente personalizables para servir a sus clientes.<\/strong><\/p>\n<p>Las soluciones de control de ocupaci\u00f3n y turnos digitales de SafeQ est\u00e1n especialmente dise\u00f1adas para gestionar las colas fuera de su tienda, lo que garantiza virtualmente el distanciamiento social en una experiencia verdaderamente sin contacto. Nuestra plataforma en la nube permite una gesti\u00f3n eficiente y productiva de las colas pr\u00e1cticamente sin ning\u00fan contacto f\u00edsico.[\/vc_column_text][\/vc_column][\/vc_row][vc_row content_placement=&#8221;middle&#8221;][vc_column width=&#8221;1\/2&#8243;][vc_column_text]<\/p>\n<h2>Fila virtual<\/h2>\n<p><strong>Soluciones para la nueva normalidad<\/strong><\/p>\n<p>Las soluciones de sistemas de filas inteligentes y turnos virtuales de SafeQ son parte de las iniciativas tecnol\u00f3gicas tomadas por Wavetec para permitir un distanciamiento f\u00edsico seguro. No importa si sus clientes llegan de forma imprevista o no tienen un tel\u00e9fono inteligente. Con SafeQ, todos podr\u00e1n ser parte de una cola virtual y podr\u00e1n esperar su turno de manera segura. Una vez que llegue su turno, se les notificar\u00e1 por SMS, WhatsApp o correo electr\u00f3nico.[\/vc_column_text][vc_row_inner][vc_column_inner width=&#8221;1\/2&#8243;]<div class=\" ubtn-ctn-left \"><a class=\"ubtn-link ult-adjust-bottom-margin ubtn-left ubtn-normal \" href=\"\/es\/soluciones\/gestion-de-filas\/fila-virtual\/\" ><button type=\"button\" id=\"ubtn-4280\"  class=\"ubtn ult-adjust-bottom-margin ult-responsive ubtn-normal ubtn-no-hover-bg  none  ubtn-left   tooltip-69d2654a5807d\"  data-hover=\"#ffffff\" data-border-color=\"\" data-bg=\"#ff8630\" data-hover-bg=\"#324ecf\" data-border-hover=\"#ffffff\" data-shadow-hover=\"\" data-shadow-click=\"none\" data-shadow=\"\" data-shd-shadow=\"\"  data-ultimate-target='#ubtn-4280'  data-responsive-json-new='{\"font-size\":\"desktop:18px;\",\"line-height\":\"\"}'  style=\"font-family:&#039;Poppins&#039;;font-weight:600;border-radius:5px;border-width:2px;border-color:;border-style:solid;background: #ff8630;color: #ffffff;\"><span class=\"ubtn-data ubtn-icon\"><i class=\"none\" style=\"font-size:32px;color:#ffffff;\"><\/i><\/span><span class=\"ubtn-hover\" style=\"background-color:#324ecf\"><\/span><span class=\"ubtn-data ubtn-text \" >Aprende m\u00e1s<\/span><\/button><\/a><\/div>[\/vc_column_inner][vc_column_inner width=&#8221;1\/2&#8243;]<div class=\" ubtn-ctn-left icon-btn\"><a class=\"ubtn-link ult-adjust-bottom-margin ubtn-left ubtn-normal icon-btn\" href=\"https:\/\/info.wavetec.com\/es\/virtual-queuing-safeq\" target=\"_blank\" rel=\"noopener\"><button type=\"button\" id=\"ubtn-3447\"  class=\"ubtn ult-adjust-bottom-margin ult-responsive ubtn-normal ubtn-no-hover-bg  none  ubtn-sep-icon ubtn-sep-icon-at-right  ubtn-left   tooltip-69d2654a58121\"  data-hover=\"#0db4ee\" data-border-color=\"#0db4ee\" data-bg=\"#ffffff\" data-hover-bg=\"#d5edfe\" data-border-hover=\"#0db4ee\" data-shadow-hover=\"\" data-shadow-click=\"none\" data-shadow=\"\" data-shd-shadow=\"\"  data-ultimate-target='#ubtn-3447'  data-responsive-json-new='{\"font-size\":\"desktop:18px;\",\"line-height\":\"\"}'  style=\"font-family:&#039;Poppins&#039;;font-weight:600;border-radius:5px;border-width:2px;border-color:#0db4ee;border-style:solid;background: #ffffff;color: #0db4ee;\"><span class=\"ubtn-data ubtn-icon\"><i class=\"Defaults-download\" style=\"font-size:32px;color:#0db4ee;\"><\/i><\/span><span class=\"ubtn-hover\" style=\"background-color:#d5edfe\"><\/span><span class=\"ubtn-data ubtn-text \" >Descargar folleto<\/span><\/button><\/a><\/div>[\/vc_column_inner][\/vc_row_inner][\/vc_column][vc_column width=&#8221;1\/2&#8243;][vc_single_image image=&#8221;20180&#8243; img_size=&#8221;full&#8221; alignment=&#8221;center&#8221; css=&#8221;.vc_custom_1616528671751{margin-bottom: 0px !important;}&#8221;][\/vc_column][\/vc_row][vc_row content_placement=&#8221;middle&#8221;][vc_column width=&#8221;1\/2&#8243;][vc_single_image image=&#8221;20156&#8243; img_size=&#8221;full&#8221; alignment=&#8221;center&#8221; css=&#8221;.vc_custom_1616528730459{margin-bottom: 0px !important;}&#8221;][\/vc_column][vc_column width=&#8221;1\/2&#8243;][vc_column_text]<\/p>\n<h2>Conteo de personas<\/h2>\n<p><strong>Soluci\u00f3n de control de ocupaci\u00f3n, control de aforo, automatizada<\/strong><\/p>\n<p>El conteo de personas de SafeQ est\u00e1 dise\u00f1ado para controlar la cantidad de clientes que entran y salen de las tiendas \/ sucursales \/ edificios en cualquier momento, con el fin de mantener el distanciamiento social.<\/p>\n<p>La soluci\u00f3n controla un sem\u00e1foro automatizado y monitoreo que les indica a los clientes cu\u00e1ndo pueden pasar por la entrada seg\u00fan los l\u00edmites individuales de los clientes que est\u00e1n en l\u00ednea con las pautas de distanciamiento social.[\/vc_column_text][vc_row_inner][vc_column_inner width=&#8221;1\/2&#8243;]<div class=\" ubtn-ctn-left \"><a class=\"ubtn-link ult-adjust-bottom-margin ubtn-left ubtn-normal \" href=\"\/es\/soluciones\/contador-de-personas\/\" ><button type=\"button\" id=\"ubtn-5633\"  class=\"ubtn ult-adjust-bottom-margin ult-responsive ubtn-normal ubtn-no-hover-bg  none  ubtn-left   tooltip-69d2654a581bc\"  data-hover=\"#ffffff\" data-border-color=\"\" data-bg=\"#ff8630\" data-hover-bg=\"#324ecf\" data-border-hover=\"#ffffff\" data-shadow-hover=\"\" data-shadow-click=\"none\" data-shadow=\"\" data-shd-shadow=\"\"  data-ultimate-target='#ubtn-5633'  data-responsive-json-new='{\"font-size\":\"desktop:18px;\",\"line-height\":\"\"}'  style=\"font-family:&#039;Poppins&#039;;font-weight:600;border-radius:5px;border-width:2px;border-color:;border-style:solid;background: #ff8630;color: #ffffff;\"><span class=\"ubtn-data ubtn-icon\"><i class=\"none\" style=\"font-size:32px;color:#ffffff;\"><\/i><\/span><span class=\"ubtn-hover\" style=\"background-color:#324ecf\"><\/span><span class=\"ubtn-data ubtn-text \" >Aprende m\u00e1s<\/span><\/button><\/a><\/div>[\/vc_column_inner][vc_column_inner width=&#8221;1\/2&#8243;]<div class=\" ubtn-ctn-left icon-btn\"><a class=\"ubtn-link ult-adjust-bottom-margin ubtn-left ubtn-normal icon-btn\" href=\"https:\/\/info.wavetec.com\/es\/contador-de-personas-safeq\" target=\"_blank\" rel=\"noopener\"><button type=\"button\" id=\"ubtn-3911\"  class=\"ubtn ult-adjust-bottom-margin ult-responsive ubtn-normal ubtn-no-hover-bg  none  ubtn-sep-icon ubtn-sep-icon-at-right  ubtn-left   tooltip-69d2654a58248\"  data-hover=\"#0db4ee\" data-border-color=\"#0db4ee\" data-bg=\"rgba(219,67,129,0.01)\" data-hover-bg=\"#d5edfe\" data-border-hover=\"#0db4ee\" data-shadow-hover=\"\" data-shadow-click=\"none\" data-shadow=\"\" data-shd-shadow=\"\"  data-ultimate-target='#ubtn-3911'  data-responsive-json-new='{\"font-size\":\"desktop:18px;\",\"line-height\":\"\"}'  style=\"font-family:&#039;Poppins&#039;;font-weight:600;border-radius:5px;border-width:2px;border-color:#0db4ee;border-style:solid;background: rgba(219,67,129,0.01);color: #0db4ee;\"><span class=\"ubtn-data ubtn-icon\"><i class=\"Defaults-download\" style=\"font-size:32px;color:#0db4ee;\"><\/i><\/span><span class=\"ubtn-hover\" style=\"background-color:#d5edfe\"><\/span><span class=\"ubtn-data ubtn-text \" >Descargar folleto<\/span><\/button><\/a><\/div>[\/vc_column_inner][\/vc_row_inner][\/vc_column][\/vc_row][vc_row content_placement=&#8221;middle&#8221; bg_type=&#8221;bg_color&#8221; bg_override=&#8221;full&#8221; bg_color_value=&#8221;#324ecf&#8221;][vc_column width=&#8221;1\/2&#8243;][vc_column_text]<\/p>\n<h2><span style=\"color: #ffffff;\">Gestion de Citas Previas<\/span><\/h2>\n<p><span style=\"color: #00cef8;\"><strong>Software de citas previas, reservas y programaci\u00f3n en l\u00ednea<\/strong><\/span><\/p>\n<p><span style=\"color: #ffffff;\">La soluci\u00f3n de citas previas, reservas y programaci\u00f3n en l\u00ednea basada en la nube de Wavetec que es simple, f\u00e1cil y conveniente para usted y sus clientes. <\/span><\/p>\n<p><span style=\"color: #ffffff;\">Aseg\u00farese de estar conectado con sus clientes incluso antes de que lleguen. Con la soluci\u00f3n de citas previas de Wavetec, sus clientes pueden conectarse desde cualquier lugar, desde la reserva hasta el registro para reprogramar y cancelar una cita. Esto le ayuda a minimizar los tiempos de espera de los clientes y a brindar un servicio de m\u00e1xima calidad a sus clientes.<\/span>[\/vc_column_text][vc_row_inner][vc_column_inner width=&#8221;1\/2&#8243;]<div class=\" ubtn-ctn-left \"><a class=\"ubtn-link ult-adjust-bottom-margin ubtn-left ubtn-normal \" href=\"\/es\/soluciones\/software-de-reserva-y-cita-inteligente-en-linea\/\" ><button type=\"button\" id=\"ubtn-7102\"  class=\"ubtn ult-adjust-bottom-margin ult-responsive ubtn-normal ubtn-no-hover-bg  none  ubtn-left   tooltip-69d2654a582d9\"  data-hover=\"#ffffff\" data-border-color=\"\" data-bg=\"#ff8630\" data-hover-bg=\"#23d1f8\" data-border-hover=\"#ff8630\" data-shadow-hover=\"\" data-shadow-click=\"none\" data-shadow=\"\" data-shd-shadow=\"\"  data-ultimate-target='#ubtn-7102'  data-responsive-json-new='{\"font-size\":\"desktop:18px;\",\"line-height\":\"\"}'  style=\"font-family:&#039;Poppins&#039;;font-weight:600;border-radius:5px;border-width:0px;border-color:;border-style:solid;background: #ff8630;color: #ffffff;\"><span class=\"ubtn-data ubtn-icon\"><i class=\"none\" style=\"font-size:32px;color:#ffffff;\"><\/i><\/span><span class=\"ubtn-hover\" style=\"background-color:#23d1f8\"><\/span><span class=\"ubtn-data ubtn-text \" >Aprende m\u00e1s<\/span><\/button><\/a><\/div>[\/vc_column_inner][vc_column_inner width=&#8221;1\/2&#8243;]<div class=\" ubtn-ctn-left icon-btn\"><a class=\"ubtn-link ult-adjust-bottom-margin ubtn-left ubtn-normal icon-btn\" href=\"https:\/\/info.wavetec.com\/es\/folleto-cita-web\" target=\"_blank\" rel=\"noopener\"><button type=\"button\" id=\"ubtn-9906\"  class=\"ubtn ult-adjust-bottom-margin ult-responsive ubtn-normal ubtn-no-hover-bg  none  ubtn-sep-icon ubtn-sep-icon-at-right  ubtn-left   tooltip-69d2654a58367\"  data-hover=\"#0db4ee\" data-border-color=\"#00cef8\" data-bg=\"rgba(219,67,129,0.01)\" data-hover-bg=\"#d5edfe\" data-border-hover=\"#0db4ee\" data-shadow-hover=\"\" data-shadow-click=\"none\" data-shadow=\"\" data-shd-shadow=\"\"  data-ultimate-target='#ubtn-9906'  data-responsive-json-new='{\"font-size\":\"desktop:18px;\",\"line-height\":\"\"}'  style=\"font-family:&#039;Poppins&#039;;font-weight:600;border-radius:5px;border-width:2px;border-color:#00cef8;border-style:solid;background: rgba(219,67,129,0.01);color: #00cef8;\"><span class=\"ubtn-data ubtn-icon\"><i class=\"Defaults-download\" style=\"font-size:32px;color:#00cef8;\"><\/i><\/span><span class=\"ubtn-hover\" style=\"background-color:#d5edfe\"><\/span><span class=\"ubtn-data ubtn-text \" >Descargar folleto<\/span><\/button><\/a><\/div>[\/vc_column_inner][\/vc_row_inner][\/vc_column][vc_column width=&#8221;1\/2&#8243;][vc_single_image image=&#8221;20138&#8243; img_size=&#8221;full&#8221; alignment=&#8221;center&#8221; css=&#8221;.vc_custom_1616528862316{margin-bottom: 0px !important;}&#8221;][\/vc_column][\/vc_row][vc_row][vc_column][vc_single_image image=&#8221;20174&#8243; img_size=&#8221;full&#8221; alignment=&#8221;center&#8221; css=&#8221;.vc_custom_1616528954037{margin-bottom: 0px !important;}&#8221;][\/vc_column][vc_column][vc_column_text]<\/p>\n<h2>Soluci\u00f3n de Turnos WhatsApp<\/h2>\n<p>[\/vc_column_text][\/vc_column][vc_column width=&#8221;1\/2&#8243;][vc_column_text]Tenga una soluci\u00f3n de fila virtual integrada con WhatsApp, la aplicaci\u00f3n m\u00e1s popular para mensajer\u00eda instant\u00e1nea. Atraiga y retenga a m\u00e1s clientes ofreciendo una experiencia de espera sin estr\u00e9s.<\/p>\n<p><strong>M\u00e1s de 20 a\u00f1os de experiencia trabajando con una variedad de clientes a nivel mundial<\/strong>[\/vc_column_text][vc_row_inner][vc_column_inner width=&#8221;1\/2&#8243;]<div class=\" ubtn-ctn-left \"><a class=\"ubtn-link ult-adjust-bottom-margin ubtn-left ubtn-normal \" href=\"\/es\/soluciones\/gestion-de-filas\/solucion-de-colas-virtuales-de-whatsapp\/\" ><button type=\"button\" id=\"ubtn-7942\"  class=\"ubtn ult-adjust-bottom-margin ult-responsive ubtn-normal ubtn-no-hover-bg  none  ubtn-left   tooltip-69d2654a583fc\"  data-hover=\"#ffffff\" data-border-color=\"\" data-bg=\"#ff8630\" data-hover-bg=\"#324ecf\" data-border-hover=\"#ff8630\" data-shadow-hover=\"\" data-shadow-click=\"none\" data-shadow=\"\" data-shd-shadow=\"\"  data-ultimate-target='#ubtn-7942'  data-responsive-json-new='{\"font-size\":\"desktop:18px;\",\"line-height\":\"\"}'  style=\"font-family:&#039;Poppins&#039;;font-weight:600;border-radius:5px;border-width:0px;border-color:;border-style:solid;background: #ff8630;color: #ffffff;\"><span class=\"ubtn-data ubtn-icon\"><i class=\"none\" style=\"font-size:32px;color:#ffffff;\"><\/i><\/span><span class=\"ubtn-hover\" style=\"background-color:#324ecf\"><\/span><span class=\"ubtn-data ubtn-text \" >Aprende m\u00e1s<\/span><\/button><\/a><\/div>[\/vc_column_inner][vc_column_inner width=&#8221;1\/2&#8243;]<div class=\" ubtn-ctn-left icon-btn\"><a class=\"ubtn-link ult-adjust-bottom-margin ubtn-left ubtn-normal icon-btn\" href=\"https:\/\/info.wavetec.com\/es\/sistema-corporativo-de-gestion-fila-virtual\" target=\"_blank\" rel=\"noopener\"><button type=\"button\" id=\"ubtn-3810\"  class=\"ubtn ult-adjust-bottom-margin ult-responsive ubtn-normal ubtn-no-hover-bg  none  ubtn-sep-icon ubtn-sep-icon-at-right  ubtn-left   tooltip-69d2654a58481\"  data-hover=\"#23d1f8\" data-border-color=\"#00cef8\" data-bg=\"rgba(219,67,129,0.01)\" data-hover-bg=\"#d5edfe\" data-border-hover=\"#23d1f8\" data-shadow-hover=\"\" data-shadow-click=\"none\" data-shadow=\"\" data-shd-shadow=\"\"  data-ultimate-target='#ubtn-3810'  data-responsive-json-new='{\"font-size\":\"desktop:18px;\",\"line-height\":\"\"}'  style=\"font-family:&#039;Poppins&#039;;font-weight:600;border-radius:5px;border-width:2px;border-color:#00cef8;border-style:solid;background: rgba(219,67,129,0.01);color: #00cef8;\"><span class=\"ubtn-data ubtn-icon\"><i class=\"Defaults-download\" style=\"font-size:32px;color:#00cef8;\"><\/i><\/span><span class=\"ubtn-hover\" style=\"background-color:#d5edfe\"><\/span><span class=\"ubtn-data ubtn-text \" >Descargar folleto<\/span><\/button><\/a><\/div>[\/vc_column_inner][\/vc_row_inner][\/vc_column][vc_column width=&#8221;1\/2&#8243;][vc_column_text]Wavetec es la primera empresa en ofrecer a sus clientes una experiencia \u00fanica con Turnos WhatsApp.[\/vc_column_text][\/vc_column][\/vc_row][vc_row content_placement=&#8221;middle&#8221; bg_type=&#8221;bg_color&#8221; bg_override=&#8221;full&#8221; bg_color_value=&#8221;#f5fbff&#8221;][vc_column width=&#8221;1\/2&#8243;][vc_single_image image=&#8221;20132&#8243; img_size=&#8221;full&#8221; alignment=&#8221;center&#8221; css=&#8221;.vc_custom_1616529102442{margin-bottom: 0px !important;}&#8221;][\/vc_column][vc_column width=&#8221;1\/2&#8243;][vc_column_text]<\/p>\n<h2>Genere un mensaje personalizado en el ticket para difundir medidas preventivas de COVID-19<\/h2>\n<p>Integre sus sistemas con la funci\u00f3n Campaign Manager de Wavetec y comparta mensajes sobre filas virtuales para evitar la propagaci\u00f3n de COVID-19 al entregar un mensaje dirigido con precisi\u00f3n a sus clientes cada vez que visitan su sucursal.[\/vc_column_text][\/vc_column][\/vc_row][vc_row content_placement=&#8221;middle&#8221; bg_type=&#8221;bg_color&#8221; bg_override=&#8221;full&#8221; bg_color_value=&#8221;#f5fbff&#8221;][vc_column width=&#8221;1\/2&#8243;][vc_column_text]<\/p>\n<h2>Anuncio frecuente de medidas para evitar la propagaci\u00f3n del virus y mantener el distanciamiento social.<\/h2>\n<p>Integre su sistema de colas con m\u00faltiples anuncios con respecto a las pautas de seguridad de COVID-19. Estos anuncios frecuentes en sus sucursales, tiendas departamentales, supermercados y hospitales no solo difundir\u00e1n la conciencia, sino que tambi\u00e9n limitar\u00e1n la tasa de infecci\u00f3n y mantendr\u00e1n el distanciamiento social.[\/vc_column_text][\/vc_column][vc_column width=&#8221;1\/2&#8243;][vc_single_image image=&#8221;20168&#8243; img_size=&#8221;full&#8221; alignment=&#8221;center&#8221; css=&#8221;.vc_custom_1616529175897{margin-bottom: 0px !important;}&#8221;][vc_column_text]<audio class=\"wp-audio-shortcode\" id=\"audio-11739-1\" preload=\"none\" style=\"width: 100%;\" controls=\"controls\"><source type=\"audio\/mpeg\" src=\"https:\/\/www.wavetec.com\/wp-content\/uploads\/2020\/04\/covid19announcement.mp3?_=1\" \/><a href=\"https:\/\/www.wavetec.com\/wp-content\/uploads\/2020\/04\/covid19announcement.mp3\">https:\/\/www.wavetec.com\/wp-content\/uploads\/2020\/04\/covid19announcement.mp3<\/a><\/audio>[\/vc_column_text][\/vc_column][\/vc_row][vc_row content_placement=&#8221;middle&#8221; css=&#8221;.vc_custom_1616529511680{margin-bottom: 40px !important;}&#8221;][vc_column][vc_single_image image=&#8221;20162&#8243; img_size=&#8221;full&#8221; alignment=&#8221;center&#8221; css=&#8221;.vc_custom_1616529203972{margin-bottom: 0px !important;}&#8221;][vc_column_text]<\/p>\n<h2>Practique el distanciamiento social y cambie a Customer Journey basado en citas previas<\/h2>\n<p>La plataforma de programaci\u00f3n de citas previas de Wavetec proporciona a sus clientes un portal para reservar una cita en l\u00ednea y le permite realizar un seguimiento y administrar esas citas. Esto reduce considerablemente el tiempo de espera de los clientes.[\/vc_column_text][\/vc_column][\/vc_row][vc_row][vc_column]<div class=\"templatera_shortcode\"><\/div>[\/vc_column][\/vc_row][vc_row content_placement=&#8221;middle&#8221; bg_type=&#8221;image&#8221; parallax_style=&#8221;vcpb-default&#8221; bg_image_new=&#8221;id^16314|url^https:\/\/www.wavetec.com\/wp-content\/uploads\/2020\/11\/vector-circle-1.png|caption^null|alt^null|title^vector-circle|description^null&#8221; bg_image_repeat=&#8221;no-repeat&#8221; bg_image_size=&#8221;initial&#8221; bg_image_posiiton=&#8221;right bottom&#8221; bg_override=&#8221;full&#8221;][vc_column width=&#8221;5\/12&#8243;][vc_column_text]<\/p>\n<h2>Wavetec Blog<\/h2>\n<p>Continuamente blogs, entrevistas y art\u00edculos de opini\u00f3n, de investigacion y centrados en la industria.<br \/>\nSuscr\u00edbete para mantenerte actualizado.[\/vc_column_text]<div class=\" ubtn-ctn-left \"><a class=\"ubtn-link ult-adjust-bottom-margin ubtn-left ubtn-normal \" href=\"https:\/\/blog.wavetec.com\/es\" target=\"_blank\" rel=\"noopener\"><button type=\"button\" id=\"ubtn-7959\"  class=\"ubtn ult-adjust-bottom-margin ult-responsive ubtn-normal ubtn-no-hover-bg  none  ubtn-left   tooltip-69d2654a595b7\"  data-hover=\"#ffffff\" data-border-color=\"\" data-bg=\"#ff8630\" data-hover-bg=\"#324ecf\" data-border-hover=\"\" data-shadow-hover=\"\" data-shadow-click=\"none\" data-shadow=\"\" data-shd-shadow=\"\"  data-ultimate-target='#ubtn-7959'  data-responsive-json-new='{\"font-size\":\"desktop:18px;\",\"line-height\":\"\"}'  style=\"font-family:&#039;Poppins&#039;;font-weight:600;border-radius:5px;border-width:0px;border-color:;border-style:solid;background: #ff8630;color: #ffffff;\"><span class=\"ubtn-hover\" style=\"background-color:#324ecf\"><\/span><span class=\"ubtn-data ubtn-text \" >Explora m\u00e1s<\/span><\/button><\/a><\/div>[\/vc_column][\/vc_row][vc_row][vc_column]<div id=\"modal-trg-txt-wrap-2364\" class=\"ult-modal-input-wrapper ult-adjust-bottom-margin    \" data-keypress-control=\"keypress-control-enable\" data-overlay-control=\"overlay-control-enable\"><span data-class-id=\"content-69d2654a596b07-12745043\"><\/span>\n\t\t\t\t<script type=\"text\/javascript\">\n\t\t\t\t(function($){\n\t\t\t\t\t$(document).ready(function(){\n\t\t\t\t\t\tvar selector = \".watch\";\n\t\t\t\t\t\t$(selector).addClass(\"custom-ult-modal overlay-show\");\n\t\t\t\t\t\t$(selector).attr(\"data-class-id\", \"content-69d2654a596b07-12745043\");\n\t\t\t\t\t\t$(selector).attr(\"data-overlay-class\", \"overlay-fade\");\n\t\t\t\t\t\t$(selector).attr(\"data-keypress-control\", \"keypress-control-enable\");\n\t\t\t\t\t\t$(selector).attr(\"data-overlay-control\", \"overlay-control-enable\");\n\t\t\t\t\t});\n\t\t\t\t})(jQuery);\n\t\t\t\t<\/script><\/div>\n<div class=\"ult-overlay content-69d2654a596b07-12745043 \" data-class=\"content-69d2654a596b07-12745043\" id=\"button-click-overlay\" style=\"background:rgba(51,51,51,0.8); display:none;\">\n\t<div class=\"ult_modal ult-fade ult-medium\">\n\t\t<div id=\"ult-modal-wrap-8680\" class=\"ult_modal-content ult-hide\" style=\"border-style:solid;border-width:2px;border-radius:0px;border-color:#333333;\">\n\t\t\t<div  data-ultimate-target='#ult-modal-wrap-8680 .ult_modal-body'  data-responsive-json-new='{\"font-size\":\"\",\"line-height\":\"\"}'  class=\"ult_modal-body ult-responsive ult-youtube\" style=\"\">\n\t\t\t<iframe loading=\"lazy\" title=\"YouTube video player\" src=\"https:\/\/www.youtube.com\/embed\/QwUXCXHh11g\" width=\"100%\" height=\"450\" frameborder=\"0\" allowfullscreen=\"allowfullscreen\" data-mce-fragment=\"1\"><span data-mce-type=\"bookmark\" style=\"display: inline-block; width: 0px; overflow: hidden; line-height: 0;\" class=\"mce_SELRES_start\">\ufeff<\/span><\/iframe>\n\t\t\t<\/div>\n\t<\/div>\n\t<\/div>\n\t<div class=\"ult-overlay-close top-right\" style=\"width:80px;height:80px; \"><div class=\"ult-overlay-close-inside\">Close<\/div><\/div>\n<\/div>[\/vc_column][\/vc_row]<\/p>\n","protected":false},"excerpt":{"rendered":"","protected":false},"author":1,"featured_media":11749,"parent":0,"menu_order":0,"comment_status":"open","ping_status":"open","template":"","meta":{"content-type":"","footnotes":""},"class_list":["post-11739","page","type-page","status-publish","has-post-thumbnail","hentry"],"acf":[],"_links":{"self":[{"href":"https:\/\/www.wavetec.com\/es\/wp-json\/wp\/v2\/pages\/11739","targetHints":{"allow":["GET"]}}],"collection":[{"href":"https:\/\/www.wavetec.com\/es\/wp-json\/wp\/v2\/pages"}],"about":[{"href":"https:\/\/www.wavetec.com\/es\/wp-json\/wp\/v2\/types\/page"}],"author":[{"embeddable":true,"href":"https:\/\/www.wavetec.com\/es\/wp-json\/wp\/v2\/users\/1"}],"replies":[{"embeddable":true,"href":"https:\/\/www.wavetec.com\/es\/wp-json\/wp\/v2\/comments?post=11739"}],"version-history":[{"count":0,"href":"https:\/\/www.wavetec.com\/es\/wp-json\/wp\/v2\/pages\/11739\/revisions"}],"wp:featuredmedia":[{"embeddable":true,"href":"https:\/\/www.wavetec.com\/es\/wp-json\/wp\/v2\/media\/11749"}],"wp:attachment":[{"href":"https:\/\/www.wavetec.com\/es\/wp-json\/wp\/v2\/media?parent=11739"}],"curies":[{"name":"wp","href":"https:\/\/api.w.org\/{rel}","templated":true}]}}