{"id":11656,"date":"2020-03-30T09:27:52","date_gmt":"2020-03-30T09:27:52","guid":{"rendered":"https:\/\/test.wavetec.com\/?page_id=11656"},"modified":"2020-06-18T06:37:16","modified_gmt":"2020-06-18T06:37:16","slug":"covid-19","status":"publish","type":"page","link":"https:\/\/www.wavetec.com\/es\/covid-19\/","title":{"rendered":"COVID &#8211; 19"},"content":{"rendered":"<p>[vc_row full_height=&#8221;yes&#8221; bg_type=&#8221;image&#8221; parallax_style=&#8221;vcpb-vz-jquery&#8221; bg_image_new=&#8221;id^11703|url^https:\/\/www.wavetec.com\/wp-content\/uploads\/2020\/03\/Banner-1600-2.png|caption^null|alt^null|title^Banner-1600 (2)|description^null&#8221; bg_image_repeat=&#8221;no-repeat&#8221; bg_override=&#8221;full&#8221; ult_hide_row=&#8221;ult_hide_row_value&#8221; ult_hide_row_tablet=&#8221;tablet&#8221; ult_hide_row_tablet_small=&#8221;xs_tablet&#8221; ult_hide_row_mobile=&#8221;mobile&#8221; ult_hide_row_mobile_large=&#8221;xl_mobile&#8221;][vc_column][\/vc_column][\/vc_row][vc_row full_width=&#8221;stretch_row_content_no_spaces&#8221; bg_type=&#8221;bg_color&#8221; bg_override=&#8221;full&#8221; ult_hide_row=&#8221;ult_hide_row_value&#8221; ult_hide_row_large_screen=&#8221;large_screen&#8221; ult_hide_row_desktop=&#8221;desktop&#8221;][vc_column][vc_single_image image=&#8221;11703&#8243; img_size=&#8221;full&#8221; alignment=&#8221;center&#8221; css=&#8221;.vc_custom_1584723938630{margin-bottom: 0px !important;}&#8221;][\/vc_column][\/vc_row][vc_row css=&#8221;.vc_custom_1584699521476{margin-top: 20px !important;}&#8221;][vc_column width=&#8221;2\/3&#8243;][vc_column_text]<span style=\"font-weight: 400;\">A Nuestros Estimados Clientes<\/span><\/p>\n<p><span style=\"font-weight: 400;\">Quer\u00edamos entregarle una actualizaci\u00f3n sobre las acciones que est\u00e1 tomando Wavetec con respecto a la amenaza a la salud global relacionada con el Coronavirus conocido como COVID-19, la cual estamos monitoreando de cerca y en tiempo real.<\/span><\/p>\n<p><span style=\"font-weight: 400;\">Nuestro foco est\u00e1 en la seguridad y bienestar de nuestros empleados, quienes son el pilar fundamental para poder apoyarlos a ustedes, a su empresa as\u00ed como a las zonas donde operamos. Nuestra segunda \u00e1rea principal de preocupaci\u00f3n es es la seguridad y la continuidad de nuestro servicio a nuestros clientes<\/span><\/p>\n<p><span style=\"font-weight: 400;\">Todo el equipo de Wavetec esta totalmente operativo, todos tienen acceso a correos electr\u00f3nicos y estan en linea como siempre desde sus equipos port\u00e1tiles y sus tel\u00e9fonos celulares<\/span><\/p>\n<p><span style=\"font-weight: 400;\">Hemos implementado un n\u00famero de acciones a nuestro equipo de trabajo, que incluyen:<\/span><\/p>\n<ul>\n<li style=\"font-weight: 400;\"><span style=\"font-weight: 400;\">Instituir pautas para limitar la propagaci\u00f3n del virus y mantener a nuestros empleados saludables, es decir, trabajo desde la casa en \u00e1reas designadas.<\/span><\/li>\n<li style=\"font-weight: 400;\"><span style=\"font-weight: 400;\">Proporcionar comunicaci\u00f3n continua y transparente para nuestros empleados sobre planes de continuidad y nuevas medidas preventivas<\/span><\/li>\n<li style=\"font-weight: 400;\"><span style=\"font-weight: 400;\">Implementaci\u00f3n de restricciones de acceso en nuestras instalaciones a nivel global, incluyendo acceso limitado de visitantes para nuestras oficinas y plantas de producci\u00f3n<\/span><\/li>\n<li style=\"font-weight: 400;\"><span style=\"font-weight: 400;\">Restricci\u00f3n de todos los viajes de trabajo<\/span><\/li>\n<li style=\"font-weight: 400;\"><span style=\"font-weight: 400;\">Brindar orientaci\u00f3n de seguridad y suministros apropiados para nuestros empleados de campo y de su naturaleza de trabajo est\u00e9 en l\u00ednea con los controles de prevenci\u00f3n de enfermedades (CDC) y la OMS<\/span><\/li>\n<\/ul>\n<p><span style=\"font-weight: 400;\">Desde un punto de vista de producci\u00f3n, nuestra empresa tiene una amplia capacidad de producci\u00f3n global, con gran parte de esta en China y Dubai. Tambi\u00e9n estamos monitoreando activamente y gestionando cualquier problema en la cadena de suministro. Como cualquier proveedor de tecnolog\u00eda, dependemos un poco de componentes electr\u00f3nicos que salen de China y Dubai.<\/span><\/p>\n<p><span style=\"font-weight: 400;\">La continuidad operacional de nuestros clientes es una prioridad clave. Queremos minimizar cualquier interrupci\u00f3n de servicio que impacte su negocio. Nuestro objetivo es ofrecer el nivel de calidad, capacidad de respuesta y soporte que se espera de Wavetec<\/span><\/p>\n<p>Regards,<br \/>\n<strong>CEO Wavetec Group.<\/strong><\/p>\n<p>Aqu\u00ed puede encontrar nuestros datos de contacto m\u00f3vil en caso de escalamientos y\/o emergencias[\/vc_column_text][\/vc_column][vc_column width=&#8221;1\/3&#8243; css=&#8221;.vc_custom_1584691187631{border-top-width: 1px !important;border-right-width: 1px !important;border-bottom-width: 1px !important;border-left-width: 1px !important;background-color: #f7f7f7 !important;border-left-color: #d8d8d8 !important;border-left-style: solid !important;border-right-color: #d8d8d8 !important;border-right-style: solid !important;border-top-color: #d8d8d8 !important;border-top-style: solid !important;border-bottom-color: #d8d8d8 !important;border-bottom-style: solid !important;}&#8221;][vc_column_text]<\/p>\n<h2>Recursos Relacionados<\/h2>\n<p>[\/vc_column_text][vc_column_text]<span style=\"color: #3366ff;\"><a style=\"color: #3366ff;\" href=\"https:\/\/www.wavetec.com\/es\/news\/proteja-a-sus-clientes-y-empleados\/\">Proteja a Sus Clientes y Empleados<\/a><\/span>[\/vc_column_text][\/vc_column][\/vc_row][vc_row gap=&#8221;15&#8243; equal_height=&#8221;yes&#8221;][vc_column width=&#8221;1\/4&#8243; css=&#8221;.vc_custom_1584703812258{border-top-width: 1px !important;border-right-width: 1px !important;border-bottom-width: 1px !important;border-left-width: 1px !important;background-color: #f4f4f4 !important;border-left-color: #dbdbdb !important;border-left-style: solid !important;border-right-color: #dbdbdb !important;border-right-style: solid !important;border-top-color: #dbdbdb !important;border-top-style: solid !important;border-bottom-color: #dbdbdb !important;border-bottom-style: solid !important;}&#8221;][vc_column_text]<\/p>\n<h3><strong>Barcelona<\/strong><\/h3>\n<p>Perell\u00f3 74<br \/>\nBarcelona &#8211; 08005<br \/>\nSpain<br \/>\nTel : +34 665354764<\/p>\n<p><strong>Support<\/strong><br \/>\nStefano Tucci<br \/>\nstefano.tucci@test.wavetec.com<br \/>\n+34 673 5882 07<\/p>\n<p><strong>Sales<\/strong><br \/>\nLeandro Blank<br \/>\nleandro.blank@test.wavetec.com<br \/>\n+34 665 35 47 64[\/vc_column_text][\/vc_column][vc_column width=&#8221;1\/4&#8243; css=&#8221;.vc_custom_1584703892244{border-top-width: 1px !important;border-right-width: 1px !important;border-bottom-width: 1px !important;border-left-width: 1px !important;background-color: #f4f4f4 !important;border-left-color: #dbdbdb !important;border-left-style: solid !important;border-right-color: #dbdbdb !important;border-right-style: solid !important;border-top-color: #dbdbdb !important;border-top-style: solid !important;border-bottom-color: #dbdbdb !important;border-bottom-style: solid !important;}&#8221;][vc_column_text]<\/p>\n<h3><strong>Dubai<\/strong><\/h3>\n<p>Wavetec FZCO, Industrial License No. 175, Light Industrial Unit # 9,<br \/>\nDubai Silicon Oasis, P.O. Box 341133<br \/>\nDubai, United Arab Emirates<\/p>\n<p>Tel. +971 (4) 326 31 93<\/p>\n<p><strong>Support<\/strong><br \/>\nRahat Ullah Shinwari<br \/>\nsupport.uae@test.wavetec.com<br \/>\nrahat.shinwari@test.wavetec.com<br \/>\n+971 52 9355678<\/p>\n<p><strong>Sales<\/strong><br \/>\nJawad Iqbal<br \/>\njawad.iqbal@test.wavetec.com<br \/>\n+971 50 5486362<br \/>\nsales@test.wavetec.com[\/vc_column_text][\/vc_column][vc_column width=&#8221;1\/4&#8243; css=&#8221;.vc_custom_1584703917035{border-top-width: 1px !important;border-right-width: 1px !important;border-bottom-width: 1px !important;border-left-width: 1px !important;background-color: #f4f4f4 !important;border-left-color: #dbdbdb !important;border-left-style: solid !important;border-right-color: #dbdbdb !important;border-right-style: solid !important;border-top-color: #dbdbdb !important;border-top-style: solid !important;border-bottom-color: #dbdbdb !important;border-bottom-style: solid !important;}&#8221;][vc_column_text]<\/p>\n<h3><strong>Karachi<\/strong><\/h3>\n<p>245-N, block 6, PECHS,<br \/>\nKarachi, 75400, Pakistan<br \/>\n+92-21-111-111-133<\/p>\n<p><strong>Support<\/strong><br \/>\nOmer Malik<br \/>\nomer.malik@test.wavetec.com<br \/>\n+92 333 3197189<\/p>\n<p><strong>Sales<\/strong><br \/>\nAyaz Faiz<br \/>\nayaz.faiz@test.wavetec.com<br \/>\nsales@test.wavetec.com<br \/>\n+92 333 2379809[\/vc_column_text][\/vc_column][vc_column width=&#8221;1\/4&#8243; css=&#8221;.vc_custom_1584703944236{border-top-width: 1px !important;border-right-width: 1px !important;border-bottom-width: 1px !important;border-left-width: 1px !important;background-color: #f4f4f4 !important;border-left-color: #dbdbdb !important;border-left-style: solid !important;border-right-color: #dbdbdb !important;border-right-style: solid !important;border-top-color: #dbdbdb !important;border-top-style: solid !important;border-bottom-color: #dbdbdb !important;border-bottom-style: solid !important;}&#8221;][vc_column_text]<\/p>\n<h3><strong>Lima Peru<\/strong><\/h3>\n<p>Wavetec Per\u00fa SAC.<br \/>\n(RUC 20554201734)<br \/>\nCalle Las Dalias NRO 161<br \/>\nINT A \u2013 MIRAFLORES \u2013 LIMA<br \/>\n+51 958 492 148<\/p>\n<p><strong>Support:<\/strong><br \/>\nJulio Rivera Loyola<br \/>\njulio.rivera@test.wavetec.com<br \/>\n+51 927 232 875<\/p>\n<p><strong>Sales:<\/strong><br \/>\nBilal Akhtar<br \/>\nbilal.akhtar@test.wavetec.com<br \/>\n+51 958 392 148[\/vc_column_text][\/vc_column][\/vc_row][vc_row gap=&#8221;15&#8243; equal_height=&#8221;yes&#8221; css=&#8221;.vc_custom_1584704313114{margin-bottom: 20px !important;}&#8221;][vc_column width=&#8221;1\/4&#8243; css=&#8221;.vc_custom_1584704080506{border-top-width: 1px !important;border-right-width: 1px !important;border-bottom-width: 1px !important;border-left-width: 1px !important;background-color: #f4f4f4 !important;border-left-color: #dbdbdb !important;border-left-style: solid !important;border-right-color: #dbdbdb !important;border-right-style: solid !important;border-top-color: #dbdbdb !important;border-top-style: solid !important;border-bottom-color: #dbdbdb !important;border-bottom-style: solid !important;}&#8221;][vc_column_text]<\/p>\n<h3><strong>Mexico<\/strong><\/h3>\n<p>Paseo de la Reforma 250 Piso 9,<br \/>\nJu\u00e1rez, 06600<br \/>\nCiudad de M\u00e9xico, CDMX<br \/>\n+52 (55) 3600 &#8211; 7268<\/p>\n<p><strong>Support<\/strong><br \/>\njose.martinez@test.wavetec.com<br \/>\n+52 1 55 4404 5930<\/p>\n<p><strong>Sales<\/strong><br \/>\ngerman.martinez@test.wavetec.com<br \/>\nsales@test.wavetec.com<br \/>\n+52 55 8421 5829[\/vc_column_text][\/vc_column][vc_column width=&#8221;1\/4&#8243; css=&#8221;.vc_custom_1584704174766{border-top-width: 1px !important;border-right-width: 1px !important;border-bottom-width: 1px !important;border-left-width: 1px !important;background-color: #f4f4f4 !important;border-left-color: #dbdbdb !important;border-left-style: solid !important;border-right-color: #dbdbdb !important;border-right-style: solid !important;border-top-color: #dbdbdb !important;border-top-style: solid !important;border-bottom-color: #dbdbdb !important;border-bottom-style: solid !important;}&#8221;][vc_column_text]<\/p>\n<h3><strong>Riyadh<\/strong><\/h3>\n<p>P.O. Box: 50213 Zip Code: 11523<br \/>\nSuite #A13, Musaed Al-Angari<br \/>\nSt.\u2013 Off Arouba Road, Sulaymaniah<br \/>\nRiyadh, Kingdom of Saudi Arabia<br \/>\n+966569269187<\/p>\n<p><strong>Support<\/strong><br \/>\nTalat Butt<br \/>\ntalat.mahmood@test.wavetec.com<br \/>\n+966 53 875 7518<\/p>\n<p><strong>Sales<\/strong><br \/>\nMohammed Shahin<br \/>\nmohammed.shahin@test.wavetec.com.sa<br \/>\n+966 55 370 1744[\/vc_column_text][\/vc_column][vc_column width=&#8221;1\/4&#8243; css=&#8221;.vc_custom_1584704197465{border-top-width: 1px !important;border-right-width: 1px !important;border-bottom-width: 1px !important;border-left-width: 1px !important;background-color: #f4f4f4 !important;border-left-color: #dbdbdb !important;border-left-style: solid !important;border-right-color: #dbdbdb !important;border-right-style: solid !important;border-top-color: #dbdbdb !important;border-top-style: solid !important;border-bottom-color: #dbdbdb !important;border-bottom-style: solid !important;}&#8221;][vc_column_text]<\/p>\n<h3><strong>Santiago<\/strong><\/h3>\n<p>Los Militares 4611 10th Floor,<br \/>\nLas Condes, Santiago de Chile,<br \/>\nRegi\u00f3n Metropolitana<br \/>\n+56 2 3328 2696<\/p>\n<p><strong>Support<\/strong><br \/>\nrodolfo.soto@test.wavetec.com<br \/>\n+56 9 6905 8594<\/p>\n<p><strong>Sales<\/strong><br \/>\ngerman.martinez@test.wavetec.com<br \/>\nsales@test.wavetec.com<br \/>\n+56 9 78871613[\/vc_column_text][\/vc_column][vc_column width=&#8221;1\/4&#8243; css=&#8221;.vc_custom_1584704140964{border-top-width: 1px !important;border-right-width: 1px !important;border-bottom-width: 1px !important;border-left-width: 1px !important;background-color: #f4f4f4 !important;border-left-color: #dbdbdb !important;border-left-style: solid !important;border-right-color: #dbdbdb !important;border-right-style: solid !important;border-top-color: #dbdbdb !important;border-top-style: solid !important;border-bottom-color: #dbdbdb !important;border-bottom-style: solid !important;}&#8221;][vc_column_text]<\/p>\n<h3><strong>Nairobi<\/strong><\/h3>\n<p>Office Suite 2&amp;3, 7th Floor,<br \/>\nFORTIS Suites, Hospital Road,<br \/>\nUpper hill, Nairobi,<br \/>\nKenya.<\/p>\n<p><strong>Support<\/strong><br \/>\nHenok Delellegn<br \/>\nhenok.delellegn@test.wavetec.com<br \/>\n+254 708 729658<\/p>\n<p><strong>Sales<\/strong><br \/>\nVeronicah Tindi<br \/>\nveronicah.tindi@test.wavetec.com<\/p>\n<p>Sadiq Hassan<br \/>\nSadiq.Hassan@test.wavetec.com<br \/>\n+254 703 877303 +254 20 2710535 +254 703 877303[\/vc_column_text][\/vc_column][\/vc_row][vc_row bg_type=&#8221;image&#8221; parallax_style=&#8221;vcpb-default&#8221; bg_image_new=&#8221;id^9329|url^https:\/\/www.wavetec.com\/wp-content\/uploads\/2018\/06\/correction-form-01.jpg|caption^null|alt^null|title^correction-form-01|description^null&#8221; bg_image_repeat=&#8221;no-repeat&#8221; bg_override=&#8221;full&#8221;][vc_column width=&#8221;5\/12&#8243;][vc_column_text]<\/p>\n<p style=\"font-family: Raleway; font-size: 43.01px; color: #ffffff; line-height: 53.76px; text-align: left;\">Talk to a Human<\/p>\n<p style=\"font-size: 14.33px; color: #ffffff;\">Have questions about solutions? Our entire team specializes to ensure you&#8217;re receiving the best information possible. From basic questions to complex inquiries, we&#8217;re here to help!<\/p>\n<p><strong><a style=\"color: #ffffff; font-size: 17px;\" href=\"mailto:sales@test.wavetec.com\">sales@test.wavetec.com<\/a><\/strong><\/p>\n<p style=\"font-family: Raleway; font-size: 30px; color: #ffffff; line-height: 34px; text-align: left;\">Already a customer? Contact support services<\/p>\n<p style=\"font-size: 14.33px; color: #ffffff;\">Our customer support services are the best in the biz, with a 90% customer satisfaction rating. They\u2019re standing by to help you.<\/p>\n<p>[\/vc_column_text]<div class=\" ubtn-ctn-left \"><a class=\"ubtn-link ult-adjust-bottom-margin ubtn-left ubtn-custom \" href=\"https:\/\/support.mywavetec.com\/portal\/signin#newticket\" target=\"_blank\" rel=\"noopener\"><button type=\"button\" id=\"ubtn-1106\"  class=\"ubtn ult-adjust-bottom-margin ult-responsive ubtn-custom ubtn-no-hover-bg  none  ubtn-sep-icon ubtn-sep-icon-at-left  ubtn-left   tooltip-69e34650549d6\"  data-hover=\"\" data-border-color=\"#ffffff\" data-bg=\"\" data-hover-bg=\"\" data-border-hover=\"\" data-shadow-hover=\"\" data-shadow-click=\"none\" data-shadow=\"\" data-shd-shadow=\"\"  data-ultimate-target='#ubtn-1106'  data-responsive-json-new='{\"font-size\":\"desktop:14px;\",\"line-height\":\"\"}'  style=\"font-family:&#039;Raleway&#039;;font-weight:600;width:250px;min-height:43px;padding:px px;border-radius:50px;border-width:2px;border-color:#ffffff;border-style:solid;color: #ffffff;\"><span class=\"ubtn-data ubtn-icon\"><i class=\"Defaults-ticket\" style=\"font-size:26px;color:#ffffff;\"><\/i><\/span><span class=\"ubtn-hover\" style=\"background-color:\"><\/span><span class=\"ubtn-data ubtn-text \" >Open a Ticket<\/span><\/button><\/a><\/div><div class=\" ubtn-ctn-left whatsapp\"><a class=\"ubtn-link ult-adjust-bottom-margin ubtn-left ubtn-custom whatsapp\" href=\"https:\/\/wa.me\/97143263193\" target=\"_blank\" rel=\"noopener\"><button type=\"button\" id=\"ubtn-2528\"  class=\"ubtn ult-adjust-bottom-margin ult-responsive ubtn-custom ubtn-fade-bg  none  ubtn-sep-icon ubtn-sep-icon-at-left  ubtn-left   tooltip-69e3465054af0 ubtn-tooltip right\" data-toggle=\"tooltip\" data-placement=\"right\" title=\"Get Support on WhatsApp\" data-hover=\"\" data-border-color=\"#ffffff\" data-bg=\"#40c351\" data-hover-bg=\"\" data-border-hover=\"\" data-shadow-hover=\"\" data-shadow-click=\"none\" data-shadow=\"\" data-shd-shadow=\"\"  data-ultimate-target='#ubtn-2528'  data-responsive-json-new='{\"font-size\":\"desktop:14px;\",\"line-height\":\"\"}'  style=\"font-family:&#039;Raleway&#039;;font-weight:600;width:250px;min-height:43px;padding:px px;border-radius:50px;border-width:2px;border-color:#ffffff;border-style:solid;background: #40c351;color: #ffffff;\"><span class=\"ubtn-data ubtn-icon\"><i class=\"WhatsApp-whatsapp\" style=\"font-size:26px;color:#ffffff;\"><\/i><\/span><span class=\"ubtn-hover\" style=\"background-color:\"><\/span><span class=\"ubtn-data ubtn-text \" >Get Prompt Support<\/span><\/button><\/a><\/div><script>\n\t\t\t\t\tjQuery(function () {\n\t\t\t\t\t\tjQuery(\".tooltip-69e3465054af0\").bsf_tooltip();\n\t\t\t\t\t})\n\t\t\t\t<\/script>[\/vc_column][vc_column width=&#8221;5\/12&#8243;][vc_raw_html]JTNDJTIxLS0lNUJpZiUyMGx0ZSUyMElFJTIwOCU1RCUzRSUwQSUzQ3NjcmlwdCUyMGNoYXJzZXQlM0QlMjJ1dGYtOCUyMiUyMHR5cGUlM0QlMjJ0ZXh0JTJGamF2YXNjcmlwdCUyMiUyMHNyYyUzRCUyMiUyRiUyRmpzLmhzZm9ybXMubmV0JTJGZm9ybXMlMkZ2Mi1sZWdhY3kuanMlMjIlM0UlM0MlMkZzY3JpcHQlM0UlMEElM0MlMjElNUJlbmRpZiU1RC0tJTNFJTBBJTNDc2NyaXB0JTIwY2hhcnNldCUzRCUyMnV0Zi04JTIyJTIwdHlwZSUzRCUyMnRleHQlMkZqYXZhc2NyaXB0JTIyJTIwc3JjJTNEJTIyJTJGJTJGanMuaHNmb3Jtcy5uZXQlMkZmb3JtcyUyRnYyLmpzJTIyJTNFJTNDJTJGc2NyaXB0JTNFJTBBJTNDc2NyaXB0JTNFJTBBJTIwJTIwaGJzcHQuZm9ybXMuY3JlYXRlJTI4JTdCJTIwJTBBJTIwJTIwJTIwJTIwY3NzJTNBJTIwJTI3JTI3JTJDJTBBJTIwJTIwJTIwJTIwcG9ydGFsSWQlM0ElMjAlMjcxNzk3NjI1JTI3JTJDJTBBJTIwJTIwJTIwJTIwZm9ybUlkJTNBJTIwJTI3YjdmZTdkYjktYzRjOC00NGJiLWFkNWEtY2FhMDFiZTg3M2NhJTI3JTBBJTIwJTIwJTdEJTI5JTNCJTBBJTNDJTJGc2NyaXB0JTNFJTBB[\/vc_raw_html][\/vc_column][\/vc_row][vc_row][vc_column css=&#8221;.vc_custom_1554376908061{margin-bottom: -35px !important;padding-top: 0px !important;padding-bottom: 0px !important;}&#8221;]<div class=\"templatera_shortcode\"><div class=\"vc_row wpb_row vc_row-fluid footerhome vc_custom_1554376101973\"><div class=\"wpb_column vc_column_container vc_col-sm-2\"><div class=\"vc_column-inner\"><div class=\"wpb_wrapper\">\n\t<div class=\"wpb_text_column wpb_content_element \" >\n\t\t<div class=\"wpb_wrapper\">\n\t\t\t<p><span style=\"color: #ffffff;\">ABOUT US<\/span><\/p>\n<p><a href=\"https:\/\/www.wavetec.com\/about-us\/\">Company<\/a><br \/>\n<a href=\"https:\/\/www.wavetec.com\/about-us\/careers\/\">Careers<\/a><br \/>\n<a href=\"https:\/\/www.wavetec.com\/about-us\/why-wavetec\/\">Why Wavetec<\/a><br \/>\n<a href=\"https:\/\/www.wavetec.com\/about-us\/why-wavetec\/\">Global Presence<\/a><br \/>\n<a href=\"https:\/\/www.wavetec.com\/about-us\/\">Our Clients<\/a><br \/>\n<a href=\"https:\/\/www.wavetec.com\/about-us\/\">Innovation<\/a><br \/>\n<a href=\"https:\/\/www.wavetec.com\/about-us\/\">Certification &amp; Partners<\/a><\/p>\n\n\t\t<\/div>\n\t<\/div>\n<\/div><\/div><\/div><div class=\"wpb_column vc_column_container vc_col-sm-2\"><div class=\"vc_column-inner\"><div class=\"wpb_wrapper\">\n\t<div class=\"wpb_text_column wpb_content_element \" >\n\t\t<div class=\"wpb_wrapper\">\n\t\t\t<p><span style=\"color: #ffffff;\">PRODUCTS<\/span><\/p>\n<p><a href=\"https:\/\/www.wavetec.com\/solutions\/queue-management\/\">Queue Management<\/a><br \/>\n\u2013 <a href=\"https:\/\/www.wavetec.com\/solutions\/queue-management\/covid-19-safe-q-virtual-queuing-solutions\/\">Virtual Queuing<\/a><br \/>\n- <a href=\"\/solutions\/queue-management\/covid-19-safe-q-virtual-queuing-solutions\/\">COVID-19 Virtual Queue Management<\/a><br \/>\n\u2013 <a href=\"https:\/\/www.wavetec.com\/solutions\/queue-management\/linear-queuing\/\">Linear Queuing<\/a><br \/>\n\u2013 <a href=\"https:\/\/www.wavetec.com\/solutions\/queue-management\/mobile-queuing\/\">Mobile Queuing<\/a><br \/>\n- <a href=\"https:\/\/www.wavetec.com\/solutions\/queue-management\/whatsapp-virtual-queuing-solution\/\">WhatsApp Queuing<\/a><br \/>\n<a href=\"https:\/\/www.wavetec.com\/solutions\/smart-online-appointment-booking-and-scheduling-software\/\">Online Appointment<\/a><br \/>\n<a href=\"https:\/\/www.wavetec.com\/solutions\/people-counting\/\">People Counting<\/a><br \/>\n<a href=\"https:\/\/www.wavetec.com\/solutions\/digital-signage\/\">Digital Signage<\/a><br \/>\n<a href=\"https:\/\/www.wavetec.com\/solutions\/customer-feedback\/\">Customer Feedback<\/a><br \/>\n<a href=\"https:\/\/www.wavetec.com\/solutions\/information-display-system\/\">Information Displays<\/a><br \/>\n<a href=\"https:\/\/www.wavetec.com\/solutions\/self-service-kiosks\/\">Self Service Kiosks<\/a><\/p>\n\n\t\t<\/div>\n\t<\/div>\n<\/div><\/div><\/div><div class=\"wpb_column vc_column_container vc_col-sm-2\"><div class=\"vc_column-inner\"><div class=\"wpb_wrapper\">\n\t<div class=\"wpb_text_column wpb_content_element \" >\n\t\t<div class=\"wpb_wrapper\">\n\t\t\t<p><span style=\"color: #ffffff;\">SOLUTIONS<\/span><\/p>\n<p><a href=\"https:\/\/www.wavetec.com\/smarter-queuing-experience\/\">COVID-19 Solutions<\/a><br \/>\n<a href=\"https:\/\/www.wavetec.com\/solutions\/customer-experience-solutions\/\">Customer Experience Solutions<\/a><br \/>\n<a href=\"https:\/\/www.wavetec.com\/solutions\/financial-market-displays\/\">Financial Market Displays<\/a><br \/>\n<a href=\"https:\/\/www.wavetec.com\/solutions\/service-area-design\/\">Service Area Design<\/a><br \/>\n<a href=\"https:\/\/www.wavetec.com\/solutions\/know-your-customer\/\">Know your customer<\/a><\/p>\n\n\t\t<\/div>\n\t<\/div>\n<\/div><\/div><\/div><div class=\"wpb_column vc_column_container vc_col-sm-2\"><div class=\"vc_column-inner\"><div class=\"wpb_wrapper\">\n\t<div class=\"wpb_text_column wpb_content_element \" >\n\t\t<div class=\"wpb_wrapper\">\n\t\t\t<p><span style=\"color: #ffffff;\">INDUSTRIES<\/span><\/p>\n<p><a href=\"https:\/\/www.wavetec.com\/industries\/airports-and-airlines\/\">Airports and Airlines<\/a><br \/>\n<a href=\"https:\/\/www.wavetec.com\/industries\/banking\/\">Banking<\/a><br \/>\n<a href=\"https:\/\/www.wavetec.com\/industries\/dmv\/\">DMV<\/a><br \/>\n<a href=\"https:\/\/www.wavetec.com\/industries\/education\/\">Education<\/a><br \/>\n<a href=\"https:\/\/www.wavetec.com\/industries\/healthcare\/\">Healthcare<\/a><br \/>\n<a href=\"https:\/\/www.wavetec.com\/industries\/government\/\">Government<\/a><br \/>\n<a href=\"https:\/\/www.wavetec.com\/industries\/retail\/\">Retail<\/a><br \/>\n<a href=\"https:\/\/www.wavetec.com\/industries\/stock-exchange\/\">Stock Exchange<\/a><br \/>\n<a href=\"https:\/\/www.wavetec.com\/industries\/telecom\/\">Telecom<\/a><\/p>\n\n\t\t<\/div>\n\t<\/div>\n<\/div><\/div><\/div><div class=\"wpb_column vc_column_container vc_col-sm-2\"><div class=\"vc_column-inner\"><div class=\"wpb_wrapper\">\n\t<div class=\"wpb_text_column wpb_content_element \" >\n\t\t<div class=\"wpb_wrapper\">\n\t\t\t<p><span style=\"color: #ffffff;\">MEDIA CENTER<\/span><\/p>\n<p><a href=\"https:\/\/www.wavetec.com\/newsroom\/\">Newsroom<\/a><br \/>\n<a href=\"https:\/\/www.wavetec.com\/case-studies\/\">Case Studies<\/a><br \/>\n<a href=\"https:\/\/www.wavetec.com\/blog\/\">Blog<\/a><br \/>\n<a href=\"https:\/\/www.wavetec.com\/media-center\/whitepapers\/\">Whitepapers<\/a><br \/>\n<a href=\"https:\/\/www.wavetec.com\/media-center\/\">Gallery<\/a><\/p>\n\n\t\t<\/div>\n\t<\/div>\n<\/div><\/div><\/div><div class=\"wpb_column vc_column_container vc_col-sm-2\"><div class=\"vc_column-inner\"><div class=\"wpb_wrapper\">\n\t<div class=\"wpb_text_column wpb_content_element \" >\n\t\t<div class=\"wpb_wrapper\">\n\t\t\t<p><span style=\"color: #ffffff;\">HEAD OFFICE<\/span><\/p>\n<p>Industrial License No. 175<br \/>\nLight Industrial Unit # 9<br \/>\nDubai Silicon Oasis<br \/>\nP.O. Box 341133<br \/>\nDubai, United Arab Emirates<\/p>\n<p>Tel. +971 (4) 326 31 93<br \/>\nFax. +971 (4) 326 31 92<br \/>\nEmail. sales@wavetec.com<\/p>\n\n\t\t<\/div>\n\t<\/div>\n<\/div><\/div><\/div><\/div><!-- Row Backgrounds --><div class=\"upb_color\" data-bg-override=\"full\" data-bg-color=\"#3c3d41\" data-fadeout=\"\" data-fadeout-percentage=\"30\" data-parallax-content=\"\" data-parallax-content-sense=\"30\" data-row-effect-mobile-disable=\"true\" data-img-parallax-mobile-disable=\"true\" data-rtl=\"false\"  data-custom-vc-row=\"\"  data-vc=\"6.6.0\"  data-is_old_vc=\"\"  data-theme-support=\"\"   data-overlay=\"false\" data-overlay-color=\"\" data-overlay-pattern=\"\" data-overlay-pattern-opacity=\"\" data-overlay-pattern-size=\"\"    ><\/div><\/div>[\/vc_column][\/vc_row]<\/p>\n","protected":false},"excerpt":{"rendered":"ABOUT US Company Careers Why Wavetec Global Presence Our Clients Innovation Certification &amp; Partners PRODUCTS Queue Management \u2013 Virtual Queuing<span class=\"excerpt-hellip\"> [\u2026]<\/span>","protected":false},"author":1,"featured_media":11666,"parent":0,"menu_order":0,"comment_status":"closed","ping_status":"closed","template":"","meta":{"content-type":"","footnotes":""},"class_list":["post-11656","page","type-page","status-publish","has-post-thumbnail","hentry"],"acf":[],"_links":{"self":[{"href":"https:\/\/www.wavetec.com\/es\/wp-json\/wp\/v2\/pages\/11656","targetHints":{"allow":["GET"]}}],"collection":[{"href":"https:\/\/www.wavetec.com\/es\/wp-json\/wp\/v2\/pages"}],"about":[{"href":"https:\/\/www.wavetec.com\/es\/wp-json\/wp\/v2\/types\/page"}],"author":[{"embeddable":true,"href":"https:\/\/www.wavetec.com\/es\/wp-json\/wp\/v2\/users\/1"}],"replies":[{"embeddable":true,"href":"https:\/\/www.wavetec.com\/es\/wp-json\/wp\/v2\/comments?post=11656"}],"version-history":[{"count":0,"href":"https:\/\/www.wavetec.com\/es\/wp-json\/wp\/v2\/pages\/11656\/revisions"}],"wp:featuredmedia":[{"embeddable":true,"href":"https:\/\/www.wavetec.com\/es\/wp-json\/wp\/v2\/media\/11666"}],"wp:attachment":[{"href":"https:\/\/www.wavetec.com\/es\/wp-json\/wp\/v2\/media?parent=11656"}],"curies":[{"name":"wp","href":"https:\/\/api.w.org\/{rel}","templated":true}]}}