{"id":5779,"date":"2015-01-06T12:01:35","date_gmt":"2015-01-06T12:01:35","guid":{"rendered":"https:\/\/test.wavetec.com\/de\/contact-us\/"},"modified":"2016-02-15T07:40:51","modified_gmt":"2016-02-15T07:40:51","slug":"kontakt","status":"publish","type":"page","link":"https:\/\/www.wavetec.com\/de\/kontakt\/","title":{"rendered":"KONTAKT"},"content":{"rendered":"<p>[vc_row][vc_column width=&#8221;1\/2&#8243;][vc_column_text]<\/p>\n<h3>Sales &amp; Produktanfragen<\/h3>\n<p>[\/vc_column_text][vc_tabs interval=&#8221;0&#8243;][vc_tab title=&#8221;Vertriebsanfrage&#8221; tab_id=&#8221;1427361813369-10&#8243;][vc_column_text]Sprechen Sie uns bei allen Fragen zur Verf\u00fcgung. Unsere F\u00fchrungskr\u00e4fte im Vertrieb und Projektmanagement -Berater werden Sie in der besten m\u00f6glichen Weise zu helfen.[\/vc_column_text][vc_raw_html]JTBBJTNDJTIxLS0lNUJpZiUyMGx0ZSUyMElFJTIwOCU1RCUzRSUwQSUzQ3NjcmlwdCUyMGNoYXJzZXQlM0QlMjJ1dGYtOCUyMiUyMHR5cGUlM0QlMjJ0ZXh0JTJGamF2YXNjcmlwdCUyMiUyMHNyYyUzRCUyMiUyRiUyRmpzLmhzZm9ybXMubmV0JTJGZm9ybXMlMkZ2Mi1sZWdhY3kuanMlMjIlM0UlM0MlMkZzY3JpcHQlM0UlMEElM0MlMjElNUJlbmRpZiU1RC0tJTNFJTBBJTNDc2NyaXB0JTIwY2hhcnNldCUzRCUyMnV0Zi04JTIyJTIwdHlwZSUzRCUyMnRleHQlMkZqYXZhc2NyaXB0JTIyJTIwc3JjJTNEJTIyJTJGJTJGanMuaHNmb3Jtcy5uZXQlMkZmb3JtcyUyRnYyLmpzJTIyJTNFJTNDJTJGc2NyaXB0JTNFJTBBJTNDc2NyaXB0JTNFJTBBJTIwJTIwaGJzcHQuZm9ybXMuY3JlYXRlJTI4JTdCJTIwJTBBJTIwJTIwJTIwJTIwY3NzJTNBJTIwJTI3JTI3JTJDJTBBJTIwJTIwJTIwJTIwcG9ydGFsSWQlM0ElMjAlMjcxNzk3NjI1JTI3JTJDJTBBJTIwJTIwJTIwJTIwZm9ybUlkJTNBJTIwJTI3MmMwNGVhMjYtNTRmMy00ZjFjLWEwZDktYTQwNDY2ZjkwNThiJTI3JTBBJTIwJTIwJTdEJTI5JTNCJTBBJTNDJTJGc2NyaXB0JTNFJTBB[\/vc_raw_html][\/vc_tab][vc_tab title=&#8221;Werden Sie Vertriebspartner&#8221; tab_id=&#8221;1427361813838-5&#8243;][vc_column_text]<span style=\"line-height: 1.5;\">Wavetec strebt weltweit durch die Zusammenarbeit mit Distributoren seine globale Pr\u00e4senz zu erh\u00f6hen. Nehmen Sie Kontakt auf unserem Verteiler zu werden .<br \/>\n<\/span>[\/vc_column_text][vc_raw_html]JTNDJTIxLS0lNUJpZiUyMGx0ZSUyMElFJTIwOCU1RCUzRSUwQSUzQ3NjcmlwdCUyMGNoYXJzZXQlM0QlMjJ1dGYtOCUyMiUyMHR5cGUlM0QlMjJ0ZXh0JTJGamF2YXNjcmlwdCUyMiUyMHNyYyUzRCUyMiUyRiUyRmpzLmhzZm9ybXMubmV0JTJGZm9ybXMlMkZ2Mi1sZWdhY3kuanMlMjIlM0UlM0MlMkZzY3JpcHQlM0UlMEElM0MlMjElNUJlbmRpZiU1RC0tJTNFJTBBJTNDc2NyaXB0JTIwY2hhcnNldCUzRCUyMnV0Zi04JTIyJTIwdHlwZSUzRCUyMnRleHQlMkZqYXZhc2NyaXB0JTIyJTIwc3JjJTNEJTIyJTJGJTJGanMuaHNmb3Jtcy5uZXQlMkZmb3JtcyUyRnYyLmpzJTIyJTNFJTNDJTJGc2NyaXB0JTNFJTBBJTNDc2NyaXB0JTNFJTBBJTIwJTIwaGJzcHQuZm9ybXMuY3JlYXRlJTI4JTdCJTIwJTBBJTIwJTIwJTIwJTIwY3NzJTNBJTIwJTI3JTI3JTJDJTBBJTIwJTIwJTIwJTIwcG9ydGFsSWQlM0ElMjAlMjcxNzk3NjI1JTI3JTJDJTBBJTIwJTIwJTIwJTIwZm9ybUlkJTNBJTIwJTI3ZjgyMGNlYzktZDgwZS00OGIyLWJkNWQtMzI4YmZmNWI1OTgyJTI3JTBBJTIwJTIwJTdEJTI5JTNCJTBBJTNDJTJGc2NyaXB0JTNFJTBB[\/vc_raw_html][\/vc_tab][\/vc_tabs][\/vc_column][vc_column width=&#8221;1\/2&#8243;][vc_column_text]<\/p>\n<h3>global Offices<\/h3>\n<p>[\/vc_column_text][vc_column_text][maplist categories=&#8221;9&#8243; showdirections=&#8221;false&#8221; categoriesmultiselect=&#8221;false&#8221; streetview=&#8221;false&#8221; showdirections=&#8221;false&#8221; selectedzoomlevel=&#8221;10&#8243; hidesearch=&#8221;true&#8221; hidesort=&#8221;true&#8221; locationsperpage=&#8221;10&#8243;][\/vc_column_text][\/vc_column][\/vc_row]<\/p>\n","protected":false},"excerpt":{"rendered":"<p>[vc_row][vc_column width=&#8221;1\/2&#8243;][vc_column_text] Sales &amp; Produktanfragen [\/vc_column_text][vc_tabs interval=&#8221;0&#8243;][vc_tab title=&#8221;Vertriebsanfrage&#8221; tab_id=&#8221;1427361813369-10&#8243;][vc_column_text]Sprechen Sie uns bei allen Fragen zur Verf\u00fcgung. Unsere F\u00fchrungskr\u00e4fte im Vertrieb<span class=\"excerpt-hellip\"> [\u2026]<\/span><\/p>\n","protected":false},"author":1,"featured_media":17277,"parent":0,"menu_order":0,"comment_status":"closed","ping_status":"closed","template":"","meta":{"content-type":"","footnotes":""},"class_list":["post-5779","page","type-page","status-publish","has-post-thumbnail","hentry"],"acf":[],"_links":{"self":[{"href":"https:\/\/www.wavetec.com\/de\/wp-json\/wp\/v2\/pages\/5779","targetHints":{"allow":["GET"]}}],"collection":[{"href":"https:\/\/www.wavetec.com\/de\/wp-json\/wp\/v2\/pages"}],"about":[{"href":"https:\/\/www.wavetec.com\/de\/wp-json\/wp\/v2\/types\/page"}],"author":[{"embeddable":true,"href":"https:\/\/www.wavetec.com\/de\/wp-json\/wp\/v2\/users\/1"}],"replies":[{"embeddable":true,"href":"https:\/\/www.wavetec.com\/de\/wp-json\/wp\/v2\/comments?post=5779"}],"version-history":[{"count":1,"href":"https:\/\/www.wavetec.com\/de\/wp-json\/wp\/v2\/pages\/5779\/revisions"}],"predecessor-version":[{"id":53897,"href":"https:\/\/www.wavetec.com\/de\/wp-json\/wp\/v2\/pages\/5779\/revisions\/53897"}],"wp:featuredmedia":[{"embeddable":true,"href":"https:\/\/www.wavetec.com\/de\/wp-json\/wp\/v2\/media\/17277"}],"wp:attachment":[{"href":"https:\/\/www.wavetec.com\/de\/wp-json\/wp\/v2\/media?parent=5779"}],"curies":[{"name":"wp","href":"https:\/\/api.w.org\/{rel}","templated":true}]}}