{"id":5724,"date":"2015-01-06T12:12:19","date_gmt":"2015-01-06T12:12:19","guid":{"rendered":"https:\/\/test.wavetec.com\/de\/customer-experience-solutions\/"},"modified":"2020-07-15T14:20:08","modified_gmt":"2020-07-15T14:20:08","slug":"customer-experience-loesungen","status":"publish","type":"page","link":"https:\/\/www.wavetec.com\/de\/loesungen\/customer-experience-loesungen\/","title":{"rendered":"Customer Experience &#8211; L\u00f6sungen"},"content":{"rendered":"<p>[vc_row][vc_column]<div class=\"fancy_heading fancy_heading_line\"><h2 class=\"title\">Branchen, die unsere Dienstleistungen anwenden<\/h2><\/div>\n[vc_empty_space height=&#8221;5px&#8221;][\/vc_column][\/vc_row][vc_row][vc_column width=&#8221;1\/4&#8243;]<div class=\"ult-new-ib ult-ib-effect-style5  ult-ib-resp  \" data-min-width=\"768\" data-max-width=\"900\" style=\"background:#2daf73;\" data-opacity=\"1\" data-hover-opacity=\"0\" ><img decoding=\"async\" class=\"ult-new-ib-img\" style=\"opacity:1;\" alt=\"box\" src=\"https:\/\/www.wavetec.com\/wp-content\/uploads\/2015\/03\/box.jpg\" title=\"\"><div id=\"interactive-banner-wrap-2642\" class=\"ult-new-ib-desc\" style=\"background:rgba(0,0,0,0.7);\"><h2 class=\"ult-new-ib-title ult-responsive\"  data-ultimate-target='#interactive-banner-wrap-2642 .ult-new-ib-title'  data-responsive-json-new='{\"font-size\":\"\",\"line-height\":\"\"}'  style=\"font-weight:normal;color:#ffffff;\">Flugh\u00e4fen &amp; Fluggesellschaften<\/h2><div class=\"ult-new-ib-content ult-responsive\"  data-ultimate-target='#interactive-banner-wrap-2642 .ult-new-ib-content'  data-responsive-json-new='{\"font-size\":\"\",\"line-height\":\"\"}'  style=\"font-weight:normal;\"><p>Wir konzipieren und erstellen das effiziente Passagiererlebnis<\/p><\/div><\/div><a class=\"ult-new-ib-link\" href=\"\/de\/industries\/flughaefen-fluggesellschaften\/\"  ><\/a><\/div><script type=\"text\/javascript\">\n\t\t\t(function($){\n\t\t\t\t$(document).ready(function(){\n\t\t\t\t\t$(\".ult-new-ib\").css(\"opacity\",\"1\");\n\t\t\t\t});\n\t\t\t})(jQuery);\n\t\t\t<\/script><div class=\"ult-new-ib ult-ib-effect-style5  ult-ib-resp  \" data-min-width=\"768\" data-max-width=\"900\" style=\"background:#21adbe;\" data-opacity=\"1\" data-hover-opacity=\"0\" ><img decoding=\"async\" class=\"ult-new-ib-img\" style=\"opacity:1;\" alt=\"healthcare\" src=\"https:\/\/www.wavetec.com\/wp-content\/uploads\/2015\/03\/healthcare.jpg\" title=\"\"><div id=\"interactive-banner-wrap-7053\" class=\"ult-new-ib-desc\" style=\"background:rgba(0,0,0,0.7);\"><h2 class=\"ult-new-ib-title ult-responsive\"  data-ultimate-target='#interactive-banner-wrap-7053 .ult-new-ib-title'  data-responsive-json-new='{\"font-size\":\"\",\"line-height\":\"\"}'  style=\"font-weight:normal;color:#ffffff;\">Gesundheitswesen<\/h2><div class=\"ult-new-ib-content ult-responsive\"  data-ultimate-target='#interactive-banner-wrap-7053 .ult-new-ib-content'  data-responsive-json-new='{\"font-size\":\"\",\"line-height\":\"\"}'  style=\"font-weight:normal;\"><p>hilft Ihrem Unternehmen, eine bessere Pflege zu leisten.<\/p><\/div><\/div><a class=\"ult-new-ib-link\" href=\"\/de\/industries\/gesundheitswesen\/\" title=\"Healthcare\"  ><\/a><\/div><script type=\"text\/javascript\">\n\t\t\t(function($){\n\t\t\t\t$(document).ready(function(){\n\t\t\t\t\t$(\".ult-new-ib\").css(\"opacity\",\"1\");\n\t\t\t\t});\n\t\t\t})(jQuery);\n\t\t\t<\/script>[\/vc_column][vc_column width=&#8221;1\/4&#8243;]<div class=\"ult-new-ib ult-ib-effect-style5  ult-ib-resp  \" data-min-width=\"768\" data-max-width=\"900\" style=\"background:#1c6bb8;\" data-opacity=\"1\" data-hover-opacity=\"0\" ><img decoding=\"async\" class=\"ult-new-ib-img\" style=\"opacity:1;\" alt=\"banking\" src=\"https:\/\/www.wavetec.com\/wp-content\/uploads\/2015\/03\/banking.jpg\" title=\"\"><div id=\"interactive-banner-wrap-7387\" class=\"ult-new-ib-desc\" style=\"background:rgba(0,0,0,0.7);\"><h2 class=\"ult-new-ib-title ult-responsive\"  data-ultimate-target='#interactive-banner-wrap-7387 .ult-new-ib-title'  data-responsive-json-new='{\"font-size\":\"\",\"line-height\":\"\"}'  style=\"font-weight:normal;color:#ffffff;\">Bankwesen<\/h2><div class=\"ult-new-ib-content ult-responsive\"  data-ultimate-target='#interactive-banner-wrap-7387 .ult-new-ib-content'  data-responsive-json-new='{\"font-size\":\"\",\"line-height\":\"\"}'  style=\"font-weight:normal;\"><p>Unsere L\u00f6sungen verwandeln Bankgesch\u00e4fte<\/p><\/div><\/div><a class=\"ult-new-ib-link\" href=\"\/de\/industries\/bankwesen\/\" title=\"Banking\"  ><\/a><\/div><script type=\"text\/javascript\">\n\t\t\t(function($){\n\t\t\t\t$(document).ready(function(){\n\t\t\t\t\t$(\".ult-new-ib\").css(\"opacity\",\"1\");\n\t\t\t\t});\n\t\t\t})(jQuery);\n\t\t\t<\/script><div class=\"ult-new-ib ult-ib-effect-style5  ult-ib-resp  \" data-min-width=\"768\" data-max-width=\"900\" style=\"background:#e64147;\" data-opacity=\"1\" data-hover-opacity=\"0\" ><img decoding=\"async\" class=\"ult-new-ib-img\" style=\"opacity:1;\" alt=\"Telcom\" src=\"https:\/\/www.wavetec.com\/wp-content\/uploads\/2015\/03\/Telcom.jpg\" title=\"\"><div id=\"interactive-banner-wrap-6700\" class=\"ult-new-ib-desc\" style=\"background:rgba(0,0,0,0.7);\"><h2 class=\"ult-new-ib-title ult-responsive\"  data-ultimate-target='#interactive-banner-wrap-6700 .ult-new-ib-title'  data-responsive-json-new='{\"font-size\":\"\",\"line-height\":\"\"}'  style=\"font-weight:normal;color:#ffffff;\">Telekommunikation<\/h2><div class=\"ult-new-ib-content ult-responsive\"  data-ultimate-target='#interactive-banner-wrap-6700 .ult-new-ib-content'  data-responsive-json-new='{\"font-size\":\"\",\"line-height\":\"\"}'  style=\"font-weight:normal;\"><p>Hilft Ihnen bei der Optimierung Ihres Dienstleistungsbereiches<\/p><\/div><\/div><a class=\"ult-new-ib-link\" href=\"\/de\/industries\/telekommunikation\/\" title=\"Telecom\"  ><\/a><\/div><script type=\"text\/javascript\">\n\t\t\t(function($){\n\t\t\t\t$(document).ready(function(){\n\t\t\t\t\t$(\".ult-new-ib\").css(\"opacity\",\"1\");\n\t\t\t\t});\n\t\t\t})(jQuery);\n\t\t\t<\/script>[\/vc_column][vc_column width=&#8221;1\/4&#8243;]<div class=\"ult-new-ib ult-ib-effect-style5  ult-ib-resp  \" data-min-width=\"768\" data-max-width=\"900\" style=\"background:#a7a8aa;\" data-opacity=\"1\" data-hover-opacity=\"0\" ><img decoding=\"async\" class=\"ult-new-ib-img\" style=\"opacity:1;\" alt=\"education\" src=\"https:\/\/www.wavetec.com\/wp-content\/uploads\/2015\/03\/education.jpg\" title=\"\"><div id=\"interactive-banner-wrap-1935\" class=\"ult-new-ib-desc\" style=\"background:rgba(0,0,0,0.7);\"><h2 class=\"ult-new-ib-title ult-responsive\"  data-ultimate-target='#interactive-banner-wrap-1935 .ult-new-ib-title'  data-responsive-json-new='{\"font-size\":\"\",\"line-height\":\"\"}'  style=\"font-weight:normal;color:#ffffff;\">Bildungswesen<\/h2><div class=\"ult-new-ib-content ult-responsive\"  data-ultimate-target='#interactive-banner-wrap-1935 .ult-new-ib-content'  data-responsive-json-new='{\"font-size\":\"\",\"line-height\":\"\"}'  style=\"font-weight:normal;\"><p>Intelligentere technologische L\u00f6sungen f\u00fcr Bildungsbranche<\/p><\/div><\/div><a class=\"ult-new-ib-link\" href=\"\/de\/industries\/bildungswesen\/\" title=\"Education\"  ><\/a><\/div><script type=\"text\/javascript\">\n\t\t\t(function($){\n\t\t\t\t$(document).ready(function(){\n\t\t\t\t\t$(\".ult-new-ib\").css(\"opacity\",\"1\");\n\t\t\t\t});\n\t\t\t})(jQuery);\n\t\t\t<\/script><div class=\"ult-new-ib ult-ib-effect-style5  ult-ib-resp  \" data-min-width=\"768\" data-max-width=\"900\" style=\"background:#afbe27;\" data-opacity=\"1\" data-hover-opacity=\"0\" ><img decoding=\"async\" class=\"ult-new-ib-img\" style=\"opacity:1;\" alt=\"Stock Exchange\" src=\"https:\/\/www.wavetec.com\/wp-content\/uploads\/2015\/03\/Stock-Exchange.jpg\" title=\"\"><div id=\"interactive-banner-wrap-9270\" class=\"ult-new-ib-desc\" style=\"background:rgba(0,0,0,0.7);\"><h2 class=\"ult-new-ib-title ult-responsive\"  data-ultimate-target='#interactive-banner-wrap-9270 .ult-new-ib-title'  data-responsive-json-new='{\"font-size\":\"\",\"line-height\":\"\"}'  style=\"font-weight:normal;color:#ffffff;\">B\u00f6rse<\/h2><div class=\"ult-new-ib-content ult-responsive\"  data-ultimate-target='#interactive-banner-wrap-9270 .ult-new-ib-content'  data-responsive-json-new='{\"font-size\":\"\",\"line-height\":\"\"}'  style=\"font-weight:normal;\"><p>Zweckorientierte Informations-Displayl\u00f6sungen<\/p><\/div><\/div><a class=\"ult-new-ib-link\" href=\"\/de\/industries\/boerse\/\" title=\"Stock Exchange\"  ><\/a><\/div><script type=\"text\/javascript\">\n\t\t\t(function($){\n\t\t\t\t$(document).ready(function(){\n\t\t\t\t\t$(\".ult-new-ib\").css(\"opacity\",\"1\");\n\t\t\t\t});\n\t\t\t})(jQuery);\n\t\t\t<\/script>[\/vc_column][vc_column width=&#8221;1\/4&#8243;]<div class=\"ult-new-ib ult-ib-effect-style5  ult-ib-resp  \" data-min-width=\"768\" data-max-width=\"900\" style=\"background:#26a5dc;\" data-opacity=\"1\" data-hover-opacity=\"0\" ><img decoding=\"async\" class=\"ult-new-ib-img\" style=\"opacity:1;\" alt=\"government\" src=\"https:\/\/www.wavetec.com\/wp-content\/uploads\/2015\/03\/government.jpg\" title=\"\"><div id=\"interactive-banner-wrap-7581\" class=\"ult-new-ib-desc\" style=\"background:rgba(0,0,0,0.7);\"><h2 class=\"ult-new-ib-title ult-responsive\"  data-ultimate-target='#interactive-banner-wrap-7581 .ult-new-ib-title'  data-responsive-json-new='{\"font-size\":\"\",\"line-height\":\"\"}'  style=\"font-weight:normal;color:#ffffff;\">Regierung<\/h2><div class=\"ult-new-ib-content ult-responsive\"  data-ultimate-target='#interactive-banner-wrap-7581 .ult-new-ib-content'  data-responsive-json-new='{\"font-size\":\"\",\"line-height\":\"\"}'  style=\"font-weight:normal;\"><p>Umwandlung der \u00f6ffentlichen Dienstleistungsbereiche zur besseren Kundenbindung<\/p><\/div><\/div><a class=\"ult-new-ib-link\" href=\"\/de\/industries\/regierung\/\" title=\"Government\"  ><\/a><\/div><script type=\"text\/javascript\">\n\t\t\t(function($){\n\t\t\t\t$(document).ready(function(){\n\t\t\t\t\t$(\".ult-new-ib\").css(\"opacity\",\"1\");\n\t\t\t\t});\n\t\t\t})(jQuery);\n\t\t\t<\/script><div class=\"ult-new-ib ult-ib-effect-style5  ult-ib-resp  \" data-min-width=\"768\" data-max-width=\"900\" style=\"background:#d47616;\" data-opacity=\"1\" data-hover-opacity=\"0\" ><img decoding=\"async\" class=\"ult-new-ib-img\" style=\"opacity:1;\" alt=\"Retail\" src=\"https:\/\/www.wavetec.com\/wp-content\/uploads\/2015\/03\/Retail.jpg\" title=\"\"><div id=\"interactive-banner-wrap-5004\" class=\"ult-new-ib-desc\" style=\"background:rgba(0,0,0,0.7);\"><h2 class=\"ult-new-ib-title ult-responsive\"  data-ultimate-target='#interactive-banner-wrap-5004 .ult-new-ib-title'  data-responsive-json-new='{\"font-size\":\"\",\"line-height\":\"\"}'  style=\"font-weight:normal;color:#ffffff;\">Einzelhandel<\/h2><div class=\"ult-new-ib-content ult-responsive\"  data-ultimate-target='#interactive-banner-wrap-5004 .ult-new-ib-content'  data-responsive-json-new='{\"font-size\":\"\",\"line-height\":\"\"}'  style=\"font-weight:normal;\"><p>Hilft Einzelh\u00e4ndlern, sich mit den Verbrauchern bei jedem Schritt zu verbinden.<\/p><\/div><\/div><a class=\"ult-new-ib-link\" href=\"\/de\/industries\/einzelhandel\/\" title=\"Retail\"  ><\/a><\/div><script type=\"text\/javascript\">\n\t\t\t(function($){\n\t\t\t\t$(document).ready(function(){\n\t\t\t\t\t$(\".ult-new-ib\").css(\"opacity\",\"1\");\n\t\t\t\t});\n\t\t\t})(jQuery);\n\t\t\t<\/script>[\/vc_column][\/vc_row][vc_row][vc_column]<div class=\"fancy_heading fancy_heading_line\"><h2 class=\"title\">Besondere Projekte<\/h2><\/div>\n[vc_empty_space height=&#8221;30px&#8221;][\/vc_column][vc_column width=&#8221;1\/3&#8243;][vc_column_text]<hr class=\"no_line\" style=\"margin:0 auto 10px\"\/>\n<\/p>\n<p>Unsere Kunden sind unser Kapital, und wir sch\u00e4tzen sie wirklich. Wir arbeiten hart, um den Unternehmen zu helfen, die Kundenzufriedenheit zu erh\u00f6hen und ihnen Technologie zu effektiven Dienstleistungsstr\u00f6me anzubieten. Unser kundenorientiertes Konzept und eine anspruchsvolle Auswahl an Dienstleistungen wie Warteschlangenverwaltung, Digital Signage, Kundenfeedback, L\u00f6sungen und Gestaltung von Dienstleistungsbereich erlauben uns, unseren Kunden effektive und vollst\u00e4ndige L\u00f6sungen f\u00fcr bessere Dienstleistung zu liefern.[\/vc_column_text][\/vc_column][vc_column width=&#8221;2\/3&#8243;]<div id=\"ult-carousel-185059050969f49ed7a4351\" class=\"ult-carousel-wrapper   ult_horizontal\" data-gutter=\"15\" data-rtl=\"false\" ><div class=\"ult-carousel-109122896669f49ed7a423d \" >[vc_single_image image=&#8221;2193&#8243; img_size=&#8221;762\u00d7314&#8243; alignment=&#8221;center&#8221;][vc_single_image image=&#8221;2194&#8243; img_size=&#8221;762\u00d7314&#8243; alignment=&#8221;center&#8221;][vc_single_image image=&#8221;2195&#8243; img_size=&#8221;762\u00d7314&#8243; alignment=&#8221;center&#8221;]<\/div><\/div>\t\t\t<script type=\"text\/javascript\">\n\t\t\t\tjQuery(document).ready(function ($) {\n\t\t\t\t\tif( typeof jQuery('.ult-carousel-109122896669f49ed7a423d').slick == \"function\"){\n\t\t\t\t\t\t$('.ult-carousel-109122896669f49ed7a423d').slick({dots: false,autoplay: true,autoplaySpeed: 5000,speed: 300,infinite: true,arrows: true,nextArrow: '<button type=\"button\" role=\"button\" aria-label=\"Next\" style=\"color:#333333; font-size:20px;\" class=\"slick-next default\"><i class=\"ultsl-arrow-right4\"><\/i><\/button>',prevArrow: '<button type=\"button\" role=\"button\" aria-label=\"Previous\" style=\"color:#333333; font-size:20px;\" class=\"slick-prev default\"><i class=\"ultsl-arrow-left4\"><\/i><\/button>',slidesToScroll:1,slidesToShow:1,swipe: true,draggable: true,touchMove: true,pauseOnHover: true,pauseOnFocus: false,responsive: [\n\t\t\t\t\t\t\t{\n\t\t\t\t\t\t\t  breakpoint: 1026,\n\t\t\t\t\t\t\t  settings: {\n\t\t\t\t\t\t\t\tslidesToShow: 1,\n\t\t\t\t\t\t\t\tslidesToScroll: 1,  \n\t\t\t\t\t\t\t  }\n\t\t\t\t\t\t\t},\n\t\t\t\t\t\t\t{\n\t\t\t\t\t\t\t  breakpoint: 1025,\n\t\t\t\t\t\t\t  settings: {\n\t\t\t\t\t\t\t\tslidesToShow: 1,\n\t\t\t\t\t\t\t\tslidesToScroll: 1\n\t\t\t\t\t\t\t  }\n\t\t\t\t\t\t\t},\n\t\t\t\t\t\t\t{\n\t\t\t\t\t\t\t  breakpoint: 760,\n\t\t\t\t\t\t\t  settings: {\n\t\t\t\t\t\t\t\tslidesToShow: 1,\n\t\t\t\t\t\t\t\tslidesToScroll: 1\n\t\t\t\t\t\t\t  }\n\t\t\t\t\t\t\t}\n\t\t\t\t\t\t],pauseOnDotsHover: true,customPaging: function(slider, i) {\n                   return '<i type=\"button\" style= \"color:#333333;\" class=\"ultsl-record\" data-role=\"none\"><\/i>';\n                },});\n\t\t\t\t\t}\n\t\t\t\t});\n\t\t\t<\/script>\n\t\t\t[\/vc_column][\/vc_row][vc_row][vc_column][vc_row_inner][vc_column_inner]<div class=\"fancy_heading fancy_heading_line\"><span class=\"slogan\">RELATED<\/span><h2 class=\"title\">Case Studies<\/h2><\/div>\n[\/vc_column_inner][\/vc_row_inner][\/vc_column][\/vc_row]<\/p>\n","protected":false},"excerpt":{"rendered":"<p>[vc_row][vc_column][vc_empty_space height=&#8221;5px&#8221;][\/vc_column][\/vc_row][vc_row][vc_column width=&#8221;1\/4&#8243;][\/vc_column][vc_column width=&#8221;1\/4&#8243;][\/vc_column][vc_column width=&#8221;1\/4&#8243;][\/vc_column][vc_column width=&#8221;1\/4&#8243;][\/vc_column][\/vc_row][vc_row][vc_column][vc_empty_space height=&#8221;30px&#8221;][\/vc_column][vc_column width=&#8221;1\/3&#8243;][vc_column_text] Unsere Kunden sind unser Kapital, und wir sch\u00e4tzen sie wirklich. Wir arbeiten<span class=\"excerpt-hellip\"> [\u2026]<\/span><\/p>\n","protected":false},"author":1,"featured_media":11559,"parent":5773,"menu_order":0,"comment_status":"closed","ping_status":"open","template":"","meta":{"content-type":"","footnotes":""},"class_list":["post-5724","page","type-page","status-publish","has-post-thumbnail","hentry"],"acf":[],"_links":{"self":[{"href":"https:\/\/www.wavetec.com\/de\/wp-json\/wp\/v2\/pages\/5724","targetHints":{"allow":["GET"]}}],"collection":[{"href":"https:\/\/www.wavetec.com\/de\/wp-json\/wp\/v2\/pages"}],"about":[{"href":"https:\/\/www.wavetec.com\/de\/wp-json\/wp\/v2\/types\/page"}],"author":[{"embeddable":true,"href":"https:\/\/www.wavetec.com\/de\/wp-json\/wp\/v2\/users\/1"}],"replies":[{"embeddable":true,"href":"https:\/\/www.wavetec.com\/de\/wp-json\/wp\/v2\/comments?post=5724"}],"version-history":[{"count":0,"href":"https:\/\/www.wavetec.com\/de\/wp-json\/wp\/v2\/pages\/5724\/revisions"}],"up":[{"embeddable":true,"href":"https:\/\/www.wavetec.com\/de\/wp-json\/wp\/v2\/pages\/5773"}],"wp:featuredmedia":[{"embeddable":true,"href":"https:\/\/www.wavetec.com\/de\/wp-json\/wp\/v2\/media\/11559"}],"wp:attachment":[{"href":"https:\/\/www.wavetec.com\/de\/wp-json\/wp\/v2\/media?parent=5724"}],"curies":[{"name":"wp","href":"https:\/\/api.w.org\/{rel}","templated":true}]}}