{"id":5717,"date":"2015-01-06T12:18:05","date_gmt":"2015-01-06T12:18:05","guid":{"rendered":"https:\/\/test.wavetec.com\/de\/stock-exchange\/"},"modified":"2023-09-07T10:02:42","modified_gmt":"2023-09-07T10:02:42","slug":"boerse","status":"publish","type":"page","link":"https:\/\/www.wavetec.com\/de\/industries\/boerse\/","title":{"rendered":"B\u00f6rse"},"content":{"rendered":"<p>[vc_row bg_type=&#8221;bg_color&#8221; bg_override=&#8221;full&#8221; css=&#8221;.vc_custom_1426766262830{padding-top: 50px !important;padding-bottom: 50px !important;}&#8221; row_container=&#8221;&#8221; bg_color_value=&#8221;#727377&#8243;][vc_column width=&#8221;1\/2&#8243;][vc_column_text]<\/p>\n<p style=\"text-align: center;\"><span style=\"color: #ffffff;\">Wavetec offers a complete range of display solutions which are ideal for advertising,retail and branding. HD Series, PRO Series and Prime Series are premium product lines offering solutions for both <a style=\"color: #ffffff;\" href=\"https:\/\/www.wavetec.com\/de\/loesungen\/led-displayloesungen\/led-innendisplay\/\" target=\"_blank\" rel=\"noopener\"><strong>Indoor LED<\/strong><\/a> and <a style=\"color: #ffffff;\" href=\"https:\/\/www.wavetec.com\/de\/loesungen\/led-displayloesungen\/led-aussendisplays\/\" target=\"_blank\" rel=\"noopener\"><strong>Outdoor LED<\/strong><\/a> displaying applications.<\/span><\/p>\n<p>[\/vc_column_text][\/vc_column][vc_column width=&#8221;1\/2&#8243;][vc_column_text]<\/p>\n<p style=\"text-align: center;\"><span style=\"color: #ffffff;\">For more details, click here<\/span><\/p>\n<p style=\"text-align: center;\"><a class=\"button  button_size_2\" href=\"\/solutions\/led-displays\/\" target=\"_blank\"   ><span class=\"button_label\">LED Display Solutions<\/span><\/a>\n<\/p>\n<p>[\/vc_column_text][\/vc_column][\/vc_row][vc_row][vc_column][vc_row_inner][vc_column_inner]<div class=\"fancy_heading fancy_heading_line\"><span class=\"slogan\">RELATED<\/span><h2 class=\"title\">Case Studies<\/h2><\/div>\n[\/vc_column_inner][\/vc_row_inner][\/vc_column][\/vc_row][vc_row][vc_column][vc_empty_space height=&#8221;20px&#8221;]<div id=\"ult-carousel-231298686069f2bf244e387\" class=\"ult-carousel-wrapper   ult_horizontal\" data-gutter=\"15\" data-rtl=\"false\" ><div class=\"ult-carousel-99603921969f2bf244e25a \" >[vc_single_image image=&#8221;3318&#8243; img_size=&#8221;182\u00d773&#8243; alignment=&#8221;center&#8221;][vc_single_image image=&#8221;3319&#8243; img_size=&#8221;182\u00d773&#8243; alignment=&#8221;center&#8221;][vc_single_image image=&#8221;3320&#8243; img_size=&#8221;182\u00d773&#8243; alignment=&#8221;center&#8221;][vc_single_image image=&#8221;3321&#8243; img_size=&#8221;182\u00d773&#8243; alignment=&#8221;center&#8221;][vc_single_image image=&#8221;3322&#8243; img_size=&#8221;182\u00d773&#8243; alignment=&#8221;center&#8221;][vc_single_image image=&#8221;3323&#8243; img_size=&#8221;182\u00d773&#8243; alignment=&#8221;center&#8221;][vc_single_image image=&#8221;3324&#8243; img_size=&#8221;182\u00d773&#8243; alignment=&#8221;center&#8221;][vc_single_image image=&#8221;3325&#8243; img_size=&#8221;182\u00d773&#8243; alignment=&#8221;center&#8221;][vc_single_image image=&#8221;3326&#8243; img_size=&#8221;182\u00d773&#8243; alignment=&#8221;center&#8221;][vc_single_image image=&#8221;3327&#8243; img_size=&#8221;182\u00d773&#8243; alignment=&#8221;center&#8221;][vc_single_image image=&#8221;3328&#8243; img_size=&#8221;182\u00d773&#8243; alignment=&#8221;center&#8221;][vc_single_image image=&#8221;3329&#8243; img_size=&#8221;182\u00d773&#8243; alignment=&#8221;center&#8221;][vc_single_image image=&#8221;3330&#8243; img_size=&#8221;182\u00d773&#8243; alignment=&#8221;center&#8221;][vc_single_image image=&#8221;3331&#8243; img_size=&#8221;182\u00d773&#8243; alignment=&#8221;center&#8221;][vc_single_image image=&#8221;3332&#8243; img_size=&#8221;182\u00d773&#8243; alignment=&#8221;center&#8221;][vc_single_image image=&#8221;3333&#8243; img_size=&#8221;182\u00d773&#8243; alignment=&#8221;center&#8221;][vc_single_image image=&#8221;3334&#8243; img_size=&#8221;182\u00d773&#8243; alignment=&#8221;center&#8221;][vc_single_image image=&#8221;3335&#8243; img_size=&#8221;182\u00d773&#8243; alignment=&#8221;center&#8221;][vc_single_image image=&#8221;3336&#8243; img_size=&#8221;182\u00d773&#8243; alignment=&#8221;center&#8221;][vc_single_image image=&#8221;3337&#8243; img_size=&#8221;182\u00d773&#8243; alignment=&#8221;center&#8221;][vc_single_image image=&#8221;3339&#8243; img_size=&#8221;182\u00d773&#8243; alignment=&#8221;center&#8221;][vc_single_image image=&#8221;3338&#8243; img_size=&#8221;182\u00d773&#8243; alignment=&#8221;center&#8221;][vc_single_image image=&#8221;3340&#8243; img_size=&#8221;182\u00d773&#8243; alignment=&#8221;center&#8221;]<\/div><\/div>\t\t\t<script type=\"text\/javascript\">\n\t\t\t\tjQuery(document).ready(function ($) {\n\t\t\t\t\tif( typeof jQuery('.ult-carousel-99603921969f2bf244e25a').slick == \"function\"){\n\t\t\t\t\t\t$('.ult-carousel-99603921969f2bf244e25a').slick({dots: false,autoplay: true,autoplaySpeed: 5000,speed: 300,infinite: true,arrows: true,nextArrow: '<button type=\"button\" role=\"button\" aria-label=\"Next\" style=\"color:#333333; font-size:20px;\" class=\"slick-next default\"><i class=\"ultsl-arrow-right4\"><\/i><\/button>',prevArrow: '<button type=\"button\" role=\"button\" aria-label=\"Previous\" style=\"color:#333333; font-size:20px;\" class=\"slick-prev default\"><i class=\"ultsl-arrow-left4\"><\/i><\/button>',slidesToScroll:1,slidesToShow:5,swipe: true,draggable: true,touchMove: true,pauseOnHover: true,pauseOnFocus: false,responsive: [\n\t\t\t\t\t\t\t{\n\t\t\t\t\t\t\t  breakpoint: 1026,\n\t\t\t\t\t\t\t  settings: {\n\t\t\t\t\t\t\t\tslidesToShow: 5,\n\t\t\t\t\t\t\t\tslidesToScroll: 1,  \n\t\t\t\t\t\t\t  }\n\t\t\t\t\t\t\t},\n\t\t\t\t\t\t\t{\n\t\t\t\t\t\t\t  breakpoint: 1025,\n\t\t\t\t\t\t\t  settings: {\n\t\t\t\t\t\t\t\tslidesToShow: 3,\n\t\t\t\t\t\t\t\tslidesToScroll: 1\n\t\t\t\t\t\t\t  }\n\t\t\t\t\t\t\t},\n\t\t\t\t\t\t\t{\n\t\t\t\t\t\t\t  breakpoint: 760,\n\t\t\t\t\t\t\t  settings: {\n\t\t\t\t\t\t\t\tslidesToShow: 2,\n\t\t\t\t\t\t\t\tslidesToScroll: 1\n\t\t\t\t\t\t\t  }\n\t\t\t\t\t\t\t}\n\t\t\t\t\t\t],pauseOnDotsHover: true,customPaging: function(slider, i) {\n                   return '<i type=\"button\" style= \"color:#333333;\" class=\"ultsl-record\" data-role=\"none\"><\/i>';\n                },});\n\t\t\t\t\t}\n\t\t\t\t});\n\t\t\t<\/script>\n\t\t\t[\/vc_column][\/vc_row]<\/p>\n","protected":false},"excerpt":{"rendered":"<p>[vc_row bg_type=&#8221;bg_color&#8221; bg_override=&#8221;full&#8221; css=&#8221;.vc_custom_1426766262830{padding-top: 50px !important;padding-bottom: 50px !important;}&#8221; row_container=&#8221;&#8221; bg_color_value=&#8221;#727377&#8243;][vc_column width=&#8221;1\/2&#8243;][vc_column_text] Wavetec offers a complete range of display solutions which<span class=\"excerpt-hellip\"> [\u2026]<\/span><\/p>\n","protected":false},"author":1,"featured_media":24806,"parent":5723,"menu_order":0,"comment_status":"closed","ping_status":"closed","template":"","meta":{"content-type":"","footnotes":""},"class_list":["post-5717","page","type-page","status-publish","has-post-thumbnail","hentry"],"acf":[],"_links":{"self":[{"href":"https:\/\/www.wavetec.com\/de\/wp-json\/wp\/v2\/pages\/5717","targetHints":{"allow":["GET"]}}],"collection":[{"href":"https:\/\/www.wavetec.com\/de\/wp-json\/wp\/v2\/pages"}],"about":[{"href":"https:\/\/www.wavetec.com\/de\/wp-json\/wp\/v2\/types\/page"}],"author":[{"embeddable":true,"href":"https:\/\/www.wavetec.com\/de\/wp-json\/wp\/v2\/users\/1"}],"replies":[{"embeddable":true,"href":"https:\/\/www.wavetec.com\/de\/wp-json\/wp\/v2\/comments?post=5717"}],"version-history":[{"count":4,"href":"https:\/\/www.wavetec.com\/de\/wp-json\/wp\/v2\/pages\/5717\/revisions"}],"predecessor-version":[{"id":67650,"href":"https:\/\/www.wavetec.com\/de\/wp-json\/wp\/v2\/pages\/5717\/revisions\/67650"}],"up":[{"embeddable":true,"href":"https:\/\/www.wavetec.com\/de\/wp-json\/wp\/v2\/pages\/5723"}],"wp:featuredmedia":[{"embeddable":true,"href":"https:\/\/www.wavetec.com\/de\/wp-json\/wp\/v2\/media\/24806"}],"wp:attachment":[{"href":"https:\/\/www.wavetec.com\/de\/wp-json\/wp\/v2\/media?parent=5717"}],"curies":[{"name":"wp","href":"https:\/\/api.w.org\/{rel}","templated":true}]}}