{"id":5673,"date":"2015-01-06T12:14:04","date_gmt":"2015-01-06T12:14:04","guid":{"rendered":"https:\/\/test.wavetec.com\/de\/financial-market-displays\/"},"modified":"2023-03-15T08:02:30","modified_gmt":"2023-03-15T08:02:30","slug":"finanzmarkt-displays","status":"publish","type":"page","link":"https:\/\/www.wavetec.com\/de\/loesungen\/finanzmarkt-displays\/","title":{"rendered":"Finanzmarkt-Displays"},"content":{"rendered":"<p>[vc_row bg_type=&#8221;bg_color&#8221; bg_override=&#8221;full&#8221; row_container=&#8221;&#8221; bg_color_value=&#8221;#727377&#8243; css=&#8221;.vc_custom_1426754895922{padding-top: 50px !important;padding-bottom: 50px !important;}&#8221;][vc_column width=&#8221;1\/2&#8243;][vc_column_text]<\/p>\n<p style=\"text-align: center;\"><span style=\"color: #ffffff;\">Wavetec bietet eine komplette Palette von Displayl\u00f6sungen, die ideal f\u00fcr Werbung, Einzelhandel und Branding sind. HD-Serie, PRO-Serie und Prime-Serie sind Premium-Produktlinien, die L\u00f6sungen sowohl f\u00fcr LED Innen- und LED Au\u00dfendisplayanwendungen bieten.<\/span><\/p>\n<p>[\/vc_column_text][\/vc_column][vc_column width=&#8221;1\/2&#8243;][vc_column_text]<\/p>\n<p style=\"text-align: center;\"><span style=\"color: #ffffff;\">For more details, click here<\/span><\/p>\n<p style=\"text-align: center;\"><a class=\"button  button_size_2\" href=\"\/de\/loesungen\/led-displayloesungen\/\" target=\"_blank\"   ><span class=\"button_label\">LED Display Solutions<\/span><\/a>\n<\/p>\n<p>[\/vc_column_text][\/vc_column][\/vc_row][vc_row][vc_column][vc_row_inner][vc_column_inner]<div class=\"fancy_heading fancy_heading_line\"><span class=\"slogan\">RELATED<\/span><h2 class=\"title\">Case Studies<\/h2><\/div>\n[\/vc_column_inner][\/vc_row_inner][pw_vc_carousel pw_post_layout=&#8221;horizontal_carousel&#8221; pw_skin_type=&#8221;pl-gridskin-two&#8221; pw_grid_skin_effect=&#8221;pl-gst-effect-3&#8243; pw_excerpt_length=&#8221;300&#8243; pw_carousel_pre_view=&#8221;3&#8243; pw_carousel_min_slides=&#8221;3&#8243; pw_carousel_slide_width=&#8221;1206&#8243; pw_title_font_family=&#8221;inherit&#8221; pw_title_font_size=&#8221;20&#8243; pw_excerpt_font_family=&#8221;inherit&#8221; pw_excerpt_font_size=&#8221;14&#8243; pw_speed=&#8221;4000&#8243; pw_slider_hide_pagination_control=&#8221;yes&#8221; pw_query=&#8221;size:All|order_by:date|order:DESC|post_type:portfolio|tax_query:100&#8243; pw_image_thumb_size=&#8221;350&#215;200&#8243;][\/vc_column][\/vc_row]<\/p>\n","protected":false},"excerpt":{"rendered":"<p>[vc_row bg_type=&#8221;bg_color&#8221; bg_override=&#8221;full&#8221; row_container=&#8221;&#8221; bg_color_value=&#8221;#727377&#8243; css=&#8221;.vc_custom_1426754895922{padding-top: 50px !important;padding-bottom: 50px !important;}&#8221;][vc_column width=&#8221;1\/2&#8243;][vc_column_text] Wavetec bietet eine komplette Palette von Displayl\u00f6sungen, die ideal<span class=\"excerpt-hellip\"> [\u2026]<\/span><\/p>\n","protected":false},"author":1,"featured_media":11577,"parent":5773,"menu_order":0,"comment_status":"closed","ping_status":"open","template":"","meta":{"content-type":"","footnotes":""},"class_list":["post-5673","page","type-page","status-publish","has-post-thumbnail","hentry"],"acf":[],"_links":{"self":[{"href":"https:\/\/www.wavetec.com\/de\/wp-json\/wp\/v2\/pages\/5673","targetHints":{"allow":["GET"]}}],"collection":[{"href":"https:\/\/www.wavetec.com\/de\/wp-json\/wp\/v2\/pages"}],"about":[{"href":"https:\/\/www.wavetec.com\/de\/wp-json\/wp\/v2\/types\/page"}],"author":[{"embeddable":true,"href":"https:\/\/www.wavetec.com\/de\/wp-json\/wp\/v2\/users\/1"}],"replies":[{"embeddable":true,"href":"https:\/\/www.wavetec.com\/de\/wp-json\/wp\/v2\/comments?post=5673"}],"version-history":[{"count":1,"href":"https:\/\/www.wavetec.com\/de\/wp-json\/wp\/v2\/pages\/5673\/revisions"}],"predecessor-version":[{"id":57785,"href":"https:\/\/www.wavetec.com\/de\/wp-json\/wp\/v2\/pages\/5673\/revisions\/57785"}],"up":[{"embeddable":true,"href":"https:\/\/www.wavetec.com\/de\/wp-json\/wp\/v2\/pages\/5773"}],"wp:featuredmedia":[{"embeddable":true,"href":"https:\/\/www.wavetec.com\/de\/wp-json\/wp\/v2\/media\/11577"}],"wp:attachment":[{"href":"https:\/\/www.wavetec.com\/de\/wp-json\/wp\/v2\/media?parent=5673"}],"curies":[{"name":"wp","href":"https:\/\/api.w.org\/{rel}","templated":true}]}}