{"id":42842,"date":"2022-07-13T09:54:08","date_gmt":"2022-07-13T09:54:08","guid":{"rendered":"https:\/\/test.wavetec.com\/?page_id=42842"},"modified":"2023-09-15T07:05:53","modified_gmt":"2023-09-15T07:05:53","slug":"zuhause","status":"publish","type":"page","link":"https:\/\/www.wavetec.com\/de\/","title":{"rendered":"ZUHAUSE"},"content":{"rendered":"<p>[vc_row][vc_column]<div class=\"fancy_heading fancy_heading_line\"><h2 class=\"title\">Branchen, die unsere Dienstleistungen anwenden<\/h2><\/div>\n[vc_empty_space height=&#8221;5px&#8221;][\/vc_column][\/vc_row][vc_row][vc_column width=&#8221;1\/4&#8243;]<div class=\"ult-new-ib ult-ib-effect-style5  ult-ib-resp  \" data-min-width=\"768\" data-max-width=\"900\" style=\"background:#2daf73;\" data-opacity=\"1\" data-hover-opacity=\"0\" ><img decoding=\"async\" class=\"ult-new-ib-img\" style=\"opacity:1;\" alt=\"box\" src=\"https:\/\/www.wavetec.com\/wp-content\/uploads\/2015\/03\/box.jpg\" title=\"\"><div id=\"interactive-banner-wrap-5276\" class=\"ult-new-ib-desc\" style=\"background:rgba(0,0,0,0.7);\"><h2 class=\"ult-new-ib-title ult-responsive\"  data-ultimate-target='#interactive-banner-wrap-5276 .ult-new-ib-title'  data-responsive-json-new='{\"font-size\":\"\",\"line-height\":\"\"}'  style=\"font-weight:normal;color:#ffffff;\">Flugh\u00e4fen &amp; Fluggesellschaften<\/h2><div class=\"ult-new-ib-content ult-responsive\"  data-ultimate-target='#interactive-banner-wrap-5276 .ult-new-ib-content'  data-responsive-json-new='{\"font-size\":\"\",\"line-height\":\"\"}'  style=\"font-weight:normal;\"><p>Wir konzipieren und erstellen das effiziente Passagiererlebnis<\/p><\/div><\/div><a class=\"ult-new-ib-link\" href=\"\/de\/industries\/flughaefen-fluggesellschaften\/\"  ><\/a><\/div><script type=\"text\/javascript\">\n\t\t\t(function($){\n\t\t\t\t$(document).ready(function(){\n\t\t\t\t\t$(\".ult-new-ib\").css(\"opacity\",\"1\");\n\t\t\t\t});\n\t\t\t})(jQuery);\n\t\t\t<\/script><div class=\"ult-new-ib ult-ib-effect-style5  ult-ib-resp  \" data-min-width=\"768\" data-max-width=\"900\" style=\"background:#21adbe;\" data-opacity=\"1\" data-hover-opacity=\"0\" ><img decoding=\"async\" class=\"ult-new-ib-img\" style=\"opacity:1;\" alt=\"healthcare\" src=\"https:\/\/www.wavetec.com\/wp-content\/uploads\/2015\/03\/healthcare.jpg\" title=\"\"><div id=\"interactive-banner-wrap-6856\" class=\"ult-new-ib-desc\" style=\"background:rgba(0,0,0,0.7);\"><h2 class=\"ult-new-ib-title ult-responsive\"  data-ultimate-target='#interactive-banner-wrap-6856 .ult-new-ib-title'  data-responsive-json-new='{\"font-size\":\"\",\"line-height\":\"\"}'  style=\"font-weight:normal;color:#ffffff;\">Gesundheitswesen<\/h2><div class=\"ult-new-ib-content ult-responsive\"  data-ultimate-target='#interactive-banner-wrap-6856 .ult-new-ib-content'  data-responsive-json-new='{\"font-size\":\"\",\"line-height\":\"\"}'  style=\"font-weight:normal;\"><p>hilft Ihrem Unternehmen, eine bessere Pflege zu leisten.<\/p><\/div><\/div><a class=\"ult-new-ib-link\" href=\"\/de\/industries\/gesundheitswesen\/\" title=\"Healthcare\"  ><\/a><\/div><script type=\"text\/javascript\">\n\t\t\t(function($){\n\t\t\t\t$(document).ready(function(){\n\t\t\t\t\t$(\".ult-new-ib\").css(\"opacity\",\"1\");\n\t\t\t\t});\n\t\t\t})(jQuery);\n\t\t\t<\/script>[\/vc_column][vc_column width=&#8221;1\/4&#8243;]<div class=\"ult-new-ib ult-ib-effect-style5  ult-ib-resp  \" data-min-width=\"768\" data-max-width=\"900\" style=\"background:#1c6bb8;\" data-opacity=\"1\" data-hover-opacity=\"0\" ><img decoding=\"async\" class=\"ult-new-ib-img\" style=\"opacity:1;\" alt=\"banking\" src=\"https:\/\/www.wavetec.com\/wp-content\/uploads\/2015\/03\/banking.jpg\" title=\"\"><div id=\"interactive-banner-wrap-6227\" class=\"ult-new-ib-desc\" style=\"background:rgba(0,0,0,0.7);\"><h2 class=\"ult-new-ib-title ult-responsive\"  data-ultimate-target='#interactive-banner-wrap-6227 .ult-new-ib-title'  data-responsive-json-new='{\"font-size\":\"\",\"line-height\":\"\"}'  style=\"font-weight:normal;color:#ffffff;\">Bankwesen<\/h2><div class=\"ult-new-ib-content ult-responsive\"  data-ultimate-target='#interactive-banner-wrap-6227 .ult-new-ib-content'  data-responsive-json-new='{\"font-size\":\"\",\"line-height\":\"\"}'  style=\"font-weight:normal;\"><p>Unsere L\u00f6sungen verwandeln Bankgesch\u00e4fte<\/p><\/div><\/div><a class=\"ult-new-ib-link\" href=\"\/de\/industries\/bankwesen\/\" title=\"Banking\"  ><\/a><\/div><script type=\"text\/javascript\">\n\t\t\t(function($){\n\t\t\t\t$(document).ready(function(){\n\t\t\t\t\t$(\".ult-new-ib\").css(\"opacity\",\"1\");\n\t\t\t\t});\n\t\t\t})(jQuery);\n\t\t\t<\/script><div class=\"ult-new-ib ult-ib-effect-style5  ult-ib-resp  \" data-min-width=\"768\" data-max-width=\"900\" style=\"background:#e64147;\" data-opacity=\"1\" data-hover-opacity=\"0\" ><img decoding=\"async\" class=\"ult-new-ib-img\" style=\"opacity:1;\" alt=\"Telcom\" src=\"https:\/\/www.wavetec.com\/wp-content\/uploads\/2015\/03\/Telcom.jpg\" title=\"\"><div id=\"interactive-banner-wrap-6639\" class=\"ult-new-ib-desc\" style=\"background:rgba(0,0,0,0.7);\"><h2 class=\"ult-new-ib-title ult-responsive\"  data-ultimate-target='#interactive-banner-wrap-6639 .ult-new-ib-title'  data-responsive-json-new='{\"font-size\":\"\",\"line-height\":\"\"}'  style=\"font-weight:normal;color:#ffffff;\">Telekommunikation<\/h2><div class=\"ult-new-ib-content ult-responsive\"  data-ultimate-target='#interactive-banner-wrap-6639 .ult-new-ib-content'  data-responsive-json-new='{\"font-size\":\"\",\"line-height\":\"\"}'  style=\"font-weight:normal;\"><p>Hilft Ihnen bei der Optimierung Ihres Dienstleistungsbereiches<\/p><\/div><\/div><a class=\"ult-new-ib-link\" href=\"\/de\/industries\/telekommunikation\/\" title=\"Telecom\"  ><\/a><\/div><script type=\"text\/javascript\">\n\t\t\t(function($){\n\t\t\t\t$(document).ready(function(){\n\t\t\t\t\t$(\".ult-new-ib\").css(\"opacity\",\"1\");\n\t\t\t\t});\n\t\t\t})(jQuery);\n\t\t\t<\/script>[\/vc_column][vc_column width=&#8221;1\/4&#8243;]<div class=\"ult-new-ib ult-ib-effect-style5  ult-ib-resp  \" data-min-width=\"768\" data-max-width=\"900\" style=\"background:#a7a8aa;\" data-opacity=\"1\" data-hover-opacity=\"0\" ><img decoding=\"async\" class=\"ult-new-ib-img\" style=\"opacity:1;\" alt=\"education\" src=\"https:\/\/www.wavetec.com\/wp-content\/uploads\/2015\/03\/education.jpg\" title=\"\"><div id=\"interactive-banner-wrap-9800\" class=\"ult-new-ib-desc\" style=\"background:rgba(0,0,0,0.7);\"><h2 class=\"ult-new-ib-title ult-responsive\"  data-ultimate-target='#interactive-banner-wrap-9800 .ult-new-ib-title'  data-responsive-json-new='{\"font-size\":\"\",\"line-height\":\"\"}'  style=\"font-weight:normal;color:#ffffff;\">Bildungswesen<\/h2><div class=\"ult-new-ib-content ult-responsive\"  data-ultimate-target='#interactive-banner-wrap-9800 .ult-new-ib-content'  data-responsive-json-new='{\"font-size\":\"\",\"line-height\":\"\"}'  style=\"font-weight:normal;\"><p>Intelligentere technologische L\u00f6sungen f\u00fcr Bildungsbranche<\/p><\/div><\/div><a class=\"ult-new-ib-link\" href=\"\/de\/industries\/bildungswesen\/\" title=\"Education\"  ><\/a><\/div><script type=\"text\/javascript\">\n\t\t\t(function($){\n\t\t\t\t$(document).ready(function(){\n\t\t\t\t\t$(\".ult-new-ib\").css(\"opacity\",\"1\");\n\t\t\t\t});\n\t\t\t})(jQuery);\n\t\t\t<\/script><div class=\"ult-new-ib ult-ib-effect-style5  ult-ib-resp  \" data-min-width=\"768\" data-max-width=\"900\" style=\"background:#afbe27;\" data-opacity=\"1\" data-hover-opacity=\"0\" ><img decoding=\"async\" class=\"ult-new-ib-img\" style=\"opacity:1;\" alt=\"Stock Exchange\" src=\"https:\/\/www.wavetec.com\/wp-content\/uploads\/2015\/03\/Stock-Exchange.jpg\" title=\"\"><div id=\"interactive-banner-wrap-7350\" class=\"ult-new-ib-desc\" style=\"background:rgba(0,0,0,0.7);\"><h2 class=\"ult-new-ib-title ult-responsive\"  data-ultimate-target='#interactive-banner-wrap-7350 .ult-new-ib-title'  data-responsive-json-new='{\"font-size\":\"\",\"line-height\":\"\"}'  style=\"font-weight:normal;color:#ffffff;\">B\u00f6rse<\/h2><div class=\"ult-new-ib-content ult-responsive\"  data-ultimate-target='#interactive-banner-wrap-7350 .ult-new-ib-content'  data-responsive-json-new='{\"font-size\":\"\",\"line-height\":\"\"}'  style=\"font-weight:normal;\"><p>Zweckorientierte Informations-Displayl\u00f6sungen<\/p><\/div><\/div><a class=\"ult-new-ib-link\" href=\"\/de\/industries\/boerse\/\" title=\"Stock Exchange\"  ><\/a><\/div><script type=\"text\/javascript\">\n\t\t\t(function($){\n\t\t\t\t$(document).ready(function(){\n\t\t\t\t\t$(\".ult-new-ib\").css(\"opacity\",\"1\");\n\t\t\t\t});\n\t\t\t})(jQuery);\n\t\t\t<\/script>[\/vc_column][vc_column width=&#8221;1\/4&#8243;]<div class=\"ult-new-ib ult-ib-effect-style5  ult-ib-resp  \" data-min-width=\"768\" data-max-width=\"900\" style=\"background:#26a5dc;\" data-opacity=\"1\" data-hover-opacity=\"0\" ><img decoding=\"async\" class=\"ult-new-ib-img\" style=\"opacity:1;\" alt=\"government\" src=\"https:\/\/www.wavetec.com\/wp-content\/uploads\/2015\/03\/government.jpg\" title=\"\"><div id=\"interactive-banner-wrap-9982\" class=\"ult-new-ib-desc\" style=\"background:rgba(0,0,0,0.7);\"><h2 class=\"ult-new-ib-title ult-responsive\"  data-ultimate-target='#interactive-banner-wrap-9982 .ult-new-ib-title'  data-responsive-json-new='{\"font-size\":\"\",\"line-height\":\"\"}'  style=\"font-weight:normal;color:#ffffff;\">Regierung<\/h2><div class=\"ult-new-ib-content ult-responsive\"  data-ultimate-target='#interactive-banner-wrap-9982 .ult-new-ib-content'  data-responsive-json-new='{\"font-size\":\"\",\"line-height\":\"\"}'  style=\"font-weight:normal;\"><p>Umwandlung der \u00f6ffentlichen Dienstleistungsbereiche zur besseren Kundenbindung<\/p><\/div><\/div><a class=\"ult-new-ib-link\" href=\"\/de\/industries\/regierung\/\" title=\"Government\"  ><\/a><\/div><script type=\"text\/javascript\">\n\t\t\t(function($){\n\t\t\t\t$(document).ready(function(){\n\t\t\t\t\t$(\".ult-new-ib\").css(\"opacity\",\"1\");\n\t\t\t\t});\n\t\t\t})(jQuery);\n\t\t\t<\/script><div class=\"ult-new-ib ult-ib-effect-style5  ult-ib-resp  \" data-min-width=\"768\" data-max-width=\"900\" style=\"background:#d47616;\" data-opacity=\"1\" data-hover-opacity=\"0\" ><img decoding=\"async\" class=\"ult-new-ib-img\" style=\"opacity:1;\" alt=\"Retail\" src=\"https:\/\/www.wavetec.com\/wp-content\/uploads\/2015\/03\/Retail.jpg\" title=\"\"><div id=\"interactive-banner-wrap-1100\" class=\"ult-new-ib-desc\" style=\"background:rgba(0,0,0,0.7);\"><h2 class=\"ult-new-ib-title ult-responsive\"  data-ultimate-target='#interactive-banner-wrap-1100 .ult-new-ib-title'  data-responsive-json-new='{\"font-size\":\"\",\"line-height\":\"\"}'  style=\"font-weight:normal;color:#ffffff;\">Einzelhandel<\/h2><div class=\"ult-new-ib-content ult-responsive\"  data-ultimate-target='#interactive-banner-wrap-1100 .ult-new-ib-content'  data-responsive-json-new='{\"font-size\":\"\",\"line-height\":\"\"}'  style=\"font-weight:normal;\"><p>Hilft Einzelh\u00e4ndlern, sich mit den Verbrauchern bei jedem Schritt zu verbinden.<\/p><\/div><\/div><a class=\"ult-new-ib-link\" href=\"\/de\/industries\/einzelhandel\/\" title=\"Retail\"  ><\/a><\/div><script type=\"text\/javascript\">\n\t\t\t(function($){\n\t\t\t\t$(document).ready(function(){\n\t\t\t\t\t$(\".ult-new-ib\").css(\"opacity\",\"1\");\n\t\t\t\t});\n\t\t\t})(jQuery);\n\t\t\t<\/script>[\/vc_column][\/vc_row][vc_row][vc_column]<div class=\"fancy_heading fancy_heading_line\"><span class=\"slogan\">UNTERNEHMEN MIT DYNAMIK<\/span><h2 class=\"title\">Wichtige Kunden von Wavetec<\/h2><\/div>\n[vc_empty_space height=&#8221;20px&#8221;][\/vc_column][vc_column width=&#8221;1\/3&#8243;][vc_column_text]<hr class=\"no_line\" style=\"margin:0 auto 10px\"\/>\n<\/p>\n<p><span data-sheets-value=\"[null,2,&quot;Aufgrund seiner Expertise und fortschrittlicher L\\u00f6sungen hat Wavetec einen starken Kundenkreis in \\u00fcber 70 L\\u00e4ndern aufgebaut und ist ein f\\u00fchrender Anbieter von Finanzmarkt-Displayl\\u00f6sungen. Mit mehr als 22 f\\u00fchrenden Finanzm\\u00e4rkten, die von unseren Displays profitieren, ist Wavetec an der Spitze der technologischen Entwicklung.&quot;]\" data-sheets-userformat=\"[null,null,2112385,[null,0],null,null,null,null,null,null,1,4,0,null,[null,2,0],&quot;Calibri&quot;,11,null,null,null,null,null,null,null,[null,0,3,0,3]]\">Aufgrund seiner Expertise und fortschrittlicher L\u00f6sungen hat Wavetec einen starken Kundenkreis in \u00fcber 70 L\u00e4ndern aufgebaut und ist ein f\u00fchrender Anbieter von Finanzmarkt-Displayl\u00f6sungen. Mit mehr als 22 f\u00fchrenden Finanzm\u00e4rkten, die von unseren Displays profitieren, ist Wavetec an der Spitze der technologischen Entwicklung.<\/span>[\/vc_column_text][\/vc_column][vc_column width=&#8221;2\/3&#8243;]<div id=\"ult-carousel-34629755969f1b10c8f55b\" class=\"ult-carousel-wrapper   ult_horizontal\" data-gutter=\"15\" data-rtl=\"false\" ><div class=\"ult-carousel-189414145269f1b10c8f3d1 \" >[vc_single_image image=&#8221;2197&#8243; img_size=&#8221;full&#8221;][vc_single_image image=&#8221;2196&#8243; img_size=&#8221;full&#8221;][vc_single_image image=&#8221;2198&#8243; img_size=&#8221;full&#8221;]<\/div><\/div>\t\t\t<script type=\"text\/javascript\">\n\t\t\t\tjQuery(document).ready(function ($) {\n\t\t\t\t\tif( typeof jQuery('.ult-carousel-189414145269f1b10c8f3d1').slick == \"function\"){\n\t\t\t\t\t\t$('.ult-carousel-189414145269f1b10c8f3d1').slick({dots: false,autoplay: true,autoplaySpeed: 3000,speed: 300,infinite: true,arrows: true,nextArrow: '<button type=\"button\" role=\"button\" aria-label=\"Next\" style=\"color:#333333; font-size:20px;\" class=\"slick-next default\"><i class=\"ultsl-arrow-right4\"><\/i><\/button>',prevArrow: '<button type=\"button\" role=\"button\" aria-label=\"Previous\" style=\"color:#333333; font-size:20px;\" class=\"slick-prev default\"><i class=\"ultsl-arrow-left4\"><\/i><\/button>',slidesToScroll:1,slidesToShow:1,swipe: true,draggable: true,touchMove: true,pauseOnHover: true,pauseOnFocus: false,responsive: [\n\t\t\t\t\t\t\t{\n\t\t\t\t\t\t\t  breakpoint: 1026,\n\t\t\t\t\t\t\t  settings: {\n\t\t\t\t\t\t\t\tslidesToShow: 1,\n\t\t\t\t\t\t\t\tslidesToScroll: 1,  \n\t\t\t\t\t\t\t  }\n\t\t\t\t\t\t\t},\n\t\t\t\t\t\t\t{\n\t\t\t\t\t\t\t  breakpoint: 1025,\n\t\t\t\t\t\t\t  settings: {\n\t\t\t\t\t\t\t\tslidesToShow: 1,\n\t\t\t\t\t\t\t\tslidesToScroll: 1\n\t\t\t\t\t\t\t  }\n\t\t\t\t\t\t\t},\n\t\t\t\t\t\t\t{\n\t\t\t\t\t\t\t  breakpoint: 760,\n\t\t\t\t\t\t\t  settings: {\n\t\t\t\t\t\t\t\tslidesToShow: 1,\n\t\t\t\t\t\t\t\tslidesToScroll: 1\n\t\t\t\t\t\t\t  }\n\t\t\t\t\t\t\t}\n\t\t\t\t\t\t],pauseOnDotsHover: true,customPaging: function(slider, i) {\n                   return '<i type=\"button\" style= \"color:#333333;\" class=\"ultsl-record\" data-role=\"none\"><\/i>';\n                },});\n\t\t\t\t\t}\n\t\t\t\t});\n\t\t\t<\/script>\n\t\t\t[\/vc_column][\/vc_row][vc_row][vc_column]<div class=\"fancy_heading fancy_heading_line\"><\/div>\n[\/vc_column][\/vc_row][vc_row][vc_column width=&#8221;1\/4&#8243;]<div class=\"quick_fact align_center animate-math\"><div class=\"number-wrapper\"><span class=\"number\" data-to=\"70\">70<\/span><\/div><h3 class=\"title\">L\u00e4nder<\/h3><hr class=\"hr_narrow\" \/><div class=\"desc\">Unsere globale Pr\u00e4senz erm\u00f6glicht es uns, \u00fcber 70 L\u00e4nder mithilfe unserer Regionalb\u00fcros und H\u00e4ndlernetzwerke zu erreichen<\/div><\/div>\n[\/vc_column][vc_column width=&#8221;1\/4&#8243;]<div class=\"quick_fact align_center animate-math\"><div class=\"number-wrapper\"><span class=\"number\" data-to=\"8\">8<\/span><\/div><h3 class=\"title\">Regionalb\u00fcros<\/h3><hr class=\"hr_narrow\" \/><div class=\"desc\">B\u00fcros weltweit in Barcelona, Dubai, Karachi, Lima, London, Nairobi, Riyadh &amp; Santiago<\/div><\/div>\n[\/vc_column][vc_column width=&#8221;1\/4&#8243;]<div class=\"quick_fact align_center animate-math\"><div class=\"number-wrapper\"><span class=\"number\" data-to=\"25\">25<\/span><\/div><h3 class=\"title\">Finanzmarkt-Displays<\/h3><hr class=\"hr_narrow\" \/><div class=\"desc\">Mehr als 25 B\u00f6rsen und Warenb\u00f6rsen verlassen sich auf unsere Displayl\u00f6sungen<\/div><\/div>\n[\/vc_column][vc_column width=&#8221;1\/4&#8243;]<div class=\"quick_fact align_center animate-math\"><div class=\"number-wrapper\"><span class=\"number\" data-to=\"2\">2<\/span><\/div><h3 class=\"title\">Millionen<\/h3><hr class=\"hr_narrow\" \/><div class=\"desc\">Mehr als 2 Millionen Menschen weltweit nehmen t\u00e4glich an unseren Kundenerlebnisl\u00f6sungen teil.<\/div><\/div>\n[\/vc_column][\/vc_row]<\/p>\n","protected":false},"excerpt":{"rendered":"<p>[vc_row][vc_column][vc_empty_space height=&#8221;5px&#8221;][\/vc_column][\/vc_row][vc_row][vc_column width=&#8221;1\/4&#8243;][\/vc_column][vc_column width=&#8221;1\/4&#8243;][\/vc_column][vc_column width=&#8221;1\/4&#8243;][\/vc_column][vc_column width=&#8221;1\/4&#8243;][\/vc_column][\/vc_row][vc_row][vc_column][vc_empty_space height=&#8221;20px&#8221;][\/vc_column][vc_column width=&#8221;1\/3&#8243;][vc_column_text] Aufgrund seiner Expertise und fortschrittlicher L\u00f6sungen hat Wavetec einen starken Kundenkreis in<span class=\"excerpt-hellip\"> [\u2026]<\/span><\/p>\n","protected":false},"author":32,"featured_media":42861,"parent":0,"menu_order":0,"comment_status":"open","ping_status":"closed","template":"","meta":{"content-type":"","footnotes":""},"class_list":["post-42842","page","type-page","status-publish","has-post-thumbnail","hentry"],"acf":[],"_links":{"self":[{"href":"https:\/\/www.wavetec.com\/de\/wp-json\/wp\/v2\/pages\/42842","targetHints":{"allow":["GET"]}}],"collection":[{"href":"https:\/\/www.wavetec.com\/de\/wp-json\/wp\/v2\/pages"}],"about":[{"href":"https:\/\/www.wavetec.com\/de\/wp-json\/wp\/v2\/types\/page"}],"author":[{"embeddable":true,"href":"https:\/\/www.wavetec.com\/de\/wp-json\/wp\/v2\/users\/32"}],"replies":[{"embeddable":true,"href":"https:\/\/www.wavetec.com\/de\/wp-json\/wp\/v2\/comments?post=42842"}],"version-history":[{"count":2,"href":"https:\/\/www.wavetec.com\/de\/wp-json\/wp\/v2\/pages\/42842\/revisions"}],"predecessor-version":[{"id":67997,"href":"https:\/\/www.wavetec.com\/de\/wp-json\/wp\/v2\/pages\/42842\/revisions\/67997"}],"wp:featuredmedia":[{"embeddable":true,"href":"https:\/\/www.wavetec.com\/de\/wp-json\/wp\/v2\/media\/42861"}],"wp:attachment":[{"href":"https:\/\/www.wavetec.com\/de\/wp-json\/wp\/v2\/media?parent=42842"}],"curies":[{"name":"wp","href":"https:\/\/api.w.org\/{rel}","templated":true}]}}